{"id":11,"date":"2018-06-25T21:29:55","date_gmt":"2018-06-25T19:29:55","guid":{"rendered":"https:\/\/wm.pb.edu.pl\/kolegium-dziekanow\/?page_id=11"},"modified":"2024-09-11T09:57:01","modified_gmt":"2024-09-11T07:57:01","slug":"katedra-mechaniki-i-informatyki-stosowanej-wydzial-mechaniczny-politechniki-bialostockiej","status":"publish","type":"page","link":"https:\/\/wm.pb.edu.pl\/kolegium-dziekanow\/","title":{"rendered":""},"content":{"rendered":"<p><a name=\"tu-skacz\"><\/a><\/p>\n<div class=\"row\">\n<div class=\"col-sm-12 text-center\"><a class=\"button text-center animated zoomIn lead\" style=\" letter-spacing: 3px; font-size: 3rem; font-weight: 500; width: 100%\" href=\"\/kolegium-dziekanow\/rejestracja\/\">Rejestracja on-line<\/a><\/div>\n<\/div>\n<div class=\"row\">\n<div class=\"col-md-4\">\n  <div class=\"boxlink animated zoomIn \">\r\n    <a href=\"\/kolegium-dziekanow\/o-konferencji\/\" class=\"\">\r\n      <div class=\"boxlink-title\">O konferencji<span><\/span><\/div>\r\n      <div class=\"boxlink-content\">\r\n        <img decoding=\"async\" class=\"aligncenter wp-image-534 size-full\" src=\"https:\/\/wm.pb.edu.pl\/kolegium-dziekanow\/wp-content\/uploads\/sites\/29\/2018\/08\/WM_pracownicy.png\" alt=\"\">      <\/div>\r\n    <\/a>\r\n  <\/div>\r\n\n<\/div>\n<div class=\"col-md-4\">\n  <div class=\"boxlink animated zoomIn \">\r\n    <a href=\"\/kolegium-dziekanow\/program\/\" class=\"\">\r\n      <div class=\"boxlink-title\">Program<span><\/span><\/div>\r\n      <div class=\"boxlink-content\">\r\n        <img decoding=\"async\" class=\"aligncenter wp-image-534 size-full\" src=\"https:\/\/wm.pb.edu.pl\/kmiis\/wp-content\/uploads\/sites\/3\/2018\/08\/WM_nauka.png\" alt=\"\">      <\/div>\r\n    <\/a>\r\n  <\/div>\r\n\n<\/div>\n<div class=\"col-md-4\">\n  <div class=\"boxlink animated zoomIn \">\r\n    <a href=\"\/kolegium-dziekanow\/kontakt\/\" class=\"\">\r\n      <div class=\"boxlink-title\">Kontakt<span><\/span><\/div>\r\n      <div class=\"boxlink-content\">\r\n        <img decoding=\"async\" class=\"aligncenter wp-image-534 size-full\" src=\"https:\/\/wm.pb.edu.pl\/kolegium-dziekanow\/wp-content\/uploads\/sites\/29\/2018\/08\/MW_kontakt.png\" alt=\"\">      <\/div>\r\n    <\/a>\r\n  <\/div>\r\n\n<\/div>\n<\/div>\n&nbsp;<br \/>\n<div class=\"row\">\n<div class=\"col-md-4\">\n  <div class=\"boxlink animated zoomIn \">\r\n    <a href=\"https:\/\/www.hilton.com\/pl\/hotels\/wmibihx-hampton-bialystok\/?SEO_id=GMB-EMEA-HX-WMIBIHX\" class=\"\">\r\n      <div class=\"boxlink-title\">Hotel Hilton<span><\/span><\/div>\r\n      <div class=\"boxlink-content\">\r\n        <img loading=\"lazy\" decoding=\"async\" src=\"https:\/\/wm.pb.edu.pl\/kolegium-dziekanow\/wp-content\/uploads\/sites\/29\/2024\/09\/hampton-bialystok.jpg\" alt=\"Hotel Hilton\" width=\"800\" height=\"536\" class=\"aligncenter size-full wp-image-539\" srcset=\"https:\/\/wm.pb.edu.pl\/kolegium-dziekanow\/wp-content\/uploads\/sites\/29\/2024\/09\/hampton-bialystok.jpg 800w, https:\/\/wm.pb.edu.pl\/kolegium-dziekanow\/wp-content\/uploads\/sites\/29\/2024\/09\/hampton-bialystok-300x201.jpg 300w, https:\/\/wm.pb.edu.pl\/kolegium-dziekanow\/wp-content\/uploads\/sites\/29\/2024\/09\/hampton-bialystok-768x515.jpg 768w\" sizes=\"auto, (max-width: 800px) 100vw, 800px\" \/>      <\/div>\r\n    <\/a>\r\n  <\/div>\r\n\n<\/div>\n<div class=\"col-md-4\">\n  <div class=\"boxlink animated zoomIn \">\r\n    <a href=\"https:\/\/sybir.bialystok.pl\" class=\"\">\r\n      <div class=\"boxlink-title\">Muzeum Pami\u0119ci Sybiru<span><\/span><\/div>\r\n      <div class=\"boxlink-content\">\r\n        <img loading=\"lazy\" decoding=\"async\" src=\"https:\/\/wm.pb.edu.pl\/kolegium-dziekanow\/wp-content\/uploads\/sites\/29\/2024\/09\/muzeum-sybir.jpg\" alt=\"Muzeum Pami\u0119ci Sybiru\" width=\"800\" height=\"536\" class=\"aligncenter size-full wp-image-542\" srcset=\"https:\/\/wm.pb.edu.pl\/kolegium-dziekanow\/wp-content\/uploads\/sites\/29\/2024\/09\/muzeum-sybir.jpg 800w, https:\/\/wm.pb.edu.pl\/kolegium-dziekanow\/wp-content\/uploads\/sites\/29\/2024\/09\/muzeum-sybir-300x201.jpg 300w, https:\/\/wm.pb.edu.pl\/kolegium-dziekanow\/wp-content\/uploads\/sites\/29\/2024\/09\/muzeum-sybir-768x515.jpg 768w\" sizes=\"auto, (max-width: 800px) 100vw, 800px\" \/>      <\/div>\r\n    <\/a>\r\n  <\/div>\r\n\n<\/div>\n<div class=\"col-md-4\">\n  <div class=\"boxlink animated zoomIn \">\r\n    <a href=\"https:\/\/monaster-suprasl.pl\/\" class=\"\">\r\n      <div class=\"boxlink-title\">Monaster w Supra\u015blu<span><\/span><\/div>\r\n      <div class=\"boxlink-content\">\r\n        <img loading=\"lazy\" decoding=\"async\" src=\"https:\/\/wm.pb.edu.pl\/kolegium-dziekanow\/wp-content\/uploads\/sites\/29\/2024\/09\/muzeum-ikon-w-supraslu.jpg\" alt=\"Monaster w Supra\u015blu\" width=\"800\" height=\"536\" class=\"aligncenter size-full wp-image-545\" srcset=\"https:\/\/wm.pb.edu.pl\/kolegium-dziekanow\/wp-content\/uploads\/sites\/29\/2024\/09\/muzeum-ikon-w-supraslu.jpg 800w, https:\/\/wm.pb.edu.pl\/kolegium-dziekanow\/wp-content\/uploads\/sites\/29\/2024\/09\/muzeum-ikon-w-supraslu-300x201.jpg 300w, https:\/\/wm.pb.edu.pl\/kolegium-dziekanow\/wp-content\/uploads\/sites\/29\/2024\/09\/muzeum-ikon-w-supraslu-768x515.jpg 768w\" sizes=\"auto, (max-width: 800px) 100vw, 800px\" \/>      <\/div>\r\n    <\/a>\r\n  <\/div>\r\n\n<\/div>\n<\/div>\n","protected":false},"excerpt":{"rendered":"<p>Rejestracja on-line &nbsp;<\/p>\n","protected":false},"author":2,"featured_media":0,"parent":0,"menu_order":0,"comment_status":"closed","ping_status":"closed","template":"","meta":{"inline_featured_image":false,"ngg_post_thumbnail":0,"footnotes":""},"class_list":["post-11","page","type-page","status-publish","hentry"],"acf":[],"yoast_head":"<!-- This site is optimized with the Yoast SEO plugin v26.4 - https:\/\/yoast.com\/wordpress\/plugins\/seo\/ -->\n<title>45. Konferencja Kolegium Dziekan\u00f3w Wydzia\u0142\u00f3w Mechanicznych Polskich Uczelni Technicznych<\/title>\n<meta name=\"description\" content=\"Katedra Mechaniki i Informatyki Stosowanej Wydzia\u0142 Mechaniczny Politechniki Bia\u0142ostockiej\" \/>\n<meta name=\"robots\" content=\"index, follow, max-snippet:-1, max-image-preview:large, max-video-preview:-1\" \/>\n<link rel=\"canonical\" href=\"https:\/\/wm.pb.edu.pl\/kolegium-dziekanow\/\" \/>\n<meta property=\"og:locale\" content=\"pl_PL\" \/>\n<meta property=\"og:type\" content=\"article\" \/>\n<meta property=\"og:title\" content=\"45. Konferencja Kolegium Dziekan\u00f3w Wydzia\u0142\u00f3w Mechanicznych Polskich Uczelni Technicznych\" \/>\n<meta property=\"og:description\" content=\"Katedra Mechaniki i Informatyki Stosowanej Wydzia\u0142 Mechaniczny Politechniki Bia\u0142ostockiej\" \/>\n<meta property=\"og:url\" content=\"https:\/\/wm.pb.edu.pl\/kolegium-dziekanow\/\" \/>\n<meta property=\"og:site_name\" content=\"45. Konferencja Kolegium Dziekan\u00f3w Wydzia\u0142\u00f3w Mechanicznych Polskich Uczelni Technicznych\" \/>\n<meta property=\"article:modified_time\" content=\"2024-09-11T07:57:01+00:00\" \/>\n<meta property=\"og:image\" content=\"https:\/\/wm.pb.edu.pl\/kolegium-dziekanow\/wp-content\/uploads\/sites\/29\/2018\/08\/WM_pracownicy.png\" \/>\n<meta name=\"twitter:card\" content=\"summary_large_image\" \/>\n<meta name=\"twitter:label1\" content=\"Szacowany czas czytania\" \/>\n\t<meta name=\"twitter:data1\" content=\"2 minuty\" \/>\n<script type=\"application\/ld+json\" class=\"yoast-schema-graph\">{\"@context\":\"https:\/\/schema.org\",\"@graph\":[{\"@type\":\"WebPage\",\"@id\":\"https:\/\/wm.pb.edu.pl\/kolegium-dziekanow\/\",\"url\":\"https:\/\/wm.pb.edu.pl\/kolegium-dziekanow\/\",\"name\":\"45. Konferencja Kolegium Dziekan\u00f3w Wydzia\u0142\u00f3w Mechanicznych Polskich Uczelni Technicznych\",\"isPartOf\":{\"@id\":\"https:\/\/wm.pb.edu.pl\/kolegium-dziekanow\/#website\"},\"primaryImageOfPage\":{\"@id\":\"https:\/\/wm.pb.edu.pl\/kolegium-dziekanow\/#primaryimage\"},\"image\":{\"@id\":\"https:\/\/wm.pb.edu.pl\/kolegium-dziekanow\/#primaryimage\"},\"thumbnailUrl\":\"https:\/\/wm.pb.edu.pl\/kolegium-dziekanow\/wp-content\/uploads\/sites\/29\/2018\/08\/WM_pracownicy.png\",\"datePublished\":\"2018-06-25T19:29:55+00:00\",\"dateModified\":\"2024-09-11T07:57:01+00:00\",\"description\":\"Katedra Mechaniki i Informatyki Stosowanej Wydzia\u0142 Mechaniczny Politechniki Bia\u0142ostockiej\",\"inLanguage\":\"pl-PL\",\"potentialAction\":[{\"@type\":\"ReadAction\",\"target\":[\"https:\/\/wm.pb.edu.pl\/kolegium-dziekanow\/\"]}]},{\"@type\":\"ImageObject\",\"inLanguage\":\"pl-PL\",\"@id\":\"https:\/\/wm.pb.edu.pl\/kolegium-dziekanow\/#primaryimage\",\"url\":\"\",\"contentUrl\":\"\"},{\"@type\":\"WebSite\",\"@id\":\"https:\/\/wm.pb.edu.pl\/kolegium-dziekanow\/#website\",\"url\":\"https:\/\/wm.pb.edu.pl\/kolegium-dziekanow\/\",\"name\":\"45. Konferencja Kolegium Dziekan\u00f3w Wydzia\u0142\u00f3w Mechanicznych Polskich Uczelni Technicznych\",\"description\":\"\",\"potentialAction\":[{\"@type\":\"SearchAction\",\"target\":{\"@type\":\"EntryPoint\",\"urlTemplate\":\"https:\/\/wm.pb.edu.pl\/kolegium-dziekanow\/?s={search_term_string}\"},\"query-input\":{\"@type\":\"PropertyValueSpecification\",\"valueRequired\":true,\"valueName\":\"search_term_string\"}}],\"inLanguage\":\"pl-PL\"}]}<\/script>\n<!-- \/ Yoast SEO plugin. -->","yoast_head_json":{"title":"45. Konferencja Kolegium Dziekan\u00f3w Wydzia\u0142\u00f3w Mechanicznych Polskich Uczelni Technicznych","description":"Katedra Mechaniki i Informatyki Stosowanej Wydzia\u0142 Mechaniczny Politechniki Bia\u0142ostockiej","robots":{"index":"index","follow":"follow","max-snippet":"max-snippet:-1","max-image-preview":"max-image-preview:large","max-video-preview":"max-video-preview:-1"},"canonical":"https:\/\/wm.pb.edu.pl\/kolegium-dziekanow\/","og_locale":"pl_PL","og_type":"article","og_title":"45. Konferencja Kolegium Dziekan\u00f3w Wydzia\u0142\u00f3w Mechanicznych Polskich Uczelni Technicznych","og_description":"Katedra Mechaniki i Informatyki Stosowanej Wydzia\u0142 Mechaniczny Politechniki Bia\u0142ostockiej","og_url":"https:\/\/wm.pb.edu.pl\/kolegium-dziekanow\/","og_site_name":"45. Konferencja Kolegium Dziekan\u00f3w Wydzia\u0142\u00f3w Mechanicznych Polskich Uczelni Technicznych","article_modified_time":"2024-09-11T07:57:01+00:00","og_image":[{"url":"https:\/\/wm.pb.edu.pl\/kolegium-dziekanow\/wp-content\/uploads\/sites\/29\/2018\/08\/WM_pracownicy.png","type":"","width":"","height":""}],"twitter_card":"summary_large_image","twitter_misc":{"Szacowany czas czytania":"2 minuty"},"schema":{"@context":"https:\/\/schema.org","@graph":[{"@type":"WebPage","@id":"https:\/\/wm.pb.edu.pl\/kolegium-dziekanow\/","url":"https:\/\/wm.pb.edu.pl\/kolegium-dziekanow\/","name":"45. Konferencja Kolegium Dziekan\u00f3w Wydzia\u0142\u00f3w Mechanicznych Polskich Uczelni Technicznych","isPartOf":{"@id":"https:\/\/wm.pb.edu.pl\/kolegium-dziekanow\/#website"},"primaryImageOfPage":{"@id":"https:\/\/wm.pb.edu.pl\/kolegium-dziekanow\/#primaryimage"},"image":{"@id":"https:\/\/wm.pb.edu.pl\/kolegium-dziekanow\/#primaryimage"},"thumbnailUrl":"https:\/\/wm.pb.edu.pl\/kolegium-dziekanow\/wp-content\/uploads\/sites\/29\/2018\/08\/WM_pracownicy.png","datePublished":"2018-06-25T19:29:55+00:00","dateModified":"2024-09-11T07:57:01+00:00","description":"Katedra Mechaniki i Informatyki Stosowanej Wydzia\u0142 Mechaniczny Politechniki Bia\u0142ostockiej","inLanguage":"pl-PL","potentialAction":[{"@type":"ReadAction","target":["https:\/\/wm.pb.edu.pl\/kolegium-dziekanow\/"]}]},{"@type":"ImageObject","inLanguage":"pl-PL","@id":"https:\/\/wm.pb.edu.pl\/kolegium-dziekanow\/#primaryimage","url":"","contentUrl":""},{"@type":"WebSite","@id":"https:\/\/wm.pb.edu.pl\/kolegium-dziekanow\/#website","url":"https:\/\/wm.pb.edu.pl\/kolegium-dziekanow\/","name":"45. Konferencja Kolegium Dziekan\u00f3w Wydzia\u0142\u00f3w Mechanicznych Polskich Uczelni Technicznych","description":"","potentialAction":[{"@type":"SearchAction","target":{"@type":"EntryPoint","urlTemplate":"https:\/\/wm.pb.edu.pl\/kolegium-dziekanow\/?s={search_term_string}"},"query-input":{"@type":"PropertyValueSpecification","valueRequired":true,"valueName":"search_term_string"}}],"inLanguage":"pl-PL"}]}},"_links":{"self":[{"href":"https:\/\/wm.pb.edu.pl\/kolegium-dziekanow\/wp-json\/wp\/v2\/pages\/11","targetHints":{"allow":["GET"]}}],"collection":[{"href":"https:\/\/wm.pb.edu.pl\/kolegium-dziekanow\/wp-json\/wp\/v2\/pages"}],"about":[{"href":"https:\/\/wm.pb.edu.pl\/kolegium-dziekanow\/wp-json\/wp\/v2\/types\/page"}],"author":[{"embeddable":true,"href":"https:\/\/wm.pb.edu.pl\/kolegium-dziekanow\/wp-json\/wp\/v2\/users\/2"}],"replies":[{"embeddable":true,"href":"https:\/\/wm.pb.edu.pl\/kolegium-dziekanow\/wp-json\/wp\/v2\/comments?post=11"}],"version-history":[{"count":52,"href":"https:\/\/wm.pb.edu.pl\/kolegium-dziekanow\/wp-json\/wp\/v2\/pages\/11\/revisions"}],"predecessor-version":[{"id":558,"href":"https:\/\/wm.pb.edu.pl\/kolegium-dziekanow\/wp-json\/wp\/v2\/pages\/11\/revisions\/558"}],"wp:attachment":[{"href":"https:\/\/wm.pb.edu.pl\/kolegium-dziekanow\/wp-json\/wp\/v2\/media?parent=11"}],"curies":[{"name":"wp","href":"https:\/\/api.w.org\/{rel}","templated":true}]}}