{"id":18,"date":"2018-06-26T11:09:29","date_gmt":"2018-06-26T09:09:29","guid":{"rendered":"https:\/\/wm.pb.edu.pl\/kolegium-dziekanow\/?page_id=18"},"modified":"2024-09-12T10:28:32","modified_gmt":"2024-09-12T08:28:32","slug":"o-konferencji","status":"publish","type":"page","link":"https:\/\/wm.pb.edu.pl\/kolegium-dziekanow\/o-konferencji\/","title":{"rendered":"O konferencji"},"content":{"rendered":"<p><strong>45. Konferencja Kolegium Dziekan\u00f3w Wydzia\u0142\u00f3w Mechanicznych<\/strong> organizowana jest w ramach obchod\u00f3w <a href=\"https:\/\/wm.pb.edu.pl\/75lat\/\">Jubileuszu 75-lecia Wydzia\u0142u Mechanicznego Politechniki Bia\u0142ostockiej<\/a>. Podczas Konferencji znajdziemy czas na kr\u00f3tk\u0105 refleksj\u0119 nad przesz\u0142o\u015bci\u0105, jak r\u00f3wnie\u017c na dyskusje na temat wyzwa\u0144, jakie stoj\u0105 przed kszta\u0142ceniem na wy\u017cszych uczelniach technicznych. Spotkanie b\u0119dzie okazj\u0105 do integracji \u015brodowiska Wydzia\u0142\u00f3w Mechanicznych polskich uczelni, a tak\u017ce przestrzeni\u0105 do wymiany wiedzy i do\u015bwiadcze\u0144.<\/p>\n<p>Do udzia\u0142u w konferencji zapraszamy Pa\u0144stwa Dziekan\u00f3w, Prodziekan\u00f3w oraz Przewodnicz\u0105cych Rad Naukowych Dyscyplin In\u017cynieria Mechaniczna.<br \/>\nProsimy o rejestracj\u0119 i wniesienie op\u0142aty <strong>do dn. 18.10.2024 r.<\/strong><\/p>\n<p>Op\u0142at\u0119 za udzia\u0142 w konferencji <strong>w wysoko\u015bci 3300 z\u0142<\/strong> (obejmuj\u0105c\u0105 wszystkie koszty udzia\u0142u w konferencji) nale\u017cy wp\u0142aci\u0107:<br \/>\nFundacja na rzecz Rozwoju Politechniki Bia\u0142ostockiej<\/p>\n<p>15-333 Bia\u0142ystok, ul. Zwierzyniecka 6 lok. 3<br \/>\nNIP: 542-274-49-49<br \/>\nBank Pekao S.A. O\/Bia\u0142ystok: 95 1240 1154 1111 0000 2149 7977<br \/>\nZ dopiskiem: <em>kolegium_dziekan\u00f3w_imi\u0119 i nazwisko<\/em><\/p>\n<p><a href=\"https:\/\/kolegiumdziekanow.p.lodz.pl\/\">Kolegium Dziekan\u00f3w Wydzia\u0142\u00f3w Mechanicznych Polskich Uczelni Technicznych<\/a> zosta\u0142o powo\u0142ane w 1997 roku (pierwotnie dzia\u0142a\u0142o pod nazw\u0105 Konferencja Dziekan\u00f3w Wydzia\u0142\u00f3w Mechanicznych). Jest to organ przedstawicielski wydzia\u0142\u00f3w lub innych jednostek organizacyjnych o profilu mechanicznym (prowadz\u0105cych kszta\u0142cenie lub badania naukowe w zakresie szeroko rozumianej dyscypliny in\u017cynieria mechaniczna) funkcjonuj\u0105cych w polskim szkolnictwie wy\u017cszym i nauce.<\/p>\n","protected":false},"excerpt":{"rendered":"<p>45. Konferencja Kolegium Dziekan\u00f3w Wydzia\u0142\u00f3w Mechanicznych organizowana jest w ramach obchod\u00f3w Jubileuszu 75-lecia Wydzia\u0142u Mechanicznego<a class=\"read-more\" href=\"https:\/\/wm.pb.edu.pl\/kolegium-dziekanow\/o-konferencji\/\" title=\"Poka\u017c artyku\u0142 O konferencji\">wi\u0119cej<\/a><\/p>\n","protected":false},"author":3,"featured_media":0,"parent":0,"menu_order":1,"comment_status":"closed","ping_status":"closed","template":"","meta":{"inline_featured_image":false,"ngg_post_thumbnail":0,"footnotes":""},"class_list":["post-18","page","type-page","status-publish","hentry"],"acf":[],"yoast_head":"<!-- This site is optimized with the Yoast SEO plugin v26.4 - https:\/\/yoast.com\/wordpress\/plugins\/seo\/ -->\n<title>O konferencji - 45. Konferencja Kolegium Dziekan\u00f3w Wydzia\u0142\u00f3w Mechanicznych Polskich Uczelni Technicznych<\/title>\n<meta name=\"robots\" content=\"index, follow, max-snippet:-1, max-image-preview:large, max-video-preview:-1\" \/>\n<link rel=\"canonical\" href=\"https:\/\/wm.pb.edu.pl\/kolegium-dziekanow\/o-konferencji\/\" \/>\n<meta property=\"og:locale\" content=\"pl_PL\" \/>\n<meta property=\"og:type\" content=\"article\" \/>\n<meta property=\"og:title\" content=\"O konferencji - 45. Konferencja Kolegium Dziekan\u00f3w Wydzia\u0142\u00f3w Mechanicznych Polskich Uczelni Technicznych\" \/>\n<meta property=\"og:description\" content=\"45. Konferencja Kolegium Dziekan\u00f3w Wydzia\u0142\u00f3w Mechanicznych organizowana jest w ramach obchod\u00f3w Jubileuszu 75-lecia Wydzia\u0142u Mechanicznegowi\u0119cej\" \/>\n<meta property=\"og:url\" content=\"https:\/\/wm.pb.edu.pl\/kolegium-dziekanow\/o-konferencji\/\" \/>\n<meta property=\"og:site_name\" content=\"45. Konferencja Kolegium Dziekan\u00f3w Wydzia\u0142\u00f3w Mechanicznych Polskich Uczelni Technicznych\" \/>\n<meta property=\"article:modified_time\" content=\"2024-09-12T08:28:32+00:00\" \/>\n<meta name=\"twitter:card\" content=\"summary_large_image\" \/>\n<meta name=\"twitter:label1\" content=\"Szacowany czas czytania\" \/>\n\t<meta name=\"twitter:data1\" content=\"1 minuta\" \/>\n<script type=\"application\/ld+json\" class=\"yoast-schema-graph\">{\"@context\":\"https:\/\/schema.org\",\"@graph\":[{\"@type\":\"WebPage\",\"@id\":\"https:\/\/wm.pb.edu.pl\/kolegium-dziekanow\/o-konferencji\/\",\"url\":\"https:\/\/wm.pb.edu.pl\/kolegium-dziekanow\/o-konferencji\/\",\"name\":\"O konferencji - 45. Konferencja Kolegium Dziekan\u00f3w Wydzia\u0142\u00f3w Mechanicznych Polskich Uczelni Technicznych\",\"isPartOf\":{\"@id\":\"https:\/\/wm.pb.edu.pl\/kolegium-dziekanow\/#website\"},\"datePublished\":\"2018-06-26T09:09:29+00:00\",\"dateModified\":\"2024-09-12T08:28:32+00:00\",\"breadcrumb\":{\"@id\":\"https:\/\/wm.pb.edu.pl\/kolegium-dziekanow\/o-konferencji\/#breadcrumb\"},\"inLanguage\":\"pl-PL\",\"potentialAction\":[{\"@type\":\"ReadAction\",\"target\":[\"https:\/\/wm.pb.edu.pl\/kolegium-dziekanow\/o-konferencji\/\"]}]},{\"@type\":\"BreadcrumbList\",\"@id\":\"https:\/\/wm.pb.edu.pl\/kolegium-dziekanow\/o-konferencji\/#breadcrumb\",\"itemListElement\":[{\"@type\":\"ListItem\",\"position\":1,\"name\":\"Strona g\u0142\u00f3wna\",\"item\":\"https:\/\/wm.pb.edu.pl\/kolegium-dziekanow\/\"},{\"@type\":\"ListItem\",\"position\":2,\"name\":\"O konferencji\"}]},{\"@type\":\"WebSite\",\"@id\":\"https:\/\/wm.pb.edu.pl\/kolegium-dziekanow\/#website\",\"url\":\"https:\/\/wm.pb.edu.pl\/kolegium-dziekanow\/\",\"name\":\"45. Konferencja Kolegium Dziekan\u00f3w Wydzia\u0142\u00f3w Mechanicznych Polskich Uczelni Technicznych\",\"description\":\"\",\"potentialAction\":[{\"@type\":\"SearchAction\",\"target\":{\"@type\":\"EntryPoint\",\"urlTemplate\":\"https:\/\/wm.pb.edu.pl\/kolegium-dziekanow\/?s={search_term_string}\"},\"query-input\":{\"@type\":\"PropertyValueSpecification\",\"valueRequired\":true,\"valueName\":\"search_term_string\"}}],\"inLanguage\":\"pl-PL\"}]}<\/script>\n<!-- \/ Yoast SEO plugin. -->","yoast_head_json":{"title":"O konferencji - 45. Konferencja Kolegium Dziekan\u00f3w Wydzia\u0142\u00f3w Mechanicznych Polskich Uczelni Technicznych","robots":{"index":"index","follow":"follow","max-snippet":"max-snippet:-1","max-image-preview":"max-image-preview:large","max-video-preview":"max-video-preview:-1"},"canonical":"https:\/\/wm.pb.edu.pl\/kolegium-dziekanow\/o-konferencji\/","og_locale":"pl_PL","og_type":"article","og_title":"O konferencji - 45. Konferencja Kolegium Dziekan\u00f3w Wydzia\u0142\u00f3w Mechanicznych Polskich Uczelni Technicznych","og_description":"45. Konferencja Kolegium Dziekan\u00f3w Wydzia\u0142\u00f3w Mechanicznych organizowana jest w ramach obchod\u00f3w Jubileuszu 75-lecia Wydzia\u0142u Mechanicznegowi\u0119cej","og_url":"https:\/\/wm.pb.edu.pl\/kolegium-dziekanow\/o-konferencji\/","og_site_name":"45. Konferencja Kolegium Dziekan\u00f3w Wydzia\u0142\u00f3w Mechanicznych Polskich Uczelni Technicznych","article_modified_time":"2024-09-12T08:28:32+00:00","twitter_card":"summary_large_image","twitter_misc":{"Szacowany czas czytania":"1 minuta"},"schema":{"@context":"https:\/\/schema.org","@graph":[{"@type":"WebPage","@id":"https:\/\/wm.pb.edu.pl\/kolegium-dziekanow\/o-konferencji\/","url":"https:\/\/wm.pb.edu.pl\/kolegium-dziekanow\/o-konferencji\/","name":"O konferencji - 45. Konferencja Kolegium Dziekan\u00f3w Wydzia\u0142\u00f3w Mechanicznych Polskich Uczelni Technicznych","isPartOf":{"@id":"https:\/\/wm.pb.edu.pl\/kolegium-dziekanow\/#website"},"datePublished":"2018-06-26T09:09:29+00:00","dateModified":"2024-09-12T08:28:32+00:00","breadcrumb":{"@id":"https:\/\/wm.pb.edu.pl\/kolegium-dziekanow\/o-konferencji\/#breadcrumb"},"inLanguage":"pl-PL","potentialAction":[{"@type":"ReadAction","target":["https:\/\/wm.pb.edu.pl\/kolegium-dziekanow\/o-konferencji\/"]}]},{"@type":"BreadcrumbList","@id":"https:\/\/wm.pb.edu.pl\/kolegium-dziekanow\/o-konferencji\/#breadcrumb","itemListElement":[{"@type":"ListItem","position":1,"name":"Strona g\u0142\u00f3wna","item":"https:\/\/wm.pb.edu.pl\/kolegium-dziekanow\/"},{"@type":"ListItem","position":2,"name":"O konferencji"}]},{"@type":"WebSite","@id":"https:\/\/wm.pb.edu.pl\/kolegium-dziekanow\/#website","url":"https:\/\/wm.pb.edu.pl\/kolegium-dziekanow\/","name":"45. Konferencja Kolegium Dziekan\u00f3w Wydzia\u0142\u00f3w Mechanicznych Polskich Uczelni Technicznych","description":"","potentialAction":[{"@type":"SearchAction","target":{"@type":"EntryPoint","urlTemplate":"https:\/\/wm.pb.edu.pl\/kolegium-dziekanow\/?s={search_term_string}"},"query-input":{"@type":"PropertyValueSpecification","valueRequired":true,"valueName":"search_term_string"}}],"inLanguage":"pl-PL"}]}},"_links":{"self":[{"href":"https:\/\/wm.pb.edu.pl\/kolegium-dziekanow\/wp-json\/wp\/v2\/pages\/18","targetHints":{"allow":["GET"]}}],"collection":[{"href":"https:\/\/wm.pb.edu.pl\/kolegium-dziekanow\/wp-json\/wp\/v2\/pages"}],"about":[{"href":"https:\/\/wm.pb.edu.pl\/kolegium-dziekanow\/wp-json\/wp\/v2\/types\/page"}],"author":[{"embeddable":true,"href":"https:\/\/wm.pb.edu.pl\/kolegium-dziekanow\/wp-json\/wp\/v2\/users\/3"}],"replies":[{"embeddable":true,"href":"https:\/\/wm.pb.edu.pl\/kolegium-dziekanow\/wp-json\/wp\/v2\/comments?post=18"}],"version-history":[{"count":19,"href":"https:\/\/wm.pb.edu.pl\/kolegium-dziekanow\/wp-json\/wp\/v2\/pages\/18\/revisions"}],"predecessor-version":[{"id":572,"href":"https:\/\/wm.pb.edu.pl\/kolegium-dziekanow\/wp-json\/wp\/v2\/pages\/18\/revisions\/572"}],"wp:attachment":[{"href":"https:\/\/wm.pb.edu.pl\/kolegium-dziekanow\/wp-json\/wp\/v2\/media?parent=18"}],"curies":[{"name":"wp","href":"https:\/\/api.w.org\/{rel}","templated":true}]}}