{"id":32,"date":"2018-06-26T11:24:04","date_gmt":"2018-06-26T09:24:04","guid":{"rendered":"https:\/\/wm.pb.edu.pl\/kolegium-dziekanow\/?page_id=32"},"modified":"2024-10-24T10:33:04","modified_gmt":"2024-10-24T08:33:04","slug":"program","status":"publish","type":"page","link":"https:\/\/wm.pb.edu.pl\/kolegium-dziekanow\/program\/","title":{"rendered":"Program"},"content":{"rendered":"<p><img loading=\"lazy\" decoding=\"async\" src=\"https:\/\/wm.pb.edu.pl\/kolegium-dziekanow\/wp-content\/uploads\/sites\/29\/2024\/09\/baner-program.jpg\" alt=\"Kolegium Dziekan\u00f3w Wydzia\u0142\u00f3w Mechanicznych Polskich Uczelni Technicznych\" width=\"1140\" height=\"337\" class=\"aligncenter size-full wp-image-568\" srcset=\"https:\/\/wm.pb.edu.pl\/kolegium-dziekanow\/wp-content\/uploads\/sites\/29\/2024\/09\/baner-program.jpg 1140w, https:\/\/wm.pb.edu.pl\/kolegium-dziekanow\/wp-content\/uploads\/sites\/29\/2024\/09\/baner-program-300x89.jpg 300w, https:\/\/wm.pb.edu.pl\/kolegium-dziekanow\/wp-content\/uploads\/sites\/29\/2024\/09\/baner-program-1024x303.jpg 1024w, https:\/\/wm.pb.edu.pl\/kolegium-dziekanow\/wp-content\/uploads\/sites\/29\/2024\/09\/baner-program-768x227.jpg 768w\" sizes=\"auto, (max-width: 1140px) 100vw, 1140px\" \/><\/p>\n<div class=\"h2 text-center\">Program<br \/>\n45. Konferencji Kolegium Dziekan\u00f3w Wydzia\u0142\u00f3w Mechanicznych Polskich Uczelni Technicznych<\/div>\n<div class=\"h2 text-center\">Bia\u0142ystok, 20-23.11.2024 r.<\/div>\n<p><strong>Dzie\u0144 1 &nbsp;&nbsp;&nbsp;20.11.2024 (\u015broda)<\/strong><\/p>\n<div class=\"table-responsive\">\n<table class=\"table table-striped table borderless\" style=\"width: auto\">\n<tbody>\n<tr>\n<td>14:00-15:00<\/td>\n<td>Rejestracja uczestnik\u00f3w<\/td>\n<\/tr>\n<tr>\n<td>15:00-16:00<\/td>\n<td>Obiad<\/td>\n<\/tr>\n<tr>\n<td>16:30-16:45<\/td>\n<td>Otwarcie konferencji<\/td>\n<\/tr>\n<tr>\n<td>16:45-18:00<\/td>\n<td>Wyst\u0105pienie eksperta Stowarzyszenia Zbiorowego Zarz\u0105dzania Prawami Autorskimi Tw\u00f3rc\u00f3w Dzie\u0142 Naukowych i Technicznych KOPIPOL na temat ochrony praw autorskich tw\u00f3rc\u00f3w dzie\u0142 naukowych i technicznych<\/td>\n<\/tr>\n<tr>\n<td>18:00-19:00<\/td>\n<td>Zwiedzanie Muzeum Politechniki Bia\u0142ostockiej i laboratori\u00f3w Wydzia\u0142u Mechanicznego PB<\/td>\n<\/tr>\n<tr>\n<td>19:30<\/td>\n<td>Kolacja<\/td>\n<\/tr>\n<\/tbody>\n<\/table>\n<\/div>\n<p>&nbsp;<\/p>\n<p><strong>Dzie\u0144 2&nbsp;&nbsp; &nbsp;21.11.2024 (czwartek)<\/strong><\/p>\n<div class=\"table-responsive\">\n<table class=\"table table-striped table borderless\" style=\"width: auto\">\n<tbody>\n<tr>\n<td>7:00-9:00<\/td>\n<td>\u015aniadanie<\/td>\n<\/tr>\n<tr>\n<td>9:30-12:00<\/td>\n<td>Wybory Prezydium Kolegium Dziekan\u00f3w<\/p>\n<p>Wyst\u0105pienie eksperta Stowarzyszenia Zbiorowego Zarz\u0105dzania Prawami Autorskimi Tw\u00f3rc\u00f3w Dzie\u0142 Naukowych i Technicznych KOPIPOL<br \/>\nna temat ochrony praw autorskich tw\u00f3rc\u00f3w dzie\u0142 naukowych i technicznych<\/td>\n<\/tr>\n<tr>\n<td>12:00-13:00<\/td>\n<td>Lunch<\/td>\n<\/tr>\n<tr>\n<td>13:30-16:30<\/td>\n<td>Przejazd do Supra\u015bla i zwiedzanie <a href=\"https:\/\/monaster-suprasl.pl\/\">Muzeum Ikon i Monasteru<\/a><\/td>\n<\/tr>\n<tr>\n<td>19:30<\/td>\n<td>Uroczysta kolacja w restauracji Regiment 1884<\/td>\n<\/tr>\n<\/tbody>\n<\/table>\n<\/div>\n<p>&nbsp;<\/p>\n<p><strong>Dzie\u0144 3 &nbsp;&nbsp;&nbsp;22.11.2024 (pi\u0105tek)<\/strong><\/p>\n<div class=\"table-responsive\">\n<table class=\"table table-striped table borderless\" style=\"width: auto\">\n<tbody>\n<tr>\n<td>7:00-9:00<\/td>\n<td>\u015aniadanie<\/td>\n<\/tr>\n<tr>\n<td>9:30-9:40<\/td>\n<td>Otwarcie obchod\u00f3w Jubileuszu 75-lecia Wydzia\u0142u Mechanicznego PB<\/td>\n<\/tr>\n<tr>\n<td>9:40-10:00<\/td>\n<td>Prezentacja historii Wydzia\u0142u Mechanicznego PB<\/td>\n<\/tr>\n<tr>\n<td>10:00-10:20<\/td>\n<td>Wyst\u0105pienia zaproszonych go\u015bci<\/td>\n<\/tr>\n<tr>\n<td>10:20-10:30<\/td>\n<td>Przerwa kawowa<\/td>\n<\/tr>\n<tr>\n<td>10:30-10:40<\/td>\n<td>Prezentacja sponsor\u00f3w<\/td>\n<\/tr>\n<tr>\n<td>10:40-11:30<\/td>\n<td>Panel dyskusyjny pt. Nowoczesne nauczanie na wydzia\u0142ach mechanicznych<\/td>\n<\/tr>\n<tr>\n<td>11:30-12:00<\/td>\n<td>Przerwa kawowa<\/td>\n<\/tr>\n<tr>\n<td>12:00-12:25<\/td>\n<td>Prezentacja sponsor\u00f3w<\/td>\n<\/tr>\n<tr>\n<td>12:25-13:30<\/td>\n<td>Panel dyskusyjny pt. Wsp\u00f3\u0142praca nauki z przemys\u0142em<\/td>\n<\/tr>\n<tr>\n<td>13:30-14:30<\/td>\n<td>Lunch<\/td>\n<\/tr>\n<tr>\n<td>14:30-17:00<\/td>\n<td>Wyjazd i zwiedzanie <a href=\"https:\/\/sybir.bialystok.pl\/\">Muzeum Pami\u0119ci Sybiru w Bia\u0142ymstoku<\/a><\/td>\n<\/tr>\n<tr>\n<td>19:30<\/td>\n<td>Uroczysty bankiet w Hotelu 3 Trio<\/td>\n<\/tr>\n<\/tbody>\n<\/table>\n<\/div>\n<p>&nbsp;<\/p>\n<p><strong>Dzie\u0144 4&nbsp;&nbsp;&nbsp; 23.11.2024 (sobota)<\/strong><\/p>\n<div class=\"table-responsive\">\n<table class=\"table table-striped table borderless\" style=\"width: auto\">\n<tbody>\n<tr>\n<td>7:00-9:00<\/td>\n<td>\u015aniadanie<\/td>\n<\/tr>\n<tr>\n<td>9:30<\/td>\n<td>Zako\u0144czenie konferencji<\/td>\n<\/tr>\n<\/tbody>\n<\/table>\n<\/div>\n","protected":false},"excerpt":{"rendered":"<p>Program 45. Konferencji Kolegium Dziekan\u00f3w Wydzia\u0142\u00f3w Mechanicznych Polskich Uczelni Technicznych Bia\u0142ystok, 20-23.11.2024 r. Dzie\u0144 1<a class=\"read-more\" href=\"https:\/\/wm.pb.edu.pl\/kolegium-dziekanow\/program\/\" title=\"Poka\u017c artyku\u0142 Program\">wi\u0119cej<\/a><\/p>\n","protected":false},"author":2,"featured_media":0,"parent":0,"menu_order":2,"comment_status":"closed","ping_status":"closed","template":"templates\/dzial.php","meta":{"inline_featured_image":false,"ngg_post_thumbnail":0,"footnotes":""},"class_list":["post-32","page","type-page","status-publish","hentry"],"acf":[],"yoast_head":"<!-- This site is optimized with the Yoast SEO plugin v26.4 - https:\/\/yoast.com\/wordpress\/plugins\/seo\/ -->\n<title>Program - 45. Konferencja Kolegium Dziekan\u00f3w Wydzia\u0142\u00f3w Mechanicznych Polskich Uczelni Technicznych<\/title>\n<meta name=\"robots\" content=\"index, follow, max-snippet:-1, max-image-preview:large, max-video-preview:-1\" \/>\n<link rel=\"canonical\" href=\"https:\/\/wm.pb.edu.pl\/kolegium-dziekanow\/program\/\" \/>\n<meta property=\"og:locale\" content=\"pl_PL\" \/>\n<meta property=\"og:type\" content=\"article\" \/>\n<meta property=\"og:title\" content=\"Program - 45. Konferencja Kolegium Dziekan\u00f3w Wydzia\u0142\u00f3w Mechanicznych Polskich Uczelni Technicznych\" \/>\n<meta property=\"og:description\" content=\"Program 45. Konferencji Kolegium Dziekan\u00f3w Wydzia\u0142\u00f3w Mechanicznych Polskich Uczelni Technicznych Bia\u0142ystok, 20-23.11.2024 r. Dzie\u0144 1wi\u0119cej\" \/>\n<meta property=\"og:url\" content=\"https:\/\/wm.pb.edu.pl\/kolegium-dziekanow\/program\/\" \/>\n<meta property=\"og:site_name\" content=\"45. Konferencja Kolegium Dziekan\u00f3w Wydzia\u0142\u00f3w Mechanicznych Polskich Uczelni Technicznych\" \/>\n<meta property=\"article:modified_time\" content=\"2024-10-24T08:33:04+00:00\" \/>\n<meta property=\"og:image\" content=\"https:\/\/wm.pb.edu.pl\/kolegium-dziekanow\/wp-content\/uploads\/sites\/29\/2024\/09\/baner-program.jpg\" \/>\n<meta name=\"twitter:card\" content=\"summary_large_image\" \/>\n<meta name=\"twitter:label1\" content=\"Szacowany czas czytania\" \/>\n\t<meta name=\"twitter:data1\" content=\"2 minuty\" \/>\n<script type=\"application\/ld+json\" class=\"yoast-schema-graph\">{\"@context\":\"https:\/\/schema.org\",\"@graph\":[{\"@type\":\"WebPage\",\"@id\":\"https:\/\/wm.pb.edu.pl\/kolegium-dziekanow\/program\/\",\"url\":\"https:\/\/wm.pb.edu.pl\/kolegium-dziekanow\/program\/\",\"name\":\"Program - 45. Konferencja Kolegium Dziekan\u00f3w Wydzia\u0142\u00f3w Mechanicznych Polskich Uczelni Technicznych\",\"isPartOf\":{\"@id\":\"https:\/\/wm.pb.edu.pl\/kolegium-dziekanow\/#website\"},\"primaryImageOfPage\":{\"@id\":\"https:\/\/wm.pb.edu.pl\/kolegium-dziekanow\/program\/#primaryimage\"},\"image\":{\"@id\":\"https:\/\/wm.pb.edu.pl\/kolegium-dziekanow\/program\/#primaryimage\"},\"thumbnailUrl\":\"https:\/\/wm.pb.edu.pl\/kolegium-dziekanow\/wp-content\/uploads\/sites\/29\/2024\/09\/baner-program.jpg\",\"datePublished\":\"2018-06-26T09:24:04+00:00\",\"dateModified\":\"2024-10-24T08:33:04+00:00\",\"breadcrumb\":{\"@id\":\"https:\/\/wm.pb.edu.pl\/kolegium-dziekanow\/program\/#breadcrumb\"},\"inLanguage\":\"pl-PL\",\"potentialAction\":[{\"@type\":\"ReadAction\",\"target\":[\"https:\/\/wm.pb.edu.pl\/kolegium-dziekanow\/program\/\"]}]},{\"@type\":\"ImageObject\",\"inLanguage\":\"pl-PL\",\"@id\":\"https:\/\/wm.pb.edu.pl\/kolegium-dziekanow\/program\/#primaryimage\",\"url\":\"https:\/\/wm.pb.edu.pl\/kolegium-dziekanow\/wp-content\/uploads\/sites\/29\/2024\/09\/baner-program.jpg\",\"contentUrl\":\"https:\/\/wm.pb.edu.pl\/kolegium-dziekanow\/wp-content\/uploads\/sites\/29\/2024\/09\/baner-program.jpg\",\"width\":1140,\"height\":337},{\"@type\":\"BreadcrumbList\",\"@id\":\"https:\/\/wm.pb.edu.pl\/kolegium-dziekanow\/program\/#breadcrumb\",\"itemListElement\":[{\"@type\":\"ListItem\",\"position\":1,\"name\":\"Strona g\u0142\u00f3wna\",\"item\":\"https:\/\/wm.pb.edu.pl\/kolegium-dziekanow\/\"},{\"@type\":\"ListItem\",\"position\":2,\"name\":\"Program\"}]},{\"@type\":\"WebSite\",\"@id\":\"https:\/\/wm.pb.edu.pl\/kolegium-dziekanow\/#website\",\"url\":\"https:\/\/wm.pb.edu.pl\/kolegium-dziekanow\/\",\"name\":\"45. Konferencja Kolegium Dziekan\u00f3w Wydzia\u0142\u00f3w Mechanicznych Polskich Uczelni Technicznych\",\"description\":\"\",\"potentialAction\":[{\"@type\":\"SearchAction\",\"target\":{\"@type\":\"EntryPoint\",\"urlTemplate\":\"https:\/\/wm.pb.edu.pl\/kolegium-dziekanow\/?s={search_term_string}\"},\"query-input\":{\"@type\":\"PropertyValueSpecification\",\"valueRequired\":true,\"valueName\":\"search_term_string\"}}],\"inLanguage\":\"pl-PL\"}]}<\/script>\n<!-- \/ Yoast SEO plugin. -->","yoast_head_json":{"title":"Program - 45. Konferencja Kolegium Dziekan\u00f3w Wydzia\u0142\u00f3w Mechanicznych Polskich Uczelni Technicznych","robots":{"index":"index","follow":"follow","max-snippet":"max-snippet:-1","max-image-preview":"max-image-preview:large","max-video-preview":"max-video-preview:-1"},"canonical":"https:\/\/wm.pb.edu.pl\/kolegium-dziekanow\/program\/","og_locale":"pl_PL","og_type":"article","og_title":"Program - 45. Konferencja Kolegium Dziekan\u00f3w Wydzia\u0142\u00f3w Mechanicznych Polskich Uczelni Technicznych","og_description":"Program 45. Konferencji Kolegium Dziekan\u00f3w Wydzia\u0142\u00f3w Mechanicznych Polskich Uczelni Technicznych Bia\u0142ystok, 20-23.11.2024 r. Dzie\u0144 1wi\u0119cej","og_url":"https:\/\/wm.pb.edu.pl\/kolegium-dziekanow\/program\/","og_site_name":"45. Konferencja Kolegium Dziekan\u00f3w Wydzia\u0142\u00f3w Mechanicznych Polskich Uczelni Technicznych","article_modified_time":"2024-10-24T08:33:04+00:00","og_image":[{"url":"https:\/\/wm.pb.edu.pl\/kolegium-dziekanow\/wp-content\/uploads\/sites\/29\/2024\/09\/baner-program.jpg","type":"","width":"","height":""}],"twitter_card":"summary_large_image","twitter_misc":{"Szacowany czas czytania":"2 minuty"},"schema":{"@context":"https:\/\/schema.org","@graph":[{"@type":"WebPage","@id":"https:\/\/wm.pb.edu.pl\/kolegium-dziekanow\/program\/","url":"https:\/\/wm.pb.edu.pl\/kolegium-dziekanow\/program\/","name":"Program - 45. Konferencja Kolegium Dziekan\u00f3w Wydzia\u0142\u00f3w Mechanicznych Polskich Uczelni Technicznych","isPartOf":{"@id":"https:\/\/wm.pb.edu.pl\/kolegium-dziekanow\/#website"},"primaryImageOfPage":{"@id":"https:\/\/wm.pb.edu.pl\/kolegium-dziekanow\/program\/#primaryimage"},"image":{"@id":"https:\/\/wm.pb.edu.pl\/kolegium-dziekanow\/program\/#primaryimage"},"thumbnailUrl":"https:\/\/wm.pb.edu.pl\/kolegium-dziekanow\/wp-content\/uploads\/sites\/29\/2024\/09\/baner-program.jpg","datePublished":"2018-06-26T09:24:04+00:00","dateModified":"2024-10-24T08:33:04+00:00","breadcrumb":{"@id":"https:\/\/wm.pb.edu.pl\/kolegium-dziekanow\/program\/#breadcrumb"},"inLanguage":"pl-PL","potentialAction":[{"@type":"ReadAction","target":["https:\/\/wm.pb.edu.pl\/kolegium-dziekanow\/program\/"]}]},{"@type":"ImageObject","inLanguage":"pl-PL","@id":"https:\/\/wm.pb.edu.pl\/kolegium-dziekanow\/program\/#primaryimage","url":"https:\/\/wm.pb.edu.pl\/kolegium-dziekanow\/wp-content\/uploads\/sites\/29\/2024\/09\/baner-program.jpg","contentUrl":"https:\/\/wm.pb.edu.pl\/kolegium-dziekanow\/wp-content\/uploads\/sites\/29\/2024\/09\/baner-program.jpg","width":1140,"height":337},{"@type":"BreadcrumbList","@id":"https:\/\/wm.pb.edu.pl\/kolegium-dziekanow\/program\/#breadcrumb","itemListElement":[{"@type":"ListItem","position":1,"name":"Strona g\u0142\u00f3wna","item":"https:\/\/wm.pb.edu.pl\/kolegium-dziekanow\/"},{"@type":"ListItem","position":2,"name":"Program"}]},{"@type":"WebSite","@id":"https:\/\/wm.pb.edu.pl\/kolegium-dziekanow\/#website","url":"https:\/\/wm.pb.edu.pl\/kolegium-dziekanow\/","name":"45. Konferencja Kolegium Dziekan\u00f3w Wydzia\u0142\u00f3w Mechanicznych Polskich Uczelni Technicznych","description":"","potentialAction":[{"@type":"SearchAction","target":{"@type":"EntryPoint","urlTemplate":"https:\/\/wm.pb.edu.pl\/kolegium-dziekanow\/?s={search_term_string}"},"query-input":{"@type":"PropertyValueSpecification","valueRequired":true,"valueName":"search_term_string"}}],"inLanguage":"pl-PL"}]}},"_links":{"self":[{"href":"https:\/\/wm.pb.edu.pl\/kolegium-dziekanow\/wp-json\/wp\/v2\/pages\/32","targetHints":{"allow":["GET"]}}],"collection":[{"href":"https:\/\/wm.pb.edu.pl\/kolegium-dziekanow\/wp-json\/wp\/v2\/pages"}],"about":[{"href":"https:\/\/wm.pb.edu.pl\/kolegium-dziekanow\/wp-json\/wp\/v2\/types\/page"}],"author":[{"embeddable":true,"href":"https:\/\/wm.pb.edu.pl\/kolegium-dziekanow\/wp-json\/wp\/v2\/users\/2"}],"replies":[{"embeddable":true,"href":"https:\/\/wm.pb.edu.pl\/kolegium-dziekanow\/wp-json\/wp\/v2\/comments?post=32"}],"version-history":[{"count":69,"href":"https:\/\/wm.pb.edu.pl\/kolegium-dziekanow\/wp-json\/wp\/v2\/pages\/32\/revisions"}],"predecessor-version":[{"id":573,"href":"https:\/\/wm.pb.edu.pl\/kolegium-dziekanow\/wp-json\/wp\/v2\/pages\/32\/revisions\/573"}],"wp:attachment":[{"href":"https:\/\/wm.pb.edu.pl\/kolegium-dziekanow\/wp-json\/wp\/v2\/media?parent=32"}],"curies":[{"name":"wp","href":"https:\/\/api.w.org\/{rel}","templated":true}]}}