{"id":398,"date":"2020-12-10T10:52:49","date_gmt":"2020-12-10T09:52:49","guid":{"rendered":"https:\/\/wm.pb.edu.pl\/kolegium-dziekanow\/?page_id=398"},"modified":"2024-07-11T21:55:12","modified_gmt":"2024-07-11T19:55:12","slug":"redakcja-serwisu-www","status":"publish","type":"page","link":"https:\/\/wm.pb.edu.pl\/kolegium-dziekanow\/redakcja-serwisu-www\/","title":{"rendered":"Redakcja serwisu www"},"content":{"rendered":"<p><img loading=\"lazy\" decoding=\"async\" class=\"alignleft wp-image-28\" src=\"https:\/\/wm.pb.edu.pl\/kolegium-dziekanow\/wp-content\/uploads\/sites\/29\/2018\/06\/redakcja-kontakt-640x360.jpg\" alt=\"serwerownia\" width=\"400\" height=\"225\"><\/p>\n<h2>Serwis internetowy<\/h2>\n<p>Uwagi dotycz\u0105ce <strong>funkcjonowania<\/strong> oraz <strong>zawarto\u015bci (opisy, fotografie itp.)<\/strong> poszczeg\u00f3lnych stron www serwisu internetowego prosz\u0119 przysy\u0142a\u0107 na adres:<\/p>\n<p><i class=\"fal fa-envelope\"><\/i> <a href=\"#\" rel=\"nofollow\"  onclick=\"this.href='mailto:' + 't.huscio' + '@' + 'pb.edu.pl'\">t.huscio [at] pb.edu.pl<\/a>\n","protected":false},"excerpt":{"rendered":"<p>Serwis internetowy Uwagi dotycz\u0105ce funkcjonowania oraz zawarto\u015bci (opisy, fotografie itp.) poszczeg\u00f3lnych stron www serwisu internetowego<a class=\"read-more\" href=\"https:\/\/wm.pb.edu.pl\/kolegium-dziekanow\/redakcja-serwisu-www\/\" title=\"Poka\u017c artyku\u0142 Redakcja serwisu www\">wi\u0119cej<\/a><\/p>\n","protected":false},"author":14,"featured_media":0,"parent":0,"menu_order":5,"comment_status":"closed","ping_status":"closed","template":"","meta":{"inline_featured_image":false,"ngg_post_thumbnail":0,"footnotes":""},"class_list":["post-398","page","type-page","status-publish","hentry"],"acf":[],"yoast_head":"<!-- This site is optimized with the Yoast SEO plugin v26.4 - https:\/\/yoast.com\/wordpress\/plugins\/seo\/ -->\n<title>Redakcja serwisu www - 45. Konferencja Kolegium Dziekan\u00f3w Wydzia\u0142\u00f3w Mechanicznych Polskich Uczelni Technicznych<\/title>\n<meta name=\"robots\" content=\"index, follow, max-snippet:-1, max-image-preview:large, max-video-preview:-1\" \/>\n<link rel=\"canonical\" href=\"https:\/\/wm.pb.edu.pl\/kolegium-dziekanow\/redakcja-serwisu-www\/\" \/>\n<meta property=\"og:locale\" content=\"pl_PL\" \/>\n<meta property=\"og:type\" content=\"article\" \/>\n<meta property=\"og:title\" content=\"Redakcja serwisu www - 45. Konferencja Kolegium Dziekan\u00f3w Wydzia\u0142\u00f3w Mechanicznych Polskich Uczelni Technicznych\" \/>\n<meta property=\"og:description\" content=\"Serwis internetowy Uwagi dotycz\u0105ce funkcjonowania oraz zawarto\u015bci (opisy, fotografie itp.) poszczeg\u00f3lnych stron www serwisu internetowegowi\u0119cej\" \/>\n<meta property=\"og:url\" content=\"https:\/\/wm.pb.edu.pl\/kolegium-dziekanow\/redakcja-serwisu-www\/\" \/>\n<meta property=\"og:site_name\" content=\"45. Konferencja Kolegium Dziekan\u00f3w Wydzia\u0142\u00f3w Mechanicznych Polskich Uczelni Technicznych\" \/>\n<meta property=\"article:modified_time\" content=\"2024-07-11T19:55:12+00:00\" \/>\n<meta property=\"og:image\" content=\"https:\/\/wm.pb.edu.pl\/kolegium-dziekanow\/wp-content\/uploads\/sites\/29\/2018\/06\/redakcja-kontakt-640x360.jpg\" \/>\n<meta name=\"twitter:card\" content=\"summary_large_image\" \/>\n<meta name=\"twitter:label1\" content=\"Szacowany czas czytania\" \/>\n\t<meta name=\"twitter:data1\" content=\"1 minuta\" \/>\n<script type=\"application\/ld+json\" class=\"yoast-schema-graph\">{\"@context\":\"https:\/\/schema.org\",\"@graph\":[{\"@type\":\"WebPage\",\"@id\":\"https:\/\/wm.pb.edu.pl\/kolegium-dziekanow\/redakcja-serwisu-www\/\",\"url\":\"https:\/\/wm.pb.edu.pl\/kolegium-dziekanow\/redakcja-serwisu-www\/\",\"name\":\"Redakcja serwisu www - 45. Konferencja Kolegium Dziekan\u00f3w Wydzia\u0142\u00f3w Mechanicznych Polskich Uczelni Technicznych\",\"isPartOf\":{\"@id\":\"https:\/\/wm.pb.edu.pl\/kolegium-dziekanow\/#website\"},\"primaryImageOfPage\":{\"@id\":\"https:\/\/wm.pb.edu.pl\/kolegium-dziekanow\/redakcja-serwisu-www\/#primaryimage\"},\"image\":{\"@id\":\"https:\/\/wm.pb.edu.pl\/kolegium-dziekanow\/redakcja-serwisu-www\/#primaryimage\"},\"thumbnailUrl\":\"https:\/\/wm.pb.edu.pl\/kolegium-dziekanow\/wp-content\/uploads\/sites\/29\/2018\/06\/redakcja-kontakt-640x360.jpg\",\"datePublished\":\"2020-12-10T09:52:49+00:00\",\"dateModified\":\"2024-07-11T19:55:12+00:00\",\"breadcrumb\":{\"@id\":\"https:\/\/wm.pb.edu.pl\/kolegium-dziekanow\/redakcja-serwisu-www\/#breadcrumb\"},\"inLanguage\":\"pl-PL\",\"potentialAction\":[{\"@type\":\"ReadAction\",\"target\":[\"https:\/\/wm.pb.edu.pl\/kolegium-dziekanow\/redakcja-serwisu-www\/\"]}]},{\"@type\":\"ImageObject\",\"inLanguage\":\"pl-PL\",\"@id\":\"https:\/\/wm.pb.edu.pl\/kolegium-dziekanow\/redakcja-serwisu-www\/#primaryimage\",\"url\":\"https:\/\/wm.pb.edu.pl\/kolegium-dziekanow\/wp-content\/uploads\/sites\/29\/2018\/06\/redakcja-kontakt-640x360.jpg\",\"contentUrl\":\"https:\/\/wm.pb.edu.pl\/kolegium-dziekanow\/wp-content\/uploads\/sites\/29\/2018\/06\/redakcja-kontakt-640x360.jpg\"},{\"@type\":\"BreadcrumbList\",\"@id\":\"https:\/\/wm.pb.edu.pl\/kolegium-dziekanow\/redakcja-serwisu-www\/#breadcrumb\",\"itemListElement\":[{\"@type\":\"ListItem\",\"position\":1,\"name\":\"Strona g\u0142\u00f3wna\",\"item\":\"https:\/\/wm.pb.edu.pl\/kolegium-dziekanow\/\"},{\"@type\":\"ListItem\",\"position\":2,\"name\":\"Redakcja serwisu www\"}]},{\"@type\":\"WebSite\",\"@id\":\"https:\/\/wm.pb.edu.pl\/kolegium-dziekanow\/#website\",\"url\":\"https:\/\/wm.pb.edu.pl\/kolegium-dziekanow\/\",\"name\":\"45. Konferencja Kolegium Dziekan\u00f3w Wydzia\u0142\u00f3w Mechanicznych Polskich Uczelni Technicznych\",\"description\":\"\",\"potentialAction\":[{\"@type\":\"SearchAction\",\"target\":{\"@type\":\"EntryPoint\",\"urlTemplate\":\"https:\/\/wm.pb.edu.pl\/kolegium-dziekanow\/?s={search_term_string}\"},\"query-input\":{\"@type\":\"PropertyValueSpecification\",\"valueRequired\":true,\"valueName\":\"search_term_string\"}}],\"inLanguage\":\"pl-PL\"}]}<\/script>\n<!-- \/ Yoast SEO plugin. -->","yoast_head_json":{"title":"Redakcja serwisu www - 45. Konferencja Kolegium Dziekan\u00f3w Wydzia\u0142\u00f3w Mechanicznych Polskich Uczelni Technicznych","robots":{"index":"index","follow":"follow","max-snippet":"max-snippet:-1","max-image-preview":"max-image-preview:large","max-video-preview":"max-video-preview:-1"},"canonical":"https:\/\/wm.pb.edu.pl\/kolegium-dziekanow\/redakcja-serwisu-www\/","og_locale":"pl_PL","og_type":"article","og_title":"Redakcja serwisu www - 45. Konferencja Kolegium Dziekan\u00f3w Wydzia\u0142\u00f3w Mechanicznych Polskich Uczelni Technicznych","og_description":"Serwis internetowy Uwagi dotycz\u0105ce funkcjonowania oraz zawarto\u015bci (opisy, fotografie itp.) poszczeg\u00f3lnych stron www serwisu internetowegowi\u0119cej","og_url":"https:\/\/wm.pb.edu.pl\/kolegium-dziekanow\/redakcja-serwisu-www\/","og_site_name":"45. Konferencja Kolegium Dziekan\u00f3w Wydzia\u0142\u00f3w Mechanicznych Polskich Uczelni Technicznych","article_modified_time":"2024-07-11T19:55:12+00:00","og_image":[{"url":"https:\/\/wm.pb.edu.pl\/kolegium-dziekanow\/wp-content\/uploads\/sites\/29\/2018\/06\/redakcja-kontakt-640x360.jpg","type":"","width":"","height":""}],"twitter_card":"summary_large_image","twitter_misc":{"Szacowany czas czytania":"1 minuta"},"schema":{"@context":"https:\/\/schema.org","@graph":[{"@type":"WebPage","@id":"https:\/\/wm.pb.edu.pl\/kolegium-dziekanow\/redakcja-serwisu-www\/","url":"https:\/\/wm.pb.edu.pl\/kolegium-dziekanow\/redakcja-serwisu-www\/","name":"Redakcja serwisu www - 45. Konferencja Kolegium Dziekan\u00f3w Wydzia\u0142\u00f3w Mechanicznych Polskich Uczelni Technicznych","isPartOf":{"@id":"https:\/\/wm.pb.edu.pl\/kolegium-dziekanow\/#website"},"primaryImageOfPage":{"@id":"https:\/\/wm.pb.edu.pl\/kolegium-dziekanow\/redakcja-serwisu-www\/#primaryimage"},"image":{"@id":"https:\/\/wm.pb.edu.pl\/kolegium-dziekanow\/redakcja-serwisu-www\/#primaryimage"},"thumbnailUrl":"https:\/\/wm.pb.edu.pl\/kolegium-dziekanow\/wp-content\/uploads\/sites\/29\/2018\/06\/redakcja-kontakt-640x360.jpg","datePublished":"2020-12-10T09:52:49+00:00","dateModified":"2024-07-11T19:55:12+00:00","breadcrumb":{"@id":"https:\/\/wm.pb.edu.pl\/kolegium-dziekanow\/redakcja-serwisu-www\/#breadcrumb"},"inLanguage":"pl-PL","potentialAction":[{"@type":"ReadAction","target":["https:\/\/wm.pb.edu.pl\/kolegium-dziekanow\/redakcja-serwisu-www\/"]}]},{"@type":"ImageObject","inLanguage":"pl-PL","@id":"https:\/\/wm.pb.edu.pl\/kolegium-dziekanow\/redakcja-serwisu-www\/#primaryimage","url":"https:\/\/wm.pb.edu.pl\/kolegium-dziekanow\/wp-content\/uploads\/sites\/29\/2018\/06\/redakcja-kontakt-640x360.jpg","contentUrl":"https:\/\/wm.pb.edu.pl\/kolegium-dziekanow\/wp-content\/uploads\/sites\/29\/2018\/06\/redakcja-kontakt-640x360.jpg"},{"@type":"BreadcrumbList","@id":"https:\/\/wm.pb.edu.pl\/kolegium-dziekanow\/redakcja-serwisu-www\/#breadcrumb","itemListElement":[{"@type":"ListItem","position":1,"name":"Strona g\u0142\u00f3wna","item":"https:\/\/wm.pb.edu.pl\/kolegium-dziekanow\/"},{"@type":"ListItem","position":2,"name":"Redakcja serwisu www"}]},{"@type":"WebSite","@id":"https:\/\/wm.pb.edu.pl\/kolegium-dziekanow\/#website","url":"https:\/\/wm.pb.edu.pl\/kolegium-dziekanow\/","name":"45. Konferencja Kolegium Dziekan\u00f3w Wydzia\u0142\u00f3w Mechanicznych Polskich Uczelni Technicznych","description":"","potentialAction":[{"@type":"SearchAction","target":{"@type":"EntryPoint","urlTemplate":"https:\/\/wm.pb.edu.pl\/kolegium-dziekanow\/?s={search_term_string}"},"query-input":{"@type":"PropertyValueSpecification","valueRequired":true,"valueName":"search_term_string"}}],"inLanguage":"pl-PL"}]}},"_links":{"self":[{"href":"https:\/\/wm.pb.edu.pl\/kolegium-dziekanow\/wp-json\/wp\/v2\/pages\/398","targetHints":{"allow":["GET"]}}],"collection":[{"href":"https:\/\/wm.pb.edu.pl\/kolegium-dziekanow\/wp-json\/wp\/v2\/pages"}],"about":[{"href":"https:\/\/wm.pb.edu.pl\/kolegium-dziekanow\/wp-json\/wp\/v2\/types\/page"}],"author":[{"embeddable":true,"href":"https:\/\/wm.pb.edu.pl\/kolegium-dziekanow\/wp-json\/wp\/v2\/users\/14"}],"replies":[{"embeddable":true,"href":"https:\/\/wm.pb.edu.pl\/kolegium-dziekanow\/wp-json\/wp\/v2\/comments?post=398"}],"version-history":[{"count":2,"href":"https:\/\/wm.pb.edu.pl\/kolegium-dziekanow\/wp-json\/wp\/v2\/pages\/398\/revisions"}],"predecessor-version":[{"id":513,"href":"https:\/\/wm.pb.edu.pl\/kolegium-dziekanow\/wp-json\/wp\/v2\/pages\/398\/revisions\/513"}],"wp:attachment":[{"href":"https:\/\/wm.pb.edu.pl\/kolegium-dziekanow\/wp-json\/wp\/v2\/media?parent=398"}],"curies":[{"name":"wp","href":"https:\/\/api.w.org\/{rel}","templated":true}]}}