{"id":483,"date":"2023-06-25T23:22:41","date_gmt":"2023-06-25T21:22:41","guid":{"rendered":"https:\/\/wm.pb.edu.pl\/kolegium-dziekanow\/?page_id=483"},"modified":"2024-11-29T00:17:55","modified_gmt":"2024-11-28T23:17:55","slug":"rejestracja","status":"publish","type":"page","link":"https:\/\/wm.pb.edu.pl\/kolegium-dziekanow\/rejestracja\/","title":{"rendered":"Rejestracja"},"content":{"rendered":"<p>Rejestracja zako\u0144czona.<\/p>\n","protected":false},"excerpt":{"rendered":"<p>Rejestracja zako\u0144czona.<\/p>\n","protected":false},"author":2,"featured_media":0,"parent":0,"menu_order":3,"comment_status":"closed","ping_status":"closed","template":"","meta":{"inline_featured_image":false,"ngg_post_thumbnail":0,"footnotes":""},"class_list":["post-483","page","type-page","status-publish","hentry"],"acf":[],"yoast_head":"<!-- This site is optimized with the Yoast SEO plugin v26.4 - https:\/\/yoast.com\/wordpress\/plugins\/seo\/ -->\n<title>Rejestracja - 45. Konferencja Kolegium Dziekan\u00f3w Wydzia\u0142\u00f3w Mechanicznych Polskich Uczelni Technicznych<\/title>\n<meta name=\"robots\" content=\"index, follow, max-snippet:-1, max-image-preview:large, max-video-preview:-1\" \/>\n<link rel=\"canonical\" href=\"https:\/\/wm.pb.edu.pl\/kolegium-dziekanow\/rejestracja\/\" \/>\n<meta property=\"og:locale\" content=\"pl_PL\" \/>\n<meta property=\"og:type\" content=\"article\" \/>\n<meta property=\"og:title\" content=\"Rejestracja - 45. Konferencja Kolegium Dziekan\u00f3w Wydzia\u0142\u00f3w Mechanicznych Polskich Uczelni Technicznych\" \/>\n<meta property=\"og:description\" content=\"Rejestracja zako\u0144czona.\" \/>\n<meta property=\"og:url\" content=\"https:\/\/wm.pb.edu.pl\/kolegium-dziekanow\/rejestracja\/\" \/>\n<meta property=\"og:site_name\" content=\"45. Konferencja Kolegium Dziekan\u00f3w Wydzia\u0142\u00f3w Mechanicznych Polskich Uczelni Technicznych\" \/>\n<meta property=\"article:modified_time\" content=\"2024-11-28T23:17:55+00:00\" \/>\n<meta name=\"twitter:card\" content=\"summary_large_image\" \/>\n<meta name=\"twitter:label1\" content=\"Szacowany czas czytania\" \/>\n\t<meta name=\"twitter:data1\" content=\"1 minuta\" \/>\n<script type=\"application\/ld+json\" class=\"yoast-schema-graph\">{\"@context\":\"https:\/\/schema.org\",\"@graph\":[{\"@type\":\"WebPage\",\"@id\":\"https:\/\/wm.pb.edu.pl\/kolegium-dziekanow\/rejestracja\/\",\"url\":\"https:\/\/wm.pb.edu.pl\/kolegium-dziekanow\/rejestracja\/\",\"name\":\"Rejestracja - 45. Konferencja Kolegium Dziekan\u00f3w Wydzia\u0142\u00f3w Mechanicznych Polskich Uczelni Technicznych\",\"isPartOf\":{\"@id\":\"https:\/\/wm.pb.edu.pl\/kolegium-dziekanow\/#website\"},\"datePublished\":\"2023-06-25T21:22:41+00:00\",\"dateModified\":\"2024-11-28T23:17:55+00:00\",\"breadcrumb\":{\"@id\":\"https:\/\/wm.pb.edu.pl\/kolegium-dziekanow\/rejestracja\/#breadcrumb\"},\"inLanguage\":\"pl-PL\",\"potentialAction\":[{\"@type\":\"ReadAction\",\"target\":[\"https:\/\/wm.pb.edu.pl\/kolegium-dziekanow\/rejestracja\/\"]}]},{\"@type\":\"BreadcrumbList\",\"@id\":\"https:\/\/wm.pb.edu.pl\/kolegium-dziekanow\/rejestracja\/#breadcrumb\",\"itemListElement\":[{\"@type\":\"ListItem\",\"position\":1,\"name\":\"Strona g\u0142\u00f3wna\",\"item\":\"https:\/\/wm.pb.edu.pl\/kolegium-dziekanow\/\"},{\"@type\":\"ListItem\",\"position\":2,\"name\":\"Rejestracja\"}]},{\"@type\":\"WebSite\",\"@id\":\"https:\/\/wm.pb.edu.pl\/kolegium-dziekanow\/#website\",\"url\":\"https:\/\/wm.pb.edu.pl\/kolegium-dziekanow\/\",\"name\":\"45. Konferencja Kolegium Dziekan\u00f3w Wydzia\u0142\u00f3w Mechanicznych Polskich Uczelni Technicznych\",\"description\":\"\",\"potentialAction\":[{\"@type\":\"SearchAction\",\"target\":{\"@type\":\"EntryPoint\",\"urlTemplate\":\"https:\/\/wm.pb.edu.pl\/kolegium-dziekanow\/?s={search_term_string}\"},\"query-input\":{\"@type\":\"PropertyValueSpecification\",\"valueRequired\":true,\"valueName\":\"search_term_string\"}}],\"inLanguage\":\"pl-PL\"}]}<\/script>\n<!-- \/ Yoast SEO plugin. -->","yoast_head_json":{"title":"Rejestracja - 45. Konferencja Kolegium Dziekan\u00f3w Wydzia\u0142\u00f3w Mechanicznych Polskich Uczelni Technicznych","robots":{"index":"index","follow":"follow","max-snippet":"max-snippet:-1","max-image-preview":"max-image-preview:large","max-video-preview":"max-video-preview:-1"},"canonical":"https:\/\/wm.pb.edu.pl\/kolegium-dziekanow\/rejestracja\/","og_locale":"pl_PL","og_type":"article","og_title":"Rejestracja - 45. Konferencja Kolegium Dziekan\u00f3w Wydzia\u0142\u00f3w Mechanicznych Polskich Uczelni Technicznych","og_description":"Rejestracja zako\u0144czona.","og_url":"https:\/\/wm.pb.edu.pl\/kolegium-dziekanow\/rejestracja\/","og_site_name":"45. Konferencja Kolegium Dziekan\u00f3w Wydzia\u0142\u00f3w Mechanicznych Polskich Uczelni Technicznych","article_modified_time":"2024-11-28T23:17:55+00:00","twitter_card":"summary_large_image","twitter_misc":{"Szacowany czas czytania":"1 minuta"},"schema":{"@context":"https:\/\/schema.org","@graph":[{"@type":"WebPage","@id":"https:\/\/wm.pb.edu.pl\/kolegium-dziekanow\/rejestracja\/","url":"https:\/\/wm.pb.edu.pl\/kolegium-dziekanow\/rejestracja\/","name":"Rejestracja - 45. Konferencja Kolegium Dziekan\u00f3w Wydzia\u0142\u00f3w Mechanicznych Polskich Uczelni Technicznych","isPartOf":{"@id":"https:\/\/wm.pb.edu.pl\/kolegium-dziekanow\/#website"},"datePublished":"2023-06-25T21:22:41+00:00","dateModified":"2024-11-28T23:17:55+00:00","breadcrumb":{"@id":"https:\/\/wm.pb.edu.pl\/kolegium-dziekanow\/rejestracja\/#breadcrumb"},"inLanguage":"pl-PL","potentialAction":[{"@type":"ReadAction","target":["https:\/\/wm.pb.edu.pl\/kolegium-dziekanow\/rejestracja\/"]}]},{"@type":"BreadcrumbList","@id":"https:\/\/wm.pb.edu.pl\/kolegium-dziekanow\/rejestracja\/#breadcrumb","itemListElement":[{"@type":"ListItem","position":1,"name":"Strona g\u0142\u00f3wna","item":"https:\/\/wm.pb.edu.pl\/kolegium-dziekanow\/"},{"@type":"ListItem","position":2,"name":"Rejestracja"}]},{"@type":"WebSite","@id":"https:\/\/wm.pb.edu.pl\/kolegium-dziekanow\/#website","url":"https:\/\/wm.pb.edu.pl\/kolegium-dziekanow\/","name":"45. Konferencja Kolegium Dziekan\u00f3w Wydzia\u0142\u00f3w Mechanicznych Polskich Uczelni Technicznych","description":"","potentialAction":[{"@type":"SearchAction","target":{"@type":"EntryPoint","urlTemplate":"https:\/\/wm.pb.edu.pl\/kolegium-dziekanow\/?s={search_term_string}"},"query-input":{"@type":"PropertyValueSpecification","valueRequired":true,"valueName":"search_term_string"}}],"inLanguage":"pl-PL"}]}},"_links":{"self":[{"href":"https:\/\/wm.pb.edu.pl\/kolegium-dziekanow\/wp-json\/wp\/v2\/pages\/483","targetHints":{"allow":["GET"]}}],"collection":[{"href":"https:\/\/wm.pb.edu.pl\/kolegium-dziekanow\/wp-json\/wp\/v2\/pages"}],"about":[{"href":"https:\/\/wm.pb.edu.pl\/kolegium-dziekanow\/wp-json\/wp\/v2\/types\/page"}],"author":[{"embeddable":true,"href":"https:\/\/wm.pb.edu.pl\/kolegium-dziekanow\/wp-json\/wp\/v2\/users\/2"}],"replies":[{"embeddable":true,"href":"https:\/\/wm.pb.edu.pl\/kolegium-dziekanow\/wp-json\/wp\/v2\/comments?post=483"}],"version-history":[{"count":5,"href":"https:\/\/wm.pb.edu.pl\/kolegium-dziekanow\/wp-json\/wp\/v2\/pages\/483\/revisions"}],"predecessor-version":[{"id":574,"href":"https:\/\/wm.pb.edu.pl\/kolegium-dziekanow\/wp-json\/wp\/v2\/pages\/483\/revisions\/574"}],"wp:attachment":[{"href":"https:\/\/wm.pb.edu.pl\/kolegium-dziekanow\/wp-json\/wp\/v2\/media?parent=483"}],"curies":[{"name":"wp","href":"https:\/\/api.w.org\/{rel}","templated":true}]}}