{"id":18,"date":"2018-06-26T11:08:18","date_gmt":"2018-06-26T09:08:18","guid":{"rendered":"https:\/\/wm.pb.edu.pl\/kbmitc\/?page_id=18"},"modified":"2022-04-20T09:26:27","modified_gmt":"2022-04-20T07:26:27","slug":"o-katedrze","status":"publish","type":"page","link":"https:\/\/wm.pb.edu.pl\/ktc\/o-katedrze\/","title":{"rendered":"O katedrze"},"content":{"rendered":"<h2><strong>Historia Katedry Techniki Cieplnej<\/strong><\/h2>\n<p>Pocz\u0105tki dzia\u0142alno\u015bci Katedry si\u0119gaj\u0105 roku 1963 roku, w kt\u00f3rym powo\u0142any zosta\u0142 Zesp\u00f3\u0142 Termodynamiki Technicznej i Pracownia Termodynamiki i Mechaniki P\u0142yn\u00f3w na Wydziale Mechanicznym Wieczorowej Szko\u0142y In\u017cynierskiej. Na tej bazie powsta\u0142a Katedra Termodynamiki i Mechaniki P\u0142yn\u00f3w, kt\u00f3ra nast\u0119pnie zosta\u0142a przekszta\u0142cona w Katedr\u0119 Techniki Cieplnej i In\u017cynierii Rolniczej. Po reorganizacjach i zmianach lokalizacji na jej bazie powsta\u0142a aktualna Katedra Techniki Cieplnej. Obecnie Katedra Techniki Cieplnej jest pod kierownictwem prof. dr hab. in\u017c. Dariusza Butrymowicza.<\/p>\n<p>W ramach Katedry dzia\u0142aj\u0105 laboratoria dydaktyczne i badawcze, kt\u00f3re obejmuj\u0105 zar\u00f3wno podstawy mechaniki p\u0142yn\u00f3w, termodynamiki, techniki cieplnej i ch\u0142odnictwa, jak r\u00f3wnie\u017c zaawansowane techniki strumienicowych uk\u0142ad\u00f3w ch\u0142odniczych, analizy w\u0142a\u015bciwo\u015bci paliw i przep\u0142yw\u00f3w wielofazowych.<\/p>\n","protected":false},"excerpt":{"rendered":"<p>Historia Katedry Techniki Cieplnej Pocz\u0105tki dzia\u0142alno\u015bci Katedry si\u0119gaj\u0105 roku 1963 roku, w kt\u00f3rym powo\u0142any zosta\u0142<a class=\"read-more\" href=\"https:\/\/wm.pb.edu.pl\/ktc\/o-katedrze\/\" title=\"Poka\u017c artyku\u0142 O katedrze\">wi\u0119cej<\/a><\/p>\n","protected":false},"author":5,"featured_media":0,"parent":0,"menu_order":1,"comment_status":"closed","ping_status":"closed","template":"","meta":{"inline_featured_image":false,"ngg_post_thumbnail":0,"footnotes":""},"class_list":["post-18","page","type-page","status-publish","hentry"],"acf":[],"yoast_head":"<!-- This site is optimized with the Yoast SEO plugin v26.4 - https:\/\/yoast.com\/wordpress\/plugins\/seo\/ -->\n<title>O katedrze - Katedra Techniki Cieplnej<\/title>\n<meta name=\"robots\" content=\"index, follow, max-snippet:-1, max-image-preview:large, max-video-preview:-1\" \/>\n<link rel=\"canonical\" href=\"https:\/\/wm.pb.edu.pl\/ktc\/o-katedrze\/\" \/>\n<meta property=\"og:locale\" content=\"pl_PL\" \/>\n<meta property=\"og:type\" content=\"article\" \/>\n<meta property=\"og:title\" content=\"O katedrze - Katedra Techniki Cieplnej\" \/>\n<meta property=\"og:description\" content=\"Historia Katedry Techniki Cieplnej Pocz\u0105tki dzia\u0142alno\u015bci Katedry si\u0119gaj\u0105 roku 1963 roku, w kt\u00f3rym powo\u0142any zosta\u0142wi\u0119cej\" \/>\n<meta property=\"og:url\" content=\"https:\/\/wm.pb.edu.pl\/ktc\/o-katedrze\/\" \/>\n<meta property=\"og:site_name\" content=\"Katedra Techniki Cieplnej\" \/>\n<meta property=\"article:modified_time\" content=\"2022-04-20T07:26:27+00:00\" \/>\n<meta name=\"twitter:card\" content=\"summary_large_image\" \/>\n<meta name=\"twitter:label1\" content=\"Szacowany czas czytania\" \/>\n\t<meta name=\"twitter:data1\" content=\"1 minuta\" \/>\n<script type=\"application\/ld+json\" class=\"yoast-schema-graph\">{\"@context\":\"https:\/\/schema.org\",\"@graph\":[{\"@type\":\"WebPage\",\"@id\":\"https:\/\/wm.pb.edu.pl\/ktc\/o-katedrze\/\",\"url\":\"https:\/\/wm.pb.edu.pl\/ktc\/o-katedrze\/\",\"name\":\"O katedrze - Katedra Techniki Cieplnej\",\"isPartOf\":{\"@id\":\"https:\/\/wm.pb.edu.pl\/ktc\/#website\"},\"datePublished\":\"2018-06-26T09:08:18+00:00\",\"dateModified\":\"2022-04-20T07:26:27+00:00\",\"breadcrumb\":{\"@id\":\"https:\/\/wm.pb.edu.pl\/ktc\/o-katedrze\/#breadcrumb\"},\"inLanguage\":\"pl-PL\",\"potentialAction\":[{\"@type\":\"ReadAction\",\"target\":[\"https:\/\/wm.pb.edu.pl\/ktc\/o-katedrze\/\"]}]},{\"@type\":\"BreadcrumbList\",\"@id\":\"https:\/\/wm.pb.edu.pl\/ktc\/o-katedrze\/#breadcrumb\",\"itemListElement\":[{\"@type\":\"ListItem\",\"position\":1,\"name\":\"Strona g\u0142\u00f3wna\",\"item\":\"https:\/\/wm.pb.edu.pl\/ktc\/\"},{\"@type\":\"ListItem\",\"position\":2,\"name\":\"O katedrze\"}]},{\"@type\":\"WebSite\",\"@id\":\"https:\/\/wm.pb.edu.pl\/ktc\/#website\",\"url\":\"https:\/\/wm.pb.edu.pl\/ktc\/\",\"name\":\"Katedra Techniki Cieplnej\",\"description\":\"\",\"potentialAction\":[{\"@type\":\"SearchAction\",\"target\":{\"@type\":\"EntryPoint\",\"urlTemplate\":\"https:\/\/wm.pb.edu.pl\/ktc\/?s={search_term_string}\"},\"query-input\":{\"@type\":\"PropertyValueSpecification\",\"valueRequired\":true,\"valueName\":\"search_term_string\"}}],\"inLanguage\":\"pl-PL\"}]}<\/script>\n<!-- \/ Yoast SEO plugin. -->","yoast_head_json":{"title":"O katedrze - Katedra Techniki Cieplnej","robots":{"index":"index","follow":"follow","max-snippet":"max-snippet:-1","max-image-preview":"max-image-preview:large","max-video-preview":"max-video-preview:-1"},"canonical":"https:\/\/wm.pb.edu.pl\/ktc\/o-katedrze\/","og_locale":"pl_PL","og_type":"article","og_title":"O katedrze - Katedra Techniki Cieplnej","og_description":"Historia Katedry Techniki Cieplnej Pocz\u0105tki dzia\u0142alno\u015bci Katedry si\u0119gaj\u0105 roku 1963 roku, w kt\u00f3rym powo\u0142any zosta\u0142wi\u0119cej","og_url":"https:\/\/wm.pb.edu.pl\/ktc\/o-katedrze\/","og_site_name":"Katedra Techniki Cieplnej","article_modified_time":"2022-04-20T07:26:27+00:00","twitter_card":"summary_large_image","twitter_misc":{"Szacowany czas czytania":"1 minuta"},"schema":{"@context":"https:\/\/schema.org","@graph":[{"@type":"WebPage","@id":"https:\/\/wm.pb.edu.pl\/ktc\/o-katedrze\/","url":"https:\/\/wm.pb.edu.pl\/ktc\/o-katedrze\/","name":"O katedrze - Katedra Techniki Cieplnej","isPartOf":{"@id":"https:\/\/wm.pb.edu.pl\/ktc\/#website"},"datePublished":"2018-06-26T09:08:18+00:00","dateModified":"2022-04-20T07:26:27+00:00","breadcrumb":{"@id":"https:\/\/wm.pb.edu.pl\/ktc\/o-katedrze\/#breadcrumb"},"inLanguage":"pl-PL","potentialAction":[{"@type":"ReadAction","target":["https:\/\/wm.pb.edu.pl\/ktc\/o-katedrze\/"]}]},{"@type":"BreadcrumbList","@id":"https:\/\/wm.pb.edu.pl\/ktc\/o-katedrze\/#breadcrumb","itemListElement":[{"@type":"ListItem","position":1,"name":"Strona g\u0142\u00f3wna","item":"https:\/\/wm.pb.edu.pl\/ktc\/"},{"@type":"ListItem","position":2,"name":"O katedrze"}]},{"@type":"WebSite","@id":"https:\/\/wm.pb.edu.pl\/ktc\/#website","url":"https:\/\/wm.pb.edu.pl\/ktc\/","name":"Katedra Techniki Cieplnej","description":"","potentialAction":[{"@type":"SearchAction","target":{"@type":"EntryPoint","urlTemplate":"https:\/\/wm.pb.edu.pl\/ktc\/?s={search_term_string}"},"query-input":{"@type":"PropertyValueSpecification","valueRequired":true,"valueName":"search_term_string"}}],"inLanguage":"pl-PL"}]}},"_links":{"self":[{"href":"https:\/\/wm.pb.edu.pl\/ktc\/wp-json\/wp\/v2\/pages\/18","targetHints":{"allow":["GET"]}}],"collection":[{"href":"https:\/\/wm.pb.edu.pl\/ktc\/wp-json\/wp\/v2\/pages"}],"about":[{"href":"https:\/\/wm.pb.edu.pl\/ktc\/wp-json\/wp\/v2\/types\/page"}],"author":[{"embeddable":true,"href":"https:\/\/wm.pb.edu.pl\/ktc\/wp-json\/wp\/v2\/users\/5"}],"replies":[{"embeddable":true,"href":"https:\/\/wm.pb.edu.pl\/ktc\/wp-json\/wp\/v2\/comments?post=18"}],"version-history":[{"count":4,"href":"https:\/\/wm.pb.edu.pl\/ktc\/wp-json\/wp\/v2\/pages\/18\/revisions"}],"predecessor-version":[{"id":274,"href":"https:\/\/wm.pb.edu.pl\/ktc\/wp-json\/wp\/v2\/pages\/18\/revisions\/274"}],"wp:attachment":[{"href":"https:\/\/wm.pb.edu.pl\/ktc\/wp-json\/wp\/v2\/media?parent=18"}],"curies":[{"name":"wp","href":"https:\/\/api.w.org\/{rel}","templated":true}]}}