{"id":223,"date":"2020-12-17T10:31:06","date_gmt":"2020-12-17T09:31:06","guid":{"rendered":"https:\/\/wm.pb.edu.pl\/ktc\/?page_id=223"},"modified":"2022-03-17T11:21:06","modified_gmt":"2022-03-17T10:21:06","slug":"szkolenia","status":"publish","type":"page","link":"https:\/\/wm.pb.edu.pl\/ktc\/szkolenia\/","title":{"rendered":"Szkolenia"},"content":{"rendered":"<p>Informujemy, \u017ce po przeprowadzonym audycie Wydzia\u0142 Mechaniczny Politechniki Bia\u0142ostockiej zosta\u0142 wpisany przez Urz\u0105d Dozoru Technicznego do rejestru jednostek prowadz\u0105cych szkolenia oraz jednostek prowadz\u0105cych egzaminy w zakresie obj\u0119tym tak zwanymi F-Gazami.<\/p>\n<p>W 2015 roku wprowadzono procedur\u0119 reguluj\u0105c\u0105 w spos\u00f3b szczeg\u00f3\u0142owy dost\u0119p do uprawnie\u0144 w zakresie przeprowadzania instalacji, konserwacji lub serwisowania stacjonarnych urz\u0105dze\u0144 ch\u0142odniczych, klimatyzacyjnych i pomp ciep\u0142a zawieraj\u0105cych substancje kontrolowane lub fluorowane gazy cieplarniane oraz odzysk tych substancji lub gaz\u00f3w z takich urz\u0105dze\u0144. Uprawnienia te s\u0105 niezb\u0119dne do pracy w bran\u017cy ch\u0142odniczej, klimatyzacyjnej i pomp ciep\u0142a. Jak dot\u0105d mo\u017cliwo\u015bci prowadzenia szkole\u0144 spo\u015br\u00f3d instytucji prowadz\u0105cych dzia\u0142alno\u015b\u0107 badawczo-rozwojow\u0105 uzyska\u0142y jedynie dwie uczelnie oraz dwa instytuty, za\u015b w zakresie egzaminowania trzy uczelnie oraz dwa instytuty.<\/p>\n<p>Wydzia\u0142 Mechaniczny Politechniki Bia\u0142ostockiej jako jedyna jednostka w kraju prowadzi przygotowanie do uzyskania certyfikatu uprawniaj\u0105cego do prowadzenia dzia\u0142alno\u015bci w podanym zakresie w ramach zaj\u0119\u0107 dydaktycznych na studiach II stopnia zar\u00f3wno stacjonarnych jak i niestacjonarnych. Pracownicy Wydzia\u0142u opublikowali r\u00f3wnie\u017c pierwszy poradnik ujmuj\u0105cy w spos\u00f3b kompleksowy zagadnienia zwi\u0105zane z aktualnymi wymaganiami prawnymi w obszarze ochrony \u015brodowiska w bran\u017cy ch\u0142odniczej, klimatyzacyjnej i pomp ciep\u0142a.<\/p>\n<p>Zesp\u00f3\u0142 prowadzi r\u00f3wnie\u017c od wielu lat szerok\u0105 sformalizowan\u0105 wsp\u00f3\u0142prac\u0119 w zakresie szkole\u0144, certyfikacji&nbsp; oraz konsultacji merytorycznych z Krajowym Forum Ch\u0142odnictwa \u2013 Zwi\u0105zkiem Pracodawc\u00f3w, b\u0119d\u0105cym najwi\u0119ksz\u0105 krajow\u0105 organizacj\u0105 zrzeszaj\u0105c\u0105&nbsp; w bran\u017cy ch\u0142odniczej, klimatyzacyjnej i pomp ciep\u0142a.<\/p>\n<p>Informujemy, \u017ce Wydzia\u0142 Mechaniczny Politechniki Bia\u0142ostockiej zosta\u0142 wpisany do rejestru jednostek prowadz\u0105cych szkolenia w odniesieniu do os\u00f3b ubiegaj\u0105cych si\u0119 o uzyskanie certyfikatu dla personelu przeprowadzaj\u0105cego instalacj\u0119, konserwacj\u0119 lub serwisowanie stacjonarnych urz\u0105dze\u0144 ch\u0142odniczych, klimatyzacyjnych i pomp ciep\u0142a zawieraj\u0105cych substancje kontrolowane lub fluorowane gazy cieplarniane oraz odzysk tych substancji lub gaz\u00f3w z takich urz\u0105dze\u0144<\/p>\n<p>FGAZ-S\/27\/0014\/16<\/p>\n<p>Informujemy, \u017ce Wydzia\u0142 Mechaniczny Politechniki Bia\u0142ostockiej zosta\u0142 wpisany do rejestru jednostek przeprowadzaj\u0105cych egzaminy w odniesieniu do os\u00f3b ubiegaj\u0105cych si\u0119 o uzyskanie certyfikatu dla personelu przeprowadzaj\u0105cego instalacj\u0119, konserwacj\u0119 lub serwisowanie stacjonarnych urz\u0105dze\u0144 ch\u0142odniczych, klimatyzacyjnych i pomp ciep\u0142a zawieraj\u0105cych substancje kontrolowane lub fluorowane gazy cieplarniane oraz odzysk tych substancji lub gaz\u00f3w z takich urz\u0105dze\u0144.<\/p>\n<p>FGAZ-E\/27\/0013\/16<\/p>\n","protected":false},"excerpt":{"rendered":"<p>Informujemy, \u017ce po przeprowadzonym audycie Wydzia\u0142 Mechaniczny Politechniki Bia\u0142ostockiej zosta\u0142 wpisany przez Urz\u0105d Dozoru Technicznego<a class=\"read-more\" href=\"https:\/\/wm.pb.edu.pl\/ktc\/szkolenia\/\" title=\"Poka\u017c artyku\u0142 Szkolenia\">wi\u0119cej<\/a><\/p>\n","protected":false},"author":14,"featured_media":0,"parent":0,"menu_order":0,"comment_status":"closed","ping_status":"closed","template":"","meta":{"inline_featured_image":false,"ngg_post_thumbnail":0,"footnotes":""},"class_list":["post-223","page","type-page","status-publish","hentry"],"acf":[],"yoast_head":"<!-- This site is optimized with the Yoast SEO plugin v26.4 - https:\/\/yoast.com\/wordpress\/plugins\/seo\/ -->\n<title>Szkolenia - Katedra Techniki Cieplnej<\/title>\n<meta name=\"robots\" content=\"index, follow, max-snippet:-1, max-image-preview:large, max-video-preview:-1\" \/>\n<link rel=\"canonical\" href=\"https:\/\/wm.pb.edu.pl\/ktc\/szkolenia\/\" \/>\n<meta property=\"og:locale\" content=\"pl_PL\" \/>\n<meta property=\"og:type\" content=\"article\" \/>\n<meta property=\"og:title\" content=\"Szkolenia - Katedra Techniki Cieplnej\" \/>\n<meta property=\"og:description\" content=\"Informujemy, \u017ce po przeprowadzonym audycie Wydzia\u0142 Mechaniczny Politechniki Bia\u0142ostockiej zosta\u0142 wpisany przez Urz\u0105d Dozoru Technicznegowi\u0119cej\" \/>\n<meta property=\"og:url\" content=\"https:\/\/wm.pb.edu.pl\/ktc\/szkolenia\/\" \/>\n<meta property=\"og:site_name\" content=\"Katedra Techniki Cieplnej\" \/>\n<meta property=\"article:modified_time\" content=\"2022-03-17T10:21:06+00:00\" \/>\n<meta name=\"twitter:card\" content=\"summary_large_image\" \/>\n<meta name=\"twitter:label1\" content=\"Szacowany czas czytania\" \/>\n\t<meta name=\"twitter:data1\" content=\"2 minuty\" \/>\n<script type=\"application\/ld+json\" class=\"yoast-schema-graph\">{\"@context\":\"https:\/\/schema.org\",\"@graph\":[{\"@type\":\"WebPage\",\"@id\":\"https:\/\/wm.pb.edu.pl\/ktc\/szkolenia\/\",\"url\":\"https:\/\/wm.pb.edu.pl\/ktc\/szkolenia\/\",\"name\":\"Szkolenia - Katedra Techniki Cieplnej\",\"isPartOf\":{\"@id\":\"https:\/\/wm.pb.edu.pl\/ktc\/#website\"},\"datePublished\":\"2020-12-17T09:31:06+00:00\",\"dateModified\":\"2022-03-17T10:21:06+00:00\",\"breadcrumb\":{\"@id\":\"https:\/\/wm.pb.edu.pl\/ktc\/szkolenia\/#breadcrumb\"},\"inLanguage\":\"pl-PL\",\"potentialAction\":[{\"@type\":\"ReadAction\",\"target\":[\"https:\/\/wm.pb.edu.pl\/ktc\/szkolenia\/\"]}]},{\"@type\":\"BreadcrumbList\",\"@id\":\"https:\/\/wm.pb.edu.pl\/ktc\/szkolenia\/#breadcrumb\",\"itemListElement\":[{\"@type\":\"ListItem\",\"position\":1,\"name\":\"Strona g\u0142\u00f3wna\",\"item\":\"https:\/\/wm.pb.edu.pl\/ktc\/\"},{\"@type\":\"ListItem\",\"position\":2,\"name\":\"Szkolenia\"}]},{\"@type\":\"WebSite\",\"@id\":\"https:\/\/wm.pb.edu.pl\/ktc\/#website\",\"url\":\"https:\/\/wm.pb.edu.pl\/ktc\/\",\"name\":\"Katedra Techniki Cieplnej\",\"description\":\"\",\"potentialAction\":[{\"@type\":\"SearchAction\",\"target\":{\"@type\":\"EntryPoint\",\"urlTemplate\":\"https:\/\/wm.pb.edu.pl\/ktc\/?s={search_term_string}\"},\"query-input\":{\"@type\":\"PropertyValueSpecification\",\"valueRequired\":true,\"valueName\":\"search_term_string\"}}],\"inLanguage\":\"pl-PL\"}]}<\/script>\n<!-- \/ Yoast SEO plugin. -->","yoast_head_json":{"title":"Szkolenia - Katedra Techniki Cieplnej","robots":{"index":"index","follow":"follow","max-snippet":"max-snippet:-1","max-image-preview":"max-image-preview:large","max-video-preview":"max-video-preview:-1"},"canonical":"https:\/\/wm.pb.edu.pl\/ktc\/szkolenia\/","og_locale":"pl_PL","og_type":"article","og_title":"Szkolenia - Katedra Techniki Cieplnej","og_description":"Informujemy, \u017ce po przeprowadzonym audycie Wydzia\u0142 Mechaniczny Politechniki Bia\u0142ostockiej zosta\u0142 wpisany przez Urz\u0105d Dozoru Technicznegowi\u0119cej","og_url":"https:\/\/wm.pb.edu.pl\/ktc\/szkolenia\/","og_site_name":"Katedra Techniki Cieplnej","article_modified_time":"2022-03-17T10:21:06+00:00","twitter_card":"summary_large_image","twitter_misc":{"Szacowany czas czytania":"2 minuty"},"schema":{"@context":"https:\/\/schema.org","@graph":[{"@type":"WebPage","@id":"https:\/\/wm.pb.edu.pl\/ktc\/szkolenia\/","url":"https:\/\/wm.pb.edu.pl\/ktc\/szkolenia\/","name":"Szkolenia - Katedra Techniki Cieplnej","isPartOf":{"@id":"https:\/\/wm.pb.edu.pl\/ktc\/#website"},"datePublished":"2020-12-17T09:31:06+00:00","dateModified":"2022-03-17T10:21:06+00:00","breadcrumb":{"@id":"https:\/\/wm.pb.edu.pl\/ktc\/szkolenia\/#breadcrumb"},"inLanguage":"pl-PL","potentialAction":[{"@type":"ReadAction","target":["https:\/\/wm.pb.edu.pl\/ktc\/szkolenia\/"]}]},{"@type":"BreadcrumbList","@id":"https:\/\/wm.pb.edu.pl\/ktc\/szkolenia\/#breadcrumb","itemListElement":[{"@type":"ListItem","position":1,"name":"Strona g\u0142\u00f3wna","item":"https:\/\/wm.pb.edu.pl\/ktc\/"},{"@type":"ListItem","position":2,"name":"Szkolenia"}]},{"@type":"WebSite","@id":"https:\/\/wm.pb.edu.pl\/ktc\/#website","url":"https:\/\/wm.pb.edu.pl\/ktc\/","name":"Katedra Techniki Cieplnej","description":"","potentialAction":[{"@type":"SearchAction","target":{"@type":"EntryPoint","urlTemplate":"https:\/\/wm.pb.edu.pl\/ktc\/?s={search_term_string}"},"query-input":{"@type":"PropertyValueSpecification","valueRequired":true,"valueName":"search_term_string"}}],"inLanguage":"pl-PL"}]}},"_links":{"self":[{"href":"https:\/\/wm.pb.edu.pl\/ktc\/wp-json\/wp\/v2\/pages\/223","targetHints":{"allow":["GET"]}}],"collection":[{"href":"https:\/\/wm.pb.edu.pl\/ktc\/wp-json\/wp\/v2\/pages"}],"about":[{"href":"https:\/\/wm.pb.edu.pl\/ktc\/wp-json\/wp\/v2\/types\/page"}],"author":[{"embeddable":true,"href":"https:\/\/wm.pb.edu.pl\/ktc\/wp-json\/wp\/v2\/users\/14"}],"replies":[{"embeddable":true,"href":"https:\/\/wm.pb.edu.pl\/ktc\/wp-json\/wp\/v2\/comments?post=223"}],"version-history":[{"count":1,"href":"https:\/\/wm.pb.edu.pl\/ktc\/wp-json\/wp\/v2\/pages\/223\/revisions"}],"predecessor-version":[{"id":224,"href":"https:\/\/wm.pb.edu.pl\/ktc\/wp-json\/wp\/v2\/pages\/223\/revisions\/224"}],"wp:attachment":[{"href":"https:\/\/wm.pb.edu.pl\/ktc\/wp-json\/wp\/v2\/media?parent=223"}],"curies":[{"name":"wp","href":"https:\/\/api.w.org\/{rel}","templated":true}]}}