{"id":28,"date":"2018-06-26T11:15:16","date_gmt":"2018-06-26T09:15:16","guid":{"rendered":"https:\/\/wm.pb.edu.pl\/kbmitc\/?page_id=28"},"modified":"2026-02-13T10:50:55","modified_gmt":"2026-02-13T09:50:55","slug":"pracownicy","status":"publish","type":"page","link":"https:\/\/wm.pb.edu.pl\/ktc\/pracownicy\/","title":{"rendered":"Pracownicy"},"content":{"rendered":"<h2>NAUKOWO-DYDAKTYCZNI<\/h2>\n<p>&nbsp;<\/p>\n<table class=\"table table-bordered\" style=\"width: 125.264%\">\n<thead>\n<tr>\n<th style=\"width: 17.3826%\"><strong>Imi\u0119 i Nazwisko<\/strong><\/th>\n<th style=\"width: 19.7802%\">Stopie\u0144\/tytu\u0142 naukowy<\/th>\n<th style=\"width: 12.0879%\">Pok\u00f3j<\/th>\n<th style=\"width: 12.3876%\"><strong>Telefon<\/strong><\/th>\n<th style=\"width: 29.1708%\"><strong>e-mail<\/strong><\/th>\n<th style=\"width: 8.99101%\"><strong>Profil naukowy<\/strong><\/th>\n<\/tr>\n<\/thead>\n<tbody>\n<tr style=\"height: 38px\">\n<td style=\"width: 17.3826%\"><strong><a title=\"Otworzy si\u0119 w nowej karcie\" href=\"https:\/\/wm.pb.edu.pl\/ktc\/dariusz-butrymowicz\/\" target=\"_blank\" rel=\"noopener noreferrer\">Butrymowicz Dariusz<\/a><\/strong><\/td>\n<td style=\"width: 19.7802%;height: 38px\"><strong>&nbsp;prof.&nbsp;dr hab. in\u017c.<\/strong><\/td>\n<td style=\"width: 12.0879%;height: 38px\"><strong>M-218<\/strong><\/td>\n<td style=\"width: 12.3876%;height: 38px\"><strong>571-443-089<\/strong><\/td>\n<td style=\"width: 29.1708%;height: 38px\"><strong>d.butrymowicz[at]pb.edu.pl<\/strong><\/td>\n<td style=\"width: 8.99101%\"><strong><a title=\"Otworzy si\u0119 w nowej karcie\" href=\"https:\/\/bazawiedzy.pb.edu.pl\/info.seam?id=BUT6cabfafd6ba74a9382aa661817578f2f&amp;affil=&amp;lang=pl\" target=\"_blank\" rel=\"noopener noreferrer\">Baza wiedzy<\/a><\/strong><\/td>\n<\/tr>\n<tr style=\"height: 38px\">\n<td style=\"width: 17.3826%;height: 38px\">\u015amierciew Kamil<\/td>\n<td style=\"width: 19.7802%;height: 38px\" width=\"168\">dr hab. in\u017c. prof. PB<\/td>\n<td style=\"width: 12.0879%;height: 38px\">M-224<\/td>\n<td style=\"width: 12.3876%;height: 38px\">571-443-096<\/td>\n<td style=\"width: 29.1708%;height: 38px\">k.smierciew[at]pb.edu.pl<\/td>\n<td style=\"width: 8.99101%\">&nbsp;<\/td>\n<\/tr>\n<tr style=\"height: 38px\">\n<td style=\"width: 17.3826%;height: 38px\">Gagan&nbsp; Jerzy<\/td>\n<td style=\"width: 19.7802%;height: 38px\">dr hab. in\u017c. prof. PB<\/td>\n<td style=\"width: 12.0879%;height: 38px\">M-224<\/td>\n<td style=\"width: 12.3876%;height: 38px\">571-443-091<\/td>\n<td style=\"width: 29.1708%;height: 38px\">j.gagan[at]pb.edu.pl<\/td>\n<td style=\"width: 8.99101%\">&nbsp;<\/td>\n<\/tr>\n<tr style=\"height: 38px\">\n<td style=\"width: 17.3826%;height: 38px\">Dudar&nbsp; Adam<\/td>\n<td style=\"width: 19.7802%;height: 38px\">&nbsp;dr&nbsp;in\u017c.<\/td>\n<td style=\"width: 12.0879%;height: 38px\">M-226<\/td>\n<td style=\"width: 12.3876%;height: 38px\">571-443-090<\/td>\n<td style=\"width: 29.1708%;height: 38px\">a.dudar[at]pb.edu.pl<\/td>\n<td style=\"width: 8.99101%\">&nbsp;<\/td>\n<\/tr>\n<tr style=\"height: 38px\">\n<td style=\"width: 17.3826%;height: 38px\">\u0141ukaszuk Micha\u0142<\/td>\n<td style=\"width: 19.7802%;height: 38px\">&nbsp;dr&nbsp;in\u017c.<\/td>\n<td style=\"width: 12.0879%;height: 38px\">M-226<\/td>\n<td style=\"width: 12.3876%;height: 38px\">571-443-094<\/td>\n<td style=\"width: 29.1708%;height: 38px\">m.lukaszuk[at]pb.edu.pl<\/td>\n<td style=\"width: 8.99101%\">&nbsp;<\/td>\n<\/tr>\n<tr style=\"height: 36px\">\n<td style=\"width: 17.3826%;height: 36px\" width=\"114\">Pawe\u0142 Dzienis<\/td>\n<td style=\"width: 19.7802%;height: 36px\" width=\"115\">dr hab. in\u017c.<\/td>\n<td style=\"width: 12.0879%;height: 36px\" width=\"103\">M-324<\/td>\n<td style=\"width: 12.3876%;height: 36px\" width=\"106\">&nbsp;571-443-024<\/td>\n<td style=\"width: 29.1708%;height: 36px\" width=\"180\">&nbsp;p.dzienis[at]pb.edu.pl<\/td>\n<td style=\"width: 8.99101%;height: 36px\"><a title=\"Otworzy si\u0119 w nowej karcie\" href=\"https:\/\/bazawiedzy.pb.edu.pl\/info.seam?id=BUT6de78092c6534b718ad51433de7f9d18&amp;affil=&amp;lang=pl\" target=\"_blank\" rel=\"noopener noreferrer\">Baza wiedzy<\/a><\/td>\n<\/tr>\n<tr style=\"height: 38px\">\n<td style=\"width: 17.3826%;height: 38px\">Jako\u0144czuk Pawe\u0142<\/td>\n<td style=\"width: 19.7802%;height: 38px\">&nbsp;mgr in\u017c.<\/td>\n<td style=\"width: 12.0879%;height: 38px\">M-222<\/td>\n<td style=\"width: 12.3876%;height: 38px\">571-443-050<\/td>\n<td style=\"width: 29.1708%;height: 38px\">pawel.jakonczuk[at]pb.edu.pl<\/td>\n<td style=\"width: 8.99101%\">&nbsp;<\/td>\n<\/tr>\n<tr style=\"height: 38px\">\n<td style=\"width: 17.3826%;height: 38px\">Pawluczuk Andrzej<\/td>\n<td style=\"width: 19.7802%;height: 38px\">&nbsp;mgr in\u017c.<\/td>\n<td style=\"width: 12.0879%;height: 38px\">M-228<\/td>\n<td style=\"width: 12.3876%;height: 38px\">797-990-775<\/td>\n<td style=\"width: 29.1708%;height: 38px\">andrzej.pawluczuk[at]pb.edu.pl<\/td>\n<td style=\"width: 8.99101%\">&nbsp;<\/td>\n<\/tr>\n<tr style=\"height: 38px\">\n<td style=\"width: 17.3826%;height: 38px\">Paw\u0142owski Mateusz<\/td>\n<td style=\"width: 19.7802%;height: 38px\">&nbsp;mgr in\u017c.<\/td>\n<td style=\"width: 12.0879%;height: 38px\">M-222<\/td>\n<td style=\"width: 12.3876%;height: 38px\">797-995-903<\/td>\n<td style=\"width: 29.1708%;height: 38px\">m.pawlowski[at]pb.edu.pl<\/td>\n<td style=\"width: 8.99101%\">&nbsp;<\/td>\n<\/tr>\n<\/tbody>\n<\/table>\n<hr>\n<h3>PRACOWNICY NAUKOWO &#8211; TECHNICZNI<\/h3>\n<table class=\"table table-bordered\" style=\"width: 1203px\">\n<thead>\n<tr>\n<th style=\"width: 235px\"><strong>Imi\u0119 i Nazwisko<\/strong><\/th>\n<th style=\"width: 288px\">Stopie\u0144\/tytu\u0142 naukowy<\/th>\n<th style=\"width: 219px\">Pok\u00f3j<\/th>\n<th style=\"width: 154px\"><strong>Telefon<\/strong><\/th>\n<th style=\"width: 307px\"><strong>e-mail<\/strong><\/th>\n<\/tr>\n<\/thead>\n<tbody>\n<tr style=\"height: 38px\">\n<td style=\"width: 235px;height: 38px\">Kury\u0142owicz Adam<\/td>\n<td style=\"width: 288px;height: 38px\">&nbsp;mgr in\u017c.<\/td>\n<td style=\"width: 219px;height: 38px\">M-607<\/td>\n<td style=\"width: 154px;height: 38px\">797-995-911<\/td>\n<td style=\"width: 307px;height: 38px\">a.kurylowicz[at]pb.edu.pl<\/td>\n<\/tr>\n<\/tbody>\n<\/table>\n","protected":false},"excerpt":{"rendered":"<p>NAUKOWO-DYDAKTYCZNI &nbsp; Imi\u0119 i Nazwisko Stopie\u0144\/tytu\u0142 naukowy Pok\u00f3j Telefon e-mail Profil naukowy Butrymowicz Dariusz &nbsp;prof.&nbsp;dr<a class=\"read-more\" href=\"https:\/\/wm.pb.edu.pl\/ktc\/pracownicy\/\" title=\"Poka\u017c artyku\u0142 Pracownicy\">wi\u0119cej<\/a><\/p>\n","protected":false},"author":14,"featured_media":0,"parent":0,"menu_order":4,"comment_status":"closed","ping_status":"closed","template":"","meta":{"inline_featured_image":false,"ngg_post_thumbnail":0,"footnotes":""},"class_list":["post-28","page","type-page","status-publish","hentry"],"acf":[],"yoast_head":"<!-- This site is optimized with the Yoast SEO plugin v26.4 - https:\/\/yoast.com\/wordpress\/plugins\/seo\/ -->\n<title>Pracownicy - Katedra Techniki Cieplnej<\/title>\n<meta name=\"robots\" content=\"index, follow, max-snippet:-1, max-image-preview:large, max-video-preview:-1\" \/>\n<link rel=\"canonical\" href=\"https:\/\/wm.pb.edu.pl\/ktc\/pracownicy\/\" \/>\n<meta property=\"og:locale\" content=\"pl_PL\" \/>\n<meta property=\"og:type\" content=\"article\" \/>\n<meta property=\"og:title\" content=\"Pracownicy - Katedra Techniki Cieplnej\" \/>\n<meta property=\"og:description\" content=\"NAUKOWO-DYDAKTYCZNI &nbsp; Imi\u0119 i Nazwisko Stopie\u0144\/tytu\u0142 naukowy Pok\u00f3j Telefon e-mail Profil naukowy Butrymowicz Dariusz &nbsp;prof.&nbsp;drwi\u0119cej\" \/>\n<meta property=\"og:url\" content=\"https:\/\/wm.pb.edu.pl\/ktc\/pracownicy\/\" \/>\n<meta property=\"og:site_name\" content=\"Katedra Techniki Cieplnej\" \/>\n<meta property=\"article:modified_time\" content=\"2026-02-13T09:50:55+00:00\" \/>\n<meta name=\"twitter:card\" content=\"summary_large_image\" \/>\n<meta name=\"twitter:label1\" content=\"Szacowany czas czytania\" \/>\n\t<meta name=\"twitter:data1\" content=\"1 minuta\" \/>\n<script type=\"application\/ld+json\" class=\"yoast-schema-graph\">{\"@context\":\"https:\/\/schema.org\",\"@graph\":[{\"@type\":\"WebPage\",\"@id\":\"https:\/\/wm.pb.edu.pl\/ktc\/pracownicy\/\",\"url\":\"https:\/\/wm.pb.edu.pl\/ktc\/pracownicy\/\",\"name\":\"Pracownicy - Katedra Techniki Cieplnej\",\"isPartOf\":{\"@id\":\"https:\/\/wm.pb.edu.pl\/ktc\/#website\"},\"datePublished\":\"2018-06-26T09:15:16+00:00\",\"dateModified\":\"2026-02-13T09:50:55+00:00\",\"breadcrumb\":{\"@id\":\"https:\/\/wm.pb.edu.pl\/ktc\/pracownicy\/#breadcrumb\"},\"inLanguage\":\"pl-PL\",\"potentialAction\":[{\"@type\":\"ReadAction\",\"target\":[\"https:\/\/wm.pb.edu.pl\/ktc\/pracownicy\/\"]}]},{\"@type\":\"BreadcrumbList\",\"@id\":\"https:\/\/wm.pb.edu.pl\/ktc\/pracownicy\/#breadcrumb\",\"itemListElement\":[{\"@type\":\"ListItem\",\"position\":1,\"name\":\"Strona g\u0142\u00f3wna\",\"item\":\"https:\/\/wm.pb.edu.pl\/ktc\/\"},{\"@type\":\"ListItem\",\"position\":2,\"name\":\"Pracownicy\"}]},{\"@type\":\"WebSite\",\"@id\":\"https:\/\/wm.pb.edu.pl\/ktc\/#website\",\"url\":\"https:\/\/wm.pb.edu.pl\/ktc\/\",\"name\":\"Katedra Techniki Cieplnej\",\"description\":\"\",\"potentialAction\":[{\"@type\":\"SearchAction\",\"target\":{\"@type\":\"EntryPoint\",\"urlTemplate\":\"https:\/\/wm.pb.edu.pl\/ktc\/?s={search_term_string}\"},\"query-input\":{\"@type\":\"PropertyValueSpecification\",\"valueRequired\":true,\"valueName\":\"search_term_string\"}}],\"inLanguage\":\"pl-PL\"}]}<\/script>\n<!-- \/ Yoast SEO plugin. -->","yoast_head_json":{"title":"Pracownicy - Katedra Techniki Cieplnej","robots":{"index":"index","follow":"follow","max-snippet":"max-snippet:-1","max-image-preview":"max-image-preview:large","max-video-preview":"max-video-preview:-1"},"canonical":"https:\/\/wm.pb.edu.pl\/ktc\/pracownicy\/","og_locale":"pl_PL","og_type":"article","og_title":"Pracownicy - Katedra Techniki Cieplnej","og_description":"NAUKOWO-DYDAKTYCZNI &nbsp; Imi\u0119 i Nazwisko Stopie\u0144\/tytu\u0142 naukowy Pok\u00f3j Telefon e-mail Profil naukowy Butrymowicz Dariusz &nbsp;prof.&nbsp;drwi\u0119cej","og_url":"https:\/\/wm.pb.edu.pl\/ktc\/pracownicy\/","og_site_name":"Katedra Techniki Cieplnej","article_modified_time":"2026-02-13T09:50:55+00:00","twitter_card":"summary_large_image","twitter_misc":{"Szacowany czas czytania":"1 minuta"},"schema":{"@context":"https:\/\/schema.org","@graph":[{"@type":"WebPage","@id":"https:\/\/wm.pb.edu.pl\/ktc\/pracownicy\/","url":"https:\/\/wm.pb.edu.pl\/ktc\/pracownicy\/","name":"Pracownicy - Katedra Techniki Cieplnej","isPartOf":{"@id":"https:\/\/wm.pb.edu.pl\/ktc\/#website"},"datePublished":"2018-06-26T09:15:16+00:00","dateModified":"2026-02-13T09:50:55+00:00","breadcrumb":{"@id":"https:\/\/wm.pb.edu.pl\/ktc\/pracownicy\/#breadcrumb"},"inLanguage":"pl-PL","potentialAction":[{"@type":"ReadAction","target":["https:\/\/wm.pb.edu.pl\/ktc\/pracownicy\/"]}]},{"@type":"BreadcrumbList","@id":"https:\/\/wm.pb.edu.pl\/ktc\/pracownicy\/#breadcrumb","itemListElement":[{"@type":"ListItem","position":1,"name":"Strona g\u0142\u00f3wna","item":"https:\/\/wm.pb.edu.pl\/ktc\/"},{"@type":"ListItem","position":2,"name":"Pracownicy"}]},{"@type":"WebSite","@id":"https:\/\/wm.pb.edu.pl\/ktc\/#website","url":"https:\/\/wm.pb.edu.pl\/ktc\/","name":"Katedra Techniki Cieplnej","description":"","potentialAction":[{"@type":"SearchAction","target":{"@type":"EntryPoint","urlTemplate":"https:\/\/wm.pb.edu.pl\/ktc\/?s={search_term_string}"},"query-input":{"@type":"PropertyValueSpecification","valueRequired":true,"valueName":"search_term_string"}}],"inLanguage":"pl-PL"}]}},"_links":{"self":[{"href":"https:\/\/wm.pb.edu.pl\/ktc\/wp-json\/wp\/v2\/pages\/28","targetHints":{"allow":["GET"]}}],"collection":[{"href":"https:\/\/wm.pb.edu.pl\/ktc\/wp-json\/wp\/v2\/pages"}],"about":[{"href":"https:\/\/wm.pb.edu.pl\/ktc\/wp-json\/wp\/v2\/types\/page"}],"author":[{"embeddable":true,"href":"https:\/\/wm.pb.edu.pl\/ktc\/wp-json\/wp\/v2\/users\/14"}],"replies":[{"embeddable":true,"href":"https:\/\/wm.pb.edu.pl\/ktc\/wp-json\/wp\/v2\/comments?post=28"}],"version-history":[{"count":30,"href":"https:\/\/wm.pb.edu.pl\/ktc\/wp-json\/wp\/v2\/pages\/28\/revisions"}],"predecessor-version":[{"id":322,"href":"https:\/\/wm.pb.edu.pl\/ktc\/wp-json\/wp\/v2\/pages\/28\/revisions\/322"}],"wp:attachment":[{"href":"https:\/\/wm.pb.edu.pl\/ktc\/wp-json\/wp\/v2\/media?parent=28"}],"curies":[{"name":"wp","href":"https:\/\/api.w.org\/{rel}","templated":true}]}}