{"id":306,"date":"2023-04-28T13:55:46","date_gmt":"2023-04-28T11:55:46","guid":{"rendered":"https:\/\/wm.pb.edu.pl\/ktc\/?page_id=306"},"modified":"2023-04-28T13:55:46","modified_gmt":"2023-04-28T11:55:46","slug":"forum-pomp-ciepla","status":"publish","type":"page","link":"https:\/\/wm.pb.edu.pl\/ktc\/forum-pomp-ciepla\/","title":{"rendered":"Forum Pomp Ciep\u0142a"},"content":{"rendered":"<p>Informujemy, \u017ce Katedra Techniki Cieplnej jest patronem Forum Pomp Ciep\u0142a &#8211; konferencji i warsztat\u00f3w w dniu 08 maja 2023 w Bydgoskim Centrum Targowo-Wystawienniczym. Jest to unikalne wydarzenie dla krajowego \u015brodowiska zwi\u0105zanego z bran\u017c\u0105 pomp ciep\u0142a. Organizatorem tego wydarzenia jest firma Metalko sp. z.o. &#8211; kt\u00f3ra jest nie tylko jedn\u0105 z najwi\u0119kszych firm przemys\u0142u maszynowego, w tym tak\u017ce ch\u0142odniczego i pomp ciep\u0142a w Polsce, ale tak\u017ce od niemal dw\u00f3ch dekad organizuje wydarzenia konferencyjne, szkoleniowe i eksperckie w tej bran\u017cy.<\/p>\n<p>Zapraszamy do uczestnictwa.<\/p>\n<p><a class=\"pdf\" href=\"https:\/\/wm.pb.edu.pl\/ktc\/wp-content\/uploads\/sites\/5\/2023\/04\/Forum-Pomp-Ciepla-Metalko-zaproszenie.pdf\" target=\"_blank\" rel=\"noopener\" data-id=\"309\">Forum Pomp Ciepla Metalko &#8211; zaproszenie (PDF, 809 KB, otworzy si\u0119 w nowej karcie)<\/a><\/p>\n<p><a class=\"pdf\" href=\"https:\/\/wm.pb.edu.pl\/ktc\/wp-content\/uploads\/sites\/5\/2023\/04\/Forum-Pomp-Ciepla-Metalko-informacje.pdf\" target=\"_blank\" rel=\"noopener\" data-id=\"308\">Forum Pomp Ciepla Metalko &#8211; informacje (PDF, 3 MB, otworzy si\u0119 w nowej karcie)<\/a><\/p>\n","protected":false},"excerpt":{"rendered":"<p>Informujemy, \u017ce Katedra Techniki Cieplnej jest patronem Forum Pomp Ciep\u0142a &#8211; konferencji i warsztat\u00f3w w<a class=\"read-more\" href=\"https:\/\/wm.pb.edu.pl\/ktc\/forum-pomp-ciepla\/\" title=\"Poka\u017c artyku\u0142 Forum Pomp Ciep\u0142a\">wi\u0119cej<\/a><\/p>\n","protected":false},"author":14,"featured_media":0,"parent":0,"menu_order":0,"comment_status":"closed","ping_status":"closed","template":"","meta":{"inline_featured_image":false,"ngg_post_thumbnail":0,"footnotes":""},"class_list":["post-306","page","type-page","status-publish","hentry"],"acf":[],"yoast_head":"<!-- This site is optimized with the Yoast SEO plugin v26.4 - https:\/\/yoast.com\/wordpress\/plugins\/seo\/ -->\n<title>Forum Pomp Ciep\u0142a - Katedra Techniki Cieplnej<\/title>\n<meta name=\"robots\" content=\"index, follow, max-snippet:-1, max-image-preview:large, max-video-preview:-1\" \/>\n<link rel=\"canonical\" href=\"https:\/\/wm.pb.edu.pl\/ktc\/forum-pomp-ciepla\/\" \/>\n<meta property=\"og:locale\" content=\"pl_PL\" \/>\n<meta property=\"og:type\" content=\"article\" \/>\n<meta property=\"og:title\" content=\"Forum Pomp Ciep\u0142a - Katedra Techniki Cieplnej\" \/>\n<meta property=\"og:description\" content=\"Informujemy, \u017ce Katedra Techniki Cieplnej jest patronem Forum Pomp Ciep\u0142a &#8211; konferencji i warsztat\u00f3w wwi\u0119cej\" \/>\n<meta property=\"og:url\" content=\"https:\/\/wm.pb.edu.pl\/ktc\/forum-pomp-ciepla\/\" \/>\n<meta property=\"og:site_name\" content=\"Katedra Techniki Cieplnej\" \/>\n<meta name=\"twitter:card\" content=\"summary_large_image\" \/>\n<meta name=\"twitter:label1\" content=\"Szacowany czas czytania\" \/>\n\t<meta name=\"twitter:data1\" content=\"1 minuta\" \/>\n<script type=\"application\/ld+json\" class=\"yoast-schema-graph\">{\"@context\":\"https:\/\/schema.org\",\"@graph\":[{\"@type\":\"WebPage\",\"@id\":\"https:\/\/wm.pb.edu.pl\/ktc\/forum-pomp-ciepla\/\",\"url\":\"https:\/\/wm.pb.edu.pl\/ktc\/forum-pomp-ciepla\/\",\"name\":\"Forum Pomp Ciep\u0142a - Katedra Techniki Cieplnej\",\"isPartOf\":{\"@id\":\"https:\/\/wm.pb.edu.pl\/ktc\/#website\"},\"datePublished\":\"2023-04-28T11:55:46+00:00\",\"breadcrumb\":{\"@id\":\"https:\/\/wm.pb.edu.pl\/ktc\/forum-pomp-ciepla\/#breadcrumb\"},\"inLanguage\":\"pl-PL\",\"potentialAction\":[{\"@type\":\"ReadAction\",\"target\":[\"https:\/\/wm.pb.edu.pl\/ktc\/forum-pomp-ciepla\/\"]}]},{\"@type\":\"BreadcrumbList\",\"@id\":\"https:\/\/wm.pb.edu.pl\/ktc\/forum-pomp-ciepla\/#breadcrumb\",\"itemListElement\":[{\"@type\":\"ListItem\",\"position\":1,\"name\":\"Strona g\u0142\u00f3wna\",\"item\":\"https:\/\/wm.pb.edu.pl\/ktc\/\"},{\"@type\":\"ListItem\",\"position\":2,\"name\":\"Forum Pomp Ciep\u0142a\"}]},{\"@type\":\"WebSite\",\"@id\":\"https:\/\/wm.pb.edu.pl\/ktc\/#website\",\"url\":\"https:\/\/wm.pb.edu.pl\/ktc\/\",\"name\":\"Katedra Techniki Cieplnej\",\"description\":\"\",\"potentialAction\":[{\"@type\":\"SearchAction\",\"target\":{\"@type\":\"EntryPoint\",\"urlTemplate\":\"https:\/\/wm.pb.edu.pl\/ktc\/?s={search_term_string}\"},\"query-input\":{\"@type\":\"PropertyValueSpecification\",\"valueRequired\":true,\"valueName\":\"search_term_string\"}}],\"inLanguage\":\"pl-PL\"}]}<\/script>\n<!-- \/ Yoast SEO plugin. -->","yoast_head_json":{"title":"Forum Pomp Ciep\u0142a - Katedra Techniki Cieplnej","robots":{"index":"index","follow":"follow","max-snippet":"max-snippet:-1","max-image-preview":"max-image-preview:large","max-video-preview":"max-video-preview:-1"},"canonical":"https:\/\/wm.pb.edu.pl\/ktc\/forum-pomp-ciepla\/","og_locale":"pl_PL","og_type":"article","og_title":"Forum Pomp Ciep\u0142a - Katedra Techniki Cieplnej","og_description":"Informujemy, \u017ce Katedra Techniki Cieplnej jest patronem Forum Pomp Ciep\u0142a &#8211; konferencji i warsztat\u00f3w wwi\u0119cej","og_url":"https:\/\/wm.pb.edu.pl\/ktc\/forum-pomp-ciepla\/","og_site_name":"Katedra Techniki Cieplnej","twitter_card":"summary_large_image","twitter_misc":{"Szacowany czas czytania":"1 minuta"},"schema":{"@context":"https:\/\/schema.org","@graph":[{"@type":"WebPage","@id":"https:\/\/wm.pb.edu.pl\/ktc\/forum-pomp-ciepla\/","url":"https:\/\/wm.pb.edu.pl\/ktc\/forum-pomp-ciepla\/","name":"Forum Pomp Ciep\u0142a - Katedra Techniki Cieplnej","isPartOf":{"@id":"https:\/\/wm.pb.edu.pl\/ktc\/#website"},"datePublished":"2023-04-28T11:55:46+00:00","breadcrumb":{"@id":"https:\/\/wm.pb.edu.pl\/ktc\/forum-pomp-ciepla\/#breadcrumb"},"inLanguage":"pl-PL","potentialAction":[{"@type":"ReadAction","target":["https:\/\/wm.pb.edu.pl\/ktc\/forum-pomp-ciepla\/"]}]},{"@type":"BreadcrumbList","@id":"https:\/\/wm.pb.edu.pl\/ktc\/forum-pomp-ciepla\/#breadcrumb","itemListElement":[{"@type":"ListItem","position":1,"name":"Strona g\u0142\u00f3wna","item":"https:\/\/wm.pb.edu.pl\/ktc\/"},{"@type":"ListItem","position":2,"name":"Forum Pomp Ciep\u0142a"}]},{"@type":"WebSite","@id":"https:\/\/wm.pb.edu.pl\/ktc\/#website","url":"https:\/\/wm.pb.edu.pl\/ktc\/","name":"Katedra Techniki Cieplnej","description":"","potentialAction":[{"@type":"SearchAction","target":{"@type":"EntryPoint","urlTemplate":"https:\/\/wm.pb.edu.pl\/ktc\/?s={search_term_string}"},"query-input":{"@type":"PropertyValueSpecification","valueRequired":true,"valueName":"search_term_string"}}],"inLanguage":"pl-PL"}]}},"_links":{"self":[{"href":"https:\/\/wm.pb.edu.pl\/ktc\/wp-json\/wp\/v2\/pages\/306","targetHints":{"allow":["GET"]}}],"collection":[{"href":"https:\/\/wm.pb.edu.pl\/ktc\/wp-json\/wp\/v2\/pages"}],"about":[{"href":"https:\/\/wm.pb.edu.pl\/ktc\/wp-json\/wp\/v2\/types\/page"}],"author":[{"embeddable":true,"href":"https:\/\/wm.pb.edu.pl\/ktc\/wp-json\/wp\/v2\/users\/14"}],"replies":[{"embeddable":true,"href":"https:\/\/wm.pb.edu.pl\/ktc\/wp-json\/wp\/v2\/comments?post=306"}],"version-history":[{"count":1,"href":"https:\/\/wm.pb.edu.pl\/ktc\/wp-json\/wp\/v2\/pages\/306\/revisions"}],"predecessor-version":[{"id":310,"href":"https:\/\/wm.pb.edu.pl\/ktc\/wp-json\/wp\/v2\/pages\/306\/revisions\/310"}],"wp:attachment":[{"href":"https:\/\/wm.pb.edu.pl\/ktc\/wp-json\/wp\/v2\/media?parent=306"}],"curies":[{"name":"wp","href":"https:\/\/api.w.org\/{rel}","templated":true}]}}