{"id":38,"date":"2018-06-26T11:23:03","date_gmt":"2018-06-26T09:23:03","guid":{"rendered":"https:\/\/wm.pb.edu.pl\/kbmitc\/?page_id=38"},"modified":"2020-08-25T09:28:48","modified_gmt":"2020-08-25T07:28:48","slug":"kierunki-badan","status":"publish","type":"page","link":"https:\/\/wm.pb.edu.pl\/ktc\/nauka\/kierunki-badan\/","title":{"rendered":"Kierunki bada\u0144"},"content":{"rendered":"<ul>\n<li>Badania do\u015bwiadczalne i&nbsp;modelowanie pneumatycznych uk\u0142ad\u00f3w hamulcowych pojazd\u00f3w rolniczych<\/li>\n<li>Alternatywne \u017ar\u00f3d\u0142a energii w&nbsp;pojazdach samochodowych<\/li>\n<li>Badania por\u00f3wnawcze silnik\u00f3w z&nbsp;r\u00f3\u017cnymi uk\u0142adami paliwowym<\/li>\n<li>Ocena nier\u00f3wnomierno\u015bci dawkowania wtryskiwaczy<\/li>\n<li>Zagadnienia tarcia w&nbsp;procesach technologicznych oraz&nbsp;w\u0119z\u0142ach konstrukcji<\/li>\n<li>Wytrzyma\u0142o\u015b\u0107 zm\u0119czeniowa i&nbsp;p\u0119kanie materia\u0142\u00f3w niejednorodnych oraz&nbsp;po\u0142\u0105cze\u0144 spawanych<\/li>\n<li>Badanie w\u0142asno\u015bci tribologicznych i&nbsp;mechanicznych materia\u0142\u00f3w kompozytowych<\/li>\n<li>In\u017cynieria ch\u0142odnicza i klimatyzacja, w tym wewn\u0119trzna dla budynk\u00f3w, pojazd\u00f3w<\/li>\n<li>Odzysk odpadowej energii cieplnej poprzez rekuperacj\u0119, regeneracj\u0119 i zastosowanie pomp ciep\u0142a<\/li>\n<\/ul>\n<p>1. Budowa i eksploatacja maszyn w zakresie:<\/p>\n<ul>\n<li>bada\u0144 do\u015bwiadczalnych i&nbsp;modelowania pneumatycznych uk\u0142ad\u00f3w hamulcowych pojazd\u00f3w rolniczych,<\/li>\n<li>alternatywnych \u017ar\u00f3de\u0142 energii w&nbsp;pojazdach samochodowych,<\/li>\n<li>bada\u0144 por\u00f3wnawczych silnik\u00f3w z&nbsp;r\u00f3\u017cnymi uk\u0142adami paliwowym,<br \/>\noceny nier\u00f3wnomierno\u015bci dawkowania wtryskiwaczy,<\/li>\n<li>zagadnie\u0144 tarcia w&nbsp;procesach technologicznych oraz&nbsp;w\u0119z\u0142ach konstrukcji,<\/li>\n<li>wytrzyma\u0142o\u015bci zm\u0119czeniowej i&nbsp;p\u0119kania materia\u0142\u00f3w niejednorodnych oraz&nbsp;po\u0142\u0105cze\u0144 spawanych,<\/li>\n<li>bada\u0144 w\u0142asno\u015bci tribologicznych i&nbsp;mechanicznych materia\u0142\u00f3w kompozytowych;<\/li>\n<\/ul>\n<p>2.&nbsp;&nbsp; In\u017cynieria ch\u0142odnicza i&nbsp;klimatyzacja, w&nbsp;tym wewn\u0119trzna dla budynk\u00f3w, pojazd\u00f3w w&nbsp;zakresie:<\/p>\n<ul>\n<li>poprawy efektywno\u015bci energetycznej urz\u0105dze\u0144, obni\u017cenia poziomu emisji zanieczyszcze\u0144 spowodowanych stosowaniem substancji nale\u017c\u0105cych do&nbsp;grup CFC i&nbsp;HCFC oraz&nbsp;rozwi\u0105za\u0144 charakteryzuj\u0105cych si\u0119 wysok\u0105 emisj\u0105 gaz\u00f3w cieplarnianych (dwutlenku w\u0119gla, czynnik\u00f3w roboczych),<\/li>\n<li>zastosowania ekologicznych p\u0142yn\u00f3w roboczych oraz&nbsp;uk\u0142ad\u00f3w, w&nbsp;kt\u00f3rych wykorzystuje si\u0119 energi\u0119 nap\u0119dow\u0105 pochodz\u0105c\u0105 ze&nbsp;\u017ar\u00f3de\u0142 odnawialnych,<\/li>\n<li>strumienicowych urz\u0105dze\u0144 ch\u0142odniczych nap\u0119dzanych ciep\u0142em o&nbsp;takich parametrach, i\u017c mo\u017ce by\u0107 jego \u017ar\u00f3d\u0142em kolektor s\u0142oneczny;<\/li>\n<\/ul>\n<p>3.&nbsp;&nbsp; Odzysk odpadowej energii cieplnej poprzez rekuperacj\u0119, regeneracj\u0119 i&nbsp;zastosowanie pomp ciep\u0142a:<\/p>\n<ul>\n<li>modelowanie matematyczne i&nbsp;eksperymentalne zjawisk transportu dla rozwa\u017canych proces\u00f3w i&nbsp;urz\u0105dze\u0144,<\/li>\n<li>analiza cieplno-przep\u0142ywowa wymiennik\u00f3w kompaktowych i&nbsp;samochodowych, kot\u0142\u00f3w parowych i&nbsp;wodnych, regenerator\u00f3w, parownik\u00f3w i&nbsp;skraplaczy system\u00f3w klimatyzacji, z\u0142o\u017conych uk\u0142ad\u00f3w TEMA, analiza kondensacji i&nbsp;wrzenia w&nbsp;przep\u0142ywie w&nbsp;minikana\u0142ach, analiza wymiennik\u00f3w na&nbsp;bazie II zasady termodynamiki,<\/li>\n<li>badania proces\u00f3w wymiany ciep\u0142a i&nbsp;opor\u00f3w przep\u0142ywu w&nbsp;uk\u0142adach miniaturowych w&nbsp;celu aplikacji wynik\u00f3w bada\u0144 do&nbsp;wysokoefektywnych uk\u0142ad\u00f3w ch\u0142odniczych i&nbsp;klimatyzacyjnych opartych na&nbsp;czynnikach roboczych przyjaznych \u015brodowisku,<\/li>\n<li>optymalizacja proces\u00f3w konwersji energii w&nbsp;urz\u0105dzeniach energetyki cieplnej.<\/li>\n<\/ul>\n","protected":false},"excerpt":{"rendered":"<p>Badania do\u015bwiadczalne i&nbsp;modelowanie pneumatycznych uk\u0142ad\u00f3w hamulcowych pojazd\u00f3w rolniczych Alternatywne \u017ar\u00f3d\u0142a energii w&nbsp;pojazdach samochodowych Badania por\u00f3wnawcze<a class=\"read-more\" href=\"https:\/\/wm.pb.edu.pl\/ktc\/nauka\/kierunki-badan\/\" title=\"Poka\u017c artyku\u0142 Kierunki bada\u0144\">wi\u0119cej<\/a><\/p>\n","protected":false},"author":5,"featured_media":0,"parent":22,"menu_order":1,"comment_status":"closed","ping_status":"closed","template":"","meta":{"inline_featured_image":false,"ngg_post_thumbnail":0,"footnotes":""},"class_list":["post-38","page","type-page","status-publish","hentry"],"acf":[],"yoast_head":"<!-- This site is optimized with the Yoast SEO plugin v26.4 - https:\/\/yoast.com\/wordpress\/plugins\/seo\/ -->\n<title>Kierunki bada\u0144 - Katedra Techniki Cieplnej<\/title>\n<meta name=\"robots\" content=\"index, follow, max-snippet:-1, max-image-preview:large, max-video-preview:-1\" \/>\n<link rel=\"canonical\" href=\"https:\/\/wm.pb.edu.pl\/ktc\/nauka\/kierunki-badan\/\" \/>\n<meta property=\"og:locale\" content=\"pl_PL\" \/>\n<meta property=\"og:type\" content=\"article\" \/>\n<meta property=\"og:title\" content=\"Kierunki bada\u0144 - Katedra Techniki Cieplnej\" \/>\n<meta property=\"og:description\" content=\"Badania do\u015bwiadczalne i&nbsp;modelowanie pneumatycznych uk\u0142ad\u00f3w hamulcowych pojazd\u00f3w rolniczych Alternatywne \u017ar\u00f3d\u0142a energii w&nbsp;pojazdach samochodowych Badania por\u00f3wnawczewi\u0119cej\" \/>\n<meta property=\"og:url\" content=\"https:\/\/wm.pb.edu.pl\/ktc\/nauka\/kierunki-badan\/\" \/>\n<meta property=\"og:site_name\" content=\"Katedra Techniki Cieplnej\" \/>\n<meta property=\"article:modified_time\" content=\"2020-08-25T07:28:48+00:00\" \/>\n<meta name=\"twitter:card\" content=\"summary_large_image\" \/>\n<meta name=\"twitter:label1\" content=\"Szacowany czas czytania\" \/>\n\t<meta name=\"twitter:data1\" content=\"2 minuty\" \/>\n<script type=\"application\/ld+json\" class=\"yoast-schema-graph\">{\"@context\":\"https:\/\/schema.org\",\"@graph\":[{\"@type\":\"WebPage\",\"@id\":\"https:\/\/wm.pb.edu.pl\/ktc\/nauka\/kierunki-badan\/\",\"url\":\"https:\/\/wm.pb.edu.pl\/ktc\/nauka\/kierunki-badan\/\",\"name\":\"Kierunki bada\u0144 - Katedra Techniki Cieplnej\",\"isPartOf\":{\"@id\":\"https:\/\/wm.pb.edu.pl\/ktc\/#website\"},\"datePublished\":\"2018-06-26T09:23:03+00:00\",\"dateModified\":\"2020-08-25T07:28:48+00:00\",\"breadcrumb\":{\"@id\":\"https:\/\/wm.pb.edu.pl\/ktc\/nauka\/kierunki-badan\/#breadcrumb\"},\"inLanguage\":\"pl-PL\",\"potentialAction\":[{\"@type\":\"ReadAction\",\"target\":[\"https:\/\/wm.pb.edu.pl\/ktc\/nauka\/kierunki-badan\/\"]}]},{\"@type\":\"BreadcrumbList\",\"@id\":\"https:\/\/wm.pb.edu.pl\/ktc\/nauka\/kierunki-badan\/#breadcrumb\",\"itemListElement\":[{\"@type\":\"ListItem\",\"position\":1,\"name\":\"Strona g\u0142\u00f3wna\",\"item\":\"https:\/\/wm.pb.edu.pl\/ktc\/\"},{\"@type\":\"ListItem\",\"position\":2,\"name\":\"Nauka\",\"item\":\"https:\/\/wm.pb.edu.pl\/ktc\/nauka\/\"},{\"@type\":\"ListItem\",\"position\":3,\"name\":\"Kierunki bada\u0144\"}]},{\"@type\":\"WebSite\",\"@id\":\"https:\/\/wm.pb.edu.pl\/ktc\/#website\",\"url\":\"https:\/\/wm.pb.edu.pl\/ktc\/\",\"name\":\"Katedra Techniki Cieplnej\",\"description\":\"\",\"potentialAction\":[{\"@type\":\"SearchAction\",\"target\":{\"@type\":\"EntryPoint\",\"urlTemplate\":\"https:\/\/wm.pb.edu.pl\/ktc\/?s={search_term_string}\"},\"query-input\":{\"@type\":\"PropertyValueSpecification\",\"valueRequired\":true,\"valueName\":\"search_term_string\"}}],\"inLanguage\":\"pl-PL\"}]}<\/script>\n<!-- \/ Yoast SEO plugin. -->","yoast_head_json":{"title":"Kierunki bada\u0144 - Katedra Techniki Cieplnej","robots":{"index":"index","follow":"follow","max-snippet":"max-snippet:-1","max-image-preview":"max-image-preview:large","max-video-preview":"max-video-preview:-1"},"canonical":"https:\/\/wm.pb.edu.pl\/ktc\/nauka\/kierunki-badan\/","og_locale":"pl_PL","og_type":"article","og_title":"Kierunki bada\u0144 - Katedra Techniki Cieplnej","og_description":"Badania do\u015bwiadczalne i&nbsp;modelowanie pneumatycznych uk\u0142ad\u00f3w hamulcowych pojazd\u00f3w rolniczych Alternatywne \u017ar\u00f3d\u0142a energii w&nbsp;pojazdach samochodowych Badania por\u00f3wnawczewi\u0119cej","og_url":"https:\/\/wm.pb.edu.pl\/ktc\/nauka\/kierunki-badan\/","og_site_name":"Katedra Techniki Cieplnej","article_modified_time":"2020-08-25T07:28:48+00:00","twitter_card":"summary_large_image","twitter_misc":{"Szacowany czas czytania":"2 minuty"},"schema":{"@context":"https:\/\/schema.org","@graph":[{"@type":"WebPage","@id":"https:\/\/wm.pb.edu.pl\/ktc\/nauka\/kierunki-badan\/","url":"https:\/\/wm.pb.edu.pl\/ktc\/nauka\/kierunki-badan\/","name":"Kierunki bada\u0144 - Katedra Techniki Cieplnej","isPartOf":{"@id":"https:\/\/wm.pb.edu.pl\/ktc\/#website"},"datePublished":"2018-06-26T09:23:03+00:00","dateModified":"2020-08-25T07:28:48+00:00","breadcrumb":{"@id":"https:\/\/wm.pb.edu.pl\/ktc\/nauka\/kierunki-badan\/#breadcrumb"},"inLanguage":"pl-PL","potentialAction":[{"@type":"ReadAction","target":["https:\/\/wm.pb.edu.pl\/ktc\/nauka\/kierunki-badan\/"]}]},{"@type":"BreadcrumbList","@id":"https:\/\/wm.pb.edu.pl\/ktc\/nauka\/kierunki-badan\/#breadcrumb","itemListElement":[{"@type":"ListItem","position":1,"name":"Strona g\u0142\u00f3wna","item":"https:\/\/wm.pb.edu.pl\/ktc\/"},{"@type":"ListItem","position":2,"name":"Nauka","item":"https:\/\/wm.pb.edu.pl\/ktc\/nauka\/"},{"@type":"ListItem","position":3,"name":"Kierunki bada\u0144"}]},{"@type":"WebSite","@id":"https:\/\/wm.pb.edu.pl\/ktc\/#website","url":"https:\/\/wm.pb.edu.pl\/ktc\/","name":"Katedra Techniki Cieplnej","description":"","potentialAction":[{"@type":"SearchAction","target":{"@type":"EntryPoint","urlTemplate":"https:\/\/wm.pb.edu.pl\/ktc\/?s={search_term_string}"},"query-input":{"@type":"PropertyValueSpecification","valueRequired":true,"valueName":"search_term_string"}}],"inLanguage":"pl-PL"}]}},"_links":{"self":[{"href":"https:\/\/wm.pb.edu.pl\/ktc\/wp-json\/wp\/v2\/pages\/38","targetHints":{"allow":["GET"]}}],"collection":[{"href":"https:\/\/wm.pb.edu.pl\/ktc\/wp-json\/wp\/v2\/pages"}],"about":[{"href":"https:\/\/wm.pb.edu.pl\/ktc\/wp-json\/wp\/v2\/types\/page"}],"author":[{"embeddable":true,"href":"https:\/\/wm.pb.edu.pl\/ktc\/wp-json\/wp\/v2\/users\/5"}],"replies":[{"embeddable":true,"href":"https:\/\/wm.pb.edu.pl\/ktc\/wp-json\/wp\/v2\/comments?post=38"}],"version-history":[{"count":6,"href":"https:\/\/wm.pb.edu.pl\/ktc\/wp-json\/wp\/v2\/pages\/38\/revisions"}],"predecessor-version":[{"id":204,"href":"https:\/\/wm.pb.edu.pl\/ktc\/wp-json\/wp\/v2\/pages\/38\/revisions\/204"}],"up":[{"embeddable":true,"href":"https:\/\/wm.pb.edu.pl\/ktc\/wp-json\/wp\/v2\/pages\/22"}],"wp:attachment":[{"href":"https:\/\/wm.pb.edu.pl\/ktc\/wp-json\/wp\/v2\/media?parent=38"}],"curies":[{"name":"wp","href":"https:\/\/api.w.org\/{rel}","templated":true}]}}