{"id":41,"date":"2018-06-26T11:25:00","date_gmt":"2018-06-26T09:25:00","guid":{"rendered":"https:\/\/wm.pb.edu.pl\/kbmitc\/?page_id=41"},"modified":"2022-04-20T09:49:09","modified_gmt":"2022-04-20T07:49:09","slug":"projekty","status":"publish","type":"page","link":"https:\/\/wm.pb.edu.pl\/ktc\/nauka\/projekty\/","title":{"rendered":"Projekty"},"content":{"rendered":"<p><strong>UDA-POIG.01.03.01-20-137\/09-00 (Narodowe Centrum Bada\u0144 i Rozwoju) <\/strong><\/p>\n<p>Nowoczesne technologie dla sektora rolno \u2013 spo\u017cywczego przy ograniczaniu emisji gaz\u00f3w cieplarnianych, projekt konsorcjalny, Politechnika Bia\u0142ostocka (lider), w konsorcjum z Instytutem Maszyn Przep\u0142ywowych PAN, Instytutem Ogrodnictwa w Skierniewicach, Instytutem Biotechnologii Przemys\u0142u Rolno-Spo\u017cywczego w Warszawie, 2010-2013<\/p>\n<p><img loading=\"lazy\" decoding=\"async\" class=\"wp-image-282 size-full aligncenter\" src=\"https:\/\/wm.pb.edu.pl\/ktc\/wp-content\/uploads\/sites\/5\/2022\/04\/prototypowe-urzadzenia-chlodniczne.jpg\" alt=\"prototypowe urz\u0105dzenia ch\u0142odniczne\" width=\"959\" height=\"662\" srcset=\"https:\/\/wm.pb.edu.pl\/ktc\/wp-content\/uploads\/sites\/5\/2022\/04\/prototypowe-urzadzenia-chlodniczne.jpg 959w, https:\/\/wm.pb.edu.pl\/ktc\/wp-content\/uploads\/sites\/5\/2022\/04\/prototypowe-urzadzenia-chlodniczne-300x207.jpg 300w, https:\/\/wm.pb.edu.pl\/ktc\/wp-content\/uploads\/sites\/5\/2022\/04\/prototypowe-urzadzenia-chlodniczne-768x530.jpg 768w\" sizes=\"auto, (max-width: 959px) 100vw, 959px\" \/><\/p>\n<p>W ramach projektu opracowano innowacyjne rozwi\u0105zanie po\u015bredniego systemu ch\u0142odzenia umo\u017cliwiaj\u0105cego uzyskanie stabilnej, niskiej temperatury przechowywanych warzyw oraz stabilnej wilgotno\u015bci wzgl\u0119dnej w komorze. Dodatkow\u0105 innowacj\u0105 by\u0142o zastosowanie propanu jako czynnika roboczego przy niemal 20-krotnej redukcji nape\u0142nienia uk\u0142adu p\u0142ynem roboczym. Zastosowano rozwi\u0105zania poprawiaj\u0105ce efektywno\u015b\u0107 energetyczn\u0105 systemu poprzez&nbsp; zastosowanie magazynu ciep\u0142a odpadowego (wykorzystywanego w procesie odtajania ch\u0142odnic) oraz system tzw. free-coolingu. Badania przechowalnicze potwierdzi\u0142y wysok\u0105 efektywno\u015b\u0107 przechowalnicz\u0105 rozwi\u0105zania. Zrealizowano budow\u0119 innowacyjnych obiekt\u00f3w w D\u0105browicach ko\u0142o Skierniewic.<\/p>\n<p><strong>PBS1\/A8\/7\/2012 (Narodowe Centrum Bada\u0144 i Rozwoju) <\/strong><\/p>\n<p>Kompleksowe rozwi\u0105zania technologii ch\u0142odniczej sk\u0142adowania warzyw, projekt konsorcjalny, Politechnika Bia\u0142ostocka (lider) w konsorcjum z Instytutem Maszyn Przep\u0142ywowych PAN, Instytutem Ogrodnictwa w Skierniewicach, 2013-2016.<\/p>\n<p><img loading=\"lazy\" decoding=\"async\" class=\"wp-image-283 size-full aligncenter\" src=\"https:\/\/wm.pb.edu.pl\/ktc\/wp-content\/uploads\/sites\/5\/2022\/04\/prototypowe-urzadzenia-chlodniczne-o-roznych-konfiguracjach.jpg\" alt=\"prototypowe urz\u0105dzenia ch\u0142odniczne o r\u00f3\u017cnych konfiguracjach\" width=\"969\" height=\"658\" srcset=\"https:\/\/wm.pb.edu.pl\/ktc\/wp-content\/uploads\/sites\/5\/2022\/04\/prototypowe-urzadzenia-chlodniczne-o-roznych-konfiguracjach.jpg 969w, https:\/\/wm.pb.edu.pl\/ktc\/wp-content\/uploads\/sites\/5\/2022\/04\/prototypowe-urzadzenia-chlodniczne-o-roznych-konfiguracjach-300x204.jpg 300w, https:\/\/wm.pb.edu.pl\/ktc\/wp-content\/uploads\/sites\/5\/2022\/04\/prototypowe-urzadzenia-chlodniczne-o-roznych-konfiguracjach-768x522.jpg 768w\" sizes=\"auto, (max-width: 969px) 100vw, 969px\" \/><\/p>\n<p>W ramach projektu opracowano kompleksowe rozwi\u0105zania uk\u0142ad\u00f3w ch\u0142odniczych pracuj\u0105cych w systemie po\u015brednim przeznaczonych do sk\u0142adowania ch\u0142odniczego delikatnych warzyw b\u0105d\u017a owoc\u00f3w. Opracowano w ramach projektu technologi\u0119 modu\u0142owych uk\u0142ad\u00f3w po\u015brednich, pozwalaj\u0105cych na aplikacj\u0119 w istniej\u0105cych spr\u0119\u017carkowych uk\u0142adach ch\u0142odniczych w celu uzyskania ultra-stabilnych parametr\u00f3w termicznych i wilgotno\u015bciowych w komorze sk\u0142adowej. Zastosowano po raz pierwszy zasobnik materia\u0142\u00f3w zmiennofazowych (Phase Change Materials \u2013 PCM) do uzyskania stabilizacji termicznej. Rozwi\u0105zanie przetestowano w trakcie dw\u00f3ch sezon\u00f3w przechowalniczych w komorach sk\u0142adowych zbudowanych w Skierniewicach.<\/p>\n<p><strong>POIR.04.01.02-00-0135\/16 (Narodowe Centrum Bada\u0144 i Rozwoju) <\/strong><\/p>\n<p><strong>Technologia w\u0119z\u0142a wydechu dla silnik\u00f3w spalinowych ma\u0142ych i \u015brednich jednostek p\u0142ywaj\u0105cych, projekt konsorcjalny, 2017-2020.<\/strong><\/p>\n<p>Zasadniczym celem Projektu jest wykonanie prototypu w\u0119z\u0142a wydechu z systemem oczyszczania gaz\u00f3w spalinowych i odzyskiem ciep\u0142a wydechu w oparciu o innowacyjne technologie. Istot\u0105 projektu jest kompleksowe opracowanie technologii pozwalaj\u0105cej jednocze\u015bnie na efektywny odzysk ciep\u0142a odpadowego z silnik\u00f3w spalinowych dla ma\u0142ych jednostek p\u0142ywaj\u0105cych (du\u017cych jacht\u00f3w, kutr\u00f3w, jednostek specjalnych) po\u0142\u0105czony z kompaktowym reaktorem oczyszczaj\u0105cym spaliny; odzyskane ciep\u0142o jest w naszym rozwi\u0105zaniu wykorzystywane do nap\u0119du innowacyjnego uk\u0142adu ch\u0142odniczego. Opracowana technologia pozwala wi\u0119c nie tylko na ograniczenie emisji, lecz tak\u017ce na popraw\u0119 gospodarki energetycznej oraz ograniczenie koszt\u00f3w eksploatacji jednostek p\u0142ywaj\u0105cych przy spe\u0142nieniu rygorystycznych uwarunkowa\u0144 formalnych zwi\u0105zanych z ochron\u0105 \u015brodowiska.<\/p>\n<p><strong>N512 4558936 (Narodowe Centrum Nauki) <\/strong><\/p>\n<p><strong>Modelowanie i badania eksperymentalne strumienic jednofazowych i dwufazowych w zastosowaniu do solarnych uk\u0142ad\u00f3w lewobie\u017cnych, Politechnika Bia\u0142ostocka, 2011-2013<\/strong><\/p>\n<p>Projekt dotyczy\u0142 bada\u0144 strumienicowego urz\u0105dzenia ch\u0142odniczego, w kt\u00f3rym pracuje naturalny, proekologiczny czynnik roboczy i jest ono nap\u0119dzane ciep\u0142em o takich parametrach, i\u017c jego \u017ar\u00f3d\u0142em mo\u017ce by\u0107 kolektor s\u0142oneczny lub ciep\u0142o odpadowe. Jedn\u0105 z najbardziej istotnych zalet takiego rozwi\u0105zania jest r\u00f3wnie\u017c to, i\u017c ciep\u0142o nap\u0119dowe takiego urz\u0105dzenia jest w du\u017cej mierze skorelowane ze strumieniem ciep\u0142a, kt\u00f3ry nale\u017cy odprowadzi\u0107 z och\u0142adzanego pomieszczenia, aby utrzyma\u0107 w nim po\u017c\u0105dan\u0105 temperatur\u0119.<\/p>\n<p>Strumienicowe uk\u0142ady ch\u0142odnicze nap\u0119dzane ciep\u0142em s\u0142onecznym lub odpadowym nale\u017c\u0105 do rozwi\u0105za\u0144, kt\u00f3re z przytoczonych powy\u017cej racji budz\u0105 na \u015bwiecie ogromne oczekiwania. Jednym z kluczowych zagadnie\u0144 dla tego typu urz\u0105dze\u0144 jest zagadnienie doboru odpowiednich parametr\u00f3w strumienicy nap\u0119dowej. Pomimo, i\u017c strumienice parowe s\u0105 znane od wielu lat, na obecnym etapie rozwoju bada\u0144 istnieje wci\u0105\u017c otwarty problem w zakresie modelowania numerycznego pracy strumienicy parowej, co ogranicza mo\u017cliwo\u015bci w\u0142a\u015bciwego doboru jej geometrii. Strumienica taka mo\u017ce pracowa\u0107 zar\u00f3wno w obszarze jednofazowym (para przegrzana), jak r\u00f3wnie\u017c dwufazowym (para mora), co znacznie komplikuje zagadnienie. Ponadto \u2013 w zwi\u0105zku z konieczno\u015bci\u0105 zastosowania w uk\u0142adach strumienicowych p\u0142yn\u00f3w naturalnych (na przyk\u0142ad izobutan), co jest w przypadku strumienic zagadnieniem ca\u0142kowicie nowym, powstaje dodatkowa komplikacja zagadnienia.<\/p>\n<p>W projekcie badawczym podj\u0119to prace dotycz\u0105ce modelowania obiegu strumienicowego dla parametr\u00f3w roboczych odpowiadaj\u0105cych klimatyzacji solarnej, modelowania numerycznego strumienicy parowej w warunkach pracy z par\u0105 przegrzan\u0105 i z par\u0105 mokr\u0105; przeprowadzono weryfikacj\u0119 eksperymentaln\u0105 rezultat\u00f3w modelowania numerycznego strumienicy technik\u0105 PIV, co umo\u017cliwi\u0142o przeprowadzenie weryfikacji oblicze\u0144 numerycznych daj\u0105c wskaz\u00f3wki do oceny doboru modelu turbulencji, weryfikacj\u0119 eksperymentaln\u0105 charakterystyki pracy strumienicy w uk\u0142adzie ch\u0142odniczym oraz optymalizacj\u0119 geometrii strumienic nap\u0119dowych do solarnych uk\u0142ad\u00f3w ch\u0142odniczych i klimatyzacyjnych.<\/p>\n<p><strong>N N512 456640 (Narodowe Centrum Nauki)<\/strong><\/p>\n<p><strong>Modelowanie i ewaluacja eksperymentalna proces\u00f3w cieplno przep\u0142ywowych zachodz\u0105cych w komorze przechowalniczej warzyw i owoc\u00f3w, Politechnika Bia\u0142ostocka, 2011- 2014<\/strong><\/p>\n<p>W projekcie zaproponowano kompleksowe opracowanie modelu numerycznego komory przecholowniczej warzyw i owoc\u00f3w wraz z ewaluacj\u0105 do\u015bwiadczaln\u0105 proces\u00f3w zachodz\u0105cych w takiej komorze.&nbsp; Podj\u0119cie tej pracy wynika z konieczno\u015bci posiadania wiarygodnego narz\u0119dzia do oceny zjawisk cieplno-przep\u0142ywowych zachodz\u0105cych w ch\u0142odniach sk\u0142adowych, bowiem aktualnie decyzje w zakresie uwarunkowa\u0144 sk\u0142adowania warzyw i owoc\u00f3w oraz konstrukcji ch\u0142odni sk\u0142adowej \u2013 s\u0105 podejmowane w oparciu o orientacyjne wska\u017aniki. Warto r\u00f3wnie\u017c podkre\u015bli\u0107, i\u017c podejmowane zagadnienia maj\u0105 r\u00f3wnie\u017c kluczowe znacznie dla energoch\u0142onno\u015bci obiekt\u00f3w przechowalniczych, w kt\u00f3rych moc elektryczna do nap\u0119du system\u00f3w ch\u0142odniczych przekracza nawet 1 MW.<\/p>\n<p>Projekt obejmuje obliczenia numeryczne komory przechowalniczej, badania do\u015bwiadczalne przeprowadzone na rzeczywistym obiekcie ch\u0142odniczym, dzia\u0142ania zmierzaj\u0105ce&nbsp; do poprawy zgodno\u015bci wynik\u00f3w oblicze\u0144 z wynikami eksperymentu, czyli kalibracj\u0119 modelu obliczeniowego, oraz&nbsp; okre\u015blenie w jakim stopniu model obliczeniowy odzwierciedla rzeczywiste procesy zachodz\u0105ce w komorze przechowalniczej, a wi\u0119c jego walidacj\u0119 eksperymentaln\u0105.&nbsp; Projekt&nbsp; b\u0119dzie realizowany przez zesp\u00f3\u0142&nbsp; wykonawc\u00f3w z Politechniki Bia\u0142ostockiej oraz Instytutu Warzywnictwa w Skierniewicach, wobec czego przyczyni si\u0119&nbsp; do konsolidacji istniej\u0105cego potencja\u0142u badawczego dla interdyscyplinarnych zagadnie\u0144 obejmuj\u0105cych procesy cieplno-przep\u0142ywowe, jak r\u00f3wnie\u017c zagadnienia przechowalnicze. Warto r\u00f3wnie\u017c podkre\u015bli\u0107, i\u017c projekt posiada zar\u00f3wno cel utylitarny, bowiem opracowywany model ma w przekonaniu autor\u00f3w projektu funkcjonowa\u0107 jako efektywne narz\u0119dzie w procesie projektowania kom\u00f3r sk\u0142adowych p\u0142od\u00f3w rolnych, jak r\u00f3wnie\u017c naukowo-poznawczy, bowiem opracowane zostan\u0105 metody modelowania konglomeratu z\u0142o\u017conych zjawisk wymiany ciep\u0142a i masy. Uzyskano potwierdzenie udost\u0119pnienia nowoczesnego obiektu przecholowniczego do przeprowadzenia cz\u0119\u015bci eksperymentalnej, co gwarantuje sprawn\u0105 realizacj\u0119 projektu.<\/p>\n<p><strong>Prototypowy uk\u0142ad ch\u0142odniczy nap\u0119dzany niskotemperaturowym \u017ar\u00f3d\u0142em ciep\u0142a<\/strong><\/p>\n<p><img loading=\"lazy\" decoding=\"async\" class=\"size-medium wp-image-284 alignleft\" src=\"https:\/\/wm.pb.edu.pl\/ktc\/wp-content\/uploads\/sites\/5\/2022\/04\/Fotografia-prototypowego-ukladu-chlodniczego-strumienicowego-225x300.jpg\" alt=\"Fotografia prototypowego uk\u0142adu ch\u0142odniczego strumienicowego\" width=\"225\" height=\"300\" srcset=\"https:\/\/wm.pb.edu.pl\/ktc\/wp-content\/uploads\/sites\/5\/2022\/04\/Fotografia-prototypowego-ukladu-chlodniczego-strumienicowego-225x300.jpg 225w, https:\/\/wm.pb.edu.pl\/ktc\/wp-content\/uploads\/sites\/5\/2022\/04\/Fotografia-prototypowego-ukladu-chlodniczego-strumienicowego-768x1024.jpg 768w, https:\/\/wm.pb.edu.pl\/ktc\/wp-content\/uploads\/sites\/5\/2022\/04\/Fotografia-prototypowego-ukladu-chlodniczego-strumienicowego-1152x1536.jpg 1152w, https:\/\/wm.pb.edu.pl\/ktc\/wp-content\/uploads\/sites\/5\/2022\/04\/Fotografia-prototypowego-ukladu-chlodniczego-strumienicowego.jpg 1386w\" sizes=\"auto, (max-width: 225px) 100vw, 225px\" \/><\/p>\n<p>W Zak\u0142adzie techniki Cieplnej i Ch\u0142odnictwa opracowano we wsp\u00f3\u0142pracy z EDF Polska S.A. prototypowe rozwi\u0105zanie uk\u0142adu ch\u0142odniczego dedykowanego do produkcji ch\u0142odu przy wykorzystaniu ciep\u0142ej wody o temperaturze nie przekraczaj\u0105cej 65 \u00b0C jako \u017ar\u00f3d\u0142o ciep\u0142a nap\u0119dowego. Uk\u0142ad przystosowany jest zatem do wsp\u00f3\u0142pracy z sieci\u0105 ciep\u0142ownicz\u0105 w sezonie letnim, umo\u017cliwiaj\u0105c zagospodarowanie ciep\u0142a systemowego do produkcji ch\u0142odu dla potrzeb klimatyzacji. W uk\u0142adzie zastosowano opisany powy\u017cej bezpieczny dla \u015brodowiska czynnik roboczy R-1234ze, spe\u0142niaj\u0105cy z nadmiarem aktualnie obowi\u0105zuj\u0105ce restrykcyjne regulacje prawne krajowe oraz europejskie. Jest to uk\u0142ad ch\u0142odniczy strumienicowy. W strumienicy czynnik roboczy jest rozp\u0119dzany do pr\u0119dko\u015bci nadd\u017awi\u0119kowych, za\u015b zasadnicza cz\u0119\u015b\u0107 procesu spr\u0119\u017cania odbywa si\u0119 z wykorzystaniem fali uderzeniowej.<\/p>\n<p>Zaprojektowany uk\u0142ad rusza z produkcj\u0105 ch\u0142odu przy temperaturze czynnika grzewczego na poziomie ok. 56 \u00b0C, za\u0142o\u017cono typowe parametry wody lodowej wymagane przez klasyczne systemy klimatyzacji, tj. temperatura wody lodowej 6 \u00b0C, temperatura powrotu wynosi 12 \u00b0C. W opracowanym rozwi\u0105zaniu moc grzewcza wynosi 90 kW, projektowa wydajno\u015b\u0107 ch\u0142odnicza uk\u0142adu wynosi ok. 25 kW.&nbsp; W warunkach klimatyzacji wysokotemperaturowej uk\u0142ad osi\u0105ga wydajno\u015b\u0107 ch\u0142odnicz\u0105 do ok. 45 kW. Jest to pierwsza aplikacja uk\u0142adu strumienicowego w skali technicznej z zastosowaniem bezpiecznego dla \u015brodowiska czynnika roboczego, kt\u00f3ra wykorzystuje niskotemperaturowe \u017ar\u00f3d\u0142o ciep\u0142a do nap\u0119du.<\/p>\n<p>&nbsp;<\/p>\n<p><img loading=\"lazy\" decoding=\"async\" class=\"aligncenter wp-image-285 size-full\" src=\"https:\/\/wm.pb.edu.pl\/ktc\/wp-content\/uploads\/sites\/5\/2022\/04\/tunel-pomiarowy-dedykowany-do-poracowanej-tzw.-metody-przedmuchowej.jpg\" alt=\"tunel pomiarowy dedykowany do poracowanej tzw. metody przedmuchowej\" width=\"955\" height=\"680\" srcset=\"https:\/\/wm.pb.edu.pl\/ktc\/wp-content\/uploads\/sites\/5\/2022\/04\/tunel-pomiarowy-dedykowany-do-poracowanej-tzw.-metody-przedmuchowej.jpg 955w, https:\/\/wm.pb.edu.pl\/ktc\/wp-content\/uploads\/sites\/5\/2022\/04\/tunel-pomiarowy-dedykowany-do-poracowanej-tzw.-metody-przedmuchowej-300x214.jpg 300w, https:\/\/wm.pb.edu.pl\/ktc\/wp-content\/uploads\/sites\/5\/2022\/04\/tunel-pomiarowy-dedykowany-do-poracowanej-tzw.-metody-przedmuchowej-768x547.jpg 768w\" sizes=\"auto, (max-width: 955px) 100vw, 955px\" \/><\/p>\n<p><strong>Wykonanie pe\u0142nej dokumentacji projektowo-technicznej typoszeregu pomp ciep\u0142a o mocy grzewczej od 80 kW do 300 kW oraz badania laboratoryjne prototypu o mocy 100 kW, Projekt finansowany przez \u201eSUN ENERGY\u201d, U\/WM\/23\/2011, Politechnika Bia\u0142ostocka, realizowany w latach 2011-2013<\/strong><\/p>\n<p><img loading=\"lazy\" decoding=\"async\" class=\"wp-image-286 size-full aligncenter\" src=\"https:\/\/wm.pb.edu.pl\/ktc\/wp-content\/uploads\/sites\/5\/2022\/04\/prototypowa-pompa-ciepla-moc-grzewcza.jpg\" alt=\"prototypowa pompa ciep\u0142a, moc grzewcza\" width=\"971\" height=\"647\" srcset=\"https:\/\/wm.pb.edu.pl\/ktc\/wp-content\/uploads\/sites\/5\/2022\/04\/prototypowa-pompa-ciepla-moc-grzewcza.jpg 971w, https:\/\/wm.pb.edu.pl\/ktc\/wp-content\/uploads\/sites\/5\/2022\/04\/prototypowa-pompa-ciepla-moc-grzewcza-300x200.jpg 300w, https:\/\/wm.pb.edu.pl\/ktc\/wp-content\/uploads\/sites\/5\/2022\/04\/prototypowa-pompa-ciepla-moc-grzewcza-768x512.jpg 768w, https:\/\/wm.pb.edu.pl\/ktc\/wp-content\/uploads\/sites\/5\/2022\/04\/prototypowa-pompa-ciepla-moc-grzewcza-480x320.jpg 480w\" sizes=\"auto, (max-width: 971px) 100vw, 971px\" \/><\/p>\n<p><strong>POIR.04.01.04-00-0042\/20 (Narodowe Centrum Bada\u0144 i Rozwoju)<\/strong><\/p>\n<p><strong>Technologia morskich kompaktowych skruber\u00f3w strumienicowych, <\/strong><\/p>\n<p><strong>projekt konsorcjalny, 2021-2023.<\/strong><\/p>\n<p>Przedmiotem projektu jest opracowanie innowacyjnego rozwi\u0105zania skruber\u00f3w strumienicowych dedykowanych do zastosowania w du\u017cych jednostkach morskich. Obecnie restrykcyjne regulacje zwi\u0105zane z ograniczaniem emisji przez jednostki morskie, g\u0142\u00f3wnie w zakresie tlenk\u00f3w siarki \u2013 wymuszaj\u0105 stosowanie nowoczesnych i skutecznych skruber\u00f3w oczyszczaj\u0105cych spaliny. S\u0105 to urz\u0105dzenia bardzo wymagaj\u0105ce pod wzgl\u0119dem technicznym \u2013 g\u0142\u00f3wnie z racji bardzo du\u017cych gabaryt\u00f3w, co w efekcie jest przyczyn\u0105 bardzo wysokich koszt\u00f3w inwestycyjnych oraz znacznych wymaga\u0144 eksploatacyjnych. W ramach projektu proponuje si\u0119 opracowanie innowacyjnej technologii kompaktowych skruber\u00f3w, w kt\u00f3rych wykorzystuje si\u0119 technologi\u0119 strumienicow\u0105. Jest to ca\u0142kowicie odmienne podej\u015bcie technologiczne w odniesieniu do aktualnie stosowanych rozwi\u0105za\u0144 skruber\u00f3w morskich i oparte na opracowanym przez Wnioskodawc\u00f3w rozwi\u0105zaniu skruber\u00f3w strumienicowych dedykowanych dla ma\u0142ych jednostek morskich. W ramach bada\u0144 przemys\u0142owych zaplanowano opracowanie metodyki projektowania skruber\u00f3w strumienicowych o budowie modu\u0142owej w oparciu o model p\u00f3\u0142-empiryczny powsta\u0142y na bazie systematycznych bada\u0144 eksperymentalnych oraz zostanie opracowane rozwi\u0105zanie uk\u0142ad\u00f3w wspomagaj\u0105cych \u2013 usuwanie tlenk\u00f3w azotu, usuwanie cz\u0105stek sta\u0142ych, opracowany uk\u0142ad monitoringu oczyszczania spalin i wody p\u0142uczkowej. W ramach prac rozwojowych zostanie opracowany prototyp, kt\u00f3ry nast\u0119pnie zostanie zwalidowany eksperymentalnie w si\u0142owni jednostki morskiej o mocy 1 MW, zostanie opracowany projekt typoszeregu kompaktowych skruber\u00f3w strumienicowych. W ramach prac przedwdro\u017ceniowych planowane jest opracowanie finalnej dokumentacji oraz certyfikacji skruber\u00f3w przez towarzystwa klasyfikacyjne.<\/p>\n<p>&nbsp;<\/p>\n","protected":false},"excerpt":{"rendered":"<p>UDA-POIG.01.03.01-20-137\/09-00 (Narodowe Centrum Bada\u0144 i Rozwoju) Nowoczesne technologie dla sektora rolno \u2013 spo\u017cywczego przy ograniczaniu<a class=\"read-more\" href=\"https:\/\/wm.pb.edu.pl\/ktc\/nauka\/projekty\/\" title=\"Poka\u017c artyku\u0142 Projekty\">wi\u0119cej<\/a><\/p>\n","protected":false},"author":5,"featured_media":0,"parent":22,"menu_order":2,"comment_status":"closed","ping_status":"closed","template":"","meta":{"inline_featured_image":false,"ngg_post_thumbnail":0,"footnotes":""},"class_list":["post-41","page","type-page","status-publish","hentry"],"acf":[],"yoast_head":"<!-- This site is optimized with the Yoast SEO plugin v26.4 - https:\/\/yoast.com\/wordpress\/plugins\/seo\/ -->\n<title>Projekty - Katedra Techniki Cieplnej<\/title>\n<meta name=\"robots\" content=\"index, follow, max-snippet:-1, max-image-preview:large, max-video-preview:-1\" \/>\n<link rel=\"canonical\" href=\"https:\/\/wm.pb.edu.pl\/ktc\/nauka\/projekty\/\" \/>\n<meta property=\"og:locale\" content=\"pl_PL\" \/>\n<meta property=\"og:type\" content=\"article\" \/>\n<meta property=\"og:title\" content=\"Projekty - Katedra Techniki Cieplnej\" \/>\n<meta property=\"og:description\" content=\"UDA-POIG.01.03.01-20-137\/09-00 (Narodowe Centrum Bada\u0144 i Rozwoju) Nowoczesne technologie dla sektora rolno \u2013 spo\u017cywczego przy ograniczaniuwi\u0119cej\" \/>\n<meta property=\"og:url\" content=\"https:\/\/wm.pb.edu.pl\/ktc\/nauka\/projekty\/\" \/>\n<meta property=\"og:site_name\" content=\"Katedra Techniki Cieplnej\" \/>\n<meta property=\"article:modified_time\" content=\"2022-04-20T07:49:09+00:00\" \/>\n<meta property=\"og:image\" content=\"https:\/\/wm.pb.edu.pl\/ktc\/wp-content\/uploads\/sites\/5\/2022\/04\/prototypowe-urzadzenia-chlodniczne.jpg\" \/>\n<meta name=\"twitter:card\" content=\"summary_large_image\" \/>\n<meta name=\"twitter:label1\" content=\"Szacowany czas czytania\" \/>\n\t<meta name=\"twitter:data1\" content=\"7 minut\" \/>\n<script type=\"application\/ld+json\" class=\"yoast-schema-graph\">{\"@context\":\"https:\/\/schema.org\",\"@graph\":[{\"@type\":\"WebPage\",\"@id\":\"https:\/\/wm.pb.edu.pl\/ktc\/nauka\/projekty\/\",\"url\":\"https:\/\/wm.pb.edu.pl\/ktc\/nauka\/projekty\/\",\"name\":\"Projekty - Katedra Techniki Cieplnej\",\"isPartOf\":{\"@id\":\"https:\/\/wm.pb.edu.pl\/ktc\/#website\"},\"primaryImageOfPage\":{\"@id\":\"https:\/\/wm.pb.edu.pl\/ktc\/nauka\/projekty\/#primaryimage\"},\"image\":{\"@id\":\"https:\/\/wm.pb.edu.pl\/ktc\/nauka\/projekty\/#primaryimage\"},\"thumbnailUrl\":\"https:\/\/wm.pb.edu.pl\/ktc\/wp-content\/uploads\/sites\/5\/2022\/04\/prototypowe-urzadzenia-chlodniczne.jpg\",\"datePublished\":\"2018-06-26T09:25:00+00:00\",\"dateModified\":\"2022-04-20T07:49:09+00:00\",\"breadcrumb\":{\"@id\":\"https:\/\/wm.pb.edu.pl\/ktc\/nauka\/projekty\/#breadcrumb\"},\"inLanguage\":\"pl-PL\",\"potentialAction\":[{\"@type\":\"ReadAction\",\"target\":[\"https:\/\/wm.pb.edu.pl\/ktc\/nauka\/projekty\/\"]}]},{\"@type\":\"ImageObject\",\"inLanguage\":\"pl-PL\",\"@id\":\"https:\/\/wm.pb.edu.pl\/ktc\/nauka\/projekty\/#primaryimage\",\"url\":\"https:\/\/wm.pb.edu.pl\/ktc\/wp-content\/uploads\/sites\/5\/2022\/04\/prototypowe-urzadzenia-chlodniczne.jpg\",\"contentUrl\":\"https:\/\/wm.pb.edu.pl\/ktc\/wp-content\/uploads\/sites\/5\/2022\/04\/prototypowe-urzadzenia-chlodniczne.jpg\",\"width\":959,\"height\":662,\"caption\":\"prototypowe urz\u0105dzenia ch\u0142odniczne\"},{\"@type\":\"BreadcrumbList\",\"@id\":\"https:\/\/wm.pb.edu.pl\/ktc\/nauka\/projekty\/#breadcrumb\",\"itemListElement\":[{\"@type\":\"ListItem\",\"position\":1,\"name\":\"Strona g\u0142\u00f3wna\",\"item\":\"https:\/\/wm.pb.edu.pl\/ktc\/\"},{\"@type\":\"ListItem\",\"position\":2,\"name\":\"Nauka\",\"item\":\"https:\/\/wm.pb.edu.pl\/ktc\/nauka\/\"},{\"@type\":\"ListItem\",\"position\":3,\"name\":\"Projekty\"}]},{\"@type\":\"WebSite\",\"@id\":\"https:\/\/wm.pb.edu.pl\/ktc\/#website\",\"url\":\"https:\/\/wm.pb.edu.pl\/ktc\/\",\"name\":\"Katedra Techniki Cieplnej\",\"description\":\"\",\"potentialAction\":[{\"@type\":\"SearchAction\",\"target\":{\"@type\":\"EntryPoint\",\"urlTemplate\":\"https:\/\/wm.pb.edu.pl\/ktc\/?s={search_term_string}\"},\"query-input\":{\"@type\":\"PropertyValueSpecification\",\"valueRequired\":true,\"valueName\":\"search_term_string\"}}],\"inLanguage\":\"pl-PL\"}]}<\/script>\n<!-- \/ Yoast SEO plugin. -->","yoast_head_json":{"title":"Projekty - Katedra Techniki Cieplnej","robots":{"index":"index","follow":"follow","max-snippet":"max-snippet:-1","max-image-preview":"max-image-preview:large","max-video-preview":"max-video-preview:-1"},"canonical":"https:\/\/wm.pb.edu.pl\/ktc\/nauka\/projekty\/","og_locale":"pl_PL","og_type":"article","og_title":"Projekty - Katedra Techniki Cieplnej","og_description":"UDA-POIG.01.03.01-20-137\/09-00 (Narodowe Centrum Bada\u0144 i Rozwoju) Nowoczesne technologie dla sektora rolno \u2013 spo\u017cywczego przy ograniczaniuwi\u0119cej","og_url":"https:\/\/wm.pb.edu.pl\/ktc\/nauka\/projekty\/","og_site_name":"Katedra Techniki Cieplnej","article_modified_time":"2022-04-20T07:49:09+00:00","og_image":[{"url":"https:\/\/wm.pb.edu.pl\/ktc\/wp-content\/uploads\/sites\/5\/2022\/04\/prototypowe-urzadzenia-chlodniczne.jpg","type":"","width":"","height":""}],"twitter_card":"summary_large_image","twitter_misc":{"Szacowany czas czytania":"7 minut"},"schema":{"@context":"https:\/\/schema.org","@graph":[{"@type":"WebPage","@id":"https:\/\/wm.pb.edu.pl\/ktc\/nauka\/projekty\/","url":"https:\/\/wm.pb.edu.pl\/ktc\/nauka\/projekty\/","name":"Projekty - Katedra Techniki Cieplnej","isPartOf":{"@id":"https:\/\/wm.pb.edu.pl\/ktc\/#website"},"primaryImageOfPage":{"@id":"https:\/\/wm.pb.edu.pl\/ktc\/nauka\/projekty\/#primaryimage"},"image":{"@id":"https:\/\/wm.pb.edu.pl\/ktc\/nauka\/projekty\/#primaryimage"},"thumbnailUrl":"https:\/\/wm.pb.edu.pl\/ktc\/wp-content\/uploads\/sites\/5\/2022\/04\/prototypowe-urzadzenia-chlodniczne.jpg","datePublished":"2018-06-26T09:25:00+00:00","dateModified":"2022-04-20T07:49:09+00:00","breadcrumb":{"@id":"https:\/\/wm.pb.edu.pl\/ktc\/nauka\/projekty\/#breadcrumb"},"inLanguage":"pl-PL","potentialAction":[{"@type":"ReadAction","target":["https:\/\/wm.pb.edu.pl\/ktc\/nauka\/projekty\/"]}]},{"@type":"ImageObject","inLanguage":"pl-PL","@id":"https:\/\/wm.pb.edu.pl\/ktc\/nauka\/projekty\/#primaryimage","url":"https:\/\/wm.pb.edu.pl\/ktc\/wp-content\/uploads\/sites\/5\/2022\/04\/prototypowe-urzadzenia-chlodniczne.jpg","contentUrl":"https:\/\/wm.pb.edu.pl\/ktc\/wp-content\/uploads\/sites\/5\/2022\/04\/prototypowe-urzadzenia-chlodniczne.jpg","width":959,"height":662,"caption":"prototypowe urz\u0105dzenia ch\u0142odniczne"},{"@type":"BreadcrumbList","@id":"https:\/\/wm.pb.edu.pl\/ktc\/nauka\/projekty\/#breadcrumb","itemListElement":[{"@type":"ListItem","position":1,"name":"Strona g\u0142\u00f3wna","item":"https:\/\/wm.pb.edu.pl\/ktc\/"},{"@type":"ListItem","position":2,"name":"Nauka","item":"https:\/\/wm.pb.edu.pl\/ktc\/nauka\/"},{"@type":"ListItem","position":3,"name":"Projekty"}]},{"@type":"WebSite","@id":"https:\/\/wm.pb.edu.pl\/ktc\/#website","url":"https:\/\/wm.pb.edu.pl\/ktc\/","name":"Katedra Techniki Cieplnej","description":"","potentialAction":[{"@type":"SearchAction","target":{"@type":"EntryPoint","urlTemplate":"https:\/\/wm.pb.edu.pl\/ktc\/?s={search_term_string}"},"query-input":{"@type":"PropertyValueSpecification","valueRequired":true,"valueName":"search_term_string"}}],"inLanguage":"pl-PL"}]}},"_links":{"self":[{"href":"https:\/\/wm.pb.edu.pl\/ktc\/wp-json\/wp\/v2\/pages\/41","targetHints":{"allow":["GET"]}}],"collection":[{"href":"https:\/\/wm.pb.edu.pl\/ktc\/wp-json\/wp\/v2\/pages"}],"about":[{"href":"https:\/\/wm.pb.edu.pl\/ktc\/wp-json\/wp\/v2\/types\/page"}],"author":[{"embeddable":true,"href":"https:\/\/wm.pb.edu.pl\/ktc\/wp-json\/wp\/v2\/users\/5"}],"replies":[{"embeddable":true,"href":"https:\/\/wm.pb.edu.pl\/ktc\/wp-json\/wp\/v2\/comments?post=41"}],"version-history":[{"count":12,"href":"https:\/\/wm.pb.edu.pl\/ktc\/wp-json\/wp\/v2\/pages\/41\/revisions"}],"predecessor-version":[{"id":287,"href":"https:\/\/wm.pb.edu.pl\/ktc\/wp-json\/wp\/v2\/pages\/41\/revisions\/287"}],"up":[{"embeddable":true,"href":"https:\/\/wm.pb.edu.pl\/ktc\/wp-json\/wp\/v2\/pages\/22"}],"wp:attachment":[{"href":"https:\/\/wm.pb.edu.pl\/ktc\/wp-json\/wp\/v2\/media?parent=41"}],"curies":[{"name":"wp","href":"https:\/\/api.w.org\/{rel}","templated":true}]}}