{"id":47,"date":"2018-06-26T11:29:24","date_gmt":"2018-06-26T09:29:24","guid":{"rendered":"https:\/\/wm.pb.edu.pl\/kbmitc\/?page_id=47"},"modified":"2022-04-20T13:27:24","modified_gmt":"2022-04-20T11:27:24","slug":"kola-naukowe","status":"publish","type":"page","link":"https:\/\/wm.pb.edu.pl\/ktc\/kola-naukowe\/","title":{"rendered":"Ko\u0142a naukowe"},"content":{"rendered":"<p><i class=\"fa fa-hand-o-right\" aria-hidden=\"true\"><\/i> <a href=\"https:\/\/wm.pb.edu.pl\/eko-energetycy\/\" target=\"_blank\" rel=\"noopener noreferrer\"><strong>Ko\u0142o Naukowe EKO-ENERGETYK\u00d3W<\/strong><\/a><br \/>\n<i class=\"fa fa-user\" aria-hidden=\"true\"><\/i> Opiekun naukowy: dr&nbsp;in\u017c. Adam Dudar<\/p>\n<p>W Katedrze od roku 2013 dzia\u0142a ko\u0142o naukowe EKO-ENERGETYCY. Pierwszym opiekunem ko\u0142a naukowego by\u0142 dr hab. in\u017c. Kamil \u015amierciew, a od roku 2017 pracami ko\u0142a naukowego kieruje dr in\u017c. Adam Dudar. W latach 2015\u20132016 prace ko\u0142a dotyczy\u0142y realizacji projektu badawczego: Prototypowy uk\u0142ad ORC pracuj\u0105cy z czynnikiem naturalnym. W 2017 roku cz\u0142onkowie ko\u0142a realizowali dwa projekty praktyczne, kt\u00f3re uzyska\u0142y dofinansowanie oraz jeden teoretyczny bez dofinansowania. Pierwszy z projekt\u00f3w dotyczy\u0142 projektu rurki wirowej przeznaczonej do ch\u0142odzenia narz\u0119dzia skrawaj\u0105cego. W 2018 roku cz\u0142onkowie ko\u0142a realizowali w formie praktycznej projekt dotycz\u0105cy absorpcyjnego urz\u0105dzenia ch\u0142odniczego nap\u0119dzanego zielonym \u017ar\u00f3d\u0142em energii, kt\u00f3ry zosta\u0142 przedstawiony w konkursie \u201eTechnotalenty 2017\u201d pod nazw\u0105 \u201eEKOREFSOL\u201d, gdzie dosta\u0142 si\u0119 do fina\u0142u konkursu w kategorii \u201eWyzwania spo\u0142eczne\u201d. W konkursie \u201eTechnotalnety 2018\u201d w kategorii \u201eWyzwania spo\u0142eczne\u201d wygra\u0142 Projekt solarnego traktu pieszego i rowerowego \u201eSuna vojo\u201d.<\/p>\n","protected":false},"excerpt":{"rendered":"<p>Ko\u0142o Naukowe EKO-ENERGETYK\u00d3W Opiekun naukowy: dr&nbsp;in\u017c. Adam Dudar W Katedrze od roku 2013 dzia\u0142a ko\u0142o<a class=\"read-more\" href=\"https:\/\/wm.pb.edu.pl\/ktc\/kola-naukowe\/\" title=\"Poka\u017c artyku\u0142 Ko\u0142a naukowe\">wi\u0119cej<\/a><\/p>\n","protected":false},"author":5,"featured_media":0,"parent":0,"menu_order":2,"comment_status":"closed","ping_status":"closed","template":"","meta":{"inline_featured_image":false,"ngg_post_thumbnail":0,"footnotes":""},"class_list":["post-47","page","type-page","status-publish","hentry"],"acf":[],"yoast_head":"<!-- This site is optimized with the Yoast SEO plugin v26.4 - https:\/\/yoast.com\/wordpress\/plugins\/seo\/ -->\n<title>Ko\u0142a naukowe - Katedra Techniki Cieplnej<\/title>\n<meta name=\"robots\" content=\"index, follow, max-snippet:-1, max-image-preview:large, max-video-preview:-1\" \/>\n<link rel=\"canonical\" href=\"https:\/\/wm.pb.edu.pl\/ktc\/kola-naukowe\/\" \/>\n<meta property=\"og:locale\" content=\"pl_PL\" \/>\n<meta property=\"og:type\" content=\"article\" \/>\n<meta property=\"og:title\" content=\"Ko\u0142a naukowe - Katedra Techniki Cieplnej\" \/>\n<meta property=\"og:description\" content=\"Ko\u0142o Naukowe EKO-ENERGETYK\u00d3W Opiekun naukowy: dr&nbsp;in\u017c. Adam Dudar W Katedrze od roku 2013 dzia\u0142a ko\u0142owi\u0119cej\" \/>\n<meta property=\"og:url\" content=\"https:\/\/wm.pb.edu.pl\/ktc\/kola-naukowe\/\" \/>\n<meta property=\"og:site_name\" content=\"Katedra Techniki Cieplnej\" \/>\n<meta property=\"article:modified_time\" content=\"2022-04-20T11:27:24+00:00\" \/>\n<meta name=\"twitter:card\" content=\"summary_large_image\" \/>\n<meta name=\"twitter:label1\" content=\"Szacowany czas czytania\" \/>\n\t<meta name=\"twitter:data1\" content=\"1 minuta\" \/>\n<script type=\"application\/ld+json\" class=\"yoast-schema-graph\">{\"@context\":\"https:\/\/schema.org\",\"@graph\":[{\"@type\":\"WebPage\",\"@id\":\"https:\/\/wm.pb.edu.pl\/ktc\/kola-naukowe\/\",\"url\":\"https:\/\/wm.pb.edu.pl\/ktc\/kola-naukowe\/\",\"name\":\"Ko\u0142a naukowe - Katedra Techniki Cieplnej\",\"isPartOf\":{\"@id\":\"https:\/\/wm.pb.edu.pl\/ktc\/#website\"},\"datePublished\":\"2018-06-26T09:29:24+00:00\",\"dateModified\":\"2022-04-20T11:27:24+00:00\",\"breadcrumb\":{\"@id\":\"https:\/\/wm.pb.edu.pl\/ktc\/kola-naukowe\/#breadcrumb\"},\"inLanguage\":\"pl-PL\",\"potentialAction\":[{\"@type\":\"ReadAction\",\"target\":[\"https:\/\/wm.pb.edu.pl\/ktc\/kola-naukowe\/\"]}]},{\"@type\":\"BreadcrumbList\",\"@id\":\"https:\/\/wm.pb.edu.pl\/ktc\/kola-naukowe\/#breadcrumb\",\"itemListElement\":[{\"@type\":\"ListItem\",\"position\":1,\"name\":\"Strona g\u0142\u00f3wna\",\"item\":\"https:\/\/wm.pb.edu.pl\/ktc\/\"},{\"@type\":\"ListItem\",\"position\":2,\"name\":\"Ko\u0142a naukowe\"}]},{\"@type\":\"WebSite\",\"@id\":\"https:\/\/wm.pb.edu.pl\/ktc\/#website\",\"url\":\"https:\/\/wm.pb.edu.pl\/ktc\/\",\"name\":\"Katedra Techniki Cieplnej\",\"description\":\"\",\"potentialAction\":[{\"@type\":\"SearchAction\",\"target\":{\"@type\":\"EntryPoint\",\"urlTemplate\":\"https:\/\/wm.pb.edu.pl\/ktc\/?s={search_term_string}\"},\"query-input\":{\"@type\":\"PropertyValueSpecification\",\"valueRequired\":true,\"valueName\":\"search_term_string\"}}],\"inLanguage\":\"pl-PL\"}]}<\/script>\n<!-- \/ Yoast SEO plugin. -->","yoast_head_json":{"title":"Ko\u0142a naukowe - Katedra Techniki Cieplnej","robots":{"index":"index","follow":"follow","max-snippet":"max-snippet:-1","max-image-preview":"max-image-preview:large","max-video-preview":"max-video-preview:-1"},"canonical":"https:\/\/wm.pb.edu.pl\/ktc\/kola-naukowe\/","og_locale":"pl_PL","og_type":"article","og_title":"Ko\u0142a naukowe - Katedra Techniki Cieplnej","og_description":"Ko\u0142o Naukowe EKO-ENERGETYK\u00d3W Opiekun naukowy: dr&nbsp;in\u017c. Adam Dudar W Katedrze od roku 2013 dzia\u0142a ko\u0142owi\u0119cej","og_url":"https:\/\/wm.pb.edu.pl\/ktc\/kola-naukowe\/","og_site_name":"Katedra Techniki Cieplnej","article_modified_time":"2022-04-20T11:27:24+00:00","twitter_card":"summary_large_image","twitter_misc":{"Szacowany czas czytania":"1 minuta"},"schema":{"@context":"https:\/\/schema.org","@graph":[{"@type":"WebPage","@id":"https:\/\/wm.pb.edu.pl\/ktc\/kola-naukowe\/","url":"https:\/\/wm.pb.edu.pl\/ktc\/kola-naukowe\/","name":"Ko\u0142a naukowe - Katedra Techniki Cieplnej","isPartOf":{"@id":"https:\/\/wm.pb.edu.pl\/ktc\/#website"},"datePublished":"2018-06-26T09:29:24+00:00","dateModified":"2022-04-20T11:27:24+00:00","breadcrumb":{"@id":"https:\/\/wm.pb.edu.pl\/ktc\/kola-naukowe\/#breadcrumb"},"inLanguage":"pl-PL","potentialAction":[{"@type":"ReadAction","target":["https:\/\/wm.pb.edu.pl\/ktc\/kola-naukowe\/"]}]},{"@type":"BreadcrumbList","@id":"https:\/\/wm.pb.edu.pl\/ktc\/kola-naukowe\/#breadcrumb","itemListElement":[{"@type":"ListItem","position":1,"name":"Strona g\u0142\u00f3wna","item":"https:\/\/wm.pb.edu.pl\/ktc\/"},{"@type":"ListItem","position":2,"name":"Ko\u0142a naukowe"}]},{"@type":"WebSite","@id":"https:\/\/wm.pb.edu.pl\/ktc\/#website","url":"https:\/\/wm.pb.edu.pl\/ktc\/","name":"Katedra Techniki Cieplnej","description":"","potentialAction":[{"@type":"SearchAction","target":{"@type":"EntryPoint","urlTemplate":"https:\/\/wm.pb.edu.pl\/ktc\/?s={search_term_string}"},"query-input":{"@type":"PropertyValueSpecification","valueRequired":true,"valueName":"search_term_string"}}],"inLanguage":"pl-PL"}]}},"_links":{"self":[{"href":"https:\/\/wm.pb.edu.pl\/ktc\/wp-json\/wp\/v2\/pages\/47","targetHints":{"allow":["GET"]}}],"collection":[{"href":"https:\/\/wm.pb.edu.pl\/ktc\/wp-json\/wp\/v2\/pages"}],"about":[{"href":"https:\/\/wm.pb.edu.pl\/ktc\/wp-json\/wp\/v2\/types\/page"}],"author":[{"embeddable":true,"href":"https:\/\/wm.pb.edu.pl\/ktc\/wp-json\/wp\/v2\/users\/5"}],"replies":[{"embeddable":true,"href":"https:\/\/wm.pb.edu.pl\/ktc\/wp-json\/wp\/v2\/comments?post=47"}],"version-history":[{"count":12,"href":"https:\/\/wm.pb.edu.pl\/ktc\/wp-json\/wp\/v2\/pages\/47\/revisions"}],"predecessor-version":[{"id":297,"href":"https:\/\/wm.pb.edu.pl\/ktc\/wp-json\/wp\/v2\/pages\/47\/revisions\/297"}],"wp:attachment":[{"href":"https:\/\/wm.pb.edu.pl\/ktc\/wp-json\/wp\/v2\/media?parent=47"}],"curies":[{"name":"wp","href":"https:\/\/api.w.org\/{rel}","templated":true}]}}