{"id":50,"date":"2018-06-26T11:30:32","date_gmt":"2018-06-26T09:30:32","guid":{"rendered":"https:\/\/wm.pb.edu.pl\/kbmitc\/?page_id=50"},"modified":"2020-12-21T09:04:20","modified_gmt":"2020-12-21T08:04:20","slug":"laboratoria","status":"publish","type":"page","link":"https:\/\/wm.pb.edu.pl\/ktc\/laboratoria\/","title":{"rendered":"Laboratoria"},"content":{"rendered":"<p>W sk\u0142ad <strong>Laboratorium Techniki Cieplnej<\/strong> wchodz\u0105 pracownie: Techniki Cieplnej, Ch\u0142odnictwa (w tym Uk\u0142ad\u00f3w Strumienicowych), Mechaniki P\u0142yn\u00f3w, Termodynamiki, Badania Paliw. Dzia\u0142alno\u015b\u0107 laboratorium opiera si\u0119 na bazie stanowisk dydaktycznych przeznaczonych do badania podstawowych zjawisk termodynamicznych oraz z\u0142o\u017conych uk\u0142ad\u00f3w takich jak instalacja parowa do 6 bar, uk\u0142ad badania wymiennik\u00f3w ciep\u0142a, uk\u0142ady grzewcze wyposa\u017cone w kot\u0142y wodne olejowy i gazowy z zasobnikiem CWU, centrala klimatyzacyjna, stanowiska do badania automatyki ch\u0142odniczej.<\/p>\n<p>W zakresie dzia\u0142alno\u015bci badawczej laboratorium dysponuje systemem do pomiaru pola pr\u0119dko\u015bci technik\u0105 PIV (anemometria obrazowa). W sk\u0142ad systemu wchodzi kamera HiSense PIV\/PLIF oraz kamera PIV SONY, modu\u0142 steruj\u0105cy kamer\u0105, uk\u0142ad laserowo-optyczny, mechanizm pozycjonuj\u0105cy, procesor obrazu oraz oprogramowanie Dynamic Studio. W ramach Pracowni Techniki Cieplnej funkcjonuje stanowisko do wyznaczania wsp\u00f3\u0142czynnik\u00f3w wnikania ciep\u0142a metod\u0105 przedmuchow\u0105. Pracownia Badania Paliw wyposa\u017cona jest w stanowiska do badania liczby cetanowej, analizatory w\u0119glowodorowych paliw ciek\u0142ych, stanowiska do badania zawarto\u015bci wody w paliwach, uk\u0142adu do wyznaczania temperatury zablokowania filtra, stanowisko do oznaczania lepko\u015bci strukturalnej olej\u00f3w w niskich temperaturach oraz kalorymetr do paliw ciek\u0142ych i sta\u0142ych.<\/p>\n<p>Instalacja parowa<\/p>\n<p><img loading=\"lazy\" decoding=\"async\" class=\"alignnone size-medium wp-image-232\" src=\"https:\/\/wm.pb.edu.pl\/ktc\/wp-content\/uploads\/sites\/5\/2020\/12\/Instalacja-parowa-300x225.jpg\" alt=\"Instalacja parowa\" width=\"300\" height=\"225\" srcset=\"https:\/\/wm.pb.edu.pl\/ktc\/wp-content\/uploads\/sites\/5\/2020\/12\/Instalacja-parowa-300x225.jpg 300w, https:\/\/wm.pb.edu.pl\/ktc\/wp-content\/uploads\/sites\/5\/2020\/12\/Instalacja-parowa.jpg 632w\" sizes=\"auto, (max-width: 300px) 100vw, 300px\" \/><\/p>\n<p>Stanowiska do badania kot\u0142\u00f3w<\/p>\n<p><img loading=\"lazy\" decoding=\"async\" class=\"alignnone size-medium wp-image-234\" src=\"https:\/\/wm.pb.edu.pl\/ktc\/wp-content\/uploads\/sites\/5\/2020\/12\/Stanowiska-do-badania-kot\u0142\u00f3w2-300x225.jpg\" alt=\"Stanowisko do badania kot\u0142\u00f3w\" width=\"300\" height=\"225\" srcset=\"https:\/\/wm.pb.edu.pl\/ktc\/wp-content\/uploads\/sites\/5\/2020\/12\/Stanowiska-do-badania-kot\u0142\u00f3w2-300x225.jpg 300w, https:\/\/wm.pb.edu.pl\/ktc\/wp-content\/uploads\/sites\/5\/2020\/12\/Stanowiska-do-badania-kot\u0142\u00f3w2.jpg 567w\" sizes=\"auto, (max-width: 300px) 100vw, 300px\" \/> <img loading=\"lazy\" decoding=\"async\" class=\"alignnone size-medium wp-image-233\" src=\"https:\/\/wm.pb.edu.pl\/ktc\/wp-content\/uploads\/sites\/5\/2020\/12\/Stanowiska-do-badania-kot\u0142\u00f3w-300x225.jpg\" alt=\"Stanowisko do badania kot\u0142\u00f3w\" width=\"300\" height=\"225\" srcset=\"https:\/\/wm.pb.edu.pl\/ktc\/wp-content\/uploads\/sites\/5\/2020\/12\/Stanowiska-do-badania-kot\u0142\u00f3w-300x225.jpg 300w, https:\/\/wm.pb.edu.pl\/ktc\/wp-content\/uploads\/sites\/5\/2020\/12\/Stanowiska-do-badania-kot\u0142\u00f3w.jpg 566w\" sizes=\"auto, (max-width: 300px) 100vw, 300px\" \/><\/p>\n<p>Stanowisko do badania proces\u00f3w zachodz\u0105cych w centrali klimatyzacyjnej<\/p>\n<p><img loading=\"lazy\" decoding=\"async\" class=\"alignnone size-medium wp-image-235\" src=\"https:\/\/wm.pb.edu.pl\/ktc\/wp-content\/uploads\/sites\/5\/2020\/12\/Stanowisko-do-badania-proces\u00f3w-zachodz\u0105cych-w-centrali-klimatyzacyjnej-300x225.jpg\" alt=\"Stanowisko do badania proces\u00f3w zachodz\u0105cych w centrali klimatyzacyjnej\" width=\"300\" height=\"225\" srcset=\"https:\/\/wm.pb.edu.pl\/ktc\/wp-content\/uploads\/sites\/5\/2020\/12\/Stanowisko-do-badania-proces\u00f3w-zachodz\u0105cych-w-centrali-klimatyzacyjnej-300x225.jpg 300w, https:\/\/wm.pb.edu.pl\/ktc\/wp-content\/uploads\/sites\/5\/2020\/12\/Stanowisko-do-badania-proces\u00f3w-zachodz\u0105cych-w-centrali-klimatyzacyjnej.jpg 636w\" sizes=\"auto, (max-width: 300px) 100vw, 300px\" \/><\/p>\n<p>Stanowisko do anemometrii obrazowej<\/p>\n<p><img loading=\"lazy\" decoding=\"async\" class=\"alignnone size-medium wp-image-236\" src=\"https:\/\/wm.pb.edu.pl\/ktc\/wp-content\/uploads\/sites\/5\/2020\/12\/Stanowisko-do-anemometrii-obrazowej-300x224.jpg\" alt=\"Stanowisko do anemometrii obrazowej\" width=\"300\" height=\"224\" srcset=\"https:\/\/wm.pb.edu.pl\/ktc\/wp-content\/uploads\/sites\/5\/2020\/12\/Stanowisko-do-anemometrii-obrazowej-300x224.jpg 300w, https:\/\/wm.pb.edu.pl\/ktc\/wp-content\/uploads\/sites\/5\/2020\/12\/Stanowisko-do-anemometrii-obrazowej.jpg 636w\" sizes=\"auto, (max-width: 300px) 100vw, 300px\" \/><\/p>\n<p>Stanowisko do wyznaczania liczby cetanowej olei nap\u0119dowych<\/p>\n<p><img loading=\"lazy\" decoding=\"async\" class=\"alignnone size-medium wp-image-238\" src=\"https:\/\/wm.pb.edu.pl\/ktc\/wp-content\/uploads\/sites\/5\/2020\/12\/Stanowisko-do-wyznaczania-liczby-cetanowej-olei-nap\u0119dowych-300x225.jpg\" alt=\"Stanowisko do wyznaczania liczby cetanowej olei nap\u0119dowych\" width=\"300\" height=\"225\" srcset=\"https:\/\/wm.pb.edu.pl\/ktc\/wp-content\/uploads\/sites\/5\/2020\/12\/Stanowisko-do-wyznaczania-liczby-cetanowej-olei-nap\u0119dowych-300x225.jpg 300w, https:\/\/wm.pb.edu.pl\/ktc\/wp-content\/uploads\/sites\/5\/2020\/12\/Stanowisko-do-wyznaczania-liczby-cetanowej-olei-nap\u0119dowych.jpg 591w\" sizes=\"auto, (max-width: 300px) 100vw, 300px\" \/><\/p>\n<p>Kalorymetr do oznaczania ciep\u0142a spalania paliw sta\u0142ych<\/p>\n<p><img loading=\"lazy\" decoding=\"async\" class=\"alignnone size-medium wp-image-239\" src=\"https:\/\/wm.pb.edu.pl\/ktc\/wp-content\/uploads\/sites\/5\/2020\/12\/Kalorymetr-do-oznaczania-ciep\u0142a-spalania-paliw-sta\u0142ych-300x225.jpg\" alt=\"Kalorymetr do oznaczania ciep\u0142a spalania paliw sta\u0142ych\" width=\"300\" height=\"225\" srcset=\"https:\/\/wm.pb.edu.pl\/ktc\/wp-content\/uploads\/sites\/5\/2020\/12\/Kalorymetr-do-oznaczania-ciep\u0142a-spalania-paliw-sta\u0142ych-300x225.jpg 300w, https:\/\/wm.pb.edu.pl\/ktc\/wp-content\/uploads\/sites\/5\/2020\/12\/Kalorymetr-do-oznaczania-ciep\u0142a-spalania-paliw-sta\u0142ych.jpg 622w\" sizes=\"auto, (max-width: 300px) 100vw, 300px\" \/><\/p>\n<p>Stanowisko do wyznaczania wsp\u00f3\u0142czynnik\u00f3w wnikania ciep\u0142a metod\u0105 przedmuchow\u0105<\/p>\n<p><img loading=\"lazy\" decoding=\"async\" class=\"alignnone size-medium wp-image-240\" src=\"https:\/\/wm.pb.edu.pl\/ktc\/wp-content\/uploads\/sites\/5\/2020\/12\/Stanowisko-do-wyznaczania-wsp\u00f3\u0142czynnik\u00f3w-wnikania-ciep\u0142a-metod\u0105-przedmuchow\u0105-300x225.jpg\" alt=\"Stanowisko do wyznaczania wsp\u00f3\u0142czynnik\u00f3w wnikania ciep\u0142a metod\u0105 przedmuchow\u0105\" width=\"300\" height=\"225\" srcset=\"https:\/\/wm.pb.edu.pl\/ktc\/wp-content\/uploads\/sites\/5\/2020\/12\/Stanowisko-do-wyznaczania-wsp\u00f3\u0142czynnik\u00f3w-wnikania-ciep\u0142a-metod\u0105-przedmuchow\u0105-300x225.jpg 300w, https:\/\/wm.pb.edu.pl\/ktc\/wp-content\/uploads\/sites\/5\/2020\/12\/Stanowisko-do-wyznaczania-wsp\u00f3\u0142czynnik\u00f3w-wnikania-ciep\u0142a-metod\u0105-przedmuchow\u0105.jpg 621w\" sizes=\"auto, (max-width: 300px) 100vw, 300px\" \/><\/p>\n<p><strong>Pracownia Uk\u0142ad\u00f3w Strumienicowych<\/strong> wyposa\u017cone jest w stanowisko do badania nadd\u017awi\u0119kowych strumienic gazowych w zakresie produkcji ch\u0142odu wykorzystuj\u0105c zasilanie ze \u017ar\u00f3d\u0142a ciep\u0142a odpadowego, do\u015bwiadczalny propanowy uk\u0142ad ch\u0142odniczy oraz tunel do badania wymiennik\u00f3w ciep\u0142a typu powietrze-czynnik. W ramach tego laboratorium dzia\u0142a r\u00f3wnie\u017c stanowisko do badania uk\u0142adu strumienicowego do oczyszczania spalin z silnik\u00f3w Diesla oraz stanowisko do badania strumienicy gazowo-cieczowej.<\/p>\n<p>Prototypowy uk\u0142ad ch\u0142odniczy strumieniowy<\/p>\n<p><img loading=\"lazy\" decoding=\"async\" class=\"alignnone size-medium wp-image-230\" src=\"https:\/\/wm.pb.edu.pl\/ktc\/wp-content\/uploads\/sites\/5\/2020\/12\/Fotografia-prototypowego-uk\u0142adu-ch\u0142odnicznego-strumienicowego-225x300.jpg\" alt=\"Fotografia prototypowego uk\u0142adu ch\u0142odniczego strumienicowego\" width=\"225\" height=\"300\" srcset=\"https:\/\/wm.pb.edu.pl\/ktc\/wp-content\/uploads\/sites\/5\/2020\/12\/Fotografia-prototypowego-uk\u0142adu-ch\u0142odnicznego-strumienicowego-225x300.jpg 225w, https:\/\/wm.pb.edu.pl\/ktc\/wp-content\/uploads\/sites\/5\/2020\/12\/Fotografia-prototypowego-uk\u0142adu-ch\u0142odnicznego-strumienicowego-768x1024.jpg 768w, https:\/\/wm.pb.edu.pl\/ktc\/wp-content\/uploads\/sites\/5\/2020\/12\/Fotografia-prototypowego-uk\u0142adu-ch\u0142odnicznego-strumienicowego-1152x1536.jpg 1152w, https:\/\/wm.pb.edu.pl\/ktc\/wp-content\/uploads\/sites\/5\/2020\/12\/Fotografia-prototypowego-uk\u0142adu-ch\u0142odnicznego-strumienicowego.jpg 1386w\" sizes=\"auto, (max-width: 225px) 100vw, 225px\" \/><\/p>\n<p>Propanowy uk\u0142ad ch\u0142odniczy<\/p>\n<p><img loading=\"lazy\" decoding=\"async\" class=\"alignnone size-medium wp-image-243\" src=\"https:\/\/wm.pb.edu.pl\/ktc\/wp-content\/uploads\/sites\/5\/2020\/12\/Propanowy-uk\u0142ad-ch\u0142odniczy-225x300.jpg\" alt=\"Propanowy uk\u0142ad ch\u0142odniczy\" width=\"225\" height=\"300\" srcset=\"https:\/\/wm.pb.edu.pl\/ktc\/wp-content\/uploads\/sites\/5\/2020\/12\/Propanowy-uk\u0142ad-ch\u0142odniczy-225x300.jpg 225w, https:\/\/wm.pb.edu.pl\/ktc\/wp-content\/uploads\/sites\/5\/2020\/12\/Propanowy-uk\u0142ad-ch\u0142odniczy.jpg 506w\" sizes=\"auto, (max-width: 225px) 100vw, 225px\" \/><\/p>\n<p>Tunel do badania wymiennik\u00f3w ciep\u0142a typu czynnik-powietrze<\/p>\n<p><img loading=\"lazy\" decoding=\"async\" class=\"alignnone size-medium wp-image-244\" src=\"https:\/\/wm.pb.edu.pl\/ktc\/wp-content\/uploads\/sites\/5\/2020\/12\/Tunel-do-badania-wymiennik\u00f3w-ciep\u0142a-typu-czynnik-powietrze-225x300.jpg\" alt=\"Tunel do badania wymiennik\u00f3w ciep\u0142a typu czynnik-powietrze\" width=\"225\" height=\"300\" srcset=\"https:\/\/wm.pb.edu.pl\/ktc\/wp-content\/uploads\/sites\/5\/2020\/12\/Tunel-do-badania-wymiennik\u00f3w-ciep\u0142a-typu-czynnik-powietrze-225x300.jpg 225w, https:\/\/wm.pb.edu.pl\/ktc\/wp-content\/uploads\/sites\/5\/2020\/12\/Tunel-do-badania-wymiennik\u00f3w-ciep\u0142a-typu-czynnik-powietrze.jpg 506w\" sizes=\"auto, (max-width: 225px) 100vw, 225px\" \/><\/p>\n<p>Uk\u0142ad strumienicowy do oczyszczania spalin (absorbcji SO<sub>2<\/sub>) z silnika Diesla<\/p>\n<p><img loading=\"lazy\" decoding=\"async\" class=\"alignnone size-medium wp-image-245\" src=\"https:\/\/wm.pb.edu.pl\/ktc\/wp-content\/uploads\/sites\/5\/2020\/12\/Uk\u0142ad-strumienicowy-do-oczyszczania-spalin-absorbcji-SO2-z-silnika-Diesla-225x300.jpg\" alt=\"Uk\u0142ad strumienicowy do oczyszczania spalin (absorbcji SO2) z silnika Diesla\" width=\"225\" height=\"300\" srcset=\"https:\/\/wm.pb.edu.pl\/ktc\/wp-content\/uploads\/sites\/5\/2020\/12\/Uk\u0142ad-strumienicowy-do-oczyszczania-spalin-absorbcji-SO2-z-silnika-Diesla-225x300.jpg 225w, https:\/\/wm.pb.edu.pl\/ktc\/wp-content\/uploads\/sites\/5\/2020\/12\/Uk\u0142ad-strumienicowy-do-oczyszczania-spalin-absorbcji-SO2-z-silnika-Diesla-rotated.jpg 498w\" sizes=\"auto, (max-width: 225px) 100vw, 225px\" \/><\/p>\n<p>Stanowisko badawcze strumienicy gazowo-cieczowej<\/p>\n<p><img loading=\"lazy\" decoding=\"async\" class=\"alignnone size-medium wp-image-247\" src=\"https:\/\/wm.pb.edu.pl\/ktc\/wp-content\/uploads\/sites\/5\/2020\/12\/Stanowisko-badawcze-strumienicy-gazowo-cieczowej-e1608537667184-225x300.jpg\" alt=\"Stanowisko badawcze strumienicy gazowo-cieczowej\" width=\"225\" height=\"300\" srcset=\"https:\/\/wm.pb.edu.pl\/ktc\/wp-content\/uploads\/sites\/5\/2020\/12\/Stanowisko-badawcze-strumienicy-gazowo-cieczowej-e1608537667184-225x300.jpg 225w, https:\/\/wm.pb.edu.pl\/ktc\/wp-content\/uploads\/sites\/5\/2020\/12\/Stanowisko-badawcze-strumienicy-gazowo-cieczowej-e1608537667184.jpg 546w\" sizes=\"auto, (max-width: 225px) 100vw, 225px\" \/><\/p>\n<p><strong>Pracownia Mechaniki P\u0142yn\u00f3w<\/strong> obejmuje zagadnienia mechaniki p\u0142yn\u00f3w oraz przep\u0142yw\u00f3w wielofazowych. W ramach Pracowni funkcjonuj\u0105 stanowiska dydaktyczne do pomiaru ci\u015bnienia, nat\u0119\u017cenia przep\u0142ywu, pr\u0119dko\u015bci oraz stanowisko do wyznaczania wsp\u00f3\u0142czynnik\u00f3w strat liniowych i miejscowych oraz do badania pomp wirowych. Pracownia przep\u0142yw\u00f3w wielofazowych wyposa\u017cona jest w stanowiska do rejestracji i analizy struktur przep\u0142yw\u00f3w wielofazowych na bazie szybkiej kamery monochromatycznej z oprogramowaniem, stanowiska ch\u0142odnicze do generacji przep\u0142yw\u00f3w dwufazowych, stanowisko do budowy zaawansowanych uk\u0142ad\u00f3w pomiaru parametr\u00f3w cieplno-przep\u0142ywowych.<\/p>\n<p>Stanowisko do wyznaczania wsp\u00f3\u0142czynnik\u00f3w strat liniowych i lokalnych<\/p>\n<p><img loading=\"lazy\" decoding=\"async\" class=\"alignnone size-medium wp-image-248\" src=\"https:\/\/wm.pb.edu.pl\/ktc\/wp-content\/uploads\/sites\/5\/2020\/12\/Stanowisko-do-wyznaczania-wsp\u00f3\u0142czynnik\u00f3w-strat-liniowych-i-lokalnych-300x225.jpg\" alt=\"Stanowisko do wyznaczania wsp\u00f3\u0142czynnik\u00f3w strat liniowych i lokalnych\" width=\"300\" height=\"225\" srcset=\"https:\/\/wm.pb.edu.pl\/ktc\/wp-content\/uploads\/sites\/5\/2020\/12\/Stanowisko-do-wyznaczania-wsp\u00f3\u0142czynnik\u00f3w-strat-liniowych-i-lokalnych-300x225.jpg 300w, https:\/\/wm.pb.edu.pl\/ktc\/wp-content\/uploads\/sites\/5\/2020\/12\/Stanowisko-do-wyznaczania-wsp\u00f3\u0142czynnik\u00f3w-strat-liniowych-i-lokalnych.jpg 659w\" sizes=\"auto, (max-width: 300px) 100vw, 300px\" \/><\/p>\n<p>Stanowisko ch\u0142odnicze do wizualizacji przep\u0142yw\u00f3w dwufazowych<\/p>\n<p><img loading=\"lazy\" decoding=\"async\" class=\"alignnone size-medium wp-image-249\" src=\"https:\/\/wm.pb.edu.pl\/ktc\/wp-content\/uploads\/sites\/5\/2020\/12\/Stanowisko-ch\u0142odnicze-do-wizualizacji-przep\u0142yw\u00f3w-dwufazowych-300x225.jpg\" alt=\"Stanowisko ch\u0142odnicze do wizualizacji przep\u0142yw\u00f3w dwufazowych\" width=\"300\" height=\"225\" srcset=\"https:\/\/wm.pb.edu.pl\/ktc\/wp-content\/uploads\/sites\/5\/2020\/12\/Stanowisko-ch\u0142odnicze-do-wizualizacji-przep\u0142yw\u00f3w-dwufazowych-300x225.jpg 300w, https:\/\/wm.pb.edu.pl\/ktc\/wp-content\/uploads\/sites\/5\/2020\/12\/Stanowisko-ch\u0142odnicze-do-wizualizacji-przep\u0142yw\u00f3w-dwufazowych.jpg 650w\" sizes=\"auto, (max-width: 300px) 100vw, 300px\" \/><\/p>\n","protected":false},"excerpt":{"rendered":"<p>W sk\u0142ad Laboratorium Techniki Cieplnej wchodz\u0105 pracownie: Techniki Cieplnej, Ch\u0142odnictwa (w tym Uk\u0142ad\u00f3w Strumienicowych), Mechaniki<a class=\"read-more\" href=\"https:\/\/wm.pb.edu.pl\/ktc\/laboratoria\/\" title=\"Poka\u017c artyku\u0142 Laboratoria\">wi\u0119cej<\/a><\/p>\n","protected":false},"author":5,"featured_media":0,"parent":0,"menu_order":5,"comment_status":"closed","ping_status":"closed","template":"","meta":{"inline_featured_image":false,"ngg_post_thumbnail":0,"footnotes":""},"class_list":["post-50","page","type-page","status-publish","hentry"],"acf":[],"yoast_head":"<!-- This site is optimized with the Yoast SEO plugin v26.4 - https:\/\/yoast.com\/wordpress\/plugins\/seo\/ -->\n<title>Laboratoria - Katedra Techniki Cieplnej<\/title>\n<meta name=\"robots\" content=\"index, follow, max-snippet:-1, max-image-preview:large, max-video-preview:-1\" \/>\n<link rel=\"canonical\" href=\"https:\/\/wm.pb.edu.pl\/ktc\/laboratoria\/\" \/>\n<meta property=\"og:locale\" content=\"pl_PL\" \/>\n<meta property=\"og:type\" content=\"article\" \/>\n<meta property=\"og:title\" content=\"Laboratoria - Katedra Techniki Cieplnej\" \/>\n<meta property=\"og:description\" content=\"W sk\u0142ad Laboratorium Techniki Cieplnej wchodz\u0105 pracownie: Techniki Cieplnej, Ch\u0142odnictwa (w tym Uk\u0142ad\u00f3w Strumienicowych), Mechanikiwi\u0119cej\" \/>\n<meta property=\"og:url\" content=\"https:\/\/wm.pb.edu.pl\/ktc\/laboratoria\/\" \/>\n<meta property=\"og:site_name\" content=\"Katedra Techniki Cieplnej\" \/>\n<meta property=\"article:modified_time\" content=\"2020-12-21T08:04:20+00:00\" \/>\n<meta property=\"og:image\" content=\"https:\/\/wm.pb.edu.pl\/ktc\/wp-content\/uploads\/sites\/5\/2020\/12\/Instalacja-parowa.jpg\" \/>\n\t<meta property=\"og:image:width\" content=\"632\" \/>\n\t<meta property=\"og:image:height\" content=\"474\" \/>\n\t<meta property=\"og:image:type\" content=\"image\/jpeg\" \/>\n<meta name=\"twitter:card\" content=\"summary_large_image\" \/>\n<meta name=\"twitter:label1\" content=\"Szacowany czas czytania\" \/>\n\t<meta name=\"twitter:data1\" content=\"2 minuty\" \/>\n<script type=\"application\/ld+json\" class=\"yoast-schema-graph\">{\"@context\":\"https:\/\/schema.org\",\"@graph\":[{\"@type\":\"WebPage\",\"@id\":\"https:\/\/wm.pb.edu.pl\/ktc\/laboratoria\/\",\"url\":\"https:\/\/wm.pb.edu.pl\/ktc\/laboratoria\/\",\"name\":\"Laboratoria - Katedra Techniki Cieplnej\",\"isPartOf\":{\"@id\":\"https:\/\/wm.pb.edu.pl\/ktc\/#website\"},\"primaryImageOfPage\":{\"@id\":\"https:\/\/wm.pb.edu.pl\/ktc\/laboratoria\/#primaryimage\"},\"image\":{\"@id\":\"https:\/\/wm.pb.edu.pl\/ktc\/laboratoria\/#primaryimage\"},\"thumbnailUrl\":\"https:\/\/wm.pb.edu.pl\/ktc\/wp-content\/uploads\/sites\/5\/2020\/12\/Instalacja-parowa-300x225.jpg\",\"datePublished\":\"2018-06-26T09:30:32+00:00\",\"dateModified\":\"2020-12-21T08:04:20+00:00\",\"breadcrumb\":{\"@id\":\"https:\/\/wm.pb.edu.pl\/ktc\/laboratoria\/#breadcrumb\"},\"inLanguage\":\"pl-PL\",\"potentialAction\":[{\"@type\":\"ReadAction\",\"target\":[\"https:\/\/wm.pb.edu.pl\/ktc\/laboratoria\/\"]}]},{\"@type\":\"ImageObject\",\"inLanguage\":\"pl-PL\",\"@id\":\"https:\/\/wm.pb.edu.pl\/ktc\/laboratoria\/#primaryimage\",\"url\":\"https:\/\/wm.pb.edu.pl\/ktc\/wp-content\/uploads\/sites\/5\/2020\/12\/Instalacja-parowa.jpg\",\"contentUrl\":\"https:\/\/wm.pb.edu.pl\/ktc\/wp-content\/uploads\/sites\/5\/2020\/12\/Instalacja-parowa.jpg\",\"width\":632,\"height\":474,\"caption\":\"Instalacja parowa\"},{\"@type\":\"BreadcrumbList\",\"@id\":\"https:\/\/wm.pb.edu.pl\/ktc\/laboratoria\/#breadcrumb\",\"itemListElement\":[{\"@type\":\"ListItem\",\"position\":1,\"name\":\"Strona g\u0142\u00f3wna\",\"item\":\"https:\/\/wm.pb.edu.pl\/ktc\/\"},{\"@type\":\"ListItem\",\"position\":2,\"name\":\"Laboratoria\"}]},{\"@type\":\"WebSite\",\"@id\":\"https:\/\/wm.pb.edu.pl\/ktc\/#website\",\"url\":\"https:\/\/wm.pb.edu.pl\/ktc\/\",\"name\":\"Katedra Techniki Cieplnej\",\"description\":\"\",\"potentialAction\":[{\"@type\":\"SearchAction\",\"target\":{\"@type\":\"EntryPoint\",\"urlTemplate\":\"https:\/\/wm.pb.edu.pl\/ktc\/?s={search_term_string}\"},\"query-input\":{\"@type\":\"PropertyValueSpecification\",\"valueRequired\":true,\"valueName\":\"search_term_string\"}}],\"inLanguage\":\"pl-PL\"}]}<\/script>\n<!-- \/ Yoast SEO plugin. -->","yoast_head_json":{"title":"Laboratoria - Katedra Techniki Cieplnej","robots":{"index":"index","follow":"follow","max-snippet":"max-snippet:-1","max-image-preview":"max-image-preview:large","max-video-preview":"max-video-preview:-1"},"canonical":"https:\/\/wm.pb.edu.pl\/ktc\/laboratoria\/","og_locale":"pl_PL","og_type":"article","og_title":"Laboratoria - Katedra Techniki Cieplnej","og_description":"W sk\u0142ad Laboratorium Techniki Cieplnej wchodz\u0105 pracownie: Techniki Cieplnej, Ch\u0142odnictwa (w tym Uk\u0142ad\u00f3w Strumienicowych), Mechanikiwi\u0119cej","og_url":"https:\/\/wm.pb.edu.pl\/ktc\/laboratoria\/","og_site_name":"Katedra Techniki Cieplnej","article_modified_time":"2020-12-21T08:04:20+00:00","og_image":[{"width":632,"height":474,"url":"https:\/\/wm.pb.edu.pl\/ktc\/wp-content\/uploads\/sites\/5\/2020\/12\/Instalacja-parowa.jpg","type":"image\/jpeg"}],"twitter_card":"summary_large_image","twitter_misc":{"Szacowany czas czytania":"2 minuty"},"schema":{"@context":"https:\/\/schema.org","@graph":[{"@type":"WebPage","@id":"https:\/\/wm.pb.edu.pl\/ktc\/laboratoria\/","url":"https:\/\/wm.pb.edu.pl\/ktc\/laboratoria\/","name":"Laboratoria - Katedra Techniki Cieplnej","isPartOf":{"@id":"https:\/\/wm.pb.edu.pl\/ktc\/#website"},"primaryImageOfPage":{"@id":"https:\/\/wm.pb.edu.pl\/ktc\/laboratoria\/#primaryimage"},"image":{"@id":"https:\/\/wm.pb.edu.pl\/ktc\/laboratoria\/#primaryimage"},"thumbnailUrl":"https:\/\/wm.pb.edu.pl\/ktc\/wp-content\/uploads\/sites\/5\/2020\/12\/Instalacja-parowa-300x225.jpg","datePublished":"2018-06-26T09:30:32+00:00","dateModified":"2020-12-21T08:04:20+00:00","breadcrumb":{"@id":"https:\/\/wm.pb.edu.pl\/ktc\/laboratoria\/#breadcrumb"},"inLanguage":"pl-PL","potentialAction":[{"@type":"ReadAction","target":["https:\/\/wm.pb.edu.pl\/ktc\/laboratoria\/"]}]},{"@type":"ImageObject","inLanguage":"pl-PL","@id":"https:\/\/wm.pb.edu.pl\/ktc\/laboratoria\/#primaryimage","url":"https:\/\/wm.pb.edu.pl\/ktc\/wp-content\/uploads\/sites\/5\/2020\/12\/Instalacja-parowa.jpg","contentUrl":"https:\/\/wm.pb.edu.pl\/ktc\/wp-content\/uploads\/sites\/5\/2020\/12\/Instalacja-parowa.jpg","width":632,"height":474,"caption":"Instalacja parowa"},{"@type":"BreadcrumbList","@id":"https:\/\/wm.pb.edu.pl\/ktc\/laboratoria\/#breadcrumb","itemListElement":[{"@type":"ListItem","position":1,"name":"Strona g\u0142\u00f3wna","item":"https:\/\/wm.pb.edu.pl\/ktc\/"},{"@type":"ListItem","position":2,"name":"Laboratoria"}]},{"@type":"WebSite","@id":"https:\/\/wm.pb.edu.pl\/ktc\/#website","url":"https:\/\/wm.pb.edu.pl\/ktc\/","name":"Katedra Techniki Cieplnej","description":"","potentialAction":[{"@type":"SearchAction","target":{"@type":"EntryPoint","urlTemplate":"https:\/\/wm.pb.edu.pl\/ktc\/?s={search_term_string}"},"query-input":{"@type":"PropertyValueSpecification","valueRequired":true,"valueName":"search_term_string"}}],"inLanguage":"pl-PL"}]}},"_links":{"self":[{"href":"https:\/\/wm.pb.edu.pl\/ktc\/wp-json\/wp\/v2\/pages\/50","targetHints":{"allow":["GET"]}}],"collection":[{"href":"https:\/\/wm.pb.edu.pl\/ktc\/wp-json\/wp\/v2\/pages"}],"about":[{"href":"https:\/\/wm.pb.edu.pl\/ktc\/wp-json\/wp\/v2\/types\/page"}],"author":[{"embeddable":true,"href":"https:\/\/wm.pb.edu.pl\/ktc\/wp-json\/wp\/v2\/users\/5"}],"replies":[{"embeddable":true,"href":"https:\/\/wm.pb.edu.pl\/ktc\/wp-json\/wp\/v2\/comments?post=50"}],"version-history":[{"count":19,"href":"https:\/\/wm.pb.edu.pl\/ktc\/wp-json\/wp\/v2\/pages\/50\/revisions"}],"predecessor-version":[{"id":251,"href":"https:\/\/wm.pb.edu.pl\/ktc\/wp-json\/wp\/v2\/pages\/50\/revisions\/251"}],"wp:attachment":[{"href":"https:\/\/wm.pb.edu.pl\/ktc\/wp-json\/wp\/v2\/media?parent=50"}],"curies":[{"name":"wp","href":"https:\/\/api.w.org\/{rel}","templated":true}]}}