{"id":18,"date":"2018-06-26T11:08:19","date_gmt":"2018-06-26T09:08:19","guid":{"rendered":"https:\/\/wm.pb.edu.pl\/kair\/?page_id=18"},"modified":"2024-02-09T12:57:52","modified_gmt":"2024-02-09T11:57:52","slug":"o-katedrze","status":"publish","type":"page","link":"https:\/\/wm.pb.edu.pl\/kud\/o-katedrze\/","title":{"rendered":"O katedrze"},"content":{"rendered":"<p id=\"night_mode_2963\"><strong>Katedra Uk\u0142ad\u00f3w Dynamicznych powsta\u0142a w wyniku wydzielenia z Katedry Mechaniki i Informatyki Stosowanej zespo\u0142u zajmuj\u0105cego si\u0119 badaniami dynamiki przep\u0142yw\u00f3w.&nbsp;<\/strong><\/p>\n<p id=\"night_mode_2965\">W ramach prac zespo\u0142u prowadzone by\u0142y nast\u0119puj\u0105ce badania:&nbsp;<\/p>\n<ul>\n<li>Oddzia\u0142ywanie pomi\u0119dzy p\u0119cherzami gazowymi odrywaj\u0105cymi si\u0119 od kraw\u0119dzi dysz,&nbsp;<\/li>\n<li>Dynamika formowania si\u0119 p\u0119cherzy w cieczy ponad wylotem dyszy przy ma\u0142ych wydatkach powietrza,&nbsp;<\/li>\n<li>Niestabilno\u015b\u0107 ci\u015bnieniowa wrzenia w r\u00f3wnoleg\u0142ych kana\u0142ach o ma\u0142ej \u015brednicy,&nbsp;<\/li>\n<li>Badania dynamiki przep\u0142yw\u00f3w dwufazowych w minikanale o przekroju ko\u0142owym,&nbsp;<\/li>\n<li>Multifraktalna analiza trajektorii p\u0119cherzy gazowych,&nbsp;<\/li>\n<li>Zastosowanie analizy obrazu do identyfikacji struktur przep\u0142yw\u00f3w dwufazowych oraz badania ich dynamiki<\/li>\n<li>Badania do\u015bwiadczalne i identyfikacja numeryczna dynamiki struktur przep\u0142ywu dwufazowego we wrzeniu w mini- i mikrokana\u0142ach<\/li>\n<\/ul>\n<p id=\"night_mode_2969\">Granty:&nbsp;<\/p>\n<ul>\n<li>dr in\u017c. Tomasz Wyszkowski, Dynamika oddzia\u0142ywania p\u0119cherzy gazowych w procesie niestacjonarnego formowania si\u0119 u wylotu dysz zanurzonych w cieczy newtonowskiej, Politechnika Bia\u0142ostocka; Wydzia\u0142 Mechaniczny, Preludium 2, NCN.<\/li>\n<li>dr in\u017c. Pawe\u0142 Dzienis, Badanie dynamiki zalewania dyszy ciecz\u0105 podczas formowania si\u0119 kolumny p\u0119cherzy, Politechnika Bia\u0142ostocka; Wydzia\u0142 Mechaniczny, Preludium 7, NCN.<\/li>\n<li>dr in\u017c. Hubert Grzybowski, Analiza niestabilno\u015bci wrzenia w r\u00f3wnoleg\u0142ych minikana\u0142ach, Politechnika Bia\u0142ostocka, Wydzia\u0142 Mechaniczny, Preludium 9, NCN.<\/li>\n<li>Prof. dr hab. in\u017c. R. Mosdorf, Badania dynamiki wzajemnego oddzia\u0142ywania p\u0119cherzy gazowych wydostaj\u0105cych si\u0119 z dysz, Politechnika Bia\u0142ostocka; Wydzia\u0142 Mechaniczny, Grant MNiSW (N N503 138936). 2009 -2011<\/li>\n<li>Prof. dr hab. in\u017c. R. Mosdorf, Identyfikacja struktur przep\u0142ywu dwufazowego w minikanale z zastosowaniem metod nieliniowej analizy danych, Politechnika Bia\u0142ostocka; Wydzia\u0142 Mechaniczny. Grant NCN (DEC-2013\/09\/B\/ST8\/02850). 2014 -2016<\/li>\n<\/ul>\n<p id=\"night_mode_2972\">Do zespo\u0142u do\u0142\u0105czyli pracownicy <strong>Katedry Robotyki i Mechatroniki<\/strong>&nbsp;prowadz\u0105cy nast\u0119puj\u0105ce badania:<\/p>\n<ul>\n<li>Badanie uk\u0142ad\u00f3w odzyskiwania energii z drga\u0144 wybranych konstrukcji mechanicznych<\/li>\n<li>Nap\u0119dy mechatroniczne<\/li>\n<li>Modelowanie pneumatycznych uk\u0142ad\u00f3w nap\u0119dowych<\/li>\n<li>Modelowanie i analiza parametr\u00f3w ruchu efektora manipulator\u00f3w<\/li>\n<li>Sterowanie drganiami uk\u0142ad\u00f3w mechanicznych<\/li>\n<li>Modelowanie, diagnostyka i sterowanie wybranych uk\u0142ad\u00f3w autonomicznych robot\u00f3w mobilnych<\/li>\n<li>Nieliniowe uk\u0142ady sterowania z czasem dyskretnym<\/li>\n<\/ul>\n<p><strong>Na kierownika Katedry Uk\u0142ad\u00f3w Dynamicznych powo\u0142any zosta\u0142 prof. dr hab. in\u017c. Romuald Pawe\u0142 Mosdorf.<\/strong><\/p>\n<p>&nbsp;<\/p>\n","protected":false},"excerpt":{"rendered":"<p>Katedra Uk\u0142ad\u00f3w Dynamicznych powsta\u0142a w wyniku wydzielenia z Katedry Mechaniki i Informatyki Stosowanej zespo\u0142u zajmuj\u0105cego<a class=\"read-more\" href=\"https:\/\/wm.pb.edu.pl\/kud\/o-katedrze\/\" title=\"Poka\u017c artyku\u0142 O katedrze\">wi\u0119cej<\/a><\/p>\n","protected":false},"author":4,"featured_media":0,"parent":0,"menu_order":1,"comment_status":"closed","ping_status":"closed","template":"","meta":{"inline_featured_image":false,"ngg_post_thumbnail":0,"footnotes":""},"class_list":["post-18","page","type-page","status-publish","hentry"],"acf":[],"yoast_head":"<!-- This site is optimized with the Yoast SEO plugin v26.4 - https:\/\/yoast.com\/wordpress\/plugins\/seo\/ -->\n<title>O katedrze - Katedra Uk\u0142ad\u00f3w Dynamicznych<\/title>\n<meta name=\"robots\" content=\"index, follow, max-snippet:-1, max-image-preview:large, max-video-preview:-1\" \/>\n<link rel=\"canonical\" href=\"https:\/\/wm.pb.edu.pl\/kud\/o-katedrze\/\" \/>\n<meta name=\"twitter:label1\" content=\"Szacowany czas czytania\" \/>\n\t<meta name=\"twitter:data1\" content=\"2 minuty\" \/>\n<script type=\"application\/ld+json\" class=\"yoast-schema-graph\">{\"@context\":\"https:\/\/schema.org\",\"@graph\":[{\"@type\":\"WebPage\",\"@id\":\"https:\/\/wm.pb.edu.pl\/kud\/o-katedrze\/\",\"url\":\"https:\/\/wm.pb.edu.pl\/kud\/o-katedrze\/\",\"name\":\"O katedrze - Katedra Uk\u0142ad\u00f3w Dynamicznych\",\"isPartOf\":{\"@id\":\"https:\/\/wm.pb.edu.pl\/kud\/#website\"},\"datePublished\":\"2018-06-26T09:08:19+00:00\",\"dateModified\":\"2024-02-09T11:57:52+00:00\",\"breadcrumb\":{\"@id\":\"https:\/\/wm.pb.edu.pl\/kud\/o-katedrze\/#breadcrumb\"},\"inLanguage\":\"pl-PL\",\"potentialAction\":[{\"@type\":\"ReadAction\",\"target\":[\"https:\/\/wm.pb.edu.pl\/kud\/o-katedrze\/\"]}]},{\"@type\":\"BreadcrumbList\",\"@id\":\"https:\/\/wm.pb.edu.pl\/kud\/o-katedrze\/#breadcrumb\",\"itemListElement\":[{\"@type\":\"ListItem\",\"position\":1,\"name\":\"Strona g\u0142\u00f3wna\",\"item\":\"https:\/\/wm.pb.edu.pl\/kud\/\"},{\"@type\":\"ListItem\",\"position\":2,\"name\":\"O katedrze\"}]},{\"@type\":\"WebSite\",\"@id\":\"https:\/\/wm.pb.edu.pl\/kud\/#website\",\"url\":\"https:\/\/wm.pb.edu.pl\/kud\/\",\"name\":\"Katedra Uk\u0142ad\u00f3w Dynamicznych\",\"description\":\"\",\"potentialAction\":[{\"@type\":\"SearchAction\",\"target\":{\"@type\":\"EntryPoint\",\"urlTemplate\":\"https:\/\/wm.pb.edu.pl\/kud\/?s={search_term_string}\"},\"query-input\":{\"@type\":\"PropertyValueSpecification\",\"valueRequired\":true,\"valueName\":\"search_term_string\"}}],\"inLanguage\":\"pl-PL\"}]}<\/script>\n<!-- \/ Yoast SEO plugin. -->","yoast_head_json":{"title":"O katedrze - Katedra Uk\u0142ad\u00f3w Dynamicznych","robots":{"index":"index","follow":"follow","max-snippet":"max-snippet:-1","max-image-preview":"max-image-preview:large","max-video-preview":"max-video-preview:-1"},"canonical":"https:\/\/wm.pb.edu.pl\/kud\/o-katedrze\/","twitter_misc":{"Szacowany czas czytania":"2 minuty"},"schema":{"@context":"https:\/\/schema.org","@graph":[{"@type":"WebPage","@id":"https:\/\/wm.pb.edu.pl\/kud\/o-katedrze\/","url":"https:\/\/wm.pb.edu.pl\/kud\/o-katedrze\/","name":"O katedrze - Katedra Uk\u0142ad\u00f3w Dynamicznych","isPartOf":{"@id":"https:\/\/wm.pb.edu.pl\/kud\/#website"},"datePublished":"2018-06-26T09:08:19+00:00","dateModified":"2024-02-09T11:57:52+00:00","breadcrumb":{"@id":"https:\/\/wm.pb.edu.pl\/kud\/o-katedrze\/#breadcrumb"},"inLanguage":"pl-PL","potentialAction":[{"@type":"ReadAction","target":["https:\/\/wm.pb.edu.pl\/kud\/o-katedrze\/"]}]},{"@type":"BreadcrumbList","@id":"https:\/\/wm.pb.edu.pl\/kud\/o-katedrze\/#breadcrumb","itemListElement":[{"@type":"ListItem","position":1,"name":"Strona g\u0142\u00f3wna","item":"https:\/\/wm.pb.edu.pl\/kud\/"},{"@type":"ListItem","position":2,"name":"O katedrze"}]},{"@type":"WebSite","@id":"https:\/\/wm.pb.edu.pl\/kud\/#website","url":"https:\/\/wm.pb.edu.pl\/kud\/","name":"Katedra Uk\u0142ad\u00f3w Dynamicznych","description":"","potentialAction":[{"@type":"SearchAction","target":{"@type":"EntryPoint","urlTemplate":"https:\/\/wm.pb.edu.pl\/kud\/?s={search_term_string}"},"query-input":{"@type":"PropertyValueSpecification","valueRequired":true,"valueName":"search_term_string"}}],"inLanguage":"pl-PL"}]}},"_links":{"self":[{"href":"https:\/\/wm.pb.edu.pl\/kud\/wp-json\/wp\/v2\/pages\/18","targetHints":{"allow":["GET"]}}],"collection":[{"href":"https:\/\/wm.pb.edu.pl\/kud\/wp-json\/wp\/v2\/pages"}],"about":[{"href":"https:\/\/wm.pb.edu.pl\/kud\/wp-json\/wp\/v2\/types\/page"}],"author":[{"embeddable":true,"href":"https:\/\/wm.pb.edu.pl\/kud\/wp-json\/wp\/v2\/users\/4"}],"replies":[{"embeddable":true,"href":"https:\/\/wm.pb.edu.pl\/kud\/wp-json\/wp\/v2\/comments?post=18"}],"version-history":[{"count":16,"href":"https:\/\/wm.pb.edu.pl\/kud\/wp-json\/wp\/v2\/pages\/18\/revisions"}],"predecessor-version":[{"id":687,"href":"https:\/\/wm.pb.edu.pl\/kud\/wp-json\/wp\/v2\/pages\/18\/revisions\/687"}],"wp:attachment":[{"href":"https:\/\/wm.pb.edu.pl\/kud\/wp-json\/wp\/v2\/media?parent=18"}],"curies":[{"name":"wp","href":"https:\/\/api.w.org\/{rel}","templated":true}]}}