{"id":28,"date":"2018-06-26T11:15:45","date_gmt":"2018-06-26T09:15:45","guid":{"rendered":"https:\/\/wm.pb.edu.pl\/kair\/?page_id=28"},"modified":"2026-03-31T10:35:25","modified_gmt":"2026-03-31T08:35:25","slug":"pracownicy","status":"publish","type":"page","link":"https:\/\/wm.pb.edu.pl\/kud\/pracownicy\/","title":{"rendered":"Pracownicy"},"content":{"rendered":"<h2>NAUKOWO-DYDAKTYCZNI:<\/h2>\n<table class=\"table table-bordered\" style=\"width: 100%;height: 520px\">\n<thead>\n<tr style=\"height: 38px\">\n<th style=\"width: 17.4174%;height: 38px\"><strong>Imi\u0119 i Nazwisko<\/strong><\/th>\n<th style=\"width: 19.8198%;height: 38px\">Stopie\u0144\/tytu\u0142 naukowy<\/th>\n<th style=\"width: 12.1121%;height: 38px\">Pok\u00f3j<\/th>\n<th style=\"width: 12.4124%;height: 38px\"><strong>Telefon<\/strong><\/th>\n<th style=\"width: 29.2292%;height: 38px\"><strong>e-mail<\/strong><\/th>\n<th style=\"width: 9.00901%;height: 38px\"><strong>Profil naukowy&nbsp;<\/strong><\/th>\n<\/tr>\n<\/thead>\n<tbody>\n<tr style=\"height: 36px\">\n<td style=\"width: 17.4174%;height: 36px;text-align: left\" width=\"614\"><strong><span class=\"authorName\">Romuald Pawe\u0142 Mosdorf <\/span><\/strong><\/td>\n<td style=\"width: 19.8198%;height: 36px;text-align: left\" width=\"152\"><strong>prof.<\/strong><\/td>\n<td style=\"width: 12.1121%;height: 36px;text-align: left\" width=\"60\"><strong>338<\/strong><\/td>\n<td style=\"width: 12.4124%;height: 36px;text-align: left\" width=\"80\">571-443-031<\/td>\n<td style=\"width: 29.2292%;height: 36px;text-align: left\" width=\"193\"><strong>r.mosdorf[at]pb.edu.pl<\/strong><\/td>\n<td style=\"width: 9.00901%;height: 36px;text-align: left\"><a title=\"Otworzy si\u0119 w nowej karcie\" href=\"https:\/\/bazawiedzy.pb.edu.pl\/info\/author\/BUTcbd514cd323f47c9a76922ff5b3830e3?r=author&amp;tab=&amp;title=Profil%2Bosoby%2B%25E2%2580%2593%2BRomuald%2BPawe%25C5%2582%2BMosdorf%2B%25E2%2580%2593%2BPolitechnika%2BBia%25C5%2582ostocka&amp;lang=pl\" target=\"_blank\" rel=\"noopener noreferrer\">Baza wiedzy<\/a><\/td>\n<\/tr>\n<tr style=\"height: 36px\">\n<td style=\"width: 17.4174%;height: 36px\" width=\"614\">Kazimierz Dzier\u017cek&nbsp;<\/td>\n<td style=\"width: 19.8198%;height: 36px\">dr hab. in\u017c.<\/td>\n<td style=\"width: 12.1121%;height: 36px\">308<\/td>\n<td style=\"width: 12.4124%;height: 36px\">600-231-636<\/td>\n<td style=\"width: 29.2292%;height: 36px\">k.dzierzek[at]pb.edu.pl<\/td>\n<td style=\"width: 9.00901%;height: 36px\"><a title=\"Otworzy si\u0119 w nowej karcie\" href=\"https:\/\/bazawiedzy.pb.edu.pl\/info\/author\/BUTe9a48cfa392845819ed5c0f0cd4f0a36\/Kazimierz%2BDzier%25C5%25BCek?aq=%40status%3Apracownik%2Cauthorprofile%2F%40possitionPL%3Aadiunkt%2C%40active%3D%27true%27%2C%40virt_affiliation%3ABUT6813a91e593d43aab6ee7228ca2c78a9&amp;r=author&amp;tab=&amp;lang=pl\" target=\"_blank\" rel=\"noopener noreferrer\">Baza wiedzy<\/a><\/td>\n<\/tr>\n<tr style=\"height: 38px\">\n<td style=\"width: 17.4174%;height: 38px\">\u0141ukasz Derpe\u0144ski&nbsp;<\/td>\n<td style=\"width: 19.8198%;height: 38px\">dr hab. in\u017c.<\/td>\n<td style=\"width: 12.1121%;height: 38px\">328<\/td>\n<td style=\"width: 12.4124%;height: 38px\">571 443 023<\/td>\n<td style=\"width: 29.2292%;height: 38px\">l.derpenski[at]pb.edu.pl<\/td>\n<td style=\"width: 9.00901%;height: 38px\"><a title=\"Otworzy si\u0119 w nowej karcie\" href=\"https:\/\/bazawiedzy.pb.edu.pl\/info\/author\/BUT35c2a094e1174712bcd3ede80d86f1d8?r=author&amp;tab=&amp;title=Profil%2Bosoby%2B%25E2%2580%2593%2B%25C5%2581ukasz%2BDerpe%25C5%2584ski%2B%25E2%2580%2593%2BPolitechnika%2BBia%25C5%2582ostocka&amp;lang=pl\" target=\"_blank\" rel=\"noopener noreferrer\">Baza wiedzy<\/a><\/td>\n<\/tr>\n<tr style=\"height: 36px\">\n<td style=\"width: 17.4174%;height: 36px\" width=\"614\">Kanstantsin Miatluk<\/td>\n<td style=\"width: 19.8198%;height: 36px\">dr hab. in\u017c.<\/td>\n<td style=\"width: 12.1121%;height: 36px\">311&nbsp;&nbsp;&nbsp;<\/td>\n<td style=\"width: 12.4124%;height: 36px\">571-443-057&nbsp;&nbsp;&nbsp;<\/td>\n<td style=\"width: 29.2292%;height: 36px\">k.miatliuk[at]pb.edu.pl<\/td>\n<td style=\"width: 9.00901%;height: 36px\"><a title=\"Otworzy si\u0119 w nowej karcie\" href=\"https:\/\/bazawiedzy.pb.edu.pl\/info\/author\/BUT5fda3e74a42d4ca18cb8eebe7c7801c7\/Kanstantsin%2BMiatluk?aq=%40status%3Apracownik%2Cauthorprofile%2F%40possitionPL%3Aadiunkt%2C%40active%3D%27true%27%2C%40virt_affiliation%3ABUT6813a91e593d43aab6ee7228ca2c78a9&amp;r=author&amp;tab=&amp;lang=pl\" target=\"_blank\" rel=\"noopener noreferrer\">Baza wiedzy<\/a><\/td>\n<\/tr>\n<tr style=\"height: 36px\">\n<td style=\"width: 17.4174%;height: 36px\" width=\"114\">Adam Adamowicz<\/td>\n<td style=\"width: 19.8198%\" width=\"238\">dr hab. in\u017c.<\/td>\n<td style=\"width: 12.1121%;height: 36px\" width=\"103\">344<\/td>\n<td style=\"width: 12.4124%;height: 36px\" width=\"106\">571-443-020<\/td>\n<td style=\"width: 29.2292%;height: 36px\" width=\"180\">a.adamowicz[at]pb.edu.pl<\/td>\n<td style=\"width: 9.00901%;height: 36px\"><a title=\"Otworzy si\u0119 w nowej karcie\" href=\"https:\/\/bazawiedzy.pb.edu.pl\/info.seam?id=BUT01b397db706947e28651aefee068c2e4&amp;affil=&amp;lang=pl\" target=\"_blank\" rel=\"noopener noreferrer\">Baza wiedzy<\/a><\/td>\n<\/tr>\n<tr style=\"height: 36px\">\n<td style=\"width: 17.4174%;height: 36px\" width=\"614\"><a title=\"Zdj\u0119cie pracownika, Otworzy si\u0119 w nowej karcie\" href=\"https:\/\/wm.pb.edu.pl\/krim\/wp-content\/uploads\/sites\/25\/2020\/06\/GRADZKI-RAFAL_1.jpg\" target=\"_blank\" rel=\"noopener noreferrer\">Rafa\u0142 Gr\u0105dzki<\/a><\/td>\n<td style=\"width: 19.8198%;height: 36px\">dr in\u017c.<\/td>\n<td style=\"width: 12.1121%;height: 36px\">310<\/td>\n<td style=\"width: 12.4124%;height: 36px\">571-443-046&nbsp;&nbsp;&nbsp;<\/td>\n<td style=\"width: 29.2292%;height: 36px\">r.gradzki[at]pb.edu.pl<\/td>\n<td style=\"width: 9.00901%;height: 36px\"><a title=\"Otworzy si\u0119 w nowej karcie\" href=\"https:\/\/bazawiedzy.pb.edu.pl\/info\/author\/BUTa5e99b0f89d346ce935bfb34dbd1c304\/Rafa%25C5%2582%2BGr%25C4%2585dzki?aq=%40status%3Apracownik%2Cauthorprofile%2F%40possitionPL%3Aadiunkt%2C%40active%3D%27true%27%2C%40virt_affiliation%3ABUT6813a91e593d43aab6ee7228ca2c78a9&amp;r=author&amp;tab=&amp;lang=pl\" target=\"_blank\" rel=\"noopener noreferrer\">Baza wiedzy<\/a><\/td>\n<\/tr>\n<tr style=\"height: 36px\">\n<td style=\"width: 17.4174%;height: 36px\" width=\"114\">Hubert Grzybowski<\/td>\n<td style=\"width: 19.8198%;height: 36px\" width=\"115\">dr in\u017c.<\/td>\n<td style=\"width: 12.1121%;height: 36px\" width=\"103\">324<\/td>\n<td style=\"width: 12.4124%;height: 36px\" width=\"106\">&nbsp;571-443-027<\/td>\n<td style=\"width: 29.2292%;height: 36px\" width=\"180\">&nbsp;h.grzybowski[at]pb.edu.pl<\/td>\n<td style=\"width: 9.00901%;height: 36px\"><a title=\"Otworzy si\u0119 w nowej karcie\" href=\"https:\/\/bazawiedzy.pb.edu.pl\/info.seam?id=BUTfb85c168d2574a7889c17ec2a0c9ffa3&amp;affil=&amp;lang=pl\" target=\"_blank\" rel=\"noopener noreferrer\">Baza wiedzy<\/a><\/td>\n<\/tr>\n<tr style=\"height: 36px\">\n<td style=\"width: 17.4174%;height: 36px\" width=\"114\">Gabriela Rafa\u0142ko<\/td>\n<td style=\"width: 19.8198%;height: 36px\" width=\"115\">mgr. in\u017c.<\/td>\n<td style=\"width: 12.1121%;height: 36px\" width=\"103\">326<\/td>\n<td style=\"width: 12.4124%;height: 36px\" width=\"106\">797-995-915<\/td>\n<td style=\"width: 29.2292%;height: 36px\" width=\"180\">gabriela.rafalko[at]pb.edu.pl<\/td>\n<td style=\"width: 9.00901%;height: 36px\"><a title=\"Otworzy si\u0119 w nowej karcie\" href=\"https:\/\/bazawiedzy.pb.edu.pl\/info.seam?id=BUT8fa769c175904b7f8245cd354d731e6b&amp;affil=&amp;lang=pl\" target=\"_blank\" rel=\"noopener noreferrer\">Baza wiedzy<\/a><\/td>\n<\/tr>\n<tr style=\"height: 36px\">\n<td style=\"width: 17.4174%;height: 36px\" width=\"614\">Piotr Golonko<\/td>\n<td style=\"width: 19.8198%;height: 36px\">dr in\u017c.<\/td>\n<td style=\"width: 12.1121%;height: 36px\">219<\/td>\n<td style=\"width: 12.4124%;height: 36px\">797-990-779<\/td>\n<td style=\"width: 29.2292%;height: 36px\">piotr.golonko[at]pb.edu.pl<\/td>\n<td style=\"width: 9.00901%;height: 36px\"><a title=\"Otworzy si\u0119 w nowej karcie\" href=\"https:\/\/bazawiedzy.pb.edu.pl\/info.seam?id=BUT403d970370de4ee89b7e6515b23c99c5&amp;affil=&amp;lang=pl\" target=\"_blank\" rel=\"noopener noreferrer\">Baza wiedzy<\/a><\/td>\n<\/tr>\n<tr style=\"height: 36px\">\n<td style=\"width: 17.4174%;height: 36px\" width=\"614\">Grzegorz G\u00f3rski<\/td>\n<td style=\"width: 19.8198%;height: 36px\">dr in\u017c.<\/td>\n<td style=\"width: 12.1121%;height: 36px\">219<\/td>\n<td style=\"width: 12.4124%;height: 36px\">571-443-070<\/td>\n<td style=\"width: 29.2292%;height: 36px\">g.gorski[at]pb.edu.pl<\/td>\n<td style=\"width: 9.00901%;height: 36px\"><a title=\"Otworzy si\u0119 w nowej karcie\" href=\"https:\/\/bazawiedzy.pb.edu.pl\/info.seam?id=BUT49d28de6238d43479ce8f9e68bbd2fe0&amp;affil=&amp;lang=pl\" target=\"_blank\" rel=\"noopener noreferrer\">Baza wiedzy<\/a><\/td>\n<\/tr>\n<tr>\n<td style=\"width: 17.4174%\">Falkowski Micha\u0142<\/td>\n<td style=\"width: 19.8198%\">mgr. in\u017c.<\/td>\n<td style=\"width: 12.1121%\">344<\/td>\n<td style=\"width: 12.4124%\">571-443-088<\/td>\n<td style=\"width: 29.2292%\">michal.falkowski[at]pb.edu.pl<\/td>\n<td style=\"width: 9.00901%\">&nbsp;<\/td>\n<\/tr>\n<tr style=\"height: 36px\">\n<td style=\"width: 17.4174%;height: 36px\" width=\"614\">Maciej Re\u0107ko&nbsp;<\/td>\n<td style=\"width: 19.8198%;height: 36px\">mgr in\u017c.<\/td>\n<td style=\"width: 12.1121%;height: 36px\">308&nbsp;<\/td>\n<td style=\"width: 12.4124%;height: 36px\">571-443-049<\/td>\n<td style=\"width: 29.2292%;height: 36px\">m.recko[at]pb.edu.pl<\/td>\n<td style=\"width: 9.00901%;height: 36px\"><a title=\"Otworzy si\u0119 w nowej karcie\" href=\"https:\/\/bazawiedzy.pb.edu.pl\/info\/author\/BUTf7149bf9e4db473fb4972c0d29060c39\/Maciej%2BRe%25C4%2587ko?r=author&amp;tab=&amp;lang=pl\" target=\"_blank\" rel=\"noopener noreferrer\">Baza wiedzy<\/a><\/td>\n<\/tr>\n<\/tbody>\n<\/table>\n<h3>PRACOWNICY DYDAKTYCZNI:<\/h3>\n<table class=\"table table-bordered\" style=\"width: 99.5975%;height: 79px\">\n<thead>\n<tr style=\"height: 37px\">\n<th style=\"width: 235px;height: 37px\"><strong>Imi\u0119 i Nazwisko<\/strong><\/th>\n<th style=\"width: 288px;height: 37px\">Stopie\u0144\/tytu\u0142 naukowy<\/th>\n<th style=\"width: 219px;height: 37px\">Pok\u00f3j<\/th>\n<th style=\"width: 154px;height: 37px\"><strong>Telefon<\/strong><\/th>\n<th style=\"width: 307px;height: 37px\"><strong>e-mail<\/strong><\/th>\n<th style=\"width: 171px;height: 37px\"><strong>Profil naukowy&nbsp;<\/strong><\/th>\n<\/tr>\n<\/thead>\n<tbody>\n<tr style=\"height: 36px\">\n<td style=\"width: 235px;height: 36px\" width=\"614\">Justyna To\u0142stoj-Sienkiewicz&nbsp;&nbsp;<\/td>\n<td style=\"width: 288px;height: 36px\">dr in\u017c.<\/td>\n<td style=\"width: 219px;height: 36px\">310<\/td>\n<td style=\"width: 154px;height: 36px\">571-443-065<\/td>\n<td style=\"width: 307px;height: 36px\">j.tolstoj-sienkiewicz[at]pb.edu.pl<\/td>\n<td style=\"width: 171px;height: 36px\"><a title=\"Otworzy si\u0119 w nowej karcie\" href=\"https:\/\/bazawiedzy.pb.edu.pl\/info\/author\/BUT7e2a79e368e74dc1b745d6f88593aebb\/Justyna%2BTo%25C5%2582stoj-Sienkiewicz?aq=%40status%3Apracownik%2Cauthorprofile%2F%40possitionPL%21%3Aadiunkt%2Cauthorprofile%2F%40possitionPL%21%3Aprofesor%2C%40active%3D%27true%27%2C%40virt_affiliation%3ABUT6813a91e593d43aab6ee7228ca2c78a9&amp;r=author&amp;tab=&amp;lang=pl\" target=\"_blank\" rel=\"noopener noreferrer\">Baza wiedzy<\/a><\/td>\n<\/tr>\n<\/tbody>\n<\/table>\n<h3>PRACOWNICY TECHNICZNI:<\/h3>\n<table class=\"table table-bordered\" style=\"width: 1374px\">\n<thead>\n<tr>\n<th style=\"width: 235px\"><strong>Imi\u0119 i Nazwisko<\/strong><\/th>\n<th style=\"width: 288px\">Stopie\u0144\/tytu\u0142 naukowy<\/th>\n<th style=\"width: 219px\">Pok\u00f3j<\/th>\n<th style=\"width: 154px\"><strong>Telefon<\/strong><\/th>\n<th style=\"width: 307px\"><strong>e-mail<\/strong><\/th>\n<th style=\"width: 171px\"><strong>Profil naukowy&nbsp;<\/strong><\/th>\n<\/tr>\n<\/thead>\n<tbody>\n<tr style=\"height: 36px\">\n<td style=\"width: 235px;height: 36px\">Sienkiewicz Tomasz<\/td>\n<td style=\"width: 288px;height: 36px\">mgr in\u017c.<\/td>\n<td style=\"width: 219px;height: 36px\">402<\/td>\n<td style=\"width: 154px;height: 36px\">797-995-902<\/td>\n<td style=\"width: 307px;height: 36px\">t.sienkiewicz[at]pb.edu.pl<\/td>\n<td style=\"width: 171px\">&nbsp;<\/td>\n<\/tr>\n<\/tbody>\n<\/table>\n<p>&nbsp;<\/p>\n","protected":false},"excerpt":{"rendered":"<p>NAUKOWO-DYDAKTYCZNI: Imi\u0119 i Nazwisko Stopie\u0144\/tytu\u0142 naukowy Pok\u00f3j Telefon e-mail Profil naukowy&nbsp; Romuald Pawe\u0142 Mosdorf prof.<a class=\"read-more\" href=\"https:\/\/wm.pb.edu.pl\/kud\/pracownicy\/\" title=\"Poka\u017c artyku\u0142 Pracownicy\">wi\u0119cej<\/a><\/p>\n","protected":false},"author":4,"featured_media":0,"parent":0,"menu_order":4,"comment_status":"closed","ping_status":"closed","template":"","meta":{"inline_featured_image":false,"ngg_post_thumbnail":0,"footnotes":""},"class_list":["post-28","page","type-page","status-publish","hentry"],"acf":[],"yoast_head":"<!-- This site is optimized with the Yoast SEO plugin v26.4 - https:\/\/yoast.com\/wordpress\/plugins\/seo\/ -->\n<title>Pracownicy - Katedra Uk\u0142ad\u00f3w Dynamicznych<\/title>\n<meta name=\"robots\" content=\"index, follow, max-snippet:-1, max-image-preview:large, max-video-preview:-1\" \/>\n<link rel=\"canonical\" href=\"https:\/\/wm.pb.edu.pl\/kud\/pracownicy\/\" \/>\n<meta name=\"twitter:label1\" content=\"Szacowany czas czytania\" \/>\n\t<meta name=\"twitter:data1\" content=\"1 minuta\" \/>\n<script type=\"application\/ld+json\" class=\"yoast-schema-graph\">{\"@context\":\"https:\/\/schema.org\",\"@graph\":[{\"@type\":\"WebPage\",\"@id\":\"https:\/\/wm.pb.edu.pl\/kud\/pracownicy\/\",\"url\":\"https:\/\/wm.pb.edu.pl\/kud\/pracownicy\/\",\"name\":\"Pracownicy - Katedra Uk\u0142ad\u00f3w Dynamicznych\",\"isPartOf\":{\"@id\":\"https:\/\/wm.pb.edu.pl\/kud\/#website\"},\"datePublished\":\"2018-06-26T09:15:45+00:00\",\"dateModified\":\"2026-03-31T08:35:25+00:00\",\"breadcrumb\":{\"@id\":\"https:\/\/wm.pb.edu.pl\/kud\/pracownicy\/#breadcrumb\"},\"inLanguage\":\"pl-PL\",\"potentialAction\":[{\"@type\":\"ReadAction\",\"target\":[\"https:\/\/wm.pb.edu.pl\/kud\/pracownicy\/\"]}]},{\"@type\":\"BreadcrumbList\",\"@id\":\"https:\/\/wm.pb.edu.pl\/kud\/pracownicy\/#breadcrumb\",\"itemListElement\":[{\"@type\":\"ListItem\",\"position\":1,\"name\":\"Strona g\u0142\u00f3wna\",\"item\":\"https:\/\/wm.pb.edu.pl\/kud\/\"},{\"@type\":\"ListItem\",\"position\":2,\"name\":\"Pracownicy\"}]},{\"@type\":\"WebSite\",\"@id\":\"https:\/\/wm.pb.edu.pl\/kud\/#website\",\"url\":\"https:\/\/wm.pb.edu.pl\/kud\/\",\"name\":\"Katedra Uk\u0142ad\u00f3w Dynamicznych\",\"description\":\"\",\"potentialAction\":[{\"@type\":\"SearchAction\",\"target\":{\"@type\":\"EntryPoint\",\"urlTemplate\":\"https:\/\/wm.pb.edu.pl\/kud\/?s={search_term_string}\"},\"query-input\":{\"@type\":\"PropertyValueSpecification\",\"valueRequired\":true,\"valueName\":\"search_term_string\"}}],\"inLanguage\":\"pl-PL\"}]}<\/script>\n<!-- \/ Yoast SEO plugin. -->","yoast_head_json":{"title":"Pracownicy - Katedra Uk\u0142ad\u00f3w Dynamicznych","robots":{"index":"index","follow":"follow","max-snippet":"max-snippet:-1","max-image-preview":"max-image-preview:large","max-video-preview":"max-video-preview:-1"},"canonical":"https:\/\/wm.pb.edu.pl\/kud\/pracownicy\/","twitter_misc":{"Szacowany czas czytania":"1 minuta"},"schema":{"@context":"https:\/\/schema.org","@graph":[{"@type":"WebPage","@id":"https:\/\/wm.pb.edu.pl\/kud\/pracownicy\/","url":"https:\/\/wm.pb.edu.pl\/kud\/pracownicy\/","name":"Pracownicy - Katedra Uk\u0142ad\u00f3w Dynamicznych","isPartOf":{"@id":"https:\/\/wm.pb.edu.pl\/kud\/#website"},"datePublished":"2018-06-26T09:15:45+00:00","dateModified":"2026-03-31T08:35:25+00:00","breadcrumb":{"@id":"https:\/\/wm.pb.edu.pl\/kud\/pracownicy\/#breadcrumb"},"inLanguage":"pl-PL","potentialAction":[{"@type":"ReadAction","target":["https:\/\/wm.pb.edu.pl\/kud\/pracownicy\/"]}]},{"@type":"BreadcrumbList","@id":"https:\/\/wm.pb.edu.pl\/kud\/pracownicy\/#breadcrumb","itemListElement":[{"@type":"ListItem","position":1,"name":"Strona g\u0142\u00f3wna","item":"https:\/\/wm.pb.edu.pl\/kud\/"},{"@type":"ListItem","position":2,"name":"Pracownicy"}]},{"@type":"WebSite","@id":"https:\/\/wm.pb.edu.pl\/kud\/#website","url":"https:\/\/wm.pb.edu.pl\/kud\/","name":"Katedra Uk\u0142ad\u00f3w Dynamicznych","description":"","potentialAction":[{"@type":"SearchAction","target":{"@type":"EntryPoint","urlTemplate":"https:\/\/wm.pb.edu.pl\/kud\/?s={search_term_string}"},"query-input":{"@type":"PropertyValueSpecification","valueRequired":true,"valueName":"search_term_string"}}],"inLanguage":"pl-PL"}]}},"_links":{"self":[{"href":"https:\/\/wm.pb.edu.pl\/kud\/wp-json\/wp\/v2\/pages\/28","targetHints":{"allow":["GET"]}}],"collection":[{"href":"https:\/\/wm.pb.edu.pl\/kud\/wp-json\/wp\/v2\/pages"}],"about":[{"href":"https:\/\/wm.pb.edu.pl\/kud\/wp-json\/wp\/v2\/types\/page"}],"author":[{"embeddable":true,"href":"https:\/\/wm.pb.edu.pl\/kud\/wp-json\/wp\/v2\/users\/4"}],"replies":[{"embeddable":true,"href":"https:\/\/wm.pb.edu.pl\/kud\/wp-json\/wp\/v2\/comments?post=28"}],"version-history":[{"count":89,"href":"https:\/\/wm.pb.edu.pl\/kud\/wp-json\/wp\/v2\/pages\/28\/revisions"}],"predecessor-version":[{"id":700,"href":"https:\/\/wm.pb.edu.pl\/kud\/wp-json\/wp\/v2\/pages\/28\/revisions\/700"}],"wp:attachment":[{"href":"https:\/\/wm.pb.edu.pl\/kud\/wp-json\/wp\/v2\/media?parent=28"}],"curies":[{"name":"wp","href":"https:\/\/api.w.org\/{rel}","templated":true}]}}