{"id":63,"date":"2021-03-01T10:59:59","date_gmt":"2021-03-01T09:59:59","guid":{"rendered":"https:\/\/wm.pb.edu.pl\/lkn\/?page_id=63"},"modified":"2021-03-01T10:59:59","modified_gmt":"2021-03-01T09:59:59","slug":"sukcesy","status":"publish","type":"page","link":"https:\/\/wm.pb.edu.pl\/lkn\/sukcesy\/","title":{"rendered":"Sukcesy"},"content":{"rendered":"","protected":false},"excerpt":{"rendered":"","protected":false},"author":14,"featured_media":0,"parent":0,"menu_order":0,"comment_status":"closed","ping_status":"closed","template":"","meta":{"inline_featured_image":false,"ngg_post_thumbnail":0,"footnotes":""},"class_list":["post-63","page","type-page","status-publish","hentry"],"acf":[],"yoast_head":"<!-- This site is optimized with the Yoast SEO plugin v26.4 - https:\/\/yoast.com\/wordpress\/plugins\/seo\/ -->\n<title>Sukcesy - Lotnicze Ko\u0142o Naukowe- Wydzia\u0142 Mechaniczny PB<\/title>\n<meta name=\"robots\" content=\"index, follow, max-snippet:-1, max-image-preview:large, max-video-preview:-1\" \/>\n<link rel=\"canonical\" href=\"https:\/\/wm.pb.edu.pl\/lkn\/sukcesy\/\" \/>\n<meta property=\"og:locale\" content=\"pl_PL\" \/>\n<meta property=\"og:type\" content=\"article\" \/>\n<meta property=\"og:title\" content=\"Sukcesy - Lotnicze Ko\u0142o Naukowe- Wydzia\u0142 Mechaniczny PB\" \/>\n<meta property=\"og:url\" content=\"https:\/\/wm.pb.edu.pl\/lkn\/sukcesy\/\" \/>\n<meta property=\"og:site_name\" content=\"Lotnicze Ko\u0142o Naukowe- Wydzia\u0142 Mechaniczny PB\" \/>\n<meta name=\"twitter:card\" content=\"summary_large_image\" \/>\n<script type=\"application\/ld+json\" class=\"yoast-schema-graph\">{\"@context\":\"https:\/\/schema.org\",\"@graph\":[{\"@type\":\"WebPage\",\"@id\":\"https:\/\/wm.pb.edu.pl\/lkn\/sukcesy\/\",\"url\":\"https:\/\/wm.pb.edu.pl\/lkn\/sukcesy\/\",\"name\":\"Sukcesy - Lotnicze Ko\u0142o Naukowe- Wydzia\u0142 Mechaniczny PB\",\"isPartOf\":{\"@id\":\"https:\/\/wm.pb.edu.pl\/lkn\/#website\"},\"datePublished\":\"2021-03-01T09:59:59+00:00\",\"breadcrumb\":{\"@id\":\"https:\/\/wm.pb.edu.pl\/lkn\/sukcesy\/#breadcrumb\"},\"inLanguage\":\"pl-PL\",\"potentialAction\":[{\"@type\":\"ReadAction\",\"target\":[\"https:\/\/wm.pb.edu.pl\/lkn\/sukcesy\/\"]}]},{\"@type\":\"BreadcrumbList\",\"@id\":\"https:\/\/wm.pb.edu.pl\/lkn\/sukcesy\/#breadcrumb\",\"itemListElement\":[{\"@type\":\"ListItem\",\"position\":1,\"name\":\"Strona g\u0142\u00f3wna\",\"item\":\"https:\/\/wm.pb.edu.pl\/lkn\/\"},{\"@type\":\"ListItem\",\"position\":2,\"name\":\"Sukcesy\"}]},{\"@type\":\"WebSite\",\"@id\":\"https:\/\/wm.pb.edu.pl\/lkn\/#website\",\"url\":\"https:\/\/wm.pb.edu.pl\/lkn\/\",\"name\":\"Lotnicze Ko\u0142o Naukowe- Wydzia\u0142 Mechaniczny PB\",\"description\":\"Lotnicze Ko\u0142o Naukowe- Wydzia\u0142 Mechaniczny PB\",\"potentialAction\":[{\"@type\":\"SearchAction\",\"target\":{\"@type\":\"EntryPoint\",\"urlTemplate\":\"https:\/\/wm.pb.edu.pl\/lkn\/?s={search_term_string}\"},\"query-input\":{\"@type\":\"PropertyValueSpecification\",\"valueRequired\":true,\"valueName\":\"search_term_string\"}}],\"inLanguage\":\"pl-PL\"}]}<\/script>\n<!-- \/ Yoast SEO plugin. -->","yoast_head_json":{"title":"Sukcesy - Lotnicze Ko\u0142o Naukowe- Wydzia\u0142 Mechaniczny PB","robots":{"index":"index","follow":"follow","max-snippet":"max-snippet:-1","max-image-preview":"max-image-preview:large","max-video-preview":"max-video-preview:-1"},"canonical":"https:\/\/wm.pb.edu.pl\/lkn\/sukcesy\/","og_locale":"pl_PL","og_type":"article","og_title":"Sukcesy - Lotnicze Ko\u0142o Naukowe- Wydzia\u0142 Mechaniczny PB","og_url":"https:\/\/wm.pb.edu.pl\/lkn\/sukcesy\/","og_site_name":"Lotnicze Ko\u0142o Naukowe- Wydzia\u0142 Mechaniczny PB","twitter_card":"summary_large_image","schema":{"@context":"https:\/\/schema.org","@graph":[{"@type":"WebPage","@id":"https:\/\/wm.pb.edu.pl\/lkn\/sukcesy\/","url":"https:\/\/wm.pb.edu.pl\/lkn\/sukcesy\/","name":"Sukcesy - Lotnicze Ko\u0142o Naukowe- Wydzia\u0142 Mechaniczny PB","isPartOf":{"@id":"https:\/\/wm.pb.edu.pl\/lkn\/#website"},"datePublished":"2021-03-01T09:59:59+00:00","breadcrumb":{"@id":"https:\/\/wm.pb.edu.pl\/lkn\/sukcesy\/#breadcrumb"},"inLanguage":"pl-PL","potentialAction":[{"@type":"ReadAction","target":["https:\/\/wm.pb.edu.pl\/lkn\/sukcesy\/"]}]},{"@type":"BreadcrumbList","@id":"https:\/\/wm.pb.edu.pl\/lkn\/sukcesy\/#breadcrumb","itemListElement":[{"@type":"ListItem","position":1,"name":"Strona g\u0142\u00f3wna","item":"https:\/\/wm.pb.edu.pl\/lkn\/"},{"@type":"ListItem","position":2,"name":"Sukcesy"}]},{"@type":"WebSite","@id":"https:\/\/wm.pb.edu.pl\/lkn\/#website","url":"https:\/\/wm.pb.edu.pl\/lkn\/","name":"Lotnicze Ko\u0142o Naukowe- Wydzia\u0142 Mechaniczny PB","description":"Lotnicze Ko\u0142o Naukowe- Wydzia\u0142 Mechaniczny PB","potentialAction":[{"@type":"SearchAction","target":{"@type":"EntryPoint","urlTemplate":"https:\/\/wm.pb.edu.pl\/lkn\/?s={search_term_string}"},"query-input":{"@type":"PropertyValueSpecification","valueRequired":true,"valueName":"search_term_string"}}],"inLanguage":"pl-PL"}]}},"_links":{"self":[{"href":"https:\/\/wm.pb.edu.pl\/lkn\/wp-json\/wp\/v2\/pages\/63","targetHints":{"allow":["GET"]}}],"collection":[{"href":"https:\/\/wm.pb.edu.pl\/lkn\/wp-json\/wp\/v2\/pages"}],"about":[{"href":"https:\/\/wm.pb.edu.pl\/lkn\/wp-json\/wp\/v2\/types\/page"}],"author":[{"embeddable":true,"href":"https:\/\/wm.pb.edu.pl\/lkn\/wp-json\/wp\/v2\/users\/14"}],"replies":[{"embeddable":true,"href":"https:\/\/wm.pb.edu.pl\/lkn\/wp-json\/wp\/v2\/comments?post=63"}],"version-history":[{"count":1,"href":"https:\/\/wm.pb.edu.pl\/lkn\/wp-json\/wp\/v2\/pages\/63\/revisions"}],"predecessor-version":[{"id":64,"href":"https:\/\/wm.pb.edu.pl\/lkn\/wp-json\/wp\/v2\/pages\/63\/revisions\/64"}],"wp:attachment":[{"href":"https:\/\/wm.pb.edu.pl\/lkn\/wp-json\/wp\/v2\/media?parent=63"}],"curies":[{"name":"wp","href":"https:\/\/api.w.org\/{rel}","templated":true}]}}