{"id":44,"date":"2021-03-01T10:54:51","date_gmt":"2021-03-01T09:54:51","guid":{"rendered":"https:\/\/wm.pb.edu.pl\/mechatronix\/?page_id=44"},"modified":"2021-03-02T10:16:04","modified_gmt":"2021-03-02T09:16:04","slug":"o-kole","status":"publish","type":"page","link":"https:\/\/wm.pb.edu.pl\/mechatronix\/o-kole\/","title":{"rendered":"O Kole"},"content":{"rendered":"<p>Jeste\u015bmy studentami Wydzia\u0142u Mechanicznego Politechniki Bia\u0142ostockiej, na kierunkach Mechatronika oraz Automatyka i Robotyka. Zdajemy sobie spraw\u0119 z tego, \u017ce r\u00f3wnie istotne co wiedza przekazywana przez profesor\u00f3w, jest umiej\u0119tno\u015b\u0107 zastosowania jej w praktyce. Umo\u017cliwi\u0142o nam to przyst\u0105pienie do ko\u0142a naukowego Mechatronix.<\/p>\n","protected":false},"excerpt":{"rendered":"<p>Jeste\u015bmy studentami Wydzia\u0142u Mechanicznego Politechniki Bia\u0142ostockiej, na kierunkach Mechatronika oraz Automatyka i Robotyka. Zdajemy sobie<a class=\"read-more\" href=\"https:\/\/wm.pb.edu.pl\/mechatronix\/o-kole\/\" title=\"Poka\u017c artyku\u0142 O Kole\">wi\u0119cej<\/a><\/p>\n","protected":false},"author":14,"featured_media":0,"parent":0,"menu_order":0,"comment_status":"closed","ping_status":"closed","template":"","meta":{"inline_featured_image":false,"ngg_post_thumbnail":0,"footnotes":""},"class_list":["post-44","page","type-page","status-publish","hentry"],"acf":[],"yoast_head":"<!-- This site is optimized with the Yoast SEO plugin v26.4 - https:\/\/yoast.com\/wordpress\/plugins\/seo\/ -->\n<title>O Kole - Studenckie Ko\u0142o Naukowe Mechatronix - Wydzia\u0142 Mechaniczny PB<\/title>\n<meta name=\"robots\" content=\"index, follow, max-snippet:-1, max-image-preview:large, max-video-preview:-1\" \/>\n<link rel=\"canonical\" href=\"https:\/\/wm.pb.edu.pl\/mechatronix\/o-kole\/\" \/>\n<meta property=\"og:locale\" content=\"pl_PL\" \/>\n<meta property=\"og:type\" content=\"article\" \/>\n<meta property=\"og:title\" content=\"O Kole - Studenckie Ko\u0142o Naukowe Mechatronix - Wydzia\u0142 Mechaniczny PB\" \/>\n<meta property=\"og:description\" content=\"Jeste\u015bmy studentami Wydzia\u0142u Mechanicznego Politechniki Bia\u0142ostockiej, na kierunkach Mechatronika oraz Automatyka i Robotyka. Zdajemy sobiewi\u0119cej\" \/>\n<meta property=\"og:url\" content=\"https:\/\/wm.pb.edu.pl\/mechatronix\/o-kole\/\" \/>\n<meta property=\"og:site_name\" content=\"Studenckie Ko\u0142o Naukowe Mechatronix - Wydzia\u0142 Mechaniczny PB\" \/>\n<meta property=\"article:modified_time\" content=\"2021-03-02T09:16:04+00:00\" \/>\n<meta name=\"twitter:card\" content=\"summary_large_image\" \/>\n<meta name=\"twitter:label1\" content=\"Szacowany czas czytania\" \/>\n\t<meta name=\"twitter:data1\" content=\"1 minuta\" \/>\n<script type=\"application\/ld+json\" class=\"yoast-schema-graph\">{\"@context\":\"https:\/\/schema.org\",\"@graph\":[{\"@type\":\"WebPage\",\"@id\":\"https:\/\/wm.pb.edu.pl\/mechatronix\/o-kole\/\",\"url\":\"https:\/\/wm.pb.edu.pl\/mechatronix\/o-kole\/\",\"name\":\"O Kole - Studenckie Ko\u0142o Naukowe Mechatronix - Wydzia\u0142 Mechaniczny PB\",\"isPartOf\":{\"@id\":\"https:\/\/wm.pb.edu.pl\/mechatronix\/#website\"},\"datePublished\":\"2021-03-01T09:54:51+00:00\",\"dateModified\":\"2021-03-02T09:16:04+00:00\",\"breadcrumb\":{\"@id\":\"https:\/\/wm.pb.edu.pl\/mechatronix\/o-kole\/#breadcrumb\"},\"inLanguage\":\"pl-PL\",\"potentialAction\":[{\"@type\":\"ReadAction\",\"target\":[\"https:\/\/wm.pb.edu.pl\/mechatronix\/o-kole\/\"]}]},{\"@type\":\"BreadcrumbList\",\"@id\":\"https:\/\/wm.pb.edu.pl\/mechatronix\/o-kole\/#breadcrumb\",\"itemListElement\":[{\"@type\":\"ListItem\",\"position\":1,\"name\":\"Strona g\u0142\u00f3wna\",\"item\":\"https:\/\/wm.pb.edu.pl\/mechatronix\/\"},{\"@type\":\"ListItem\",\"position\":2,\"name\":\"O Kole\"}]},{\"@type\":\"WebSite\",\"@id\":\"https:\/\/wm.pb.edu.pl\/mechatronix\/#website\",\"url\":\"https:\/\/wm.pb.edu.pl\/mechatronix\/\",\"name\":\"Studenckie Ko\u0142o Naukowe Mechatronix - Wydzia\u0142 Mechaniczny PB\",\"description\":\"Studenckie Ko\u0142o Naukowe Mechatronix - Wydzia\u0142 Mechaniczny PB\",\"potentialAction\":[{\"@type\":\"SearchAction\",\"target\":{\"@type\":\"EntryPoint\",\"urlTemplate\":\"https:\/\/wm.pb.edu.pl\/mechatronix\/?s={search_term_string}\"},\"query-input\":{\"@type\":\"PropertyValueSpecification\",\"valueRequired\":true,\"valueName\":\"search_term_string\"}}],\"inLanguage\":\"pl-PL\"}]}<\/script>\n<!-- \/ Yoast SEO plugin. -->","yoast_head_json":{"title":"O Kole - Studenckie Ko\u0142o Naukowe Mechatronix - Wydzia\u0142 Mechaniczny PB","robots":{"index":"index","follow":"follow","max-snippet":"max-snippet:-1","max-image-preview":"max-image-preview:large","max-video-preview":"max-video-preview:-1"},"canonical":"https:\/\/wm.pb.edu.pl\/mechatronix\/o-kole\/","og_locale":"pl_PL","og_type":"article","og_title":"O Kole - Studenckie Ko\u0142o Naukowe Mechatronix - Wydzia\u0142 Mechaniczny PB","og_description":"Jeste\u015bmy studentami Wydzia\u0142u Mechanicznego Politechniki Bia\u0142ostockiej, na kierunkach Mechatronika oraz Automatyka i Robotyka. Zdajemy sobiewi\u0119cej","og_url":"https:\/\/wm.pb.edu.pl\/mechatronix\/o-kole\/","og_site_name":"Studenckie Ko\u0142o Naukowe Mechatronix - Wydzia\u0142 Mechaniczny PB","article_modified_time":"2021-03-02T09:16:04+00:00","twitter_card":"summary_large_image","twitter_misc":{"Szacowany czas czytania":"1 minuta"},"schema":{"@context":"https:\/\/schema.org","@graph":[{"@type":"WebPage","@id":"https:\/\/wm.pb.edu.pl\/mechatronix\/o-kole\/","url":"https:\/\/wm.pb.edu.pl\/mechatronix\/o-kole\/","name":"O Kole - Studenckie Ko\u0142o Naukowe Mechatronix - Wydzia\u0142 Mechaniczny PB","isPartOf":{"@id":"https:\/\/wm.pb.edu.pl\/mechatronix\/#website"},"datePublished":"2021-03-01T09:54:51+00:00","dateModified":"2021-03-02T09:16:04+00:00","breadcrumb":{"@id":"https:\/\/wm.pb.edu.pl\/mechatronix\/o-kole\/#breadcrumb"},"inLanguage":"pl-PL","potentialAction":[{"@type":"ReadAction","target":["https:\/\/wm.pb.edu.pl\/mechatronix\/o-kole\/"]}]},{"@type":"BreadcrumbList","@id":"https:\/\/wm.pb.edu.pl\/mechatronix\/o-kole\/#breadcrumb","itemListElement":[{"@type":"ListItem","position":1,"name":"Strona g\u0142\u00f3wna","item":"https:\/\/wm.pb.edu.pl\/mechatronix\/"},{"@type":"ListItem","position":2,"name":"O Kole"}]},{"@type":"WebSite","@id":"https:\/\/wm.pb.edu.pl\/mechatronix\/#website","url":"https:\/\/wm.pb.edu.pl\/mechatronix\/","name":"Studenckie Ko\u0142o Naukowe Mechatronix - Wydzia\u0142 Mechaniczny PB","description":"Studenckie Ko\u0142o Naukowe Mechatronix - Wydzia\u0142 Mechaniczny PB","potentialAction":[{"@type":"SearchAction","target":{"@type":"EntryPoint","urlTemplate":"https:\/\/wm.pb.edu.pl\/mechatronix\/?s={search_term_string}"},"query-input":{"@type":"PropertyValueSpecification","valueRequired":true,"valueName":"search_term_string"}}],"inLanguage":"pl-PL"}]}},"_links":{"self":[{"href":"https:\/\/wm.pb.edu.pl\/mechatronix\/wp-json\/wp\/v2\/pages\/44","targetHints":{"allow":["GET"]}}],"collection":[{"href":"https:\/\/wm.pb.edu.pl\/mechatronix\/wp-json\/wp\/v2\/pages"}],"about":[{"href":"https:\/\/wm.pb.edu.pl\/mechatronix\/wp-json\/wp\/v2\/types\/page"}],"author":[{"embeddable":true,"href":"https:\/\/wm.pb.edu.pl\/mechatronix\/wp-json\/wp\/v2\/users\/14"}],"replies":[{"embeddable":true,"href":"https:\/\/wm.pb.edu.pl\/mechatronix\/wp-json\/wp\/v2\/comments?post=44"}],"version-history":[{"count":2,"href":"https:\/\/wm.pb.edu.pl\/mechatronix\/wp-json\/wp\/v2\/pages\/44\/revisions"}],"predecessor-version":[{"id":76,"href":"https:\/\/wm.pb.edu.pl\/mechatronix\/wp-json\/wp\/v2\/pages\/44\/revisions\/76"}],"wp:attachment":[{"href":"https:\/\/wm.pb.edu.pl\/mechatronix\/wp-json\/wp\/v2\/media?parent=44"}],"curies":[{"name":"wp","href":"https:\/\/api.w.org\/{rel}","templated":true}]}}