{"id":49,"date":"2021-03-01T10:55:48","date_gmt":"2021-03-01T09:55:48","guid":{"rendered":"https:\/\/wm.pb.edu.pl\/mechatronix\/?page_id=49"},"modified":"2021-03-01T11:12:28","modified_gmt":"2021-03-01T10:12:28","slug":"kontakt","status":"publish","type":"page","link":"https:\/\/wm.pb.edu.pl\/mechatronix\/kontakt\/","title":{"rendered":"Kontakt"},"content":{"rendered":"<p style=\"text-align: center\"><strong>Przewodnicz\u0105cy ko\u0142a<\/strong><br \/>\nMicha\u0142 Ja\u017awi\u0144ski<br \/>\nmichal.jazwinski@gmail.com<br \/>\n510&nbsp;660&nbsp;005<\/p>\n<p style=\"text-align: center\"><strong>Koordynator projektu Pneumobil<\/strong><br \/>\nSzymon Mielech<br \/>\nmielech_szymon@o2.pl<br \/>\n511&nbsp;421&nbsp;972<\/p>\n<p style=\"text-align: center\"><strong>Koordynator projektu IMAV<br \/>\n<\/strong>Arkadiusz Bo\u017cko<br \/>\narekbozko@gmail.com<br \/>\n516&nbsp;227&nbsp;107<\/p>\n<p style=\"text-align: center\"><strong>Opiekun ko\u0142a<br \/>\n<\/strong>dr&nbsp;in\u017c. Leszek Ambroziak<br \/>\nl.ambroziak@pb.edu.pl<br \/>\n571&nbsp;443&nbsp;041<\/p>\n","protected":false},"excerpt":{"rendered":"<p>Przewodnicz\u0105cy ko\u0142a Micha\u0142 Ja\u017awi\u0144ski michal.jazwinski@gmail.com 510&nbsp;660&nbsp;005 Koordynator projektu Pneumobil Szymon Mielech mielech_szymon@o2.pl 511&nbsp;421&nbsp;972 Koordynator projektu<a class=\"read-more\" href=\"https:\/\/wm.pb.edu.pl\/mechatronix\/kontakt\/\" title=\"Poka\u017c artyku\u0142 Kontakt\">wi\u0119cej<\/a><\/p>\n","protected":false},"author":14,"featured_media":0,"parent":0,"menu_order":0,"comment_status":"closed","ping_status":"closed","template":"","meta":{"inline_featured_image":false,"ngg_post_thumbnail":0,"footnotes":""},"class_list":["post-49","page","type-page","status-publish","hentry"],"acf":[],"yoast_head":"<!-- This site is optimized with the Yoast SEO plugin v26.4 - https:\/\/yoast.com\/wordpress\/plugins\/seo\/ -->\n<title>Kontakt - Studenckie Ko\u0142o Naukowe Mechatronix - Wydzia\u0142 Mechaniczny PB<\/title>\n<meta name=\"robots\" content=\"index, follow, max-snippet:-1, max-image-preview:large, max-video-preview:-1\" \/>\n<link rel=\"canonical\" href=\"https:\/\/wm.pb.edu.pl\/mechatronix\/kontakt\/\" \/>\n<meta property=\"og:locale\" content=\"pl_PL\" \/>\n<meta property=\"og:type\" content=\"article\" \/>\n<meta property=\"og:title\" content=\"Kontakt - Studenckie Ko\u0142o Naukowe Mechatronix - Wydzia\u0142 Mechaniczny PB\" \/>\n<meta property=\"og:description\" content=\"Przewodnicz\u0105cy ko\u0142a Micha\u0142 Ja\u017awi\u0144ski michal.jazwinski@gmail.com 510&nbsp;660&nbsp;005 Koordynator projektu Pneumobil Szymon Mielech mielech_szymon@o2.pl 511&nbsp;421&nbsp;972 Koordynator projektuwi\u0119cej\" \/>\n<meta property=\"og:url\" content=\"https:\/\/wm.pb.edu.pl\/mechatronix\/kontakt\/\" \/>\n<meta property=\"og:site_name\" content=\"Studenckie Ko\u0142o Naukowe Mechatronix - Wydzia\u0142 Mechaniczny PB\" \/>\n<meta property=\"article:modified_time\" content=\"2021-03-01T10:12:28+00:00\" \/>\n<meta name=\"twitter:card\" content=\"summary_large_image\" \/>\n<meta name=\"twitter:label1\" content=\"Szacowany czas czytania\" \/>\n\t<meta name=\"twitter:data1\" content=\"1 minuta\" \/>\n<script type=\"application\/ld+json\" class=\"yoast-schema-graph\">{\"@context\":\"https:\/\/schema.org\",\"@graph\":[{\"@type\":\"WebPage\",\"@id\":\"https:\/\/wm.pb.edu.pl\/mechatronix\/kontakt\/\",\"url\":\"https:\/\/wm.pb.edu.pl\/mechatronix\/kontakt\/\",\"name\":\"Kontakt - Studenckie Ko\u0142o Naukowe Mechatronix - Wydzia\u0142 Mechaniczny PB\",\"isPartOf\":{\"@id\":\"https:\/\/wm.pb.edu.pl\/mechatronix\/#website\"},\"datePublished\":\"2021-03-01T09:55:48+00:00\",\"dateModified\":\"2021-03-01T10:12:28+00:00\",\"breadcrumb\":{\"@id\":\"https:\/\/wm.pb.edu.pl\/mechatronix\/kontakt\/#breadcrumb\"},\"inLanguage\":\"pl-PL\",\"potentialAction\":[{\"@type\":\"ReadAction\",\"target\":[\"https:\/\/wm.pb.edu.pl\/mechatronix\/kontakt\/\"]}]},{\"@type\":\"BreadcrumbList\",\"@id\":\"https:\/\/wm.pb.edu.pl\/mechatronix\/kontakt\/#breadcrumb\",\"itemListElement\":[{\"@type\":\"ListItem\",\"position\":1,\"name\":\"Strona g\u0142\u00f3wna\",\"item\":\"https:\/\/wm.pb.edu.pl\/mechatronix\/\"},{\"@type\":\"ListItem\",\"position\":2,\"name\":\"Kontakt\"}]},{\"@type\":\"WebSite\",\"@id\":\"https:\/\/wm.pb.edu.pl\/mechatronix\/#website\",\"url\":\"https:\/\/wm.pb.edu.pl\/mechatronix\/\",\"name\":\"Studenckie Ko\u0142o Naukowe Mechatronix - Wydzia\u0142 Mechaniczny PB\",\"description\":\"Studenckie Ko\u0142o Naukowe Mechatronix - Wydzia\u0142 Mechaniczny PB\",\"potentialAction\":[{\"@type\":\"SearchAction\",\"target\":{\"@type\":\"EntryPoint\",\"urlTemplate\":\"https:\/\/wm.pb.edu.pl\/mechatronix\/?s={search_term_string}\"},\"query-input\":{\"@type\":\"PropertyValueSpecification\",\"valueRequired\":true,\"valueName\":\"search_term_string\"}}],\"inLanguage\":\"pl-PL\"}]}<\/script>\n<!-- \/ Yoast SEO plugin. -->","yoast_head_json":{"title":"Kontakt - Studenckie Ko\u0142o Naukowe Mechatronix - Wydzia\u0142 Mechaniczny PB","robots":{"index":"index","follow":"follow","max-snippet":"max-snippet:-1","max-image-preview":"max-image-preview:large","max-video-preview":"max-video-preview:-1"},"canonical":"https:\/\/wm.pb.edu.pl\/mechatronix\/kontakt\/","og_locale":"pl_PL","og_type":"article","og_title":"Kontakt - Studenckie Ko\u0142o Naukowe Mechatronix - Wydzia\u0142 Mechaniczny PB","og_description":"Przewodnicz\u0105cy ko\u0142a Micha\u0142 Ja\u017awi\u0144ski michal.jazwinski@gmail.com 510&nbsp;660&nbsp;005 Koordynator projektu Pneumobil Szymon Mielech mielech_szymon@o2.pl 511&nbsp;421&nbsp;972 Koordynator projektuwi\u0119cej","og_url":"https:\/\/wm.pb.edu.pl\/mechatronix\/kontakt\/","og_site_name":"Studenckie Ko\u0142o Naukowe Mechatronix - Wydzia\u0142 Mechaniczny PB","article_modified_time":"2021-03-01T10:12:28+00:00","twitter_card":"summary_large_image","twitter_misc":{"Szacowany czas czytania":"1 minuta"},"schema":{"@context":"https:\/\/schema.org","@graph":[{"@type":"WebPage","@id":"https:\/\/wm.pb.edu.pl\/mechatronix\/kontakt\/","url":"https:\/\/wm.pb.edu.pl\/mechatronix\/kontakt\/","name":"Kontakt - Studenckie Ko\u0142o Naukowe Mechatronix - Wydzia\u0142 Mechaniczny PB","isPartOf":{"@id":"https:\/\/wm.pb.edu.pl\/mechatronix\/#website"},"datePublished":"2021-03-01T09:55:48+00:00","dateModified":"2021-03-01T10:12:28+00:00","breadcrumb":{"@id":"https:\/\/wm.pb.edu.pl\/mechatronix\/kontakt\/#breadcrumb"},"inLanguage":"pl-PL","potentialAction":[{"@type":"ReadAction","target":["https:\/\/wm.pb.edu.pl\/mechatronix\/kontakt\/"]}]},{"@type":"BreadcrumbList","@id":"https:\/\/wm.pb.edu.pl\/mechatronix\/kontakt\/#breadcrumb","itemListElement":[{"@type":"ListItem","position":1,"name":"Strona g\u0142\u00f3wna","item":"https:\/\/wm.pb.edu.pl\/mechatronix\/"},{"@type":"ListItem","position":2,"name":"Kontakt"}]},{"@type":"WebSite","@id":"https:\/\/wm.pb.edu.pl\/mechatronix\/#website","url":"https:\/\/wm.pb.edu.pl\/mechatronix\/","name":"Studenckie Ko\u0142o Naukowe Mechatronix - Wydzia\u0142 Mechaniczny PB","description":"Studenckie Ko\u0142o Naukowe Mechatronix - Wydzia\u0142 Mechaniczny PB","potentialAction":[{"@type":"SearchAction","target":{"@type":"EntryPoint","urlTemplate":"https:\/\/wm.pb.edu.pl\/mechatronix\/?s={search_term_string}"},"query-input":{"@type":"PropertyValueSpecification","valueRequired":true,"valueName":"search_term_string"}}],"inLanguage":"pl-PL"}]}},"_links":{"self":[{"href":"https:\/\/wm.pb.edu.pl\/mechatronix\/wp-json\/wp\/v2\/pages\/49","targetHints":{"allow":["GET"]}}],"collection":[{"href":"https:\/\/wm.pb.edu.pl\/mechatronix\/wp-json\/wp\/v2\/pages"}],"about":[{"href":"https:\/\/wm.pb.edu.pl\/mechatronix\/wp-json\/wp\/v2\/types\/page"}],"author":[{"embeddable":true,"href":"https:\/\/wm.pb.edu.pl\/mechatronix\/wp-json\/wp\/v2\/users\/14"}],"replies":[{"embeddable":true,"href":"https:\/\/wm.pb.edu.pl\/mechatronix\/wp-json\/wp\/v2\/comments?post=49"}],"version-history":[{"count":2,"href":"https:\/\/wm.pb.edu.pl\/mechatronix\/wp-json\/wp\/v2\/pages\/49\/revisions"}],"predecessor-version":[{"id":64,"href":"https:\/\/wm.pb.edu.pl\/mechatronix\/wp-json\/wp\/v2\/pages\/49\/revisions\/64"}],"wp:attachment":[{"href":"https:\/\/wm.pb.edu.pl\/mechatronix\/wp-json\/wp\/v2\/media?parent=49"}],"curies":[{"name":"wp","href":"https:\/\/api.w.org\/{rel}","templated":true}]}}