{"id":65,"date":"2021-03-01T11:18:41","date_gmt":"2021-03-01T10:18:41","guid":{"rendered":"https:\/\/wm.pb.edu.pl\/mechatronix\/?page_id=65"},"modified":"2021-03-01T11:37:30","modified_gmt":"2021-03-01T10:37:30","slug":"partnerzy","status":"publish","type":"page","link":"https:\/\/wm.pb.edu.pl\/mechatronix\/partnerzy\/","title":{"rendered":"Partnerzy"},"content":{"rendered":"<p><img loading=\"lazy\" decoding=\"async\" class=\"alignleft wp-image-70\" src=\"https:\/\/wm.pb.edu.pl\/mechatronix\/wp-content\/uploads\/sites\/16\/2021\/03\/ferrox-logo.gif\" alt=\"Logo firmy Ferrox\" width=\"171\" height=\"52\">&nbsp;Firma <a title=\"Przejd\u017a do strony firmy Ferrox. Otworzy w nowej karcie\" href=\"http:\/\/ferrox.pl\/\" target=\"_blank\" rel=\"noopener\">Ferrox Sp. z&nbsp;o.o.<\/a> istnieje od&nbsp;1989 roku.. Firma zatrudnia \u0142\u0105cznie oko\u0142o 80 pracownik\u00f3w, w&nbsp;tym 20 % to&nbsp;kadra in\u017cynieryjno \u2013 techniczna.<br \/>\nDzia\u0142ania realizuj\u0105 w&nbsp;trzech obszarach:<\/p>\n<ol>\n<li>Kompleksowa obs\u0142uga urz\u0105dze\u0144 cieplno \u2013 mechanicznych w&nbsp;energetyce zawodowej i&nbsp;przemys\u0142owej.<\/li>\n<li>Zak\u0142ad obr\u00f3bki skrawaniem wyposa\u017cony m.in.&nbsp;w&nbsp;nowoczesne maszyny pracuj\u0105ce w&nbsp;technologii CNC.<\/li>\n<li>Ferrox Sp. z&nbsp;o.o. specjalizuje si\u0119 tak\u017ce w&nbsp;pracach wiertniczych, polegaj\u0105cych na&nbsp;wykonywaniu odwiert\u00f3w geotermalnych do&nbsp;pomp ciep\u0142a nawet do&nbsp;g\u0142\u0119boko\u015bci 200 metr\u00f3w.<\/li>\n<\/ol>\n<p>Obecnie jedna z&nbsp;najwi\u0119kszych firm serwisowych w&nbsp;bran\u017cy energetyki cieplnej w&nbsp;regionie p\u00f3\u0142nocno \u2013 wschodniej Polski.<\/p>\n<p><img loading=\"lazy\" decoding=\"async\" class=\"alignnone wp-image-71 size-full\" src=\"https:\/\/wm.pb.edu.pl\/mechatronix\/wp-content\/uploads\/sites\/16\/2021\/03\/logo-275x63-1.png\" alt=\"Logo firmy Botland\" width=\"275\" height=\"63\">Sklep dla robotyk\u00f3w <a title=\"Przejd\u017a do strony firmy Botland. Otworzy w nowej karcie\" href=\"https:\/\/botland.com.pl\/pl\/\" target=\"_blank\" rel=\"noopener\">BOTLAND.com.pl<\/a> powsta\u0142 z&nbsp;pasji do&nbsp;budowy robot\u00f3w, jednak nie&nbsp;tylko do&nbsp;pasjonat\u00f3w kieruje swoj\u0105 ofert\u0119.&nbsp;W ci\u0105gu ostatnich lat znakiem rozpoznawczym sklepu sta\u0142a si\u0119 ekspresowa dostawa oraz&nbsp;wyj\u0105tkowa dba\u0142o\u015b\u0107 o&nbsp;potrzeby klient\u00f3w.<\/p>\n<p>W&nbsp;ofercie BOTLAND.com.pl znajdziecie m.in.: Raspberry Pi, Arduino, drony, akumulatory, narz\u0119dzia, silniki i&nbsp;serwomechanizmy, zestawy cz\u0119\u015bci wraz z&nbsp;kursami dla os\u00f3b o&nbsp;r\u00f3\u017cnym stopniu zaawansowania, uk\u0142ady scalone oraz&nbsp;modu\u0142y elektroniczne.<\/p>\n<p>Aby jak najlepiej dostosowa\u0107 si\u0119 do&nbsp;potrzeb naszych klient\u00f3w stale poszerzamy nasz\u0105 ofert\u0119 o&nbsp;nowe elementy.&nbsp;Jako oficjalny dystrybutor (AdaFruit, Arduino, BananaPi, DAGU, DFRobot, Farnell, POLOLU, PowerHD, SparkFun, WaveShare) realizujemy r\u00f3wnie\u017c zam\u00f3wienia na&nbsp;produkty tych sklep\u00f3w, kt\u00f3re nie&nbsp;znajduj\u0105 si\u0119 w&nbsp;naszej regularnej ofercie.<\/p>\n","protected":false},"excerpt":{"rendered":"<p>&nbsp;Firma Ferrox Sp. z&nbsp;o.o. istnieje od&nbsp;1989 roku.. Firma zatrudnia \u0142\u0105cznie oko\u0142o 80 pracownik\u00f3w, w&nbsp;tym 20<a class=\"read-more\" href=\"https:\/\/wm.pb.edu.pl\/mechatronix\/partnerzy\/\" title=\"Poka\u017c artyku\u0142 Partnerzy\">wi\u0119cej<\/a><\/p>\n","protected":false},"author":14,"featured_media":66,"parent":0,"menu_order":0,"comment_status":"closed","ping_status":"closed","template":"","meta":{"inline_featured_image":false,"ngg_post_thumbnail":0,"footnotes":""},"class_list":["post-65","page","type-page","status-publish","has-post-thumbnail","hentry"],"acf":[],"yoast_head":"<!-- This site is optimized with the Yoast SEO plugin v26.4 - https:\/\/yoast.com\/wordpress\/plugins\/seo\/ -->\n<title>Partnerzy - Studenckie Ko\u0142o Naukowe Mechatronix - Wydzia\u0142 Mechaniczny PB<\/title>\n<meta name=\"robots\" content=\"index, follow, max-snippet:-1, max-image-preview:large, max-video-preview:-1\" \/>\n<link rel=\"canonical\" href=\"https:\/\/wm.pb.edu.pl\/mechatronix\/partnerzy\/\" \/>\n<meta property=\"og:locale\" content=\"pl_PL\" \/>\n<meta property=\"og:type\" content=\"article\" \/>\n<meta property=\"og:title\" content=\"Partnerzy - Studenckie Ko\u0142o Naukowe Mechatronix - Wydzia\u0142 Mechaniczny PB\" \/>\n<meta property=\"og:description\" content=\"&nbsp;Firma Ferrox Sp. z&nbsp;o.o. istnieje od&nbsp;1989 roku.. Firma zatrudnia \u0142\u0105cznie oko\u0142o 80 pracownik\u00f3w, w&nbsp;tym 20wi\u0119cej\" \/>\n<meta property=\"og:url\" content=\"https:\/\/wm.pb.edu.pl\/mechatronix\/partnerzy\/\" \/>\n<meta property=\"og:site_name\" content=\"Studenckie Ko\u0142o Naukowe Mechatronix - Wydzia\u0142 Mechaniczny PB\" \/>\n<meta property=\"article:modified_time\" content=\"2021-03-01T10:37:30+00:00\" \/>\n<meta property=\"og:image\" content=\"https:\/\/wm.pb.edu.pl\/mechatronix\/wp-content\/uploads\/sites\/16\/2021\/03\/sponsorzy.jpg\" \/>\n\t<meta property=\"og:image:width\" content=\"600\" \/>\n\t<meta property=\"og:image:height\" content=\"363\" \/>\n\t<meta property=\"og:image:type\" content=\"image\/jpeg\" \/>\n<meta name=\"twitter:card\" content=\"summary_large_image\" \/>\n<meta name=\"twitter:label1\" content=\"Szacowany czas czytania\" \/>\n\t<meta name=\"twitter:data1\" content=\"2 minuty\" \/>\n<script type=\"application\/ld+json\" class=\"yoast-schema-graph\">{\"@context\":\"https:\/\/schema.org\",\"@graph\":[{\"@type\":\"WebPage\",\"@id\":\"https:\/\/wm.pb.edu.pl\/mechatronix\/partnerzy\/\",\"url\":\"https:\/\/wm.pb.edu.pl\/mechatronix\/partnerzy\/\",\"name\":\"Partnerzy - Studenckie Ko\u0142o Naukowe Mechatronix - Wydzia\u0142 Mechaniczny PB\",\"isPartOf\":{\"@id\":\"https:\/\/wm.pb.edu.pl\/mechatronix\/#website\"},\"primaryImageOfPage\":{\"@id\":\"https:\/\/wm.pb.edu.pl\/mechatronix\/partnerzy\/#primaryimage\"},\"image\":{\"@id\":\"https:\/\/wm.pb.edu.pl\/mechatronix\/partnerzy\/#primaryimage\"},\"thumbnailUrl\":\"https:\/\/wm.pb.edu.pl\/mechatronix\/wp-content\/uploads\/sites\/16\/2021\/03\/sponsorzy.jpg\",\"datePublished\":\"2021-03-01T10:18:41+00:00\",\"dateModified\":\"2021-03-01T10:37:30+00:00\",\"breadcrumb\":{\"@id\":\"https:\/\/wm.pb.edu.pl\/mechatronix\/partnerzy\/#breadcrumb\"},\"inLanguage\":\"pl-PL\",\"potentialAction\":[{\"@type\":\"ReadAction\",\"target\":[\"https:\/\/wm.pb.edu.pl\/mechatronix\/partnerzy\/\"]}]},{\"@type\":\"ImageObject\",\"inLanguage\":\"pl-PL\",\"@id\":\"https:\/\/wm.pb.edu.pl\/mechatronix\/partnerzy\/#primaryimage\",\"url\":\"https:\/\/wm.pb.edu.pl\/mechatronix\/wp-content\/uploads\/sites\/16\/2021\/03\/sponsorzy.jpg\",\"contentUrl\":\"https:\/\/wm.pb.edu.pl\/mechatronix\/wp-content\/uploads\/sites\/16\/2021\/03\/sponsorzy.jpg\",\"width\":600,\"height\":363,\"caption\":\"partnerzy\"},{\"@type\":\"BreadcrumbList\",\"@id\":\"https:\/\/wm.pb.edu.pl\/mechatronix\/partnerzy\/#breadcrumb\",\"itemListElement\":[{\"@type\":\"ListItem\",\"position\":1,\"name\":\"Strona g\u0142\u00f3wna\",\"item\":\"https:\/\/wm.pb.edu.pl\/mechatronix\/\"},{\"@type\":\"ListItem\",\"position\":2,\"name\":\"Partnerzy\"}]},{\"@type\":\"WebSite\",\"@id\":\"https:\/\/wm.pb.edu.pl\/mechatronix\/#website\",\"url\":\"https:\/\/wm.pb.edu.pl\/mechatronix\/\",\"name\":\"Studenckie Ko\u0142o Naukowe Mechatronix - Wydzia\u0142 Mechaniczny PB\",\"description\":\"Studenckie Ko\u0142o Naukowe Mechatronix - Wydzia\u0142 Mechaniczny PB\",\"potentialAction\":[{\"@type\":\"SearchAction\",\"target\":{\"@type\":\"EntryPoint\",\"urlTemplate\":\"https:\/\/wm.pb.edu.pl\/mechatronix\/?s={search_term_string}\"},\"query-input\":{\"@type\":\"PropertyValueSpecification\",\"valueRequired\":true,\"valueName\":\"search_term_string\"}}],\"inLanguage\":\"pl-PL\"}]}<\/script>\n<!-- \/ Yoast SEO plugin. -->","yoast_head_json":{"title":"Partnerzy - Studenckie Ko\u0142o Naukowe Mechatronix - Wydzia\u0142 Mechaniczny PB","robots":{"index":"index","follow":"follow","max-snippet":"max-snippet:-1","max-image-preview":"max-image-preview:large","max-video-preview":"max-video-preview:-1"},"canonical":"https:\/\/wm.pb.edu.pl\/mechatronix\/partnerzy\/","og_locale":"pl_PL","og_type":"article","og_title":"Partnerzy - Studenckie Ko\u0142o Naukowe Mechatronix - Wydzia\u0142 Mechaniczny PB","og_description":"&nbsp;Firma Ferrox Sp. z&nbsp;o.o. istnieje od&nbsp;1989 roku.. Firma zatrudnia \u0142\u0105cznie oko\u0142o 80 pracownik\u00f3w, w&nbsp;tym 20wi\u0119cej","og_url":"https:\/\/wm.pb.edu.pl\/mechatronix\/partnerzy\/","og_site_name":"Studenckie Ko\u0142o Naukowe Mechatronix - Wydzia\u0142 Mechaniczny PB","article_modified_time":"2021-03-01T10:37:30+00:00","og_image":[{"width":600,"height":363,"url":"https:\/\/wm.pb.edu.pl\/mechatronix\/wp-content\/uploads\/sites\/16\/2021\/03\/sponsorzy.jpg","type":"image\/jpeg"}],"twitter_card":"summary_large_image","twitter_misc":{"Szacowany czas czytania":"2 minuty"},"schema":{"@context":"https:\/\/schema.org","@graph":[{"@type":"WebPage","@id":"https:\/\/wm.pb.edu.pl\/mechatronix\/partnerzy\/","url":"https:\/\/wm.pb.edu.pl\/mechatronix\/partnerzy\/","name":"Partnerzy - Studenckie Ko\u0142o Naukowe Mechatronix - Wydzia\u0142 Mechaniczny PB","isPartOf":{"@id":"https:\/\/wm.pb.edu.pl\/mechatronix\/#website"},"primaryImageOfPage":{"@id":"https:\/\/wm.pb.edu.pl\/mechatronix\/partnerzy\/#primaryimage"},"image":{"@id":"https:\/\/wm.pb.edu.pl\/mechatronix\/partnerzy\/#primaryimage"},"thumbnailUrl":"https:\/\/wm.pb.edu.pl\/mechatronix\/wp-content\/uploads\/sites\/16\/2021\/03\/sponsorzy.jpg","datePublished":"2021-03-01T10:18:41+00:00","dateModified":"2021-03-01T10:37:30+00:00","breadcrumb":{"@id":"https:\/\/wm.pb.edu.pl\/mechatronix\/partnerzy\/#breadcrumb"},"inLanguage":"pl-PL","potentialAction":[{"@type":"ReadAction","target":["https:\/\/wm.pb.edu.pl\/mechatronix\/partnerzy\/"]}]},{"@type":"ImageObject","inLanguage":"pl-PL","@id":"https:\/\/wm.pb.edu.pl\/mechatronix\/partnerzy\/#primaryimage","url":"https:\/\/wm.pb.edu.pl\/mechatronix\/wp-content\/uploads\/sites\/16\/2021\/03\/sponsorzy.jpg","contentUrl":"https:\/\/wm.pb.edu.pl\/mechatronix\/wp-content\/uploads\/sites\/16\/2021\/03\/sponsorzy.jpg","width":600,"height":363,"caption":"partnerzy"},{"@type":"BreadcrumbList","@id":"https:\/\/wm.pb.edu.pl\/mechatronix\/partnerzy\/#breadcrumb","itemListElement":[{"@type":"ListItem","position":1,"name":"Strona g\u0142\u00f3wna","item":"https:\/\/wm.pb.edu.pl\/mechatronix\/"},{"@type":"ListItem","position":2,"name":"Partnerzy"}]},{"@type":"WebSite","@id":"https:\/\/wm.pb.edu.pl\/mechatronix\/#website","url":"https:\/\/wm.pb.edu.pl\/mechatronix\/","name":"Studenckie Ko\u0142o Naukowe Mechatronix - Wydzia\u0142 Mechaniczny PB","description":"Studenckie Ko\u0142o Naukowe Mechatronix - Wydzia\u0142 Mechaniczny PB","potentialAction":[{"@type":"SearchAction","target":{"@type":"EntryPoint","urlTemplate":"https:\/\/wm.pb.edu.pl\/mechatronix\/?s={search_term_string}"},"query-input":{"@type":"PropertyValueSpecification","valueRequired":true,"valueName":"search_term_string"}}],"inLanguage":"pl-PL"}]}},"_links":{"self":[{"href":"https:\/\/wm.pb.edu.pl\/mechatronix\/wp-json\/wp\/v2\/pages\/65","targetHints":{"allow":["GET"]}}],"collection":[{"href":"https:\/\/wm.pb.edu.pl\/mechatronix\/wp-json\/wp\/v2\/pages"}],"about":[{"href":"https:\/\/wm.pb.edu.pl\/mechatronix\/wp-json\/wp\/v2\/types\/page"}],"author":[{"embeddable":true,"href":"https:\/\/wm.pb.edu.pl\/mechatronix\/wp-json\/wp\/v2\/users\/14"}],"replies":[{"embeddable":true,"href":"https:\/\/wm.pb.edu.pl\/mechatronix\/wp-json\/wp\/v2\/comments?post=65"}],"version-history":[{"count":5,"href":"https:\/\/wm.pb.edu.pl\/mechatronix\/wp-json\/wp\/v2\/pages\/65\/revisions"}],"predecessor-version":[{"id":75,"href":"https:\/\/wm.pb.edu.pl\/mechatronix\/wp-json\/wp\/v2\/pages\/65\/revisions\/75"}],"wp:featuredmedia":[{"embeddable":true,"href":"https:\/\/wm.pb.edu.pl\/mechatronix\/wp-json\/wp\/v2\/media\/66"}],"wp:attachment":[{"href":"https:\/\/wm.pb.edu.pl\/mechatronix\/wp-json\/wp\/v2\/media?parent=65"}],"curies":[{"name":"wp","href":"https:\/\/api.w.org\/{rel}","templated":true}]}}