{"id":31,"date":"2021-01-25T07:44:21","date_gmt":"2021-01-25T06:44:21","guid":{"rendered":"https:\/\/wm.pb.edu.pl\/orthos\/?page_id=31"},"modified":"2021-01-25T07:44:21","modified_gmt":"2021-01-25T06:44:21","slug":"redakcja-serwisu-www","status":"publish","type":"page","link":"https:\/\/wm.pb.edu.pl\/orthos\/redakcja-serwisu-www\/","title":{"rendered":"Redakcja serwisu www"},"content":{"rendered":"<h2>Serwis internetowy<\/h2>\n<p>Uwagi dotycz\u0105ce&nbsp;<strong>funkcjonowania<\/strong>&nbsp;oraz&nbsp;<strong>zawarto\u015bci (opisy, fotografie itp.)<\/strong>&nbsp;poszczeg\u00f3lnych stron www wydzia\u0142owego serwisu internetowego prosz\u0119 przysy\u0142a\u0107 na adres:&nbsp;<i class=\"fa fa-envelope-o\" aria-hidden=\"true\"><\/i>&nbsp;<a href=\"https:\/\/wm.pb.edu.pl\/kontakt\/redakcja-serwisu-www\/#\" rel=\"nofollow\">p.nowik [at] pb.edu.pl<\/a><\/p>\n","protected":false},"excerpt":{"rendered":"<p>Serwis internetowy Uwagi dotycz\u0105ce&nbsp;funkcjonowania&nbsp;oraz&nbsp;zawarto\u015bci (opisy, fotografie itp.)&nbsp;poszczeg\u00f3lnych stron www wydzia\u0142owego serwisu internetowego prosz\u0119 przysy\u0142a\u0107 na<a class=\"read-more\" href=\"https:\/\/wm.pb.edu.pl\/orthos\/redakcja-serwisu-www\/\" title=\"Poka\u017c artyku\u0142 Redakcja serwisu www\">wi\u0119cej<\/a><\/p>\n","protected":false},"author":14,"featured_media":0,"parent":0,"menu_order":0,"comment_status":"closed","ping_status":"closed","template":"","meta":{"inline_featured_image":false,"ngg_post_thumbnail":0,"footnotes":""},"class_list":["post-31","page","type-page","status-publish","hentry"],"acf":[],"yoast_head":"<!-- This site is optimized with the Yoast SEO plugin v26.4 - https:\/\/yoast.com\/wordpress\/plugins\/seo\/ -->\n<title>Redakcja serwisu www - Studenckie Ko\u0142o Naukowe Orthos- Wydzia\u0142 Mechaniczny PB<\/title>\n<meta name=\"robots\" content=\"index, follow, max-snippet:-1, max-image-preview:large, max-video-preview:-1\" \/>\n<link rel=\"canonical\" href=\"https:\/\/wm.pb.edu.pl\/orthos\/redakcja-serwisu-www\/\" \/>\n<meta property=\"og:locale\" content=\"pl_PL\" \/>\n<meta property=\"og:type\" content=\"article\" \/>\n<meta property=\"og:title\" content=\"Redakcja serwisu www - Studenckie Ko\u0142o Naukowe Orthos- Wydzia\u0142 Mechaniczny PB\" \/>\n<meta property=\"og:description\" content=\"Serwis internetowy Uwagi dotycz\u0105ce&nbsp;funkcjonowania&nbsp;oraz&nbsp;zawarto\u015bci (opisy, fotografie itp.)&nbsp;poszczeg\u00f3lnych stron www wydzia\u0142owego serwisu internetowego prosz\u0119 przysy\u0142a\u0107 nawi\u0119cej\" \/>\n<meta property=\"og:url\" content=\"https:\/\/wm.pb.edu.pl\/orthos\/redakcja-serwisu-www\/\" \/>\n<meta property=\"og:site_name\" content=\"Studenckie Ko\u0142o Naukowe Orthos- Wydzia\u0142 Mechaniczny PB\" \/>\n<meta name=\"twitter:card\" content=\"summary_large_image\" \/>\n<script type=\"application\/ld+json\" class=\"yoast-schema-graph\">{\"@context\":\"https:\/\/schema.org\",\"@graph\":[{\"@type\":\"WebPage\",\"@id\":\"https:\/\/wm.pb.edu.pl\/orthos\/redakcja-serwisu-www\/\",\"url\":\"https:\/\/wm.pb.edu.pl\/orthos\/redakcja-serwisu-www\/\",\"name\":\"Redakcja serwisu www - Studenckie Ko\u0142o Naukowe Orthos- Wydzia\u0142 Mechaniczny PB\",\"isPartOf\":{\"@id\":\"https:\/\/wm.pb.edu.pl\/orthos\/#website\"},\"datePublished\":\"2021-01-25T06:44:21+00:00\",\"breadcrumb\":{\"@id\":\"https:\/\/wm.pb.edu.pl\/orthos\/redakcja-serwisu-www\/#breadcrumb\"},\"inLanguage\":\"pl-PL\",\"potentialAction\":[{\"@type\":\"ReadAction\",\"target\":[\"https:\/\/wm.pb.edu.pl\/orthos\/redakcja-serwisu-www\/\"]}]},{\"@type\":\"BreadcrumbList\",\"@id\":\"https:\/\/wm.pb.edu.pl\/orthos\/redakcja-serwisu-www\/#breadcrumb\",\"itemListElement\":[{\"@type\":\"ListItem\",\"position\":1,\"name\":\"Strona g\u0142\u00f3wna\",\"item\":\"https:\/\/wm.pb.edu.pl\/orthos\/\"},{\"@type\":\"ListItem\",\"position\":2,\"name\":\"Redakcja serwisu www\"}]},{\"@type\":\"WebSite\",\"@id\":\"https:\/\/wm.pb.edu.pl\/orthos\/#website\",\"url\":\"https:\/\/wm.pb.edu.pl\/orthos\/\",\"name\":\"Studenckie Ko\u0142o Naukowe Orthos- Wydzia\u0142 Mechaniczny PB\",\"description\":\"\",\"potentialAction\":[{\"@type\":\"SearchAction\",\"target\":{\"@type\":\"EntryPoint\",\"urlTemplate\":\"https:\/\/wm.pb.edu.pl\/orthos\/?s={search_term_string}\"},\"query-input\":{\"@type\":\"PropertyValueSpecification\",\"valueRequired\":true,\"valueName\":\"search_term_string\"}}],\"inLanguage\":\"pl-PL\"}]}<\/script>\n<!-- \/ Yoast SEO plugin. -->","yoast_head_json":{"title":"Redakcja serwisu www - Studenckie Ko\u0142o Naukowe Orthos- Wydzia\u0142 Mechaniczny PB","robots":{"index":"index","follow":"follow","max-snippet":"max-snippet:-1","max-image-preview":"max-image-preview:large","max-video-preview":"max-video-preview:-1"},"canonical":"https:\/\/wm.pb.edu.pl\/orthos\/redakcja-serwisu-www\/","og_locale":"pl_PL","og_type":"article","og_title":"Redakcja serwisu www - Studenckie Ko\u0142o Naukowe Orthos- Wydzia\u0142 Mechaniczny PB","og_description":"Serwis internetowy Uwagi dotycz\u0105ce&nbsp;funkcjonowania&nbsp;oraz&nbsp;zawarto\u015bci (opisy, fotografie itp.)&nbsp;poszczeg\u00f3lnych stron www wydzia\u0142owego serwisu internetowego prosz\u0119 przysy\u0142a\u0107 nawi\u0119cej","og_url":"https:\/\/wm.pb.edu.pl\/orthos\/redakcja-serwisu-www\/","og_site_name":"Studenckie Ko\u0142o Naukowe Orthos- Wydzia\u0142 Mechaniczny PB","twitter_card":"summary_large_image","schema":{"@context":"https:\/\/schema.org","@graph":[{"@type":"WebPage","@id":"https:\/\/wm.pb.edu.pl\/orthos\/redakcja-serwisu-www\/","url":"https:\/\/wm.pb.edu.pl\/orthos\/redakcja-serwisu-www\/","name":"Redakcja serwisu www - Studenckie Ko\u0142o Naukowe Orthos- Wydzia\u0142 Mechaniczny PB","isPartOf":{"@id":"https:\/\/wm.pb.edu.pl\/orthos\/#website"},"datePublished":"2021-01-25T06:44:21+00:00","breadcrumb":{"@id":"https:\/\/wm.pb.edu.pl\/orthos\/redakcja-serwisu-www\/#breadcrumb"},"inLanguage":"pl-PL","potentialAction":[{"@type":"ReadAction","target":["https:\/\/wm.pb.edu.pl\/orthos\/redakcja-serwisu-www\/"]}]},{"@type":"BreadcrumbList","@id":"https:\/\/wm.pb.edu.pl\/orthos\/redakcja-serwisu-www\/#breadcrumb","itemListElement":[{"@type":"ListItem","position":1,"name":"Strona g\u0142\u00f3wna","item":"https:\/\/wm.pb.edu.pl\/orthos\/"},{"@type":"ListItem","position":2,"name":"Redakcja serwisu www"}]},{"@type":"WebSite","@id":"https:\/\/wm.pb.edu.pl\/orthos\/#website","url":"https:\/\/wm.pb.edu.pl\/orthos\/","name":"Studenckie Ko\u0142o Naukowe Orthos- Wydzia\u0142 Mechaniczny PB","description":"","potentialAction":[{"@type":"SearchAction","target":{"@type":"EntryPoint","urlTemplate":"https:\/\/wm.pb.edu.pl\/orthos\/?s={search_term_string}"},"query-input":{"@type":"PropertyValueSpecification","valueRequired":true,"valueName":"search_term_string"}}],"inLanguage":"pl-PL"}]}},"_links":{"self":[{"href":"https:\/\/wm.pb.edu.pl\/orthos\/wp-json\/wp\/v2\/pages\/31","targetHints":{"allow":["GET"]}}],"collection":[{"href":"https:\/\/wm.pb.edu.pl\/orthos\/wp-json\/wp\/v2\/pages"}],"about":[{"href":"https:\/\/wm.pb.edu.pl\/orthos\/wp-json\/wp\/v2\/types\/page"}],"author":[{"embeddable":true,"href":"https:\/\/wm.pb.edu.pl\/orthos\/wp-json\/wp\/v2\/users\/14"}],"replies":[{"embeddable":true,"href":"https:\/\/wm.pb.edu.pl\/orthos\/wp-json\/wp\/v2\/comments?post=31"}],"version-history":[{"count":1,"href":"https:\/\/wm.pb.edu.pl\/orthos\/wp-json\/wp\/v2\/pages\/31\/revisions"}],"predecessor-version":[{"id":32,"href":"https:\/\/wm.pb.edu.pl\/orthos\/wp-json\/wp\/v2\/pages\/31\/revisions\/32"}],"wp:attachment":[{"href":"https:\/\/wm.pb.edu.pl\/orthos\/wp-json\/wp\/v2\/media?parent=31"}],"curies":[{"name":"wp","href":"https:\/\/api.w.org\/{rel}","templated":true}]}}