{"id":38,"date":"2021-03-01T11:01:43","date_gmt":"2021-03-01T10:01:43","guid":{"rendered":"https:\/\/wm.pb.edu.pl\/orthos\/?page_id=38"},"modified":"2024-07-22T10:24:37","modified_gmt":"2024-07-22T08:24:37","slug":"nasze-projekty","status":"publish","type":"page","link":"https:\/\/wm.pb.edu.pl\/orthos\/nasze-projekty\/","title":{"rendered":"Nasze projekty"},"content":{"rendered":"  <div class=\"box news-box\">\r\n    <div class=\"row\">\r\n      <!--Array\n(\n    [post_type] => projects\n    [paged] => 1\n    [orderby] => Array\n        (\n            [meta_value_num] => DESC\n            [date] => DESC\n        )\n\n    [meta_query] => Array\n        (\n            [relation] => OR\n            [0] => Array\n                (\n                    [key] => on_top\n                    [compare] => NOT EXISTS\n                )\n\n            [1] => Array\n                (\n                    [key] => on_top\n                )\n\n        )\n\n)\n-->\r\n                        <div class=\"col-sm-3\">\r\n            <article class=\"format-standard\">\n    <span class=\"date text-right\"><i class=\"fa fa-calendar\"><\/i> 19-03-2026<\/span>\n    <a href=\"https:\/\/wm.pb.edu.pl\/orthos\/projekt\/tablica-wspierajaca-sprawnosc-funkcjonalna-oraz-procesy-integracji-sensorycznej-u-dzieci\/\">\n      <div class=\"article-image\">\n        <img loading=\"lazy\" decoding=\"async\" width=\"480\" height=\"320\" src=\"https:\/\/wm.pb.edu.pl\/orthos\/wp-content\/uploads\/sites\/19\/2026\/03\/Obraz2-480x320.jpg\" class=\"attachment-hp-box-size size-hp-box-size wp-post-image\" alt=\"\" \/>      <\/div>\n      <h3>Tablica wspieraj\u0105c\u0105 sprawno\u015b\u0107 funkcjonaln\u0105 oraz procesy integracji sensorycznej u dzieci<\/h3>\n      Prototyp urz\u0105dzenia, kt\u00f3re wspomaga integracj\u0119 sensoryczn\u0105 i rehabilitacj\u0119 ko\u0144czyn g\u00f3rnych. Dzi\u0119ki    <\/a>\n<\/article>          <\/div>\r\n                  <div class=\"col-sm-3\">\r\n            <article class=\"format-standard\">\n    <span class=\"date text-right\"><i class=\"fa fa-calendar\"><\/i> 19-03-2026<\/span>\n    <a href=\"https:\/\/wm.pb.edu.pl\/orthos\/projekt\/wozek-inwalidzki-dla-psa-ze-sparalizowanymi-konczynami-tylnymi\/\">\n      <div class=\"article-image\">\n        <img loading=\"lazy\" decoding=\"async\" width=\"480\" height=\"320\" src=\"https:\/\/wm.pb.edu.pl\/orthos\/wp-content\/uploads\/sites\/19\/2026\/03\/Obraz1-1-480x320.jpg\" class=\"attachment-hp-box-size size-hp-box-size wp-post-image\" alt=\"\" \/>      <\/div>\n      <h3>W\u00f3zek inwalidzki dla psa ze sparali\u017cowanymi ko\u0144czynami tylnymi<\/h3>\n      Studenci we wsp\u00f3\u0142pracy z lokaln\u0105 firm\u0105 (KomfOrto) wykonali w\u00f3zek inwalidzki wraz    <\/a>\n<\/article>          <\/div>\r\n                  <div class=\"col-sm-3\">\r\n            <article class=\"format-standard\">\n    <span class=\"date text-right\"><i class=\"fa fa-calendar\"><\/i> 22-07-2024<\/span>\n    <a href=\"https:\/\/wm.pb.edu.pl\/orthos\/projekt\/przystawka-do-hulajnogi-umozliwiajaca-jazde-po-sniegu-i-grzaskim-gruncie\/\">\n      <div class=\"article-image\">\n        <img loading=\"lazy\" decoding=\"async\" width=\"480\" height=\"320\" src=\"https:\/\/wm.pb.edu.pl\/orthos\/wp-content\/uploads\/sites\/19\/2024\/07\/Obraz10-480x320.jpg\" class=\"attachment-hp-box-size size-hp-box-size wp-post-image\" alt=\"\" \/>      <\/div>\n      <h3>Przystawka do hulajnogi umo\u017cliwiaj\u0105ca jazd\u0119 po \u015bniegu i grz\u0105skim gruncie<\/h3>\n      Projekt hulajnogi na p\u0142ozach zosta\u0142 wykonany w szczytnym celu. By\u0142a to    <\/a>\n<\/article>          <\/div>\r\n                  <div class=\"col-sm-3\">\r\n            <article class=\"format-standard\">\n    <span class=\"date text-right\"><i class=\"fa fa-calendar\"><\/i> 22-07-2024<\/span>\n    <a href=\"https:\/\/wm.pb.edu.pl\/orthos\/projekt\/kamizelko-sciskarka-przeznaczona-do-terapii-sensorycznej-dzieci-z-autyzmem\/\">\n      <div class=\"article-image\">\n        <img loading=\"lazy\" decoding=\"async\" width=\"480\" height=\"320\" src=\"https:\/\/wm.pb.edu.pl\/orthos\/wp-content\/uploads\/sites\/19\/2024\/07\/Obraz9-480x320.jpg\" class=\"attachment-hp-box-size size-hp-box-size wp-post-image\" alt=\"\" \/>      <\/div>\n      <h3>Kamizelko-\u015bciskarka przeznaczona do terapii sensorycznej dzieci z autyzmem<\/h3>\n      Projekt kamizelko-\u015bciskarki powsta\u0142 z zamys\u0142em prowadzenia terapii zaburze\u0144 czucia g\u0142\u0119bokiego u    <\/a>\n<\/article>          <\/div>\r\n                  <div class=\"col-sm-3\">\r\n            <article class=\"format-standard\">\n    <span class=\"date text-right\"><i class=\"fa fa-calendar\"><\/i> 22-07-2024<\/span>\n    <a href=\"https:\/\/wm.pb.edu.pl\/orthos\/projekt\/chodzik-dla-dziecka-z-wrodzona-lamliwoscia-kosci\/\">\n      <div class=\"article-image\">\n        <img loading=\"lazy\" decoding=\"async\" width=\"480\" height=\"320\" src=\"https:\/\/wm.pb.edu.pl\/orthos\/wp-content\/uploads\/sites\/19\/2024\/07\/Obraz8-480x320.png\" class=\"attachment-hp-box-size size-hp-box-size wp-post-image\" alt=\"\" \/>      <\/div>\n      <h3>Chodzik dla dziecka z wrodzon\u0105 \u0142amliwo\u015bci\u0105 ko\u015bci<\/h3>\n      Chodzik dla dziecka z wrodzon\u0105 \u0142amliwo\u015bci\u0105 ko\u015bci powsta\u0142 dla dziewczynki choruj\u0105cej    <\/a>\n<\/article>          <\/div>\r\n                  <div class=\"col-sm-3\">\r\n            <article class=\"format-standard\">\n    <span class=\"date text-right\"><i class=\"fa fa-calendar\"><\/i> 22-07-2024<\/span>\n    <a href=\"https:\/\/wm.pb.edu.pl\/orthos\/projekt\/przystawka-do-wozka-inwalidzkiego-hermes-2-0\/\">\n      <div class=\"article-image\">\n        <img loading=\"lazy\" decoding=\"async\" width=\"480\" height=\"320\" src=\"https:\/\/wm.pb.edu.pl\/orthos\/wp-content\/uploads\/sites\/19\/2024\/07\/Obraz7-480x320.jpg\" class=\"attachment-hp-box-size size-hp-box-size wp-post-image\" alt=\"\" \/>      <\/div>\n      <h3>Przystawka do w\u00f3zka inwalidzkiego \u201eHermes 2.0\u201d<\/h3>\n      Projekt powsta\u0142 w celu wspomagania lokomocji os\u00f3b poruszaj\u0105cych si\u0119 na w\u00f3zku    <\/a>\n<\/article>          <\/div>\r\n                  <div class=\"col-sm-3\">\r\n            <article class=\"format-standard\">\n    <span class=\"date text-right\"><i class=\"fa fa-calendar\"><\/i> 22-07-2024<\/span>\n    <a href=\"https:\/\/wm.pb.edu.pl\/orthos\/projekt\/wozek-dla-psa-z-paralizem-tylnych-konczyn\/\">\n      <div class=\"article-image\">\n        <img loading=\"lazy\" decoding=\"async\" width=\"480\" height=\"320\" src=\"https:\/\/wm.pb.edu.pl\/orthos\/wp-content\/uploads\/sites\/19\/2024\/07\/Obraz5-480x320.jpg\" class=\"attachment-hp-box-size size-hp-box-size wp-post-image\" alt=\"\" \/>      <\/div>\n      <h3>W\u00f3zek dla psa z parali\u017cem tylnych ko\u0144czyn<\/h3>\n      W\u00f3zek oraz specjalnie spersonalizowane nosi\u0142o zosta\u0142o wykonane przez student\u00f3w naszego ko\u0142a    <\/a>\n<\/article>          <\/div>\r\n                  <div class=\"col-sm-3\">\r\n            <article class=\"format-standard\">\n    <span class=\"date text-right\"><i class=\"fa fa-calendar\"><\/i> 22-07-2024<\/span>\n    <a href=\"https:\/\/wm.pb.edu.pl\/orthos\/projekt\/wozek-dla-psa-bez-tylnej-lapy\/\">\n      <div class=\"article-image\">\n        <img loading=\"lazy\" decoding=\"async\" width=\"230\" height=\"208\" src=\"https:\/\/wm.pb.edu.pl\/orthos\/wp-content\/uploads\/sites\/19\/2024\/07\/Obraz3.jpg\" class=\"attachment-hp-box-size size-hp-box-size wp-post-image\" alt=\"\" \/>      <\/div>\n      <h3>W\u00f3zek dla psa bez tylnej \u0142apy<\/h3>\n      Projekt w\u00f3zka dla pieska powsta\u0142, po zg\u0142oszeniu si\u0119 do nas jego    <\/a>\n<\/article>          <\/div>\r\n                  <\/div>\r\n          <\/div>\r\n\n<p><a title=\"Otworzy zdj\u0119cie w nowej karcie\" href=\"https:\/\/wm.pb.edu.pl\/orthos\/wp-content\/uploads\/sites\/19\/2021\/03\/plakat_ortoza.jpg\" target=\"_blank\" rel=\"noopener\">Ortoza z dedykowanym mechanizmem dla osoby z niepe\u0142nosprawno\u015bci\u0105 ko\u0144czyny g\u00f3rnej<\/a><\/p>\n<p><a title=\"Otworzy zdj\u0119cie w nowej karcie\" href=\"https:\/\/wm.pb.edu.pl\/orthos\/wp-content\/uploads\/sites\/19\/2021\/03\/plakat_tablica.jpg\" target=\"_blank\" rel=\"noopener\">Tablica sensoryczna do \u0107wicze\u0144 manualnych ko\u0144czyn g\u00f3rnych wspomagana systemem gier<\/a><\/p>\n","protected":false},"excerpt":{"rendered":"<p>Ortoza z dedykowanym mechanizmem dla osoby z niepe\u0142nosprawno\u015bci\u0105 ko\u0144czyny g\u00f3rnej Tablica sensoryczna do \u0107wicze\u0144 manualnych<a class=\"read-more\" href=\"https:\/\/wm.pb.edu.pl\/orthos\/projekt\/tablica-wspierajaca-sprawnosc-funkcjonalna-oraz-procesy-integracji-sensorycznej-u-dzieci\/\" title=\"Poka\u017c artyku\u0142 Tablica wspieraj\u0105c\u0105 sprawno\u015b\u0107 funkcjonaln\u0105 oraz procesy integracji sensorycznej u dzieci\">wi\u0119cej<\/a><\/p>\n","protected":false},"author":14,"featured_media":0,"parent":0,"menu_order":0,"comment_status":"closed","ping_status":"closed","template":"","meta":{"inline_featured_image":false,"ngg_post_thumbnail":0,"footnotes":""},"class_list":["post-38","page","type-page","status-publish","hentry"],"acf":[],"yoast_head":"<!-- This site is optimized with the Yoast SEO plugin v26.4 - https:\/\/yoast.com\/wordpress\/plugins\/seo\/ -->\n<title>Nasze projekty - Studenckie Ko\u0142o Naukowe Orthos- Wydzia\u0142 Mechaniczny PB<\/title>\n<meta name=\"robots\" content=\"index, follow, max-snippet:-1, max-image-preview:large, max-video-preview:-1\" \/>\n<link rel=\"canonical\" href=\"https:\/\/wm.pb.edu.pl\/orthos\/nasze-projekty\/\" \/>\n<meta property=\"og:locale\" content=\"pl_PL\" \/>\n<meta property=\"og:type\" content=\"article\" \/>\n<meta property=\"og:title\" content=\"Nasze projekty - Studenckie Ko\u0142o Naukowe Orthos- Wydzia\u0142 Mechaniczny PB\" \/>\n<meta property=\"og:description\" content=\"Ortoza z dedykowanym mechanizmem dla osoby z niepe\u0142nosprawno\u015bci\u0105 ko\u0144czyny g\u00f3rnej Tablica sensoryczna do \u0107wicze\u0144 manualnychwi\u0119cej\" \/>\n<meta property=\"og:url\" content=\"https:\/\/wm.pb.edu.pl\/orthos\/nasze-projekty\/\" \/>\n<meta property=\"og:site_name\" content=\"Studenckie Ko\u0142o Naukowe Orthos- Wydzia\u0142 Mechaniczny PB\" \/>\n<meta property=\"article:modified_time\" content=\"2024-07-22T08:24:37+00:00\" \/>\n<meta name=\"twitter:card\" content=\"summary_large_image\" \/>\n<meta name=\"twitter:label1\" content=\"Szacowany czas czytania\" \/>\n\t<meta name=\"twitter:data1\" content=\"1 minuta\" \/>\n<script type=\"application\/ld+json\" class=\"yoast-schema-graph\">{\"@context\":\"https:\/\/schema.org\",\"@graph\":[{\"@type\":\"WebPage\",\"@id\":\"https:\/\/wm.pb.edu.pl\/orthos\/nasze-projekty\/\",\"url\":\"https:\/\/wm.pb.edu.pl\/orthos\/nasze-projekty\/\",\"name\":\"Nasze projekty - Studenckie Ko\u0142o Naukowe Orthos- Wydzia\u0142 Mechaniczny PB\",\"isPartOf\":{\"@id\":\"https:\/\/wm.pb.edu.pl\/orthos\/#website\"},\"datePublished\":\"2021-03-01T10:01:43+00:00\",\"dateModified\":\"2024-07-22T08:24:37+00:00\",\"breadcrumb\":{\"@id\":\"https:\/\/wm.pb.edu.pl\/orthos\/nasze-projekty\/#breadcrumb\"},\"inLanguage\":\"pl-PL\",\"potentialAction\":[{\"@type\":\"ReadAction\",\"target\":[\"https:\/\/wm.pb.edu.pl\/orthos\/nasze-projekty\/\"]}]},{\"@type\":\"BreadcrumbList\",\"@id\":\"https:\/\/wm.pb.edu.pl\/orthos\/nasze-projekty\/#breadcrumb\",\"itemListElement\":[{\"@type\":\"ListItem\",\"position\":1,\"name\":\"Strona g\u0142\u00f3wna\",\"item\":\"https:\/\/wm.pb.edu.pl\/orthos\/\"},{\"@type\":\"ListItem\",\"position\":2,\"name\":\"Nasze projekty\"}]},{\"@type\":\"WebSite\",\"@id\":\"https:\/\/wm.pb.edu.pl\/orthos\/#website\",\"url\":\"https:\/\/wm.pb.edu.pl\/orthos\/\",\"name\":\"Studenckie Ko\u0142o Naukowe Orthos- Wydzia\u0142 Mechaniczny PB\",\"description\":\"\",\"potentialAction\":[{\"@type\":\"SearchAction\",\"target\":{\"@type\":\"EntryPoint\",\"urlTemplate\":\"https:\/\/wm.pb.edu.pl\/orthos\/?s={search_term_string}\"},\"query-input\":{\"@type\":\"PropertyValueSpecification\",\"valueRequired\":true,\"valueName\":\"search_term_string\"}}],\"inLanguage\":\"pl-PL\"}]}<\/script>\n<!-- \/ Yoast SEO plugin. -->","yoast_head_json":{"title":"Nasze projekty - Studenckie Ko\u0142o Naukowe Orthos- Wydzia\u0142 Mechaniczny PB","robots":{"index":"index","follow":"follow","max-snippet":"max-snippet:-1","max-image-preview":"max-image-preview:large","max-video-preview":"max-video-preview:-1"},"canonical":"https:\/\/wm.pb.edu.pl\/orthos\/nasze-projekty\/","og_locale":"pl_PL","og_type":"article","og_title":"Nasze projekty - Studenckie Ko\u0142o Naukowe Orthos- Wydzia\u0142 Mechaniczny PB","og_description":"Ortoza z dedykowanym mechanizmem dla osoby z niepe\u0142nosprawno\u015bci\u0105 ko\u0144czyny g\u00f3rnej Tablica sensoryczna do \u0107wicze\u0144 manualnychwi\u0119cej","og_url":"https:\/\/wm.pb.edu.pl\/orthos\/nasze-projekty\/","og_site_name":"Studenckie Ko\u0142o Naukowe Orthos- Wydzia\u0142 Mechaniczny PB","article_modified_time":"2024-07-22T08:24:37+00:00","twitter_card":"summary_large_image","twitter_misc":{"Szacowany czas czytania":"1 minuta"},"schema":{"@context":"https:\/\/schema.org","@graph":[{"@type":"WebPage","@id":"https:\/\/wm.pb.edu.pl\/orthos\/nasze-projekty\/","url":"https:\/\/wm.pb.edu.pl\/orthos\/nasze-projekty\/","name":"Nasze projekty - Studenckie Ko\u0142o Naukowe Orthos- Wydzia\u0142 Mechaniczny PB","isPartOf":{"@id":"https:\/\/wm.pb.edu.pl\/orthos\/#website"},"datePublished":"2021-03-01T10:01:43+00:00","dateModified":"2024-07-22T08:24:37+00:00","breadcrumb":{"@id":"https:\/\/wm.pb.edu.pl\/orthos\/nasze-projekty\/#breadcrumb"},"inLanguage":"pl-PL","potentialAction":[{"@type":"ReadAction","target":["https:\/\/wm.pb.edu.pl\/orthos\/nasze-projekty\/"]}]},{"@type":"BreadcrumbList","@id":"https:\/\/wm.pb.edu.pl\/orthos\/nasze-projekty\/#breadcrumb","itemListElement":[{"@type":"ListItem","position":1,"name":"Strona g\u0142\u00f3wna","item":"https:\/\/wm.pb.edu.pl\/orthos\/"},{"@type":"ListItem","position":2,"name":"Nasze projekty"}]},{"@type":"WebSite","@id":"https:\/\/wm.pb.edu.pl\/orthos\/#website","url":"https:\/\/wm.pb.edu.pl\/orthos\/","name":"Studenckie Ko\u0142o Naukowe Orthos- Wydzia\u0142 Mechaniczny PB","description":"","potentialAction":[{"@type":"SearchAction","target":{"@type":"EntryPoint","urlTemplate":"https:\/\/wm.pb.edu.pl\/orthos\/?s={search_term_string}"},"query-input":{"@type":"PropertyValueSpecification","valueRequired":true,"valueName":"search_term_string"}}],"inLanguage":"pl-PL"}]}},"_links":{"self":[{"href":"https:\/\/wm.pb.edu.pl\/orthos\/wp-json\/wp\/v2\/pages\/38","targetHints":{"allow":["GET"]}}],"collection":[{"href":"https:\/\/wm.pb.edu.pl\/orthos\/wp-json\/wp\/v2\/pages"}],"about":[{"href":"https:\/\/wm.pb.edu.pl\/orthos\/wp-json\/wp\/v2\/types\/page"}],"author":[{"embeddable":true,"href":"https:\/\/wm.pb.edu.pl\/orthos\/wp-json\/wp\/v2\/users\/14"}],"replies":[{"embeddable":true,"href":"https:\/\/wm.pb.edu.pl\/orthos\/wp-json\/wp\/v2\/comments?post=38"}],"version-history":[{"count":8,"href":"https:\/\/wm.pb.edu.pl\/orthos\/wp-json\/wp\/v2\/pages\/38\/revisions"}],"predecessor-version":[{"id":174,"href":"https:\/\/wm.pb.edu.pl\/orthos\/wp-json\/wp\/v2\/pages\/38\/revisions\/174"}],"wp:attachment":[{"href":"https:\/\/wm.pb.edu.pl\/orthos\/wp-json\/wp\/v2\/media?parent=38"}],"curies":[{"name":"wp","href":"https:\/\/api.w.org\/{rel}","templated":true}]}}