{"id":40,"date":"2021-03-01T11:02:07","date_gmt":"2021-03-01T10:02:07","guid":{"rendered":"https:\/\/wm.pb.edu.pl\/orthos\/?page_id=40"},"modified":"2026-03-19T08:29:33","modified_gmt":"2026-03-19T07:29:33","slug":"zespol","status":"publish","type":"page","link":"https:\/\/wm.pb.edu.pl\/orthos\/zespol\/","title":{"rendered":"Zesp\u00f3\u0142"},"content":{"rendered":"<p><strong>Opiekun ko\u0142a:<\/strong><\/p>\n<p>dr in\u017c. Piotr Prochor<\/p>\n<p><strong>Zarz\u0105d:<\/strong><\/p>\n<div dir=\"auto\">Prezes: Gabriela Przybysz<\/div>\n<div dir=\"auto\">Zast\u0119pca prezesa: Pawe\u0142 Kordziukiewicz<\/div>\n<div dir=\"auto\">Skarbnik: Bartosz Kury\u0142o<\/div>\n<div dir=\"auto\">&nbsp;<\/div>\n<p><strong>Cz\u0142onkowie:<\/strong><\/p>\n<ul>\n<li>Kacper Snarski<\/li>\n<li>Gabriela Przybysz<\/li>\n<li>Pawe\u0142 Kordziukiewicz<\/li>\n<li>Mateusz Mikiewicz<\/li>\n<li>Bartosz Kury\u0142o<\/li>\n<li>Julian Mirowski<\/li>\n<li>Aleksandra Wyszkowska<\/li>\n<li>Kasia Toczy\u0144ska<\/li>\n<li>Kuba Brzozowski<\/li>\n<li>Filip J\u00f3\u017awik<\/li>\n<\/ul>\n","protected":false},"excerpt":{"rendered":"<p>Opiekun ko\u0142a: dr in\u017c. Piotr Prochor Zarz\u0105d: Prezes: Gabriela Przybysz Zast\u0119pca prezesa: Pawe\u0142 Kordziukiewicz Skarbnik:<a class=\"read-more\" href=\"https:\/\/wm.pb.edu.pl\/orthos\/zespol\/\" title=\"Poka\u017c artyku\u0142 Zesp\u00f3\u0142\">wi\u0119cej<\/a><\/p>\n","protected":false},"author":14,"featured_media":0,"parent":0,"menu_order":0,"comment_status":"closed","ping_status":"closed","template":"","meta":{"inline_featured_image":false,"ngg_post_thumbnail":0,"footnotes":""},"class_list":["post-40","page","type-page","status-publish","hentry"],"acf":[],"yoast_head":"<!-- This site is optimized with the Yoast SEO plugin v26.4 - https:\/\/yoast.com\/wordpress\/plugins\/seo\/ -->\n<title>Zesp\u00f3\u0142 - Studenckie Ko\u0142o Naukowe Orthos- Wydzia\u0142 Mechaniczny PB<\/title>\n<meta name=\"robots\" content=\"index, follow, max-snippet:-1, max-image-preview:large, max-video-preview:-1\" \/>\n<link rel=\"canonical\" href=\"https:\/\/wm.pb.edu.pl\/orthos\/zespol\/\" \/>\n<meta property=\"og:locale\" content=\"pl_PL\" \/>\n<meta property=\"og:type\" content=\"article\" \/>\n<meta property=\"og:title\" content=\"Zesp\u00f3\u0142 - Studenckie Ko\u0142o Naukowe Orthos- Wydzia\u0142 Mechaniczny PB\" \/>\n<meta property=\"og:description\" content=\"Opiekun ko\u0142a: dr in\u017c. Piotr Prochor Zarz\u0105d: Prezes: Gabriela Przybysz Zast\u0119pca prezesa: Pawe\u0142 Kordziukiewicz Skarbnik:wi\u0119cej\" \/>\n<meta property=\"og:url\" content=\"https:\/\/wm.pb.edu.pl\/orthos\/zespol\/\" \/>\n<meta property=\"og:site_name\" content=\"Studenckie Ko\u0142o Naukowe Orthos- Wydzia\u0142 Mechaniczny PB\" \/>\n<meta property=\"article:modified_time\" content=\"2026-03-19T07:29:33+00:00\" \/>\n<meta name=\"twitter:card\" content=\"summary_large_image\" \/>\n<meta name=\"twitter:label1\" content=\"Szacowany czas czytania\" \/>\n\t<meta name=\"twitter:data1\" content=\"1 minuta\" \/>\n<script type=\"application\/ld+json\" class=\"yoast-schema-graph\">{\"@context\":\"https:\/\/schema.org\",\"@graph\":[{\"@type\":\"WebPage\",\"@id\":\"https:\/\/wm.pb.edu.pl\/orthos\/zespol\/\",\"url\":\"https:\/\/wm.pb.edu.pl\/orthos\/zespol\/\",\"name\":\"Zesp\u00f3\u0142 - Studenckie Ko\u0142o Naukowe Orthos- Wydzia\u0142 Mechaniczny PB\",\"isPartOf\":{\"@id\":\"https:\/\/wm.pb.edu.pl\/orthos\/#website\"},\"datePublished\":\"2021-03-01T10:02:07+00:00\",\"dateModified\":\"2026-03-19T07:29:33+00:00\",\"breadcrumb\":{\"@id\":\"https:\/\/wm.pb.edu.pl\/orthos\/zespol\/#breadcrumb\"},\"inLanguage\":\"pl-PL\",\"potentialAction\":[{\"@type\":\"ReadAction\",\"target\":[\"https:\/\/wm.pb.edu.pl\/orthos\/zespol\/\"]}]},{\"@type\":\"BreadcrumbList\",\"@id\":\"https:\/\/wm.pb.edu.pl\/orthos\/zespol\/#breadcrumb\",\"itemListElement\":[{\"@type\":\"ListItem\",\"position\":1,\"name\":\"Strona g\u0142\u00f3wna\",\"item\":\"https:\/\/wm.pb.edu.pl\/orthos\/\"},{\"@type\":\"ListItem\",\"position\":2,\"name\":\"Zesp\u00f3\u0142\"}]},{\"@type\":\"WebSite\",\"@id\":\"https:\/\/wm.pb.edu.pl\/orthos\/#website\",\"url\":\"https:\/\/wm.pb.edu.pl\/orthos\/\",\"name\":\"Studenckie Ko\u0142o Naukowe Orthos- Wydzia\u0142 Mechaniczny PB\",\"description\":\"\",\"potentialAction\":[{\"@type\":\"SearchAction\",\"target\":{\"@type\":\"EntryPoint\",\"urlTemplate\":\"https:\/\/wm.pb.edu.pl\/orthos\/?s={search_term_string}\"},\"query-input\":{\"@type\":\"PropertyValueSpecification\",\"valueRequired\":true,\"valueName\":\"search_term_string\"}}],\"inLanguage\":\"pl-PL\"}]}<\/script>\n<!-- \/ Yoast SEO plugin. -->","yoast_head_json":{"title":"Zesp\u00f3\u0142 - Studenckie Ko\u0142o Naukowe Orthos- Wydzia\u0142 Mechaniczny PB","robots":{"index":"index","follow":"follow","max-snippet":"max-snippet:-1","max-image-preview":"max-image-preview:large","max-video-preview":"max-video-preview:-1"},"canonical":"https:\/\/wm.pb.edu.pl\/orthos\/zespol\/","og_locale":"pl_PL","og_type":"article","og_title":"Zesp\u00f3\u0142 - Studenckie Ko\u0142o Naukowe Orthos- Wydzia\u0142 Mechaniczny PB","og_description":"Opiekun ko\u0142a: dr in\u017c. Piotr Prochor Zarz\u0105d: Prezes: Gabriela Przybysz Zast\u0119pca prezesa: Pawe\u0142 Kordziukiewicz Skarbnik:wi\u0119cej","og_url":"https:\/\/wm.pb.edu.pl\/orthos\/zespol\/","og_site_name":"Studenckie Ko\u0142o Naukowe Orthos- Wydzia\u0142 Mechaniczny PB","article_modified_time":"2026-03-19T07:29:33+00:00","twitter_card":"summary_large_image","twitter_misc":{"Szacowany czas czytania":"1 minuta"},"schema":{"@context":"https:\/\/schema.org","@graph":[{"@type":"WebPage","@id":"https:\/\/wm.pb.edu.pl\/orthos\/zespol\/","url":"https:\/\/wm.pb.edu.pl\/orthos\/zespol\/","name":"Zesp\u00f3\u0142 - Studenckie Ko\u0142o Naukowe Orthos- Wydzia\u0142 Mechaniczny PB","isPartOf":{"@id":"https:\/\/wm.pb.edu.pl\/orthos\/#website"},"datePublished":"2021-03-01T10:02:07+00:00","dateModified":"2026-03-19T07:29:33+00:00","breadcrumb":{"@id":"https:\/\/wm.pb.edu.pl\/orthos\/zespol\/#breadcrumb"},"inLanguage":"pl-PL","potentialAction":[{"@type":"ReadAction","target":["https:\/\/wm.pb.edu.pl\/orthos\/zespol\/"]}]},{"@type":"BreadcrumbList","@id":"https:\/\/wm.pb.edu.pl\/orthos\/zespol\/#breadcrumb","itemListElement":[{"@type":"ListItem","position":1,"name":"Strona g\u0142\u00f3wna","item":"https:\/\/wm.pb.edu.pl\/orthos\/"},{"@type":"ListItem","position":2,"name":"Zesp\u00f3\u0142"}]},{"@type":"WebSite","@id":"https:\/\/wm.pb.edu.pl\/orthos\/#website","url":"https:\/\/wm.pb.edu.pl\/orthos\/","name":"Studenckie Ko\u0142o Naukowe Orthos- Wydzia\u0142 Mechaniczny PB","description":"","potentialAction":[{"@type":"SearchAction","target":{"@type":"EntryPoint","urlTemplate":"https:\/\/wm.pb.edu.pl\/orthos\/?s={search_term_string}"},"query-input":{"@type":"PropertyValueSpecification","valueRequired":true,"valueName":"search_term_string"}}],"inLanguage":"pl-PL"}]}},"_links":{"self":[{"href":"https:\/\/wm.pb.edu.pl\/orthos\/wp-json\/wp\/v2\/pages\/40","targetHints":{"allow":["GET"]}}],"collection":[{"href":"https:\/\/wm.pb.edu.pl\/orthos\/wp-json\/wp\/v2\/pages"}],"about":[{"href":"https:\/\/wm.pb.edu.pl\/orthos\/wp-json\/wp\/v2\/types\/page"}],"author":[{"embeddable":true,"href":"https:\/\/wm.pb.edu.pl\/orthos\/wp-json\/wp\/v2\/users\/14"}],"replies":[{"embeddable":true,"href":"https:\/\/wm.pb.edu.pl\/orthos\/wp-json\/wp\/v2\/comments?post=40"}],"version-history":[{"count":7,"href":"https:\/\/wm.pb.edu.pl\/orthos\/wp-json\/wp\/v2\/pages\/40\/revisions"}],"predecessor-version":[{"id":181,"href":"https:\/\/wm.pb.edu.pl\/orthos\/wp-json\/wp\/v2\/pages\/40\/revisions\/181"}],"wp:attachment":[{"href":"https:\/\/wm.pb.edu.pl\/orthos\/wp-json\/wp\/v2\/media?parent=40"}],"curies":[{"name":"wp","href":"https:\/\/api.w.org\/{rel}","templated":true}]}}