{"id":42,"date":"2021-03-01T11:02:29","date_gmt":"2021-03-01T10:02:29","guid":{"rendered":"https:\/\/wm.pb.edu.pl\/orthos\/?page_id=42"},"modified":"2024-07-17T11:24:00","modified_gmt":"2024-07-17T09:24:00","slug":"kontakt","status":"publish","type":"page","link":"https:\/\/wm.pb.edu.pl\/orthos\/kontakt\/","title":{"rendered":"Kontakt"},"content":{"rendered":"<p><img loading=\"lazy\" decoding=\"async\" class=\"size-medium wp-image-140 aligncenter\" src=\"https:\/\/wm.pb.edu.pl\/orthos\/wp-content\/uploads\/sites\/19\/2022\/11\/logo-bez-tla-1-280x300.png\" alt=\"Logotyp Studenckiego Ko\u0142a Naukowego Orthos\" width=\"280\" height=\"300\" srcset=\"https:\/\/wm.pb.edu.pl\/orthos\/wp-content\/uploads\/sites\/19\/2022\/11\/logo-bez-tla-1-280x300.png 280w, https:\/\/wm.pb.edu.pl\/orthos\/wp-content\/uploads\/sites\/19\/2022\/11\/logo-bez-tla-1-956x1024.png 956w, https:\/\/wm.pb.edu.pl\/orthos\/wp-content\/uploads\/sites\/19\/2022\/11\/logo-bez-tla-1-768x823.png 768w, https:\/\/wm.pb.edu.pl\/orthos\/wp-content\/uploads\/sites\/19\/2022\/11\/logo-bez-tla-1-1434x1536.png 1434w, https:\/\/wm.pb.edu.pl\/orthos\/wp-content\/uploads\/sites\/19\/2022\/11\/logo-bez-tla-1-1912x2048.png 1912w\" sizes=\"auto, (max-width: 280px) 100vw, 280px\" \/><\/p>\n<p style=\"text-align: center\"><strong>Email:<\/strong> kolonaukoweorthos [at] gmail.com<\/p>\n<p style=\"text-align: center\"><a title=\"Otworzy si\u0119 w nowej karcie\" href=\"https:\/\/www.facebook.com\/SKN.ORTHOS\" target=\"_blank\" rel=\"noopener\"><strong>Profil ko\u0142a na Facebooku<\/strong><\/a><\/p>\n<p style=\"text-align: center\"><a title=\"Otworzy si\u0119 w nowej karcie\" href=\"https:\/\/www.instagram.com\/skn.orthos\/\" target=\"_blank\" rel=\"noopener\"><strong>Profil ko\u0142a na Instagramie<\/strong><\/a><\/p>\n","protected":false},"excerpt":{"rendered":"<p>Email: kolonaukoweorthos [at] gmail.com Profil ko\u0142a na Facebooku Profil ko\u0142a na Instagramie<\/p>\n","protected":false},"author":14,"featured_media":0,"parent":0,"menu_order":0,"comment_status":"closed","ping_status":"closed","template":"","meta":{"inline_featured_image":false,"ngg_post_thumbnail":0,"footnotes":""},"class_list":["post-42","page","type-page","status-publish","hentry"],"acf":[],"yoast_head":"<!-- This site is optimized with the Yoast SEO plugin v26.4 - https:\/\/yoast.com\/wordpress\/plugins\/seo\/ -->\n<title>Kontakt - Studenckie Ko\u0142o Naukowe Orthos- Wydzia\u0142 Mechaniczny PB<\/title>\n<meta name=\"robots\" content=\"index, follow, max-snippet:-1, max-image-preview:large, max-video-preview:-1\" \/>\n<link rel=\"canonical\" href=\"https:\/\/wm.pb.edu.pl\/orthos\/kontakt\/\" \/>\n<meta property=\"og:locale\" content=\"pl_PL\" \/>\n<meta property=\"og:type\" content=\"article\" \/>\n<meta property=\"og:title\" content=\"Kontakt - Studenckie Ko\u0142o Naukowe Orthos- Wydzia\u0142 Mechaniczny PB\" \/>\n<meta property=\"og:description\" content=\"Email: kolonaukoweorthos [at] gmail.com Profil ko\u0142a na Facebooku Profil ko\u0142a na Instagramie\" \/>\n<meta property=\"og:url\" content=\"https:\/\/wm.pb.edu.pl\/orthos\/kontakt\/\" \/>\n<meta property=\"og:site_name\" content=\"Studenckie Ko\u0142o Naukowe Orthos- Wydzia\u0142 Mechaniczny PB\" \/>\n<meta property=\"article:modified_time\" content=\"2024-07-17T09:24:00+00:00\" \/>\n<meta property=\"og:image\" content=\"https:\/\/wm.pb.edu.pl\/orthos\/wp-content\/uploads\/sites\/19\/2022\/11\/logo-bez-tla-1-280x300.png\" \/>\n<meta name=\"twitter:card\" content=\"summary_large_image\" \/>\n<meta name=\"twitter:label1\" content=\"Szacowany czas czytania\" \/>\n\t<meta name=\"twitter:data1\" content=\"1 minuta\" \/>\n<script type=\"application\/ld+json\" class=\"yoast-schema-graph\">{\"@context\":\"https:\/\/schema.org\",\"@graph\":[{\"@type\":\"WebPage\",\"@id\":\"https:\/\/wm.pb.edu.pl\/orthos\/kontakt\/\",\"url\":\"https:\/\/wm.pb.edu.pl\/orthos\/kontakt\/\",\"name\":\"Kontakt - Studenckie Ko\u0142o Naukowe Orthos- Wydzia\u0142 Mechaniczny PB\",\"isPartOf\":{\"@id\":\"https:\/\/wm.pb.edu.pl\/orthos\/#website\"},\"primaryImageOfPage\":{\"@id\":\"https:\/\/wm.pb.edu.pl\/orthos\/kontakt\/#primaryimage\"},\"image\":{\"@id\":\"https:\/\/wm.pb.edu.pl\/orthos\/kontakt\/#primaryimage\"},\"thumbnailUrl\":\"https:\/\/wm.pb.edu.pl\/orthos\/wp-content\/uploads\/sites\/19\/2022\/11\/logo-bez-tla-1-280x300.png\",\"datePublished\":\"2021-03-01T10:02:29+00:00\",\"dateModified\":\"2024-07-17T09:24:00+00:00\",\"breadcrumb\":{\"@id\":\"https:\/\/wm.pb.edu.pl\/orthos\/kontakt\/#breadcrumb\"},\"inLanguage\":\"pl-PL\",\"potentialAction\":[{\"@type\":\"ReadAction\",\"target\":[\"https:\/\/wm.pb.edu.pl\/orthos\/kontakt\/\"]}]},{\"@type\":\"ImageObject\",\"inLanguage\":\"pl-PL\",\"@id\":\"https:\/\/wm.pb.edu.pl\/orthos\/kontakt\/#primaryimage\",\"url\":\"https:\/\/wm.pb.edu.pl\/orthos\/wp-content\/uploads\/sites\/19\/2022\/11\/logo-bez-tla-1.png\",\"contentUrl\":\"https:\/\/wm.pb.edu.pl\/orthos\/wp-content\/uploads\/sites\/19\/2022\/11\/logo-bez-tla-1.png\",\"width\":2334,\"height\":2500,\"caption\":\"Logotyp Studenckiego Ko\u0142a Naukowego Orthos\"},{\"@type\":\"BreadcrumbList\",\"@id\":\"https:\/\/wm.pb.edu.pl\/orthos\/kontakt\/#breadcrumb\",\"itemListElement\":[{\"@type\":\"ListItem\",\"position\":1,\"name\":\"Strona g\u0142\u00f3wna\",\"item\":\"https:\/\/wm.pb.edu.pl\/orthos\/\"},{\"@type\":\"ListItem\",\"position\":2,\"name\":\"Kontakt\"}]},{\"@type\":\"WebSite\",\"@id\":\"https:\/\/wm.pb.edu.pl\/orthos\/#website\",\"url\":\"https:\/\/wm.pb.edu.pl\/orthos\/\",\"name\":\"Studenckie Ko\u0142o Naukowe Orthos- Wydzia\u0142 Mechaniczny PB\",\"description\":\"\",\"potentialAction\":[{\"@type\":\"SearchAction\",\"target\":{\"@type\":\"EntryPoint\",\"urlTemplate\":\"https:\/\/wm.pb.edu.pl\/orthos\/?s={search_term_string}\"},\"query-input\":{\"@type\":\"PropertyValueSpecification\",\"valueRequired\":true,\"valueName\":\"search_term_string\"}}],\"inLanguage\":\"pl-PL\"}]}<\/script>\n<!-- \/ Yoast SEO plugin. -->","yoast_head_json":{"title":"Kontakt - Studenckie Ko\u0142o Naukowe Orthos- Wydzia\u0142 Mechaniczny PB","robots":{"index":"index","follow":"follow","max-snippet":"max-snippet:-1","max-image-preview":"max-image-preview:large","max-video-preview":"max-video-preview:-1"},"canonical":"https:\/\/wm.pb.edu.pl\/orthos\/kontakt\/","og_locale":"pl_PL","og_type":"article","og_title":"Kontakt - Studenckie Ko\u0142o Naukowe Orthos- Wydzia\u0142 Mechaniczny PB","og_description":"Email: kolonaukoweorthos [at] gmail.com Profil ko\u0142a na Facebooku Profil ko\u0142a na Instagramie","og_url":"https:\/\/wm.pb.edu.pl\/orthos\/kontakt\/","og_site_name":"Studenckie Ko\u0142o Naukowe Orthos- Wydzia\u0142 Mechaniczny PB","article_modified_time":"2024-07-17T09:24:00+00:00","og_image":[{"url":"https:\/\/wm.pb.edu.pl\/orthos\/wp-content\/uploads\/sites\/19\/2022\/11\/logo-bez-tla-1-280x300.png","type":"","width":"","height":""}],"twitter_card":"summary_large_image","twitter_misc":{"Szacowany czas czytania":"1 minuta"},"schema":{"@context":"https:\/\/schema.org","@graph":[{"@type":"WebPage","@id":"https:\/\/wm.pb.edu.pl\/orthos\/kontakt\/","url":"https:\/\/wm.pb.edu.pl\/orthos\/kontakt\/","name":"Kontakt - Studenckie Ko\u0142o Naukowe Orthos- Wydzia\u0142 Mechaniczny PB","isPartOf":{"@id":"https:\/\/wm.pb.edu.pl\/orthos\/#website"},"primaryImageOfPage":{"@id":"https:\/\/wm.pb.edu.pl\/orthos\/kontakt\/#primaryimage"},"image":{"@id":"https:\/\/wm.pb.edu.pl\/orthos\/kontakt\/#primaryimage"},"thumbnailUrl":"https:\/\/wm.pb.edu.pl\/orthos\/wp-content\/uploads\/sites\/19\/2022\/11\/logo-bez-tla-1-280x300.png","datePublished":"2021-03-01T10:02:29+00:00","dateModified":"2024-07-17T09:24:00+00:00","breadcrumb":{"@id":"https:\/\/wm.pb.edu.pl\/orthos\/kontakt\/#breadcrumb"},"inLanguage":"pl-PL","potentialAction":[{"@type":"ReadAction","target":["https:\/\/wm.pb.edu.pl\/orthos\/kontakt\/"]}]},{"@type":"ImageObject","inLanguage":"pl-PL","@id":"https:\/\/wm.pb.edu.pl\/orthos\/kontakt\/#primaryimage","url":"https:\/\/wm.pb.edu.pl\/orthos\/wp-content\/uploads\/sites\/19\/2022\/11\/logo-bez-tla-1.png","contentUrl":"https:\/\/wm.pb.edu.pl\/orthos\/wp-content\/uploads\/sites\/19\/2022\/11\/logo-bez-tla-1.png","width":2334,"height":2500,"caption":"Logotyp Studenckiego Ko\u0142a Naukowego Orthos"},{"@type":"BreadcrumbList","@id":"https:\/\/wm.pb.edu.pl\/orthos\/kontakt\/#breadcrumb","itemListElement":[{"@type":"ListItem","position":1,"name":"Strona g\u0142\u00f3wna","item":"https:\/\/wm.pb.edu.pl\/orthos\/"},{"@type":"ListItem","position":2,"name":"Kontakt"}]},{"@type":"WebSite","@id":"https:\/\/wm.pb.edu.pl\/orthos\/#website","url":"https:\/\/wm.pb.edu.pl\/orthos\/","name":"Studenckie Ko\u0142o Naukowe Orthos- Wydzia\u0142 Mechaniczny PB","description":"","potentialAction":[{"@type":"SearchAction","target":{"@type":"EntryPoint","urlTemplate":"https:\/\/wm.pb.edu.pl\/orthos\/?s={search_term_string}"},"query-input":{"@type":"PropertyValueSpecification","valueRequired":true,"valueName":"search_term_string"}}],"inLanguage":"pl-PL"}]}},"_links":{"self":[{"href":"https:\/\/wm.pb.edu.pl\/orthos\/wp-json\/wp\/v2\/pages\/42","targetHints":{"allow":["GET"]}}],"collection":[{"href":"https:\/\/wm.pb.edu.pl\/orthos\/wp-json\/wp\/v2\/pages"}],"about":[{"href":"https:\/\/wm.pb.edu.pl\/orthos\/wp-json\/wp\/v2\/types\/page"}],"author":[{"embeddable":true,"href":"https:\/\/wm.pb.edu.pl\/orthos\/wp-json\/wp\/v2\/users\/14"}],"replies":[{"embeddable":true,"href":"https:\/\/wm.pb.edu.pl\/orthos\/wp-json\/wp\/v2\/comments?post=42"}],"version-history":[{"count":14,"href":"https:\/\/wm.pb.edu.pl\/orthos\/wp-json\/wp\/v2\/pages\/42\/revisions"}],"predecessor-version":[{"id":151,"href":"https:\/\/wm.pb.edu.pl\/orthos\/wp-json\/wp\/v2\/pages\/42\/revisions\/151"}],"wp:attachment":[{"href":"https:\/\/wm.pb.edu.pl\/orthos\/wp-json\/wp\/v2\/media?parent=42"}],"curies":[{"name":"wp","href":"https:\/\/api.w.org\/{rel}","templated":true}]}}