{"id":44,"date":"2021-03-01T11:02:52","date_gmt":"2021-03-01T10:02:52","guid":{"rendered":"https:\/\/wm.pb.edu.pl\/orthos\/?page_id=44"},"modified":"2026-03-19T10:14:16","modified_gmt":"2026-03-19T09:14:16","slug":"sukcesy","status":"publish","type":"page","link":"https:\/\/wm.pb.edu.pl\/orthos\/sukcesy\/","title":{"rendered":"Sukcesy"},"content":{"rendered":"<p>W\u015br\u00f3d naszych osi\u0105gni\u0119\u0107 mi\u0119dzynarodowych i krajowych wyr\u00f3\u017cni\u0107 mo\u017cna:<\/p>\n<ul>\n<li>XLII Mi\u0119dzynarodowe Seminarium K\u00f3\u0142 Naukowych na WAT w Warszawie. \u2013 16-18.06.2025r.<br \/>\n( \u201eNajlepsza prezentacja w kategorii studenckiej\u201d Mateusz Mikiewicz zaj\u0105\u0142 II miejsce za projekt pt. \u201eWykorzystanie technik szybkiego prototypowania do opracowania protezy dla ptak\u00f3w paleognatycznych po amputacji ko\u0144czyny miednicznej na poziomie podudzia\u201d oraz Jakub Znosko zdoby\u0142 III miejsce za projekt pt. \u201eKoncepcja wielop\u0142aszczyznowego dystraktora do chirurgii w obszarze twarzoczaszki\u201d. )<\/li>\n<li>z\u0142oty medal na Mi\u0119dzynarodowych Targach Innowacji Gospodarczych i Naukowych INTARG, 2016;<\/li>\n<li>z\u0142oty medal INOVA-BUDI UZOR 2016;<\/li>\n<li>wygrana w konkursie Technotalent 2017 w kategorii \u201eTechnika\u201d;<\/li>\n<li>wyr\u00f3\u017cnienie \u201eAmbasador Polskiej Wynalazczo\u015bci\u201d w Katowicach na Mi\u0119dzynarodowych Targach Wynalazk\u00f3w i Innowacji INTARG, 2018;<\/li>\n<li>certyfikat IFIA (International Federation of Inventors Associations);<\/li>\n<li>WIIPa (World Invention Intellectualy Property Associations).<\/li>\n<\/ul>\n","protected":false},"excerpt":{"rendered":"<p>W\u015br\u00f3d naszych osi\u0105gni\u0119\u0107 mi\u0119dzynarodowych i krajowych wyr\u00f3\u017cni\u0107 mo\u017cna: XLII Mi\u0119dzynarodowe Seminarium K\u00f3\u0142 Naukowych na WAT<a class=\"read-more\" href=\"https:\/\/wm.pb.edu.pl\/orthos\/sukcesy\/\" title=\"Poka\u017c artyku\u0142 Sukcesy\">wi\u0119cej<\/a><\/p>\n","protected":false},"author":14,"featured_media":0,"parent":0,"menu_order":0,"comment_status":"closed","ping_status":"closed","template":"","meta":{"inline_featured_image":false,"ngg_post_thumbnail":0,"footnotes":""},"class_list":["post-44","page","type-page","status-publish","hentry"],"acf":[],"yoast_head":"<!-- This site is optimized with the Yoast SEO plugin v26.4 - https:\/\/yoast.com\/wordpress\/plugins\/seo\/ -->\n<title>Sukcesy - Studenckie Ko\u0142o Naukowe Orthos- Wydzia\u0142 Mechaniczny PB<\/title>\n<meta name=\"robots\" content=\"index, follow, max-snippet:-1, max-image-preview:large, max-video-preview:-1\" \/>\n<link rel=\"canonical\" href=\"https:\/\/wm.pb.edu.pl\/orthos\/sukcesy\/\" \/>\n<meta property=\"og:locale\" content=\"pl_PL\" \/>\n<meta property=\"og:type\" content=\"article\" \/>\n<meta property=\"og:title\" content=\"Sukcesy - Studenckie Ko\u0142o Naukowe Orthos- Wydzia\u0142 Mechaniczny PB\" \/>\n<meta property=\"og:description\" content=\"W\u015br\u00f3d naszych osi\u0105gni\u0119\u0107 mi\u0119dzynarodowych i krajowych wyr\u00f3\u017cni\u0107 mo\u017cna: XLII Mi\u0119dzynarodowe Seminarium K\u00f3\u0142 Naukowych na WATwi\u0119cej\" \/>\n<meta property=\"og:url\" content=\"https:\/\/wm.pb.edu.pl\/orthos\/sukcesy\/\" \/>\n<meta property=\"og:site_name\" content=\"Studenckie Ko\u0142o Naukowe Orthos- Wydzia\u0142 Mechaniczny PB\" \/>\n<meta property=\"article:modified_time\" content=\"2026-03-19T09:14:16+00:00\" \/>\n<meta name=\"twitter:card\" content=\"summary_large_image\" \/>\n<meta name=\"twitter:label1\" content=\"Szacowany czas czytania\" \/>\n\t<meta name=\"twitter:data1\" content=\"1 minuta\" \/>\n<script type=\"application\/ld+json\" class=\"yoast-schema-graph\">{\"@context\":\"https:\/\/schema.org\",\"@graph\":[{\"@type\":\"WebPage\",\"@id\":\"https:\/\/wm.pb.edu.pl\/orthos\/sukcesy\/\",\"url\":\"https:\/\/wm.pb.edu.pl\/orthos\/sukcesy\/\",\"name\":\"Sukcesy - Studenckie Ko\u0142o Naukowe Orthos- Wydzia\u0142 Mechaniczny PB\",\"isPartOf\":{\"@id\":\"https:\/\/wm.pb.edu.pl\/orthos\/#website\"},\"datePublished\":\"2021-03-01T10:02:52+00:00\",\"dateModified\":\"2026-03-19T09:14:16+00:00\",\"breadcrumb\":{\"@id\":\"https:\/\/wm.pb.edu.pl\/orthos\/sukcesy\/#breadcrumb\"},\"inLanguage\":\"pl-PL\",\"potentialAction\":[{\"@type\":\"ReadAction\",\"target\":[\"https:\/\/wm.pb.edu.pl\/orthos\/sukcesy\/\"]}]},{\"@type\":\"BreadcrumbList\",\"@id\":\"https:\/\/wm.pb.edu.pl\/orthos\/sukcesy\/#breadcrumb\",\"itemListElement\":[{\"@type\":\"ListItem\",\"position\":1,\"name\":\"Strona g\u0142\u00f3wna\",\"item\":\"https:\/\/wm.pb.edu.pl\/orthos\/\"},{\"@type\":\"ListItem\",\"position\":2,\"name\":\"Sukcesy\"}]},{\"@type\":\"WebSite\",\"@id\":\"https:\/\/wm.pb.edu.pl\/orthos\/#website\",\"url\":\"https:\/\/wm.pb.edu.pl\/orthos\/\",\"name\":\"Studenckie Ko\u0142o Naukowe Orthos- Wydzia\u0142 Mechaniczny PB\",\"description\":\"\",\"potentialAction\":[{\"@type\":\"SearchAction\",\"target\":{\"@type\":\"EntryPoint\",\"urlTemplate\":\"https:\/\/wm.pb.edu.pl\/orthos\/?s={search_term_string}\"},\"query-input\":{\"@type\":\"PropertyValueSpecification\",\"valueRequired\":true,\"valueName\":\"search_term_string\"}}],\"inLanguage\":\"pl-PL\"}]}<\/script>\n<!-- \/ Yoast SEO plugin. -->","yoast_head_json":{"title":"Sukcesy - Studenckie Ko\u0142o Naukowe Orthos- Wydzia\u0142 Mechaniczny PB","robots":{"index":"index","follow":"follow","max-snippet":"max-snippet:-1","max-image-preview":"max-image-preview:large","max-video-preview":"max-video-preview:-1"},"canonical":"https:\/\/wm.pb.edu.pl\/orthos\/sukcesy\/","og_locale":"pl_PL","og_type":"article","og_title":"Sukcesy - Studenckie Ko\u0142o Naukowe Orthos- Wydzia\u0142 Mechaniczny PB","og_description":"W\u015br\u00f3d naszych osi\u0105gni\u0119\u0107 mi\u0119dzynarodowych i krajowych wyr\u00f3\u017cni\u0107 mo\u017cna: XLII Mi\u0119dzynarodowe Seminarium K\u00f3\u0142 Naukowych na WATwi\u0119cej","og_url":"https:\/\/wm.pb.edu.pl\/orthos\/sukcesy\/","og_site_name":"Studenckie Ko\u0142o Naukowe Orthos- Wydzia\u0142 Mechaniczny PB","article_modified_time":"2026-03-19T09:14:16+00:00","twitter_card":"summary_large_image","twitter_misc":{"Szacowany czas czytania":"1 minuta"},"schema":{"@context":"https:\/\/schema.org","@graph":[{"@type":"WebPage","@id":"https:\/\/wm.pb.edu.pl\/orthos\/sukcesy\/","url":"https:\/\/wm.pb.edu.pl\/orthos\/sukcesy\/","name":"Sukcesy - Studenckie Ko\u0142o Naukowe Orthos- Wydzia\u0142 Mechaniczny PB","isPartOf":{"@id":"https:\/\/wm.pb.edu.pl\/orthos\/#website"},"datePublished":"2021-03-01T10:02:52+00:00","dateModified":"2026-03-19T09:14:16+00:00","breadcrumb":{"@id":"https:\/\/wm.pb.edu.pl\/orthos\/sukcesy\/#breadcrumb"},"inLanguage":"pl-PL","potentialAction":[{"@type":"ReadAction","target":["https:\/\/wm.pb.edu.pl\/orthos\/sukcesy\/"]}]},{"@type":"BreadcrumbList","@id":"https:\/\/wm.pb.edu.pl\/orthos\/sukcesy\/#breadcrumb","itemListElement":[{"@type":"ListItem","position":1,"name":"Strona g\u0142\u00f3wna","item":"https:\/\/wm.pb.edu.pl\/orthos\/"},{"@type":"ListItem","position":2,"name":"Sukcesy"}]},{"@type":"WebSite","@id":"https:\/\/wm.pb.edu.pl\/orthos\/#website","url":"https:\/\/wm.pb.edu.pl\/orthos\/","name":"Studenckie Ko\u0142o Naukowe Orthos- Wydzia\u0142 Mechaniczny PB","description":"","potentialAction":[{"@type":"SearchAction","target":{"@type":"EntryPoint","urlTemplate":"https:\/\/wm.pb.edu.pl\/orthos\/?s={search_term_string}"},"query-input":{"@type":"PropertyValueSpecification","valueRequired":true,"valueName":"search_term_string"}}],"inLanguage":"pl-PL"}]}},"_links":{"self":[{"href":"https:\/\/wm.pb.edu.pl\/orthos\/wp-json\/wp\/v2\/pages\/44","targetHints":{"allow":["GET"]}}],"collection":[{"href":"https:\/\/wm.pb.edu.pl\/orthos\/wp-json\/wp\/v2\/pages"}],"about":[{"href":"https:\/\/wm.pb.edu.pl\/orthos\/wp-json\/wp\/v2\/types\/page"}],"author":[{"embeddable":true,"href":"https:\/\/wm.pb.edu.pl\/orthos\/wp-json\/wp\/v2\/users\/14"}],"replies":[{"embeddable":true,"href":"https:\/\/wm.pb.edu.pl\/orthos\/wp-json\/wp\/v2\/comments?post=44"}],"version-history":[{"count":3,"href":"https:\/\/wm.pb.edu.pl\/orthos\/wp-json\/wp\/v2\/pages\/44\/revisions"}],"predecessor-version":[{"id":187,"href":"https:\/\/wm.pb.edu.pl\/orthos\/wp-json\/wp\/v2\/pages\/44\/revisions\/187"}],"wp:attachment":[{"href":"https:\/\/wm.pb.edu.pl\/orthos\/wp-json\/wp\/v2\/media?parent=44"}],"curies":[{"name":"wp","href":"https:\/\/api.w.org\/{rel}","templated":true}]}}