{"id":46,"date":"2021-03-01T11:03:18","date_gmt":"2021-03-01T10:03:18","guid":{"rendered":"https:\/\/wm.pb.edu.pl\/orthos\/?page_id=46"},"modified":"2026-03-19T08:55:11","modified_gmt":"2026-03-19T07:55:11","slug":"galeria-2","status":"publish","type":"page","link":"https:\/\/wm.pb.edu.pl\/orthos\/galeria-2\/","title":{"rendered":"Galeria"},"content":{"rendered":"<p>Zapraszamy do obejrzenia zdj\u0119\u0107 zwi\u0105zanych z dzia\u0142alno\u015bci\u0105 Studenckiego Ko\u0142a Naukowego Orthos<\/p>\nngg_shortcode_0_placeholder\n","protected":false},"excerpt":{"rendered":"<p>Zapraszamy do obejrzenia zdj\u0119\u0107 zwi\u0105zanych z dzia\u0142alno\u015bci\u0105 Studenckiego Ko\u0142a Naukowego Orthos<\/p>\n","protected":false},"author":14,"featured_media":0,"parent":0,"menu_order":0,"comment_status":"closed","ping_status":"closed","template":"","meta":{"inline_featured_image":false,"ngg_post_thumbnail":0,"footnotes":""},"class_list":["post-46","page","type-page","status-publish","hentry"],"acf":[],"yoast_head":"<!-- This site is optimized with the Yoast SEO plugin v26.4 - https:\/\/yoast.com\/wordpress\/plugins\/seo\/ -->\n<title>Galeria - Studenckie Ko\u0142o Naukowe Orthos- Wydzia\u0142 Mechaniczny PB<\/title>\n<meta name=\"robots\" content=\"index, follow, max-snippet:-1, max-image-preview:large, max-video-preview:-1\" \/>\n<link rel=\"canonical\" href=\"https:\/\/wm.pb.edu.pl\/orthos\/galeria-2\/\" \/>\n<meta property=\"og:locale\" content=\"pl_PL\" \/>\n<meta property=\"og:type\" content=\"article\" \/>\n<meta property=\"og:title\" content=\"Galeria - Studenckie Ko\u0142o Naukowe Orthos- Wydzia\u0142 Mechaniczny PB\" \/>\n<meta property=\"og:description\" content=\"Zapraszamy do obejrzenia zdj\u0119\u0107 zwi\u0105zanych z dzia\u0142alno\u015bci\u0105 Studenckiego Ko\u0142a Naukowego Orthos\" \/>\n<meta property=\"og:url\" content=\"https:\/\/wm.pb.edu.pl\/orthos\/galeria-2\/\" \/>\n<meta property=\"og:site_name\" content=\"Studenckie Ko\u0142o Naukowe Orthos- Wydzia\u0142 Mechaniczny PB\" \/>\n<meta property=\"article:modified_time\" content=\"2026-03-19T07:55:11+00:00\" \/>\n<meta name=\"twitter:card\" content=\"summary_large_image\" \/>\n<meta name=\"twitter:label1\" content=\"Szacowany czas czytania\" \/>\n\t<meta name=\"twitter:data1\" content=\"1 minuta\" \/>\n<script type=\"application\/ld+json\" class=\"yoast-schema-graph\">{\"@context\":\"https:\/\/schema.org\",\"@graph\":[{\"@type\":\"WebPage\",\"@id\":\"https:\/\/wm.pb.edu.pl\/orthos\/galeria-2\/\",\"url\":\"https:\/\/wm.pb.edu.pl\/orthos\/galeria-2\/\",\"name\":\"Galeria - Studenckie Ko\u0142o Naukowe Orthos- Wydzia\u0142 Mechaniczny PB\",\"isPartOf\":{\"@id\":\"https:\/\/wm.pb.edu.pl\/orthos\/#website\"},\"datePublished\":\"2021-03-01T10:03:18+00:00\",\"dateModified\":\"2026-03-19T07:55:11+00:00\",\"breadcrumb\":{\"@id\":\"https:\/\/wm.pb.edu.pl\/orthos\/galeria-2\/#breadcrumb\"},\"inLanguage\":\"pl-PL\",\"potentialAction\":[{\"@type\":\"ReadAction\",\"target\":[\"https:\/\/wm.pb.edu.pl\/orthos\/galeria-2\/\"]}]},{\"@type\":\"BreadcrumbList\",\"@id\":\"https:\/\/wm.pb.edu.pl\/orthos\/galeria-2\/#breadcrumb\",\"itemListElement\":[{\"@type\":\"ListItem\",\"position\":1,\"name\":\"Strona g\u0142\u00f3wna\",\"item\":\"https:\/\/wm.pb.edu.pl\/orthos\/\"},{\"@type\":\"ListItem\",\"position\":2,\"name\":\"Galeria\"}]},{\"@type\":\"WebSite\",\"@id\":\"https:\/\/wm.pb.edu.pl\/orthos\/#website\",\"url\":\"https:\/\/wm.pb.edu.pl\/orthos\/\",\"name\":\"Studenckie Ko\u0142o Naukowe Orthos- Wydzia\u0142 Mechaniczny PB\",\"description\":\"\",\"potentialAction\":[{\"@type\":\"SearchAction\",\"target\":{\"@type\":\"EntryPoint\",\"urlTemplate\":\"https:\/\/wm.pb.edu.pl\/orthos\/?s={search_term_string}\"},\"query-input\":{\"@type\":\"PropertyValueSpecification\",\"valueRequired\":true,\"valueName\":\"search_term_string\"}}],\"inLanguage\":\"pl-PL\"}]}<\/script>\n<!-- \/ Yoast SEO plugin. -->","yoast_head_json":{"title":"Galeria - Studenckie Ko\u0142o Naukowe Orthos- Wydzia\u0142 Mechaniczny PB","robots":{"index":"index","follow":"follow","max-snippet":"max-snippet:-1","max-image-preview":"max-image-preview:large","max-video-preview":"max-video-preview:-1"},"canonical":"https:\/\/wm.pb.edu.pl\/orthos\/galeria-2\/","og_locale":"pl_PL","og_type":"article","og_title":"Galeria - Studenckie Ko\u0142o Naukowe Orthos- Wydzia\u0142 Mechaniczny PB","og_description":"Zapraszamy do obejrzenia zdj\u0119\u0107 zwi\u0105zanych z dzia\u0142alno\u015bci\u0105 Studenckiego Ko\u0142a Naukowego Orthos","og_url":"https:\/\/wm.pb.edu.pl\/orthos\/galeria-2\/","og_site_name":"Studenckie Ko\u0142o Naukowe Orthos- Wydzia\u0142 Mechaniczny PB","article_modified_time":"2026-03-19T07:55:11+00:00","twitter_card":"summary_large_image","twitter_misc":{"Szacowany czas czytania":"1 minuta"},"schema":{"@context":"https:\/\/schema.org","@graph":[{"@type":"WebPage","@id":"https:\/\/wm.pb.edu.pl\/orthos\/galeria-2\/","url":"https:\/\/wm.pb.edu.pl\/orthos\/galeria-2\/","name":"Galeria - Studenckie Ko\u0142o Naukowe Orthos- Wydzia\u0142 Mechaniczny PB","isPartOf":{"@id":"https:\/\/wm.pb.edu.pl\/orthos\/#website"},"datePublished":"2021-03-01T10:03:18+00:00","dateModified":"2026-03-19T07:55:11+00:00","breadcrumb":{"@id":"https:\/\/wm.pb.edu.pl\/orthos\/galeria-2\/#breadcrumb"},"inLanguage":"pl-PL","potentialAction":[{"@type":"ReadAction","target":["https:\/\/wm.pb.edu.pl\/orthos\/galeria-2\/"]}]},{"@type":"BreadcrumbList","@id":"https:\/\/wm.pb.edu.pl\/orthos\/galeria-2\/#breadcrumb","itemListElement":[{"@type":"ListItem","position":1,"name":"Strona g\u0142\u00f3wna","item":"https:\/\/wm.pb.edu.pl\/orthos\/"},{"@type":"ListItem","position":2,"name":"Galeria"}]},{"@type":"WebSite","@id":"https:\/\/wm.pb.edu.pl\/orthos\/#website","url":"https:\/\/wm.pb.edu.pl\/orthos\/","name":"Studenckie Ko\u0142o Naukowe Orthos- Wydzia\u0142 Mechaniczny PB","description":"","potentialAction":[{"@type":"SearchAction","target":{"@type":"EntryPoint","urlTemplate":"https:\/\/wm.pb.edu.pl\/orthos\/?s={search_term_string}"},"query-input":{"@type":"PropertyValueSpecification","valueRequired":true,"valueName":"search_term_string"}}],"inLanguage":"pl-PL"}]}},"_links":{"self":[{"href":"https:\/\/wm.pb.edu.pl\/orthos\/wp-json\/wp\/v2\/pages\/46","targetHints":{"allow":["GET"]}}],"collection":[{"href":"https:\/\/wm.pb.edu.pl\/orthos\/wp-json\/wp\/v2\/pages"}],"about":[{"href":"https:\/\/wm.pb.edu.pl\/orthos\/wp-json\/wp\/v2\/types\/page"}],"author":[{"embeddable":true,"href":"https:\/\/wm.pb.edu.pl\/orthos\/wp-json\/wp\/v2\/users\/14"}],"replies":[{"embeddable":true,"href":"https:\/\/wm.pb.edu.pl\/orthos\/wp-json\/wp\/v2\/comments?post=46"}],"version-history":[{"count":7,"href":"https:\/\/wm.pb.edu.pl\/orthos\/wp-json\/wp\/v2\/pages\/46\/revisions"}],"predecessor-version":[{"id":132,"href":"https:\/\/wm.pb.edu.pl\/orthos\/wp-json\/wp\/v2\/pages\/46\/revisions\/132"}],"wp:attachment":[{"href":"https:\/\/wm.pb.edu.pl\/orthos\/wp-json\/wp\/v2\/media?parent=46"}],"curies":[{"name":"wp","href":"https:\/\/api.w.org\/{rel}","templated":true}]}}