{"id":11,"date":"2018-06-25T21:29:55","date_gmt":"2018-06-25T19:29:55","guid":{"rendered":"https:\/\/wm.pb.edu.pl\/rid2\/?page_id=11"},"modified":"2024-03-08T13:32:19","modified_gmt":"2024-03-08T12:32:19","slug":"katedra-mechaniki-i-informatyki-stosowanej-wydzial-mechaniczny-politechniki-bialostockiej","status":"publish","type":"page","link":"https:\/\/wm.pb.edu.pl\/rid2\/","title":{"rendered":""},"content":{"rendered":"<p><img loading=\"lazy\" decoding=\"async\" src=\"https:\/\/wm.pb.edu.pl\/rid2\/wp-content\/uploads\/sites\/26\/2024\/03\/belka-RID.jpg\" alt=\"logo projektu, Politechniki Bia\u0142ostockiej i Ministerstwa Nauki i Szkolnictwa Wy\u017cszego\" width=\"1024\" height=\"141\" class=\"aligncenter size-full wp-image-671\" srcset=\"https:\/\/wm.pb.edu.pl\/rid2\/wp-content\/uploads\/sites\/26\/2024\/03\/belka-RID.jpg 1024w, https:\/\/wm.pb.edu.pl\/rid2\/wp-content\/uploads\/sites\/26\/2024\/03\/belka-RID-300x41.jpg 300w, https:\/\/wm.pb.edu.pl\/rid2\/wp-content\/uploads\/sites\/26\/2024\/03\/belka-RID-768x106.jpg 768w\" sizes=\"auto, (max-width: 1024px) 100vw, 1024px\" \/><br \/>\n&nbsp;<br \/>\n<div class=\"row\">\n<div class=\"col-md-3\">\n  <div class=\"boxlink animated zoomIn \">\r\n    <a href=\"\/rid2\/o-projekcie\/\" class=\"\">\r\n      <div class=\"boxlink-title\">O projekcie<span><\/span><\/div>\r\n      <div class=\"boxlink-content\">\r\n        <img decoding=\"async\" class=\"aligncenter wp-image-534 size-full\" src=\"https:\/\/wm.pb.edu.pl\/kmiis\/wp-content\/uploads\/sites\/3\/2018\/08\/MW_lab.png\" alt=\"\">      <\/div>\r\n    <\/a>\r\n  <\/div>\r\n\n<\/div>\n<div class=\"col-md-3\">\n  <div class=\"boxlink animated zoomIn \">\r\n    <a href=\"\/rid2\/aktualnosci\/\" class=\"\">\r\n      <div class=\"boxlink-title\">Aktualno\u015bci<span><\/span><\/div>\r\n      <div class=\"boxlink-content\">\r\n        <img decoding=\"async\" class=\"aligncenter wp-image-534 size-full\" src=\"https:\/\/wm.pb.edu.pl\/kmiis\/wp-content\/uploads\/sites\/3\/2018\/08\/MW_lab.png\" alt=\"\">      <\/div>\r\n    <\/a>\r\n  <\/div>\r\n\n<\/div>\n<div class=\"col-md-3\">\n  <div class=\"boxlink animated zoomIn \">\r\n    <a href=\"\/rid2\/laboratoria-interdyscyplinarne\/\" class=\"\">\r\n      <div class=\"boxlink-title\">Laboratoria interdyscyplinarne<span><\/span><\/div>\r\n      <div class=\"boxlink-content\">\r\n        <img decoding=\"async\" class=\"aligncenter wp-image-534 size-full\" src=\"https:\/\/wm.pb.edu.pl\/kmiis\/wp-content\/uploads\/sites\/3\/2018\/08\/MW_lab.png\" alt=\"\">      <\/div>\r\n    <\/a>\r\n  <\/div>\r\n\n<\/div>\n<div class=\"col-md-3\">\n  <div class=\"boxlink animated zoomIn \">\r\n    <a href=\"\/rid2\/mikrogranty\/\" class=\"\">\r\n      <div class=\"boxlink-title\">Mikrogranty<span><\/span><\/div>\r\n      <div class=\"boxlink-content\">\r\n        <img decoding=\"async\" class=\"aligncenter wp-image-534 size-full\" src=\"https:\/\/wm.pb.edu.pl\/kmiis\/wp-content\/uploads\/sites\/3\/2018\/08\/MW_lab.png\" alt=\"\">      <\/div>\r\n    <\/a>\r\n  <\/div>\r\n\n<\/div>\n<\/div>\n<div class=\"row\">\n<div class=\"col-md-3\">\n  <div class=\"boxlink animated zoomIn \">\r\n    <a href=\"\/rid2\/publikacje\/\" class=\"\">\r\n      <div class=\"boxlink-title\">Publikacje<span><\/span><\/div>\r\n      <div class=\"boxlink-content\">\r\n        <img decoding=\"async\" class=\"aligncenter wp-image-534 size-full\" src=\"https:\/\/wm.pb.edu.pl\/kmiis\/wp-content\/uploads\/sites\/3\/2018\/08\/MW_lab.png\" alt=\"\">      <\/div>\r\n    <\/a>\r\n  <\/div>\r\n\n<\/div>\n<div class=\"col-md-3\">\n  <div class=\"boxlink animated zoomIn \">\r\n    <a href=\"\/rid2\/konferencje-miedzynarodowe\/\" class=\"\">\r\n      <div class=\"boxlink-title\">Konferencje mi\u0119dzynarodowe<span><\/span><\/div>\r\n      <div class=\"boxlink-content\">\r\n        <img decoding=\"async\" class=\"aligncenter wp-image-534 size-full\" src=\"https:\/\/wm.pb.edu.pl\/rid2\/wp-content\/uploads\/sites\/26\/2018\/08\/WM_nauka.png\" alt=\"\">      <\/div>\r\n    <\/a>\r\n  <\/div>\r\n\n<\/div>\n<div class=\"col-md-3\">\n  <div class=\"boxlink animated zoomIn \">\r\n    <a href=\"\/rid2\/staze-w-uczelniach-top200\/\" class=\"\">\r\n      <div class=\"boxlink-title\">Sta\u017ce w uczelniach TOP200<span><\/span><\/div>\r\n      <div class=\"boxlink-content\">\r\n        <img decoding=\"async\" class=\"aligncenter wp-image-534 size-full\" src=\"https:\/\/wm.pb.edu.pl\/kmiis\/wp-content\/uploads\/sites\/3\/2018\/08\/MW_lab.png\" alt=\"\">      <\/div>\r\n    <\/a>\r\n  <\/div>\r\n\n<\/div>\n<div class=\"col-md-3\">\n  <div class=\"boxlink animated zoomIn \">\r\n    <a href=\"\/rid2\/kontakt\/\" class=\"\">\r\n      <div class=\"boxlink-title\">Kontakt<span><\/span><\/div>\r\n      <div class=\"boxlink-content\">\r\n        <img decoding=\"async\" class=\"aligncenter wp-image-534 size-full\" src=\"https:\/\/wm.pb.edu.pl\/rid2\/wp-content\/uploads\/sites\/26\/2018\/08\/MW_kontakt.png\" alt=\"\">      <\/div>\r\n    <\/a>\r\n  <\/div>\r\n\n<\/div>\n<\/div>\n","protected":false},"excerpt":{"rendered":"<p>&nbsp;<\/p>\n","protected":false},"author":2,"featured_media":0,"parent":0,"menu_order":1,"comment_status":"closed","ping_status":"closed","template":"","meta":{"inline_featured_image":false,"ngg_post_thumbnail":0,"footnotes":""},"class_list":["post-11","page","type-page","status-publish","hentry"],"acf":[],"yoast_head":"<!-- This site is optimized with the Yoast SEO plugin v26.4 - https:\/\/yoast.com\/wordpress\/plugins\/seo\/ -->\n<title>Regionalna Inicjatywa Doskona\u0142o\u015bci<\/title>\n<meta name=\"description\" content=\"Katedra Mechaniki i Informatyki Stosowanej Wydzia\u0142 Mechaniczny Politechniki Bia\u0142ostockiej\" \/>\n<meta name=\"robots\" content=\"index, follow, max-snippet:-1, max-image-preview:large, max-video-preview:-1\" \/>\n<link rel=\"canonical\" href=\"https:\/\/wm.pb.edu.pl\/rid2\/\" \/>\n<meta property=\"og:locale\" content=\"pl_PL\" \/>\n<meta property=\"og:type\" content=\"article\" \/>\n<meta property=\"og:title\" content=\"Regionalna Inicjatywa Doskona\u0142o\u015bci\" \/>\n<meta property=\"og:description\" content=\"Katedra Mechaniki i Informatyki Stosowanej Wydzia\u0142 Mechaniczny Politechniki Bia\u0142ostockiej\" \/>\n<meta property=\"og:url\" content=\"https:\/\/wm.pb.edu.pl\/rid2\/\" \/>\n<meta property=\"og:site_name\" content=\"Regionalna Inicjatywa Doskona\u0142o\u015bci\" \/>\n<meta property=\"article:modified_time\" content=\"2024-03-08T12:32:19+00:00\" \/>\n<meta property=\"og:image\" content=\"https:\/\/wm.pb.edu.pl\/rid2\/wp-content\/uploads\/sites\/26\/2024\/03\/belka-RID.jpg\" \/>\n<meta name=\"twitter:card\" content=\"summary_large_image\" \/>\n<meta name=\"twitter:label1\" content=\"Szacowany czas czytania\" \/>\n\t<meta name=\"twitter:data1\" content=\"3 minuty\" \/>\n<script type=\"application\/ld+json\" class=\"yoast-schema-graph\">{\"@context\":\"https:\/\/schema.org\",\"@graph\":[{\"@type\":\"WebPage\",\"@id\":\"https:\/\/wm.pb.edu.pl\/rid2\/\",\"url\":\"https:\/\/wm.pb.edu.pl\/rid2\/\",\"name\":\"Regionalna Inicjatywa Doskona\u0142o\u015bci\",\"isPartOf\":{\"@id\":\"https:\/\/wm.pb.edu.pl\/rid2\/#website\"},\"primaryImageOfPage\":{\"@id\":\"https:\/\/wm.pb.edu.pl\/rid2\/#primaryimage\"},\"image\":{\"@id\":\"https:\/\/wm.pb.edu.pl\/rid2\/#primaryimage\"},\"thumbnailUrl\":\"https:\/\/wm.pb.edu.pl\/rid2\/wp-content\/uploads\/sites\/26\/2024\/03\/belka-RID.jpg\",\"datePublished\":\"2018-06-25T19:29:55+00:00\",\"dateModified\":\"2024-03-08T12:32:19+00:00\",\"description\":\"Katedra Mechaniki i Informatyki Stosowanej Wydzia\u0142 Mechaniczny Politechniki Bia\u0142ostockiej\",\"inLanguage\":\"pl-PL\",\"potentialAction\":[{\"@type\":\"ReadAction\",\"target\":[\"https:\/\/wm.pb.edu.pl\/rid2\/\"]}]},{\"@type\":\"ImageObject\",\"inLanguage\":\"pl-PL\",\"@id\":\"https:\/\/wm.pb.edu.pl\/rid2\/#primaryimage\",\"url\":\"https:\/\/wm.pb.edu.pl\/rid2\/wp-content\/uploads\/sites\/26\/2024\/03\/belka-RID.jpg\",\"contentUrl\":\"https:\/\/wm.pb.edu.pl\/rid2\/wp-content\/uploads\/sites\/26\/2024\/03\/belka-RID.jpg\",\"width\":1024,\"height\":141,\"caption\":\"logo projektu, Politechniki Bia\u0142ostockiej i Ministerstwa Nauki i Szkolnictwa Wy\u017cszego\"},{\"@type\":\"WebSite\",\"@id\":\"https:\/\/wm.pb.edu.pl\/rid2\/#website\",\"url\":\"https:\/\/wm.pb.edu.pl\/rid2\/\",\"name\":\"Regionalna Inicjatywa Doskona\u0142o\u015bci\",\"description\":\"\",\"potentialAction\":[{\"@type\":\"SearchAction\",\"target\":{\"@type\":\"EntryPoint\",\"urlTemplate\":\"https:\/\/wm.pb.edu.pl\/rid2\/?s={search_term_string}\"},\"query-input\":{\"@type\":\"PropertyValueSpecification\",\"valueRequired\":true,\"valueName\":\"search_term_string\"}}],\"inLanguage\":\"pl-PL\"}]}<\/script>\n<!-- \/ Yoast SEO plugin. -->","yoast_head_json":{"title":"Regionalna Inicjatywa Doskona\u0142o\u015bci","description":"Katedra Mechaniki i Informatyki Stosowanej Wydzia\u0142 Mechaniczny Politechniki Bia\u0142ostockiej","robots":{"index":"index","follow":"follow","max-snippet":"max-snippet:-1","max-image-preview":"max-image-preview:large","max-video-preview":"max-video-preview:-1"},"canonical":"https:\/\/wm.pb.edu.pl\/rid2\/","og_locale":"pl_PL","og_type":"article","og_title":"Regionalna Inicjatywa Doskona\u0142o\u015bci","og_description":"Katedra Mechaniki i Informatyki Stosowanej Wydzia\u0142 Mechaniczny Politechniki Bia\u0142ostockiej","og_url":"https:\/\/wm.pb.edu.pl\/rid2\/","og_site_name":"Regionalna Inicjatywa Doskona\u0142o\u015bci","article_modified_time":"2024-03-08T12:32:19+00:00","og_image":[{"url":"https:\/\/wm.pb.edu.pl\/rid2\/wp-content\/uploads\/sites\/26\/2024\/03\/belka-RID.jpg","type":"","width":"","height":""}],"twitter_card":"summary_large_image","twitter_misc":{"Szacowany czas czytania":"3 minuty"},"schema":{"@context":"https:\/\/schema.org","@graph":[{"@type":"WebPage","@id":"https:\/\/wm.pb.edu.pl\/rid2\/","url":"https:\/\/wm.pb.edu.pl\/rid2\/","name":"Regionalna Inicjatywa Doskona\u0142o\u015bci","isPartOf":{"@id":"https:\/\/wm.pb.edu.pl\/rid2\/#website"},"primaryImageOfPage":{"@id":"https:\/\/wm.pb.edu.pl\/rid2\/#primaryimage"},"image":{"@id":"https:\/\/wm.pb.edu.pl\/rid2\/#primaryimage"},"thumbnailUrl":"https:\/\/wm.pb.edu.pl\/rid2\/wp-content\/uploads\/sites\/26\/2024\/03\/belka-RID.jpg","datePublished":"2018-06-25T19:29:55+00:00","dateModified":"2024-03-08T12:32:19+00:00","description":"Katedra Mechaniki i Informatyki Stosowanej Wydzia\u0142 Mechaniczny Politechniki Bia\u0142ostockiej","inLanguage":"pl-PL","potentialAction":[{"@type":"ReadAction","target":["https:\/\/wm.pb.edu.pl\/rid2\/"]}]},{"@type":"ImageObject","inLanguage":"pl-PL","@id":"https:\/\/wm.pb.edu.pl\/rid2\/#primaryimage","url":"https:\/\/wm.pb.edu.pl\/rid2\/wp-content\/uploads\/sites\/26\/2024\/03\/belka-RID.jpg","contentUrl":"https:\/\/wm.pb.edu.pl\/rid2\/wp-content\/uploads\/sites\/26\/2024\/03\/belka-RID.jpg","width":1024,"height":141,"caption":"logo projektu, Politechniki Bia\u0142ostockiej i Ministerstwa Nauki i Szkolnictwa Wy\u017cszego"},{"@type":"WebSite","@id":"https:\/\/wm.pb.edu.pl\/rid2\/#website","url":"https:\/\/wm.pb.edu.pl\/rid2\/","name":"Regionalna Inicjatywa Doskona\u0142o\u015bci","description":"","potentialAction":[{"@type":"SearchAction","target":{"@type":"EntryPoint","urlTemplate":"https:\/\/wm.pb.edu.pl\/rid2\/?s={search_term_string}"},"query-input":{"@type":"PropertyValueSpecification","valueRequired":true,"valueName":"search_term_string"}}],"inLanguage":"pl-PL"}]}},"_links":{"self":[{"href":"https:\/\/wm.pb.edu.pl\/rid2\/wp-json\/wp\/v2\/pages\/11","targetHints":{"allow":["GET"]}}],"collection":[{"href":"https:\/\/wm.pb.edu.pl\/rid2\/wp-json\/wp\/v2\/pages"}],"about":[{"href":"https:\/\/wm.pb.edu.pl\/rid2\/wp-json\/wp\/v2\/types\/page"}],"author":[{"embeddable":true,"href":"https:\/\/wm.pb.edu.pl\/rid2\/wp-json\/wp\/v2\/users\/2"}],"replies":[{"embeddable":true,"href":"https:\/\/wm.pb.edu.pl\/rid2\/wp-json\/wp\/v2\/comments?post=11"}],"version-history":[{"count":61,"href":"https:\/\/wm.pb.edu.pl\/rid2\/wp-json\/wp\/v2\/pages\/11\/revisions"}],"predecessor-version":[{"id":673,"href":"https:\/\/wm.pb.edu.pl\/rid2\/wp-json\/wp\/v2\/pages\/11\/revisions\/673"}],"wp:attachment":[{"href":"https:\/\/wm.pb.edu.pl\/rid2\/wp-json\/wp\/v2\/media?parent=11"}],"curies":[{"name":"wp","href":"https:\/\/api.w.org\/{rel}","templated":true}]}}