{"id":18,"date":"2018-06-26T11:09:29","date_gmt":"2018-06-26T09:09:29","guid":{"rendered":"https:\/\/wm.pb.edu.pl\/rid2\/?page_id=18"},"modified":"2024-03-08T13:34:37","modified_gmt":"2024-03-08T12:34:37","slug":"o-projekcie","status":"publish","type":"page","link":"https:\/\/wm.pb.edu.pl\/rid2\/o-projekcie\/","title":{"rendered":"O projekcie"},"content":{"rendered":"<p><img loading=\"lazy\" decoding=\"async\" src=\"https:\/\/wm.pb.edu.pl\/rid2\/wp-content\/uploads\/sites\/26\/2024\/03\/belka-RID.jpg\" alt=\"logo projektu, Politechniki Bia\u0142ostockiej i Ministerstwa Nauki i Szkolnictwa Wy\u017cszego\" width=\"1024\" height=\"141\" class=\"aligncenter size-full wp-image-671\" srcset=\"https:\/\/wm.pb.edu.pl\/rid2\/wp-content\/uploads\/sites\/26\/2024\/03\/belka-RID.jpg 1024w, https:\/\/wm.pb.edu.pl\/rid2\/wp-content\/uploads\/sites\/26\/2024\/03\/belka-RID-300x41.jpg 300w, https:\/\/wm.pb.edu.pl\/rid2\/wp-content\/uploads\/sites\/26\/2024\/03\/belka-RID-768x106.jpg 768w\" sizes=\"auto, (max-width: 1024px) 100vw, 1024px\" \/><\/p>\n<div class=\"h1\">O projekcie<\/div>\n<div class=\"h2\">Projekt pt. Zwi\u0119kszenie interdyscyplinarno\u015bci bada\u0144 naukowych w PB w obszarze nauk in\u017cynieryjno-technicznych zosta\u0142 dofinansowany ze \u015brodk\u00f3w Ministra Nauki w ramach programu \u201cRegionalna Inicjatywa Doskona\u0142o\u015bci\u201d<\/div>\n<div class=\"h3\"><strong>Warto\u015b\u0107 dofinansowania: <\/strong><strong>11&nbsp;480&nbsp;000 <\/strong><strong>z\u0142<\/strong><\/div>\n<p><strong>Celem<\/strong> programu \u201eRegionalna inicjatywa doskona\u0142o\u015bci\u201d jest umocnienie znaczenia dzia\u0142alno\u015bci uczelni w grupach dyscyplin naukowych oraz artystycznych okre\u015blonych dla poszczeg\u00f3lnych region\u00f3w.<\/p>\n<p>W ramach projektu zaplanowane s\u0105 dzia\u0142ania zmierzaj\u0105ce do wytyczenia nowych kierunk\u00f3w badawczych realizowanych na Wydziale Mechanicznym w dyscyplinie in\u017cynieria mechaniczna. In\u017cynieria mechaniczna jest dyscyplin\u0105, kt\u00f3ra we wszystkich ocenach parametrycznych przeprowadzonych do tej pory uzyskiwa\u0142a kategori\u0119 A, co \u015bwiadczy o stabilno\u015bci kadry akademickiej i wysokiej jako\u015bci prowadzonych przez ni\u0105 badaniach naukowych.<\/p>\n<p>Nowym pomys\u0142em, kt\u00f3ry zostanie zrealizowany w ramach projektu, jest otwarcie potencja\u0142u badawczego zawartego w in\u017cynierii mechanicznej na naukowc\u00f3w pracuj\u0105cych w Politechnice Bia\u0142ostockiej, kt\u00f3rzy reprezentuj\u0105 inne dyscypliny naukowe. Jednym z g\u0142\u00f3wnych element\u00f3w projektu b\u0119dzie stworzenie 5 interdyscyplinarnych laboratori\u00f3w naukowych. W tym celu, jeszcze na etapie przygotowania wniosku, zosta\u0142y wytypowane grupy badawcze odnosz\u0105ce du\u017ce sukcesy naukowe, a kt\u00f3re ju\u017c wsp\u00f3\u0142pracowa\u0142y z naukowcami z in\u017cynierii mechanicznej. Liderom tych grup zaproponowano mo\u017cliwo\u015b\u0107 budowy laboratori\u00f3w na Wydziale Mechanicznym, kt\u00f3re b\u0119d\u0105 uwzgl\u0119dnia\u0142y mo\u017cliwo\u015bci naukowej wsp\u00f3\u0142pracy mi\u0119dzydyscyplinarnej. Na ten cel w&nbsp; projekcie przeznaczono przesz\u0142o 5,5 mln z\u0142.<\/p>\n<p>Opr\u00f3cz tego w projekcie zaplanowano udzielenie 8 mikrogrant\u00f3w naukowych dla zespo\u0142\u00f3w badawczych, kt\u00f3rych zesp\u00f3\u0142 b\u0119dzie sk\u0142ada\u0142 si\u0119 z naukowc\u00f3w z in\u017cynierii mechanicznej i z przynajmniej jednej innej dyscypliny naukowej ewaluowanej w PB. B\u0119d\u0105 to projekty trwaj\u0105ce maksymalnie 2 lata, a na ich realizacj\u0119 zosta\u0142o zaplanowane 1,6 mln. z\u0142. Warunkiem \u201erozliczenia\u201d takiego projektu b\u0119dzie mi\u0119dzy innymi z\u0142o\u017cenie wniosku o finansowanie bada\u0144 ze \u017ar\u00f3de\u0142 zewn\u0119trznych.<\/p>\n<p>Przesz\u0142o 460 tys. z\u0142 zosta\u0142o zaplanowane (pierwsze 3 lata projektu) na finansowanie udzia\u0142u nakowc\u00f3w w renomowanych konferencjach naukowych, op\u0142aty artyku\u0142\u00f3w naukowych w trybie open access, zwi\u0119kszenia liczby zg\u0142osze\u0144 patentowych krajowych i mi\u0119dzynarodowych. Warunkiem uzyskania finansowania jest r\u00f3wnie\u017c dzia\u0142alno\u015b\u0107 interdyscyplinarna, tj. udzia\u0142 przynajmniej jednego naukowca z reprezentuj\u0105cego in\u017cynieri\u0119 mechaniczn\u0105 oraz jednego lub wi\u0119cej reprezentuj\u0105cych inn\u0105 dyscyplin\u0119 naukow\u0105.<\/p>\n<p>Kolejnym celem projektu b\u0119dzie zwi\u0119kszenie mobilno\u015bci pracownik\u00f3w PB poprzez odbywanie sta\u017cy naukowych w zagranicznych renomowanych uczelniach (TOP 200). Zaplanowano realizacj\u0119 w pierwszych 3 latach projektu 14 sta\u017cy naukowych trwaj\u0105cych minimum 3 miesi\u0105ce. Na ten cel przeznaczono 330 tys. z\u0142. Dodatkowo zaplanowano sfinansowanie (ok. 330 tys. z\u0142.) pobytu (min. 6 mies.) na Wydziale Mechanicznym 8 m\u0142odych wybitnych naukowc\u00f3w z zagranicznych o\u015brodk\u00f3w naukowych w formie associated researcher.<\/p>\n<p>Ostatni rok realizacji projektu, opr\u00f3cz dzia\u0142a\u0144 naukowych wymienionych powy\u017cej, zosta\u0142 zaplanowany na promocj\u0119 wynik\u00f3w projektu i utrwalanie jego rezultat\u00f3w. Na t\u0119 dzia\u0142alno\u015b\u0107 w ostatnim roku zostanie przeznaczona kwota 2,8 mln z\u0142. G\u0142\u00f3wne dzia\u0142ania, kt\u00f3re b\u0119d\u0105 realizowane, to zawi\u0105zywanie mi\u0119dzynarodowych sieci badawczych lub konsorcj\u00f3w naukowych, rozszerzenie zespo\u0142\u00f3w badawczych o zagranicznych naukowc\u00f3w, prezentacja wynik\u00f3w bada\u0144 na forum zagranicznym (artyku\u0142y naukowe, referaty konferencyjne), rozszerzenie mo\u017cliwo\u015bci badawczych wybranych laboratori\u00f3w naukowych. Przede wszystkim program RiD umo\u017cliwi organizacj\u0119 VI Polskiego Kongresu Mechaniki, kt\u00f3ry Politechnika Bia\u0142ostocka b\u0119dzie organizowa\u0142a w 2027 r.<\/p>\n<p>Zakres wszystkich dzia\u0142a\u0144 zaplanowanych w projekcie wpisuje si\u0119 w cel strategiczny PB pt. Wiod\u0105cy o\u015brodek naukowy w zakresie celu szczeg\u00f3\u0142owego, obejmuj\u0105cego aktywne kszta\u0142towanie polityki naukowej poprzez wzmacnianie innowacyjnych i interdyscyplinarnych kierunk\u00f3w bada\u0144 oraz rozw\u00f3j specjalizacji w wybranych obszarach, w kt\u00f3rych Uczelnia mo\u017ce by\u0107 najlepsza w Polsce i \u015bwiecie.<\/p>\n","protected":false},"excerpt":{"rendered":"<p>O projekcie Projekt pt. Zwi\u0119kszenie interdyscyplinarno\u015bci bada\u0144 naukowych w PB w obszarze nauk in\u017cynieryjno-technicznych zosta\u0142<a class=\"read-more\" href=\"https:\/\/wm.pb.edu.pl\/rid2\/o-projekcie\/\" title=\"Poka\u017c artyku\u0142 O projekcie\">wi\u0119cej<\/a><\/p>\n","protected":false},"author":3,"featured_media":0,"parent":0,"menu_order":1,"comment_status":"closed","ping_status":"closed","template":"templates\/dzial.php","meta":{"inline_featured_image":false,"ngg_post_thumbnail":0,"footnotes":""},"class_list":["post-18","page","type-page","status-publish","hentry"],"acf":[],"yoast_head":"<!-- This site is optimized with the Yoast SEO plugin v26.4 - https:\/\/yoast.com\/wordpress\/plugins\/seo\/ -->\n<title>O projekcie - Regionalna Inicjatywa Doskona\u0142o\u015bci<\/title>\n<meta name=\"robots\" content=\"index, follow, max-snippet:-1, max-image-preview:large, max-video-preview:-1\" \/>\n<link rel=\"canonical\" href=\"https:\/\/wm.pb.edu.pl\/rid2\/o-projekcie\/\" \/>\n<meta property=\"og:locale\" content=\"pl_PL\" \/>\n<meta property=\"og:type\" content=\"article\" \/>\n<meta property=\"og:title\" content=\"O projekcie - Regionalna Inicjatywa Doskona\u0142o\u015bci\" \/>\n<meta property=\"og:description\" content=\"O projekcie Projekt pt. Zwi\u0119kszenie interdyscyplinarno\u015bci bada\u0144 naukowych w PB w obszarze nauk in\u017cynieryjno-technicznych zosta\u0142wi\u0119cej\" \/>\n<meta property=\"og:url\" content=\"https:\/\/wm.pb.edu.pl\/rid2\/o-projekcie\/\" \/>\n<meta property=\"og:site_name\" content=\"Regionalna Inicjatywa Doskona\u0142o\u015bci\" \/>\n<meta property=\"article:modified_time\" content=\"2024-03-08T12:34:37+00:00\" \/>\n<meta property=\"og:image\" content=\"https:\/\/wm.pb.edu.pl\/rid2\/wp-content\/uploads\/sites\/26\/2024\/03\/belka-RID.jpg\" \/>\n<meta name=\"twitter:card\" content=\"summary_large_image\" \/>\n<meta name=\"twitter:label1\" content=\"Szacowany czas czytania\" \/>\n\t<meta name=\"twitter:data1\" content=\"4 minuty\" \/>\n<script type=\"application\/ld+json\" class=\"yoast-schema-graph\">{\"@context\":\"https:\/\/schema.org\",\"@graph\":[{\"@type\":\"WebPage\",\"@id\":\"https:\/\/wm.pb.edu.pl\/rid2\/o-projekcie\/\",\"url\":\"https:\/\/wm.pb.edu.pl\/rid2\/o-projekcie\/\",\"name\":\"O projekcie - Regionalna Inicjatywa Doskona\u0142o\u015bci\",\"isPartOf\":{\"@id\":\"https:\/\/wm.pb.edu.pl\/rid2\/#website\"},\"primaryImageOfPage\":{\"@id\":\"https:\/\/wm.pb.edu.pl\/rid2\/o-projekcie\/#primaryimage\"},\"image\":{\"@id\":\"https:\/\/wm.pb.edu.pl\/rid2\/o-projekcie\/#primaryimage\"},\"thumbnailUrl\":\"https:\/\/wm.pb.edu.pl\/rid2\/wp-content\/uploads\/sites\/26\/2024\/03\/belka-RID.jpg\",\"datePublished\":\"2018-06-26T09:09:29+00:00\",\"dateModified\":\"2024-03-08T12:34:37+00:00\",\"breadcrumb\":{\"@id\":\"https:\/\/wm.pb.edu.pl\/rid2\/o-projekcie\/#breadcrumb\"},\"inLanguage\":\"pl-PL\",\"potentialAction\":[{\"@type\":\"ReadAction\",\"target\":[\"https:\/\/wm.pb.edu.pl\/rid2\/o-projekcie\/\"]}]},{\"@type\":\"ImageObject\",\"inLanguage\":\"pl-PL\",\"@id\":\"https:\/\/wm.pb.edu.pl\/rid2\/o-projekcie\/#primaryimage\",\"url\":\"https:\/\/wm.pb.edu.pl\/rid2\/wp-content\/uploads\/sites\/26\/2024\/03\/belka-RID.jpg\",\"contentUrl\":\"https:\/\/wm.pb.edu.pl\/rid2\/wp-content\/uploads\/sites\/26\/2024\/03\/belka-RID.jpg\",\"width\":1024,\"height\":141,\"caption\":\"logo projektu, Politechniki Bia\u0142ostockiej i Ministerstwa Nauki i Szkolnictwa Wy\u017cszego\"},{\"@type\":\"BreadcrumbList\",\"@id\":\"https:\/\/wm.pb.edu.pl\/rid2\/o-projekcie\/#breadcrumb\",\"itemListElement\":[{\"@type\":\"ListItem\",\"position\":1,\"name\":\"Strona g\u0142\u00f3wna\",\"item\":\"https:\/\/wm.pb.edu.pl\/rid2\/\"},{\"@type\":\"ListItem\",\"position\":2,\"name\":\"O projekcie\"}]},{\"@type\":\"WebSite\",\"@id\":\"https:\/\/wm.pb.edu.pl\/rid2\/#website\",\"url\":\"https:\/\/wm.pb.edu.pl\/rid2\/\",\"name\":\"Regionalna Inicjatywa Doskona\u0142o\u015bci\",\"description\":\"\",\"potentialAction\":[{\"@type\":\"SearchAction\",\"target\":{\"@type\":\"EntryPoint\",\"urlTemplate\":\"https:\/\/wm.pb.edu.pl\/rid2\/?s={search_term_string}\"},\"query-input\":{\"@type\":\"PropertyValueSpecification\",\"valueRequired\":true,\"valueName\":\"search_term_string\"}}],\"inLanguage\":\"pl-PL\"}]}<\/script>\n<!-- \/ Yoast SEO plugin. -->","yoast_head_json":{"title":"O projekcie - Regionalna Inicjatywa Doskona\u0142o\u015bci","robots":{"index":"index","follow":"follow","max-snippet":"max-snippet:-1","max-image-preview":"max-image-preview:large","max-video-preview":"max-video-preview:-1"},"canonical":"https:\/\/wm.pb.edu.pl\/rid2\/o-projekcie\/","og_locale":"pl_PL","og_type":"article","og_title":"O projekcie - Regionalna Inicjatywa Doskona\u0142o\u015bci","og_description":"O projekcie Projekt pt. Zwi\u0119kszenie interdyscyplinarno\u015bci bada\u0144 naukowych w PB w obszarze nauk in\u017cynieryjno-technicznych zosta\u0142wi\u0119cej","og_url":"https:\/\/wm.pb.edu.pl\/rid2\/o-projekcie\/","og_site_name":"Regionalna Inicjatywa Doskona\u0142o\u015bci","article_modified_time":"2024-03-08T12:34:37+00:00","og_image":[{"url":"https:\/\/wm.pb.edu.pl\/rid2\/wp-content\/uploads\/sites\/26\/2024\/03\/belka-RID.jpg","type":"","width":"","height":""}],"twitter_card":"summary_large_image","twitter_misc":{"Szacowany czas czytania":"4 minuty"},"schema":{"@context":"https:\/\/schema.org","@graph":[{"@type":"WebPage","@id":"https:\/\/wm.pb.edu.pl\/rid2\/o-projekcie\/","url":"https:\/\/wm.pb.edu.pl\/rid2\/o-projekcie\/","name":"O projekcie - Regionalna Inicjatywa Doskona\u0142o\u015bci","isPartOf":{"@id":"https:\/\/wm.pb.edu.pl\/rid2\/#website"},"primaryImageOfPage":{"@id":"https:\/\/wm.pb.edu.pl\/rid2\/o-projekcie\/#primaryimage"},"image":{"@id":"https:\/\/wm.pb.edu.pl\/rid2\/o-projekcie\/#primaryimage"},"thumbnailUrl":"https:\/\/wm.pb.edu.pl\/rid2\/wp-content\/uploads\/sites\/26\/2024\/03\/belka-RID.jpg","datePublished":"2018-06-26T09:09:29+00:00","dateModified":"2024-03-08T12:34:37+00:00","breadcrumb":{"@id":"https:\/\/wm.pb.edu.pl\/rid2\/o-projekcie\/#breadcrumb"},"inLanguage":"pl-PL","potentialAction":[{"@type":"ReadAction","target":["https:\/\/wm.pb.edu.pl\/rid2\/o-projekcie\/"]}]},{"@type":"ImageObject","inLanguage":"pl-PL","@id":"https:\/\/wm.pb.edu.pl\/rid2\/o-projekcie\/#primaryimage","url":"https:\/\/wm.pb.edu.pl\/rid2\/wp-content\/uploads\/sites\/26\/2024\/03\/belka-RID.jpg","contentUrl":"https:\/\/wm.pb.edu.pl\/rid2\/wp-content\/uploads\/sites\/26\/2024\/03\/belka-RID.jpg","width":1024,"height":141,"caption":"logo projektu, Politechniki Bia\u0142ostockiej i Ministerstwa Nauki i Szkolnictwa Wy\u017cszego"},{"@type":"BreadcrumbList","@id":"https:\/\/wm.pb.edu.pl\/rid2\/o-projekcie\/#breadcrumb","itemListElement":[{"@type":"ListItem","position":1,"name":"Strona g\u0142\u00f3wna","item":"https:\/\/wm.pb.edu.pl\/rid2\/"},{"@type":"ListItem","position":2,"name":"O projekcie"}]},{"@type":"WebSite","@id":"https:\/\/wm.pb.edu.pl\/rid2\/#website","url":"https:\/\/wm.pb.edu.pl\/rid2\/","name":"Regionalna Inicjatywa Doskona\u0142o\u015bci","description":"","potentialAction":[{"@type":"SearchAction","target":{"@type":"EntryPoint","urlTemplate":"https:\/\/wm.pb.edu.pl\/rid2\/?s={search_term_string}"},"query-input":{"@type":"PropertyValueSpecification","valueRequired":true,"valueName":"search_term_string"}}],"inLanguage":"pl-PL"}]}},"_links":{"self":[{"href":"https:\/\/wm.pb.edu.pl\/rid2\/wp-json\/wp\/v2\/pages\/18","targetHints":{"allow":["GET"]}}],"collection":[{"href":"https:\/\/wm.pb.edu.pl\/rid2\/wp-json\/wp\/v2\/pages"}],"about":[{"href":"https:\/\/wm.pb.edu.pl\/rid2\/wp-json\/wp\/v2\/types\/page"}],"author":[{"embeddable":true,"href":"https:\/\/wm.pb.edu.pl\/rid2\/wp-json\/wp\/v2\/users\/3"}],"replies":[{"embeddable":true,"href":"https:\/\/wm.pb.edu.pl\/rid2\/wp-json\/wp\/v2\/comments?post=18"}],"version-history":[{"count":14,"href":"https:\/\/wm.pb.edu.pl\/rid2\/wp-json\/wp\/v2\/pages\/18\/revisions"}],"predecessor-version":[{"id":676,"href":"https:\/\/wm.pb.edu.pl\/rid2\/wp-json\/wp\/v2\/pages\/18\/revisions\/676"}],"wp:attachment":[{"href":"https:\/\/wm.pb.edu.pl\/rid2\/wp-json\/wp\/v2\/media?parent=18"}],"curies":[{"name":"wp","href":"https:\/\/api.w.org\/{rel}","templated":true}]}}