{"id":45,"date":"2018-06-26T11:34:52","date_gmt":"2018-06-26T09:34:52","guid":{"rendered":"https:\/\/wm.pb.edu.pl\/rid2\/?page_id=45"},"modified":"2024-04-23T13:11:31","modified_gmt":"2024-04-23T11:11:31","slug":"aktualnosci","status":"publish","type":"page","link":"https:\/\/wm.pb.edu.pl\/rid2\/aktualnosci\/","title":{"rendered":"Aktualno\u015bci"},"content":{"rendered":"<p><img loading=\"lazy\" decoding=\"async\" class=\"aligncenter size-full wp-image-671\" src=\"https:\/\/wm.pb.edu.pl\/rid2\/wp-content\/uploads\/sites\/26\/2024\/03\/belka-RID.jpg\" alt=\"logo projektu, Politechniki Bia\u0142ostockiej i Ministerstwa Nauki i Szkolnictwa Wy\u017cszego\" width=\"1024\" height=\"141\" srcset=\"https:\/\/wm.pb.edu.pl\/rid2\/wp-content\/uploads\/sites\/26\/2024\/03\/belka-RID.jpg 1024w, https:\/\/wm.pb.edu.pl\/rid2\/wp-content\/uploads\/sites\/26\/2024\/03\/belka-RID-300x41.jpg 300w, https:\/\/wm.pb.edu.pl\/rid2\/wp-content\/uploads\/sites\/26\/2024\/03\/belka-RID-768x106.jpg 768w\" sizes=\"auto, (max-width: 1024px) 100vw, 1024px\" \/><\/p>\n<div class=\"h1\">Aktualno\u015bci<\/div>\n<p><strong>Mo\u017cliwo\u015b\u0107 otrzymania dofinansowania koszt\u00f3w udzia\u0142u w renomowanej mi\u0119dzynarodowej konferencji naukowej, koszt\u00f3w publikacji naukowych oraz udzia\u0142u w sta\u017cach zagranicznych<\/strong><\/p>\n<p>Od 1 kwietnia 2024 r. nauczyciele akademiccy zatrudnieni w Politechnice Bia\u0142ostockiej na podstawie stosunku pracy w grupie pracownik\u00f3w badawczych lub badawczo-dydaktycznych jako podstawowym miejscu pracy, reprezentuj\u0105cy dyscypliny tj. in\u017cynieria mechaniczna, automatyka, elektronika, elektrotechnika i technologie kosmiczne, in\u017cynieria biomedyczna, in\u017cynieria \u015brodowiska, g\u00f3rnictwo i energetyka, in\u017cynieria l\u0105dowa, geodezja i transport, informatyka techniczna i telekomunikacja, architektura i urbanistyka, <strong>mog\u0105 ubiega\u0107 si\u0119 o dofinansowanie koszt\u00f3w udzia\u0142u w renomowanej mi\u0119dzynarodowej konferencji naukowej, a tak\u017ce o dofinansowanie koszt\u00f3w publikacji naukowych oraz udzia\u0142u w sta\u017cach zagranicznych. <\/strong><\/p>\n<p><em>Szczeg\u00f3\u0142owe informacje dotycz\u0105ce otrzymania dofinansowania okre\u015blaj\u0105 regulaminy dost\u0119pne na stronie internetowej projektu.<\/em><\/p>\n<p>&nbsp;<\/p>\n<p><strong>Rozstrzygni\u0119cie konkursu <\/strong><strong>pn. <em>\u201eMikrogrant RID \u2013 budowanie interdyscyplinarnych zespo\u0142\u00f3w badawczych\u201d<\/em><\/strong><\/p>\n<p><em>Wnioski w konkursie<\/em> pn. <em>\u201e<\/em><em>Mikrogrant RID \u2013 budowanie interdyscyplinarnych zespo\u0142\u00f3w badawczych\u201d zosta\u0142y ocenione przez <\/em>Komisj\u0119 Naukow\u0105 do oceny wniosk\u00f3w w ramach konkursu MRID w sk\u0142adzie: prof. Micha\u0142 Kuciej, prof. Krzysztof J. Kurzyd\u0142owski, prof. Jolanta Pauk, prof. Katarzyna Ignatowicz.<\/p>\n<p>W wyniku oceny, sporz\u0105dzono poni\u017csz\u0105 list\u0119 rankingow\u0105 z\u0142o\u017conych wniosk\u00f3w:<\/p>\n<div class=\"table-responsive\">\n<table class=\"table table-bordered table-striped\" style=\"width: auto;\">\n<thead>\n<tr>\n<th style=\"text-align: center; vertical-align: middle;\"><strong>Miejsce w rankingu<\/strong><\/th>\n<th style=\"text-align: center; vertical-align: middle;\"><strong>Tytu\u0142 projektu<\/strong><\/th>\n<th style=\"text-align: center; vertical-align: middle;\">Numer wniosku<\/th>\n<th style=\"text-align: center; vertical-align: middle;\"><strong>\u015arednia z ocen<\/strong><\/th>\n<\/tr>\n<\/thead>\n<tbody>\n<tr>\n<td style=\"width: 68.6333px; text-align: center;vertical-align: middle;\">1<\/td>\n<td style=\"width: 425px;\">Zastosowanie mikrofluidyki cyfrowej w sterowaniu proces\u00f3w cieplno-przep\u0142ywowych i uk\u0142ad\u00f3w biosensorycznych<\/td>\n<td style=\"width: 70px; text-align: center;vertical-align: middle;\">9<\/td>\n<td style=\"width: 64px; text-align: center;vertical-align: middle;\">51,25<\/td>\n<\/tr>\n<tr>\n<td style=\"width: 68.6333px; text-align: center;vertical-align: middle;\">2<\/td>\n<td style=\"width: 425px;\">Opracowanie zintegrowanej instalacji pirolizy do produkcji paliw alternatywnych i materia\u0142\u00f3w z odpad\u00f3w (bio-)polimerowych<\/td>\n<td style=\"width: 70px; text-align: center;vertical-align: middle;\">7<\/td>\n<td style=\"width: 64px; text-align: center;vertical-align: middle;\">48<\/td>\n<\/tr>\n<tr>\n<td style=\"width: 68.6333px; text-align: center;vertical-align: middle;\">3<\/td>\n<td style=\"width: 425px;\">Cementy szk\u0142o-jonomerowe domieszkowane pierwiastkami ziem rzadkich: w kierunku biomateria\u0142\u00f3w hybrydowych nowej generacji o zwi\u0119kszonej bioaktywno\u015bci<\/td>\n<td style=\"width: 70px; text-align: center;vertical-align: middle;\">3<\/td>\n<td style=\"width: 64px; text-align: center;vertical-align: middle;\">46,5<\/td>\n<\/tr>\n<tr>\n<td style=\"width: 68.6333px; text-align: center;vertical-align: middle;\">4<\/td>\n<td style=\"width: 425px;\">Od Grzyb\u00f3w do Biomateria\u0142\u00f3w Funkcjonalnych: Przysz\u0142o\u015bciowe Mykokompozyty (MycoMat)<\/td>\n<td style=\"width: 70px; text-align: center;vertical-align: middle;\">6<\/td>\n<td style=\"width: 64px; text-align: center;vertical-align: middle;\">46<\/td>\n<\/tr>\n<tr>\n<td style=\"width: 68.6333px; text-align: center;vertical-align: middle;\">5<\/td>\n<td style=\"width: 425px;\">Aktywnie sterowana elastyczna opaska magnetyczna do drena\u017cu limfatycznego<\/td>\n<td style=\"width: 70px; text-align: center;vertical-align: middle;\">2<\/td>\n<td style=\"width: 64px; text-align: center;vertical-align: middle;\">45<\/td>\n<\/tr>\n<tr>\n<td style=\"width: 68.6333px; text-align: center;vertical-align: middle;\">6<\/td>\n<td style=\"width: 425px;\">Wsp\u00f3lne prace nad popraw\u0105 wydajno\u015bci bioreaktor\u00f3w do hodowli alg poprzez zaawansowane badania materia\u0142owe i popraw\u0119 dok\u0142adno\u015bci modelowania optycznego<\/td>\n<td style=\"width: 70px; text-align: center;vertical-align: middle;\">10<\/td>\n<td style=\"width: 64px; text-align: center;vertical-align: middle;\">44,5<\/td>\n<\/tr>\n<tr>\n<td style=\"width: 68.6333px; text-align: center;vertical-align: middle;\">7<\/td>\n<td style=\"width: 425px;\">Funkcjonalne materia\u0142y biopolimerowe otrzymywane na bazie matrycy polimerowej z polilaktydu z dodatkiem substancji aktywnych biologicznie<\/td>\n<td style=\"width: 70px; text-align: center;vertical-align: middle;\">16<\/td>\n<td style=\"width: 64px; text-align: center;vertical-align: middle;\">44,5<\/td>\n<\/tr>\n<tr>\n<td style=\"width: 68.6333px; text-align: center;\">8<\/td>\n<td style=\"width: 425px;\">Badania eksperymentalne i modelowanie innowacyjnej metody poprawy efektywno\u015bci energetycznej pompy ciep\u0142a z dwutlenkiem w\u0119gla jako czynnikiem roboczym<\/td>\n<td style=\"width: 70px; text-align: center;vertical-align: middle;\">8<\/td>\n<td style=\"width: 64px; text-align: center;vertical-align: middle;\">43<\/td>\n<\/tr>\n<tr>\n<td style=\"width: 68.6333px; text-align: center;vertical-align: middle;\">9<\/td>\n<td style=\"width: 425px;\">Wp\u0142yw proces\u00f3w mechaniczno-termicznego przetwarzania odpad\u00f3w na zawarto\u015b\u0107 i sk\u0142ad fitohormon\u00f3w<\/td>\n<td style=\"width: 70px; text-align: center;vertical-align: middle;\">1<\/td>\n<td style=\"width: 64px; text-align: center;vertical-align: middle;\">41,75<\/td>\n<\/tr>\n<tr>\n<td style=\"width: 68.6333px; text-align: center;vertical-align: middle;\">10<\/td>\n<td style=\"width: 425px;\">Kompleksowa analiza w\u0142a\u015bciwo\u015bci mechanicznych, fizycznych i chemicznych pr\u0119t\u00f3w, pochodz\u0105cych z recyklingu przewod\u00f3w linii przesy\u0142owych pr\u0105du elektrycznego, przeznaczonych do wzmacniania konstrukcji betonowych<\/td>\n<td style=\"width: 70px; text-align: center;vertical-align: middle;\">13<\/td>\n<td style=\"width: 64px; text-align: center;vertical-align: middle;\">41,5<\/td>\n<\/tr>\n<tr>\n<td style=\"width: 68.6333px; text-align: center;vertical-align: middle;\">11<\/td>\n<td style=\"width: 425px;\">Synteza i analiza w\u0142a\u015bciwo\u015bci nanostruktur CuNi jako wynik ko\u0144cowy magneto-elektroosadzania na pod\u0142o\u017cach planarnych i porowatych<\/td>\n<td style=\"width: 70px; text-align: center;vertical-align: middle;\">4<\/td>\n<td style=\"width: 64px; text-align: center;vertical-align: middle;\">37,75<\/td>\n<\/tr>\n<tr>\n<td style=\"width: 68.6333px; text-align: center;vertical-align: middle;\">12<\/td>\n<td style=\"width: 425px;\">Uczenie robot\u00f3w przez demonstracj\u0119 dla powtarzalnych ruch\u00f3w w aplikacjach przemys\u0142owych i us\u0142ugowych (ReMIS)<\/td>\n<td style=\"width: 70px; text-align: center;vertical-align: middle;\">5<\/td>\n<td style=\"width: 64px; text-align: center;vertical-align: middle;\">36,67<\/td>\n<\/tr>\n<tr>\n<td style=\"width: 68.6333px; text-align: center;vertical-align: middle;\">13<\/td>\n<td style=\"width: 425px;\">Opracowanie prototypu lekkiego konstrukcyjnego kompozytu na bazie drewna przezroczystego<\/td>\n<td style=\"width: 70px; text-align: center;vertical-align: middle;\">12<\/td>\n<td style=\"width: 64px; text-align: center;vertical-align: middle;\">36,5<\/td>\n<\/tr>\n<tr>\n<td style=\"width: 68.6333px; text-align: center;vertical-align: middle;\">14<\/td>\n<td style=\"width: 425px;\">Detekcja i lokalizacja uszkodze\u0144 uk\u0142adu nap\u0119dowego bezza\u0142ogowego statku powietrznego z wykorzystaniem inteligentnych system\u00f3w pomiarowych<\/td>\n<td style=\"width: 70px; text-align: center;vertical-align: middle;\">11<\/td>\n<td style=\"width: 64px; text-align: center;vertical-align: middle;\">36<\/td>\n<\/tr>\n<tr>\n<td style=\"width: 68.6333px; text-align: center;vertical-align: middle;\">15<\/td>\n<td style=\"width: 425px;\">Metodyka konstrukcji no\u015bnej, a wizualne wzgl\u0119dy formy architektonicznej<\/td>\n<td style=\"width: 70px; text-align: center;vertical-align: middle;\">17<\/td>\n<td style=\"width: 64px; text-align: center;vertical-align: middle;\">35,75<\/td>\n<\/tr>\n<tr>\n<td style=\"width: 68.6333px; text-align: center;vertical-align: middle;\">16<\/td>\n<td style=\"width: 425px;\">Ocena wp\u0142ywu modyfikacji powierzchni kruszyw wyprodukowanych z recyklingu tworzyw sztucznych, uzyskanych za pomoc\u0105 r\u00f3\u017cnych metod rozdrabniania, na w\u0142a\u015bciwo\u015bci mechaniczne betonu wraz z ocen\u0105 jego trwa\u0142o\u015bci i izolacyjno\u015bci termicznej<\/td>\n<td style=\"width: 70px; text-align: center;vertical-align: middle;\">14<\/td>\n<td style=\"width: 64px; text-align: center;vertical-align: middle;\">23,25<\/td>\n<\/tr>\n<tr>\n<td style=\"width: 68.6333px; text-align: center;vertical-align: middle;\">17<\/td>\n<td style=\"width: 425px;\">&nbsp;Wycofany<\/td>\n<td style=\"width: 70px; text-align: center;vertical-align: middle;\">15<\/td>\n<td style=\"width: 64px; text-align: center;vertical-align: middle;\">0<\/td>\n<\/tr>\n<\/tbody>\n<\/table>\n<\/div>\n<p>&nbsp;<\/p>\n<p>Zgod\u0119 na finansowanie uzyska\u0142o 8 pierwszych wniosk\u00f3w.<\/p>\n<p>&nbsp;<\/p>\n<p>&nbsp;<\/p>\n","protected":false},"excerpt":{"rendered":"<p>Aktualno\u015bci Mo\u017cliwo\u015b\u0107 otrzymania dofinansowania koszt\u00f3w udzia\u0142u w renomowanej mi\u0119dzynarodowej konferencji naukowej, koszt\u00f3w publikacji naukowych oraz<a class=\"read-more\" href=\"https:\/\/wm.pb.edu.pl\/rid2\/aktualnosci\/\" title=\"Poka\u017c artyku\u0142 Aktualno\u015bci\">wi\u0119cej<\/a><\/p>\n","protected":false},"author":3,"featured_media":0,"parent":0,"menu_order":2,"comment_status":"closed","ping_status":"closed","template":"templates\/dzial.php","meta":{"inline_featured_image":false,"ngg_post_thumbnail":0,"footnotes":""},"class_list":["post-45","page","type-page","status-publish","hentry"],"acf":[],"yoast_head":"<!-- This site is optimized with the Yoast SEO plugin v26.4 - https:\/\/yoast.com\/wordpress\/plugins\/seo\/ -->\n<title>Aktualno\u015bci - Regionalna Inicjatywa Doskona\u0142o\u015bci<\/title>\n<meta name=\"robots\" content=\"index, follow, max-snippet:-1, max-image-preview:large, max-video-preview:-1\" \/>\n<link rel=\"canonical\" href=\"https:\/\/wm.pb.edu.pl\/rid2\/aktualnosci\/\" \/>\n<meta property=\"og:locale\" content=\"pl_PL\" \/>\n<meta property=\"og:type\" content=\"article\" \/>\n<meta property=\"og:title\" content=\"Aktualno\u015bci - Regionalna Inicjatywa Doskona\u0142o\u015bci\" \/>\n<meta property=\"og:description\" content=\"Aktualno\u015bci Mo\u017cliwo\u015b\u0107 otrzymania dofinansowania koszt\u00f3w udzia\u0142u w renomowanej mi\u0119dzynarodowej konferencji naukowej, koszt\u00f3w publikacji naukowych orazwi\u0119cej\" \/>\n<meta property=\"og:url\" content=\"https:\/\/wm.pb.edu.pl\/rid2\/aktualnosci\/\" \/>\n<meta property=\"og:site_name\" content=\"Regionalna Inicjatywa Doskona\u0142o\u015bci\" \/>\n<meta property=\"article:modified_time\" content=\"2024-04-23T11:11:31+00:00\" \/>\n<meta property=\"og:image\" content=\"https:\/\/wm.pb.edu.pl\/rid2\/wp-content\/uploads\/sites\/26\/2024\/03\/belka-RID.jpg\" \/>\n<meta name=\"twitter:card\" content=\"summary_large_image\" \/>\n<meta name=\"twitter:label1\" content=\"Szacowany czas czytania\" \/>\n\t<meta name=\"twitter:data1\" content=\"3 minuty\" \/>\n<script type=\"application\/ld+json\" class=\"yoast-schema-graph\">{\"@context\":\"https:\/\/schema.org\",\"@graph\":[{\"@type\":\"WebPage\",\"@id\":\"https:\/\/wm.pb.edu.pl\/rid2\/aktualnosci\/\",\"url\":\"https:\/\/wm.pb.edu.pl\/rid2\/aktualnosci\/\",\"name\":\"Aktualno\u015bci - Regionalna Inicjatywa Doskona\u0142o\u015bci\",\"isPartOf\":{\"@id\":\"https:\/\/wm.pb.edu.pl\/rid2\/#website\"},\"primaryImageOfPage\":{\"@id\":\"https:\/\/wm.pb.edu.pl\/rid2\/aktualnosci\/#primaryimage\"},\"image\":{\"@id\":\"https:\/\/wm.pb.edu.pl\/rid2\/aktualnosci\/#primaryimage\"},\"thumbnailUrl\":\"https:\/\/wm.pb.edu.pl\/rid2\/wp-content\/uploads\/sites\/26\/2024\/03\/belka-RID.jpg\",\"datePublished\":\"2018-06-26T09:34:52+00:00\",\"dateModified\":\"2024-04-23T11:11:31+00:00\",\"breadcrumb\":{\"@id\":\"https:\/\/wm.pb.edu.pl\/rid2\/aktualnosci\/#breadcrumb\"},\"inLanguage\":\"pl-PL\",\"potentialAction\":[{\"@type\":\"ReadAction\",\"target\":[\"https:\/\/wm.pb.edu.pl\/rid2\/aktualnosci\/\"]}]},{\"@type\":\"ImageObject\",\"inLanguage\":\"pl-PL\",\"@id\":\"https:\/\/wm.pb.edu.pl\/rid2\/aktualnosci\/#primaryimage\",\"url\":\"https:\/\/wm.pb.edu.pl\/rid2\/wp-content\/uploads\/sites\/26\/2024\/03\/belka-RID.jpg\",\"contentUrl\":\"https:\/\/wm.pb.edu.pl\/rid2\/wp-content\/uploads\/sites\/26\/2024\/03\/belka-RID.jpg\",\"width\":1024,\"height\":141,\"caption\":\"logo projektu, Politechniki Bia\u0142ostockiej i Ministerstwa Nauki i Szkolnictwa Wy\u017cszego\"},{\"@type\":\"BreadcrumbList\",\"@id\":\"https:\/\/wm.pb.edu.pl\/rid2\/aktualnosci\/#breadcrumb\",\"itemListElement\":[{\"@type\":\"ListItem\",\"position\":1,\"name\":\"Strona g\u0142\u00f3wna\",\"item\":\"https:\/\/wm.pb.edu.pl\/rid2\/\"},{\"@type\":\"ListItem\",\"position\":2,\"name\":\"Aktualno\u015bci\"}]},{\"@type\":\"WebSite\",\"@id\":\"https:\/\/wm.pb.edu.pl\/rid2\/#website\",\"url\":\"https:\/\/wm.pb.edu.pl\/rid2\/\",\"name\":\"Regionalna Inicjatywa Doskona\u0142o\u015bci\",\"description\":\"\",\"potentialAction\":[{\"@type\":\"SearchAction\",\"target\":{\"@type\":\"EntryPoint\",\"urlTemplate\":\"https:\/\/wm.pb.edu.pl\/rid2\/?s={search_term_string}\"},\"query-input\":{\"@type\":\"PropertyValueSpecification\",\"valueRequired\":true,\"valueName\":\"search_term_string\"}}],\"inLanguage\":\"pl-PL\"}]}<\/script>\n<!-- \/ Yoast SEO plugin. -->","yoast_head_json":{"title":"Aktualno\u015bci - Regionalna Inicjatywa Doskona\u0142o\u015bci","robots":{"index":"index","follow":"follow","max-snippet":"max-snippet:-1","max-image-preview":"max-image-preview:large","max-video-preview":"max-video-preview:-1"},"canonical":"https:\/\/wm.pb.edu.pl\/rid2\/aktualnosci\/","og_locale":"pl_PL","og_type":"article","og_title":"Aktualno\u015bci - Regionalna Inicjatywa Doskona\u0142o\u015bci","og_description":"Aktualno\u015bci Mo\u017cliwo\u015b\u0107 otrzymania dofinansowania koszt\u00f3w udzia\u0142u w renomowanej mi\u0119dzynarodowej konferencji naukowej, koszt\u00f3w publikacji naukowych orazwi\u0119cej","og_url":"https:\/\/wm.pb.edu.pl\/rid2\/aktualnosci\/","og_site_name":"Regionalna Inicjatywa Doskona\u0142o\u015bci","article_modified_time":"2024-04-23T11:11:31+00:00","og_image":[{"url":"https:\/\/wm.pb.edu.pl\/rid2\/wp-content\/uploads\/sites\/26\/2024\/03\/belka-RID.jpg","type":"","width":"","height":""}],"twitter_card":"summary_large_image","twitter_misc":{"Szacowany czas czytania":"3 minuty"},"schema":{"@context":"https:\/\/schema.org","@graph":[{"@type":"WebPage","@id":"https:\/\/wm.pb.edu.pl\/rid2\/aktualnosci\/","url":"https:\/\/wm.pb.edu.pl\/rid2\/aktualnosci\/","name":"Aktualno\u015bci - Regionalna Inicjatywa Doskona\u0142o\u015bci","isPartOf":{"@id":"https:\/\/wm.pb.edu.pl\/rid2\/#website"},"primaryImageOfPage":{"@id":"https:\/\/wm.pb.edu.pl\/rid2\/aktualnosci\/#primaryimage"},"image":{"@id":"https:\/\/wm.pb.edu.pl\/rid2\/aktualnosci\/#primaryimage"},"thumbnailUrl":"https:\/\/wm.pb.edu.pl\/rid2\/wp-content\/uploads\/sites\/26\/2024\/03\/belka-RID.jpg","datePublished":"2018-06-26T09:34:52+00:00","dateModified":"2024-04-23T11:11:31+00:00","breadcrumb":{"@id":"https:\/\/wm.pb.edu.pl\/rid2\/aktualnosci\/#breadcrumb"},"inLanguage":"pl-PL","potentialAction":[{"@type":"ReadAction","target":["https:\/\/wm.pb.edu.pl\/rid2\/aktualnosci\/"]}]},{"@type":"ImageObject","inLanguage":"pl-PL","@id":"https:\/\/wm.pb.edu.pl\/rid2\/aktualnosci\/#primaryimage","url":"https:\/\/wm.pb.edu.pl\/rid2\/wp-content\/uploads\/sites\/26\/2024\/03\/belka-RID.jpg","contentUrl":"https:\/\/wm.pb.edu.pl\/rid2\/wp-content\/uploads\/sites\/26\/2024\/03\/belka-RID.jpg","width":1024,"height":141,"caption":"logo projektu, Politechniki Bia\u0142ostockiej i Ministerstwa Nauki i Szkolnictwa Wy\u017cszego"},{"@type":"BreadcrumbList","@id":"https:\/\/wm.pb.edu.pl\/rid2\/aktualnosci\/#breadcrumb","itemListElement":[{"@type":"ListItem","position":1,"name":"Strona g\u0142\u00f3wna","item":"https:\/\/wm.pb.edu.pl\/rid2\/"},{"@type":"ListItem","position":2,"name":"Aktualno\u015bci"}]},{"@type":"WebSite","@id":"https:\/\/wm.pb.edu.pl\/rid2\/#website","url":"https:\/\/wm.pb.edu.pl\/rid2\/","name":"Regionalna Inicjatywa Doskona\u0142o\u015bci","description":"","potentialAction":[{"@type":"SearchAction","target":{"@type":"EntryPoint","urlTemplate":"https:\/\/wm.pb.edu.pl\/rid2\/?s={search_term_string}"},"query-input":{"@type":"PropertyValueSpecification","valueRequired":true,"valueName":"search_term_string"}}],"inLanguage":"pl-PL"}]}},"_links":{"self":[{"href":"https:\/\/wm.pb.edu.pl\/rid2\/wp-json\/wp\/v2\/pages\/45","targetHints":{"allow":["GET"]}}],"collection":[{"href":"https:\/\/wm.pb.edu.pl\/rid2\/wp-json\/wp\/v2\/pages"}],"about":[{"href":"https:\/\/wm.pb.edu.pl\/rid2\/wp-json\/wp\/v2\/types\/page"}],"author":[{"embeddable":true,"href":"https:\/\/wm.pb.edu.pl\/rid2\/wp-json\/wp\/v2\/users\/3"}],"replies":[{"embeddable":true,"href":"https:\/\/wm.pb.edu.pl\/rid2\/wp-json\/wp\/v2\/comments?post=45"}],"version-history":[{"count":15,"href":"https:\/\/wm.pb.edu.pl\/rid2\/wp-json\/wp\/v2\/pages\/45\/revisions"}],"predecessor-version":[{"id":694,"href":"https:\/\/wm.pb.edu.pl\/rid2\/wp-json\/wp\/v2\/pages\/45\/revisions\/694"}],"wp:attachment":[{"href":"https:\/\/wm.pb.edu.pl\/rid2\/wp-json\/wp\/v2\/media?parent=45"}],"curies":[{"name":"wp","href":"https:\/\/api.w.org\/{rel}","templated":true}]}}