{"id":497,"date":"2024-01-22T19:22:16","date_gmt":"2024-01-22T18:22:16","guid":{"rendered":"https:\/\/wm.pb.edu.pl\/rid2\/?page_id=497"},"modified":"2024-03-08T15:18:40","modified_gmt":"2024-03-08T14:18:40","slug":"laboratoria-interdyscyplinarne","status":"publish","type":"page","link":"https:\/\/wm.pb.edu.pl\/rid2\/laboratoria-interdyscyplinarne\/","title":{"rendered":"Laboratoria interdyscyplinarne"},"content":{"rendered":"<p><img loading=\"lazy\" decoding=\"async\" src=\"https:\/\/wm.pb.edu.pl\/rid2\/wp-content\/uploads\/sites\/26\/2024\/03\/belka-RID.jpg\" alt=\"logo projektu, Politechniki Bia\u0142ostockiej i Ministerstwa Nauki i Szkolnictwa Wy\u017cszego\" width=\"1024\" height=\"141\" class=\"aligncenter size-full wp-image-671\" srcset=\"https:\/\/wm.pb.edu.pl\/rid2\/wp-content\/uploads\/sites\/26\/2024\/03\/belka-RID.jpg 1024w, https:\/\/wm.pb.edu.pl\/rid2\/wp-content\/uploads\/sites\/26\/2024\/03\/belka-RID-300x41.jpg 300w, https:\/\/wm.pb.edu.pl\/rid2\/wp-content\/uploads\/sites\/26\/2024\/03\/belka-RID-768x106.jpg 768w\" sizes=\"auto, (max-width: 1024px) 100vw, 1024px\" \/><\/p>\n<div class=\"h1\">Laboratoria interdyscyplinarne<\/div>\n<p>Na podstawie dotychczasowych do\u015bwiadcze\u0144 w zakresie wsp\u00f3\u0142pracy pomi\u0119dzy naukowcami reprezentuj\u0105cymi r\u00f3\u017cne dyscypliny naukowe wy\u0142oniono pi\u0119\u0107 zakres\u00f3w tematycznych. Zaplanowano utworzenie nowych laboratori\u00f3w badawczych, skupiaj\u0105cych dzia\u0142ania w tych obszarach. Przewidziano \u015brodki finansowe (ok. 1 100 000 z\u0142 na zesp\u00f3\u0142) na zakup pomieszcze\u0144 kontenerowych, wyposa\u017conych w niezb\u0119dne media oraz na zakup niezb\u0119dnych urz\u0105dze\u0144. Zadania realizowane przez te zespo\u0142y powinny uwzgl\u0119dnia\u0107 zar\u00f3wno podniesienie poziomu bada\u0144, a tak\u017ce wpisywa\u0107 si\u0119 w Strategi\u0119 na Rzecz Odpowiedzialnego Rozwoju oraz strategi\u0119 rozwoju regionu.<br \/>\n&nbsp;<\/p>\n<div class=\"panel-group\" id=\"custom-collapse-0\">\n<div class=\"panel panel-default\">\n\t\t\t\t<div class=\"panel-heading\">\n\t\t\t\t\t<div class=\"panel-title\">\n\t\t\t\t\t\t<a class=\"collapsed h4\" data-toggle=\"collapse\" data-parent=\"#custom-collapse-0\" href=\"#custom-collapse-0-0\">Interdyscyplinarne Laboratorium Analizy, Sterowania i Diagnostyki Uk\u0142ad\u00f3w Mechatronicznych<\/a>\n\t\t\t\t\t<\/div>\n\t\t\t\t<\/div>\n\t\t\t\t<div id=\"custom-collapse-0-0\" class=\"panel-collapse collapse\">\n\t\t\t\t\t<div class=\"panel-body\">\nKierownik zespo\u0142u \u2013 <strong>dr hab. in\u017c. Krzysztof Kamil. \u017bur, prof. PB<\/strong><\/p>\n<p>Zakres badawczy zespo\u0142u b\u0119dzie si\u0119 koncentrowa\u0107 wok\u00f3\u0142 trzech podstawowych zada\u0144:<\/p>\n<ul>\n<li>analizy\/identyfikacji charakterystyk statycznych i dynamicznych uk\u0142ad\u00f3w mechatronicznych i ich komponent\u00f3w mechanicznych (np.: kompozytowe\/inteligentne wiruj\u0105ce wa\u0142y, panele, \u0142opatki turbin oraz bezza\u0142ogowe statki\/systemy powietrzne i ich elementy);<\/li>\n<li>projektowania\/syntezy uk\u0142ad\u00f3w sterowania (odpornych, aktywnych) wy\u017cej wymienionych system\u00f3w mechatronicznych i ich komponent\u00f3w w&nbsp;warunkach zewn\u0119trznych zak\u0142\u00f3ce\u0144 oraz z uwzgl\u0119dnieniem wewn\u0119trznych uszkodze\u0144 (p\u0119kni\u0119\u0107, defekt\u00f3w\/nieci\u0105g\u0142o\u015bci materia\u0142u);<\/li>\n<li>diagnostyki\/identyfikacji uszkodze\u0144 (kontaktowa, bezkontaktowa, nieniszcz\u0105ca) wy\u017cej wymienionych uk\u0142ad\u00f3w oraz ich element\u00f3w w celu analizy i&nbsp;predykcji wp\u0142ywu uszkodze\u0144 na zmiany ich charakterystyk statycznych i dynamicznych oraz dob\u00f3r optymalnych parametr\u00f3w sterowania.<\/li>\n<\/ul>\n<\/div>\n\t\t\t\t<\/div>\n\t\t\t<\/div>\n<div class=\"panel panel-default\">\n\t\t\t\t<div class=\"panel-heading\">\n\t\t\t\t\t<div class=\"panel-title\">\n\t\t\t\t\t\t<a class=\"collapsed h4\" data-toggle=\"collapse\" data-parent=\"#custom-collapse-0\" href=\"#custom-collapse-0-1\">Interdyscyplinarne Laboratorium Biomechatroniki i Mikromechaniki<\/a>\n\t\t\t\t\t<\/div>\n\t\t\t\t<\/div>\n\t\t\t\t<div id=\"custom-collapse-0-1\" class=\"panel-collapse collapse\">\n\t\t\t\t\t<div class=\"panel-body\">\nKierownik zespo\u0142u &#8211; <strong>dr hab. in\u017c. Piotr Mrozek, prof. PB<\/strong><\/p>\n<p>Zakres planowanych dzia\u0142a\u0144 obejmuje interdyscyplinarne badania naukowe w zakresie in\u017cynierii mechanicznej i in\u017cynierii biomedycznej, obejmuj\u0105ce tematyk\u0119 innowacyjnych rozwi\u0105za\u0144 w dziedzinie mechatronicznych uk\u0142ad\u00f3w mikro-elektro-mechanicznych (MEMS \u2013 micro-electro-mechanical systems) i Bio-MEMS, dotycz\u0105ce miniaturowych uk\u0142ad\u00f3w przep\u0142ywu masy i ciep\u0142a, zw\u0142aszcza do zastosowa\u0144 w&nbsp;uk\u0142adach lab-on-a-chip (LOC), mikrosystemach analizy ca\u0142kowitej (\u03bcTAS \u2013 micro Total Analysis System) oraz systemach wymiany ciep\u0142a w uk\u0142adach mikroelektronicznych o du\u017cym stopniu upakowania.<\/p>\n<\/div>\n\t\t\t\t<\/div>\n\t\t\t<\/div>\n<div class=\"panel panel-default\">\n\t\t\t\t<div class=\"panel-heading\">\n\t\t\t\t\t<div class=\"panel-title\">\n\t\t\t\t\t\t<a class=\"collapsed h4\" data-toggle=\"collapse\" data-parent=\"#custom-collapse-0\" href=\"#custom-collapse-0-2\">Interdyscyplinarne Laboratorium Materia\u0142\u00f3w Szklistych<\/a>\n\t\t\t\t\t<\/div>\n\t\t\t\t<\/div>\n\t\t\t\t<div id=\"custom-collapse-0-2\" class=\"panel-collapse collapse\">\n\t\t\t\t\t<div class=\"panel-body\">\nKierownik zespo\u0142u &#8211; <strong>prof. dr hab. in\u017c. Marcin Kochanowicz<\/strong><\/p>\n<p>Badania prowadzone w utworzonym laboratorium materia\u0142\u00f3w szklistych b\u0119d\u0105 dotyczy\u0142y opracowania nowych materia\u0142\u00f3w szklistych oraz struktur w\u0142\u00f3knistych do zastosowa\u0144 w in\u017cynierii mechanicznej, biomedycznej oraz fotonicznej. Mutlidyscyplinarno\u015b\u0107 proponowanych bada\u0144 b\u0119dzie polega\u0142a na wytworzeniu opracowanych materia\u0142\u00f3w ich charakteryzacji oraz aplikacji w r\u00f3\u017cnych obszarach nauki np. kompozyty wype\u0142niane w\u0142\u00f3knami szklanymi (w tym biodegradowalne) \u2013 in\u017cynieria mechaniczna oraz biomedyczna, sensory optyczne \u2013 in\u017cynieria fotoniczna maj\u0105ca zastosowanie w wielu dziedzinach nauki.<\/p>\n<\/div>\n\t\t\t\t<\/div>\n\t\t\t<\/div>\n<div class=\"panel panel-default\">\n\t\t\t\t<div class=\"panel-heading\">\n\t\t\t\t\t<div class=\"panel-title\">\n\t\t\t\t\t\t<a class=\"collapsed h4\" data-toggle=\"collapse\" data-parent=\"#custom-collapse-0\" href=\"#custom-collapse-0-3\">Interdyscyplinarne Laboratorium Budownictwa Zr\u00f3wnowa\u017conego<\/a>\n\t\t\t\t\t<\/div>\n\t\t\t\t<\/div>\n\t\t\t\t<div id=\"custom-collapse-0-3\" class=\"panel-collapse collapse\">\n\t\t\t\t\t<div class=\"panel-body\">\nKierownik zespo\u0142u &#8211; <strong>dr hab. in\u017c. Dorota Krawczyk, prof. PB<\/strong><\/p>\n<p>Planowane s\u0105 badania interdyscyplinarne, \u0142\u0105cz\u0105ce dyscypliny naukowe in\u017cynieria mechaniczna oraz in\u017cynieria \u015brodowiska g\u00f3rnictwo i energetyka i in\u017cynieria l\u0105dowa, geodezja i transport, obejmuj\u0105ce nowe rozwi\u0105zania przegr\u00f3d budowlanych oraz element\u00f3w system\u00f3w grzewczo-ch\u0142odniczych, ze zwr\u00f3ceniem uwagi na mo\u017cliwo\u015bci akumulacji energii. Planowane jest opracowanie nowych rozwi\u0105za\u0144 materia\u0142owych, konstrukcyjnych przegr\u00f3d budowlanych oraz element\u00f3w system\u00f3w grzewczo-ch\u0142odniczych, kt\u00f3re przyczyni\u0105 si\u0119 do zmniejszenia zu\u017cycia energii pierwotnej w&nbsp;budownictwie, przy jednoczesnym zmniejszeniu ich \u015bladu w\u0119glowego.<\/p>\n<\/div>\n\t\t\t\t<\/div>\n\t\t\t<\/div>\n<div class=\"panel panel-default\">\n\t\t\t\t<div class=\"panel-heading\">\n\t\t\t\t\t<div class=\"panel-title\">\n\t\t\t\t\t\t<a class=\"collapsed h4\" data-toggle=\"collapse\" data-parent=\"#custom-collapse-0\" href=\"#custom-collapse-0-4\">Interdyscyplinarne Laboratorium Spektroskopii Cieczy i Cia\u0142a Sta\u0142ego<\/a>\n\t\t\t\t\t<\/div>\n\t\t\t\t<\/div>\n\t\t\t\t<div id=\"custom-collapse-0-4\" class=\"panel-collapse collapse\">\n\t\t\t\t\t<div class=\"panel-body\">\nKierownik zespo\u0142u &#8211; <strong>dr hab. in\u017c. Monika Kalinowska, prof. PB<\/strong><\/p>\n<p>Tematyka prac b\u0119dzie obejmowa\u0142a badania strukturalne nowych materia\u0142\u00f3w hybrydowych na bazie produkt\u00f3w naturalnych maj\u0105cych znaczenie w przemy\u015ble rolno-spo\u017cywczym, ochronie \u015brodowiska i&nbsp;zdrowia konsument\u00f3w.<br \/>\n<\/div>\n\t\t\t\t<\/div>\n\t\t\t<\/div>\n<\/div>\n&nbsp;<\/p>\n","protected":false},"excerpt":{"rendered":"<p>Laboratoria interdyscyplinarne Na podstawie dotychczasowych do\u015bwiadcze\u0144 w zakresie wsp\u00f3\u0142pracy pomi\u0119dzy naukowcami reprezentuj\u0105cymi r\u00f3\u017cne dyscypliny naukowe<a class=\"read-more\" href=\"https:\/\/wm.pb.edu.pl\/rid2\/laboratoria-interdyscyplinarne\/\" title=\"Poka\u017c artyku\u0142 Laboratoria interdyscyplinarne\">wi\u0119cej<\/a><\/p>\n","protected":false},"author":2,"featured_media":0,"parent":0,"menu_order":3,"comment_status":"closed","ping_status":"closed","template":"templates\/dzial.php","meta":{"inline_featured_image":false,"ngg_post_thumbnail":0,"footnotes":""},"class_list":["post-497","page","type-page","status-publish","hentry"],"acf":[],"yoast_head":"<!-- This site is optimized with the Yoast SEO plugin v26.4 - https:\/\/yoast.com\/wordpress\/plugins\/seo\/ -->\n<title>Laboratoria interdyscyplinarne - Regionalna Inicjatywa Doskona\u0142o\u015bci<\/title>\n<meta name=\"robots\" content=\"index, follow, max-snippet:-1, max-image-preview:large, max-video-preview:-1\" \/>\n<link rel=\"canonical\" href=\"https:\/\/wm.pb.edu.pl\/rid2\/laboratoria-interdyscyplinarne\/\" \/>\n<meta property=\"og:locale\" content=\"pl_PL\" \/>\n<meta property=\"og:type\" content=\"article\" \/>\n<meta property=\"og:title\" content=\"Laboratoria interdyscyplinarne - Regionalna Inicjatywa Doskona\u0142o\u015bci\" \/>\n<meta property=\"og:description\" content=\"Laboratoria interdyscyplinarne Na podstawie dotychczasowych do\u015bwiadcze\u0144 w zakresie wsp\u00f3\u0142pracy pomi\u0119dzy naukowcami reprezentuj\u0105cymi r\u00f3\u017cne dyscypliny naukowewi\u0119cej\" \/>\n<meta property=\"og:url\" content=\"https:\/\/wm.pb.edu.pl\/rid2\/laboratoria-interdyscyplinarne\/\" \/>\n<meta property=\"og:site_name\" content=\"Regionalna Inicjatywa Doskona\u0142o\u015bci\" \/>\n<meta property=\"article:modified_time\" content=\"2024-03-08T14:18:40+00:00\" \/>\n<meta property=\"og:image\" content=\"https:\/\/wm.pb.edu.pl\/rid2\/wp-content\/uploads\/sites\/26\/2024\/03\/belka-RID.jpg\" \/>\n<meta name=\"twitter:card\" content=\"summary_large_image\" \/>\n<meta name=\"twitter:label1\" content=\"Szacowany czas czytania\" \/>\n\t<meta name=\"twitter:data1\" content=\"3 minuty\" \/>\n<script type=\"application\/ld+json\" class=\"yoast-schema-graph\">{\"@context\":\"https:\/\/schema.org\",\"@graph\":[{\"@type\":\"WebPage\",\"@id\":\"https:\/\/wm.pb.edu.pl\/rid2\/laboratoria-interdyscyplinarne\/\",\"url\":\"https:\/\/wm.pb.edu.pl\/rid2\/laboratoria-interdyscyplinarne\/\",\"name\":\"Laboratoria interdyscyplinarne - Regionalna Inicjatywa Doskona\u0142o\u015bci\",\"isPartOf\":{\"@id\":\"https:\/\/wm.pb.edu.pl\/rid2\/#website\"},\"primaryImageOfPage\":{\"@id\":\"https:\/\/wm.pb.edu.pl\/rid2\/laboratoria-interdyscyplinarne\/#primaryimage\"},\"image\":{\"@id\":\"https:\/\/wm.pb.edu.pl\/rid2\/laboratoria-interdyscyplinarne\/#primaryimage\"},\"thumbnailUrl\":\"https:\/\/wm.pb.edu.pl\/rid2\/wp-content\/uploads\/sites\/26\/2024\/03\/belka-RID.jpg\",\"datePublished\":\"2024-01-22T18:22:16+00:00\",\"dateModified\":\"2024-03-08T14:18:40+00:00\",\"breadcrumb\":{\"@id\":\"https:\/\/wm.pb.edu.pl\/rid2\/laboratoria-interdyscyplinarne\/#breadcrumb\"},\"inLanguage\":\"pl-PL\",\"potentialAction\":[{\"@type\":\"ReadAction\",\"target\":[\"https:\/\/wm.pb.edu.pl\/rid2\/laboratoria-interdyscyplinarne\/\"]}]},{\"@type\":\"ImageObject\",\"inLanguage\":\"pl-PL\",\"@id\":\"https:\/\/wm.pb.edu.pl\/rid2\/laboratoria-interdyscyplinarne\/#primaryimage\",\"url\":\"https:\/\/wm.pb.edu.pl\/rid2\/wp-content\/uploads\/sites\/26\/2024\/03\/belka-RID.jpg\",\"contentUrl\":\"https:\/\/wm.pb.edu.pl\/rid2\/wp-content\/uploads\/sites\/26\/2024\/03\/belka-RID.jpg\",\"width\":1024,\"height\":141,\"caption\":\"logo projektu, Politechniki Bia\u0142ostockiej i Ministerstwa Nauki i Szkolnictwa Wy\u017cszego\"},{\"@type\":\"BreadcrumbList\",\"@id\":\"https:\/\/wm.pb.edu.pl\/rid2\/laboratoria-interdyscyplinarne\/#breadcrumb\",\"itemListElement\":[{\"@type\":\"ListItem\",\"position\":1,\"name\":\"Strona g\u0142\u00f3wna\",\"item\":\"https:\/\/wm.pb.edu.pl\/rid2\/\"},{\"@type\":\"ListItem\",\"position\":2,\"name\":\"Laboratoria interdyscyplinarne\"}]},{\"@type\":\"WebSite\",\"@id\":\"https:\/\/wm.pb.edu.pl\/rid2\/#website\",\"url\":\"https:\/\/wm.pb.edu.pl\/rid2\/\",\"name\":\"Regionalna Inicjatywa Doskona\u0142o\u015bci\",\"description\":\"\",\"potentialAction\":[{\"@type\":\"SearchAction\",\"target\":{\"@type\":\"EntryPoint\",\"urlTemplate\":\"https:\/\/wm.pb.edu.pl\/rid2\/?s={search_term_string}\"},\"query-input\":{\"@type\":\"PropertyValueSpecification\",\"valueRequired\":true,\"valueName\":\"search_term_string\"}}],\"inLanguage\":\"pl-PL\"}]}<\/script>\n<!-- \/ Yoast SEO plugin. -->","yoast_head_json":{"title":"Laboratoria interdyscyplinarne - Regionalna Inicjatywa Doskona\u0142o\u015bci","robots":{"index":"index","follow":"follow","max-snippet":"max-snippet:-1","max-image-preview":"max-image-preview:large","max-video-preview":"max-video-preview:-1"},"canonical":"https:\/\/wm.pb.edu.pl\/rid2\/laboratoria-interdyscyplinarne\/","og_locale":"pl_PL","og_type":"article","og_title":"Laboratoria interdyscyplinarne - Regionalna Inicjatywa Doskona\u0142o\u015bci","og_description":"Laboratoria interdyscyplinarne Na podstawie dotychczasowych do\u015bwiadcze\u0144 w zakresie wsp\u00f3\u0142pracy pomi\u0119dzy naukowcami reprezentuj\u0105cymi r\u00f3\u017cne dyscypliny naukowewi\u0119cej","og_url":"https:\/\/wm.pb.edu.pl\/rid2\/laboratoria-interdyscyplinarne\/","og_site_name":"Regionalna Inicjatywa Doskona\u0142o\u015bci","article_modified_time":"2024-03-08T14:18:40+00:00","og_image":[{"url":"https:\/\/wm.pb.edu.pl\/rid2\/wp-content\/uploads\/sites\/26\/2024\/03\/belka-RID.jpg","type":"","width":"","height":""}],"twitter_card":"summary_large_image","twitter_misc":{"Szacowany czas czytania":"3 minuty"},"schema":{"@context":"https:\/\/schema.org","@graph":[{"@type":"WebPage","@id":"https:\/\/wm.pb.edu.pl\/rid2\/laboratoria-interdyscyplinarne\/","url":"https:\/\/wm.pb.edu.pl\/rid2\/laboratoria-interdyscyplinarne\/","name":"Laboratoria interdyscyplinarne - Regionalna Inicjatywa Doskona\u0142o\u015bci","isPartOf":{"@id":"https:\/\/wm.pb.edu.pl\/rid2\/#website"},"primaryImageOfPage":{"@id":"https:\/\/wm.pb.edu.pl\/rid2\/laboratoria-interdyscyplinarne\/#primaryimage"},"image":{"@id":"https:\/\/wm.pb.edu.pl\/rid2\/laboratoria-interdyscyplinarne\/#primaryimage"},"thumbnailUrl":"https:\/\/wm.pb.edu.pl\/rid2\/wp-content\/uploads\/sites\/26\/2024\/03\/belka-RID.jpg","datePublished":"2024-01-22T18:22:16+00:00","dateModified":"2024-03-08T14:18:40+00:00","breadcrumb":{"@id":"https:\/\/wm.pb.edu.pl\/rid2\/laboratoria-interdyscyplinarne\/#breadcrumb"},"inLanguage":"pl-PL","potentialAction":[{"@type":"ReadAction","target":["https:\/\/wm.pb.edu.pl\/rid2\/laboratoria-interdyscyplinarne\/"]}]},{"@type":"ImageObject","inLanguage":"pl-PL","@id":"https:\/\/wm.pb.edu.pl\/rid2\/laboratoria-interdyscyplinarne\/#primaryimage","url":"https:\/\/wm.pb.edu.pl\/rid2\/wp-content\/uploads\/sites\/26\/2024\/03\/belka-RID.jpg","contentUrl":"https:\/\/wm.pb.edu.pl\/rid2\/wp-content\/uploads\/sites\/26\/2024\/03\/belka-RID.jpg","width":1024,"height":141,"caption":"logo projektu, Politechniki Bia\u0142ostockiej i Ministerstwa Nauki i Szkolnictwa Wy\u017cszego"},{"@type":"BreadcrumbList","@id":"https:\/\/wm.pb.edu.pl\/rid2\/laboratoria-interdyscyplinarne\/#breadcrumb","itemListElement":[{"@type":"ListItem","position":1,"name":"Strona g\u0142\u00f3wna","item":"https:\/\/wm.pb.edu.pl\/rid2\/"},{"@type":"ListItem","position":2,"name":"Laboratoria interdyscyplinarne"}]},{"@type":"WebSite","@id":"https:\/\/wm.pb.edu.pl\/rid2\/#website","url":"https:\/\/wm.pb.edu.pl\/rid2\/","name":"Regionalna Inicjatywa Doskona\u0142o\u015bci","description":"","potentialAction":[{"@type":"SearchAction","target":{"@type":"EntryPoint","urlTemplate":"https:\/\/wm.pb.edu.pl\/rid2\/?s={search_term_string}"},"query-input":{"@type":"PropertyValueSpecification","valueRequired":true,"valueName":"search_term_string"}}],"inLanguage":"pl-PL"}]}},"_links":{"self":[{"href":"https:\/\/wm.pb.edu.pl\/rid2\/wp-json\/wp\/v2\/pages\/497","targetHints":{"allow":["GET"]}}],"collection":[{"href":"https:\/\/wm.pb.edu.pl\/rid2\/wp-json\/wp\/v2\/pages"}],"about":[{"href":"https:\/\/wm.pb.edu.pl\/rid2\/wp-json\/wp\/v2\/types\/page"}],"author":[{"embeddable":true,"href":"https:\/\/wm.pb.edu.pl\/rid2\/wp-json\/wp\/v2\/users\/2"}],"replies":[{"embeddable":true,"href":"https:\/\/wm.pb.edu.pl\/rid2\/wp-json\/wp\/v2\/comments?post=497"}],"version-history":[{"count":18,"href":"https:\/\/wm.pb.edu.pl\/rid2\/wp-json\/wp\/v2\/pages\/497\/revisions"}],"predecessor-version":[{"id":680,"href":"https:\/\/wm.pb.edu.pl\/rid2\/wp-json\/wp\/v2\/pages\/497\/revisions\/680"}],"wp:attachment":[{"href":"https:\/\/wm.pb.edu.pl\/rid2\/wp-json\/wp\/v2\/media?parent=497"}],"curies":[{"name":"wp","href":"https:\/\/api.w.org\/{rel}","templated":true}]}}