{"id":505,"date":"2024-01-22T19:26:39","date_gmt":"2024-01-22T18:26:39","guid":{"rendered":"https:\/\/wm.pb.edu.pl\/rid2\/?page_id=505"},"modified":"2024-03-08T15:19:30","modified_gmt":"2024-03-08T14:19:30","slug":"mikrogranty","status":"publish","type":"page","link":"https:\/\/wm.pb.edu.pl\/rid2\/mikrogranty\/","title":{"rendered":"Mikrogranty"},"content":{"rendered":"<p><img loading=\"lazy\" decoding=\"async\" src=\"https:\/\/wm.pb.edu.pl\/rid2\/wp-content\/uploads\/sites\/26\/2024\/03\/belka-RID.jpg\" alt=\"logo projektu, Politechniki Bia\u0142ostockiej i Ministerstwa Nauki i Szkolnictwa Wy\u017cszego\" width=\"1024\" height=\"141\" class=\"aligncenter size-full wp-image-671\" srcset=\"https:\/\/wm.pb.edu.pl\/rid2\/wp-content\/uploads\/sites\/26\/2024\/03\/belka-RID.jpg 1024w, https:\/\/wm.pb.edu.pl\/rid2\/wp-content\/uploads\/sites\/26\/2024\/03\/belka-RID-300x41.jpg 300w, https:\/\/wm.pb.edu.pl\/rid2\/wp-content\/uploads\/sites\/26\/2024\/03\/belka-RID-768x106.jpg 768w\" sizes=\"auto, (max-width: 1024px) 100vw, 1024px\" \/><\/p>\n<div class=\"h1\">Mikrogranty<\/div>\n<div class=\"h3 text-center\">Regulamin konkursu Mikrogrant RID \u2013 budowanie interdyscyplinarnych zespo\u0142\u00f3w badawczych<\/div>\n<p>&nbsp;<\/p>\n<p style=\"text-align: center\"><strong>\u00a71<br \/>\nUprawnieni do aplikowania o projekt badawczy<\/strong><\/p>\n<ol>\n<li>Konkurs pn.<em>\u201eMikrogrant RID \u2013 budowanie interdyscyplinarnych zespo\u0142\u00f3w badawczych\u201d <\/em>(dalej: MRID) na finansowanie projekt\u00f3w badawczych jest organizowany w ramach programu \u201eRegionalna Inicjatywa Doskona\u0142o\u015bci\u201d (RID) RID\/SP\/0026\/2024\/01 i skierowany jest do nauczycieli akademickich zatrudnionych w Politechnice Bia\u0142ostockiej na podstawie stosunku pracy w grupie pracownik\u00f3w badawczych lub badawczo-dydaktycznych jako podstawowym miejscu pracy, reprezentuj\u0105cy dyscypliny tj. in\u017cynieria mechaniczna, automatyka, elektronika, elektrotechnika i technologie kosmiczne, in\u017cynieria biomedyczna, in\u017cynieria \u015brodowiska, g\u00f3rnictwo i energetyka, in\u017cynieria l\u0105dowa, geodezja i transport, informatyka techniczna i telekomunikacja, architektura i&nbsp;urbanistyka.<\/li>\n<li>Finansowanie projektu badawczego pn. MRID, realizowanego przez interdyscyplinarne zespo\u0142y badawcze z Politechniki Bia\u0142ostockiej w ramach dzia\u0142ania nr&nbsp;\u201e<em>Mikrogrant RID \u2013 budowanie interdyscyplinarnych zespo\u0142\u00f3w badawczych<\/em>\u201d, jest przyznawane na prowadzenie bada\u0144 naukowych lub prac badawczo-rozwojowych oraz realizacj\u0119 zada\u0144 z nimi zwi\u0105zanych. Mi\u0119dzyuczelniane zespo\u0142y badawcze sk\u0142adaj\u0105 si\u0119 z min. dw\u00f3ch pracownik\u00f3w Politechniki Bia\u0142ostockiej reprezentuj\u0105cych dyscyplin\u0119 in\u017cynieria mechaniczna oraz pozosta\u0142e dyscypliny naukowe ewaluowane w PB, kt\u00f3rzy z\u0142o\u017cyli w niej o\u015bwiadczenie o zaliczeniu do liczby N.<\/li>\n<li>Z wnioskiem o finansowanie (dalej \u201ewniosek\u201d) wyst\u0119puje Kierownik interdyscyplinarnego zespo\u0142u badawczego.&nbsp;<\/li>\n<\/ol>\n<p style=\"text-align: center\"><strong>\u00a72<br \/>\nZasady sk\u0142adania wniosku<\/strong><\/p>\n<ol>\n<li>Wniosek wg wzoru stanowi\u0105cego Za\u0142\u0105cznik nr 1 do niniejszego Regulaminu sk\u0142adany jest w formie elektronicznej na adres e-mail: <a href=\"mailto:nauka.wm@pb.edu.pl\">nauka.wm@pb.edu.pl<\/a> w terminie do 29 marca 2024 r. (dalej: zako\u0144czenie naboru). Dodatkowo, jeden egzemplarz wydrukowanego i podpisanego wniosku nale\u017cy dostarczy\u0107 do sekretariatu Instytutu In\u017cynierii Mechanicznej.<\/li>\n<li>Wnioskodawca mo\u017ce z\u0142o\u017cy\u0107 tylko jeden wniosek w konkursie.<\/li>\n<li>Okres realizacji projektu badawczego MRID wynosi maksymalnie 24 miesi\u0105ce i rozpoczyna si\u0119 15 kwietnia 2024 r.<\/li>\n<li>Maksymalna kwota dofinansowania projektu wynosi 200 tys. z\u0142.<\/li>\n<li>Kosztami kwalifikowalnymi projektu s\u0105 koszty bezpo\u015brednio zwi\u0105zane z realizacj\u0105 projektu, takie jak:\n<ol class=\"custom-list\">\n<li>zakupy aparatury oraz warto\u015bci niematerialnych i prawnych niezb\u0119dnych do prawid\u0142owej realizacji projektu oraz wykorzystywanych bezpo\u015brednio do jego realizacji;<\/li>\n<li>podr\u00f3\u017ce s\u0142u\u017cbowe w ramach projektu, w tym czynny udzia\u0142 w konferencjach naukowych, do 6% kwoty dofinansowania;zakup odczynnik\u00f3w, sprz\u0119tu i materia\u0142\u00f3w koniecznych do prowadzenia bada\u0144 w projekcie;<\/li>\n<li>koszty eksploatacji urz\u0105dze\u0144 i aparatury wykorzystywanych do prowadzonych w projekcie bada\u0144;<\/li>\n<li>koszty ubezpieczenia oraz serwisowania urz\u0105dze\u0144 i aparatury wykorzystywanych w projekcie;<\/li>\n<li>zakup us\u0142ug obcych (do 30% kwoty dofinansowania) \u2013 w uzasadnionych merytorycznie przypadkach, w przypadku braku mo\u017cliwo\u015bci ich realizacji w ramach uczelni;<\/li>\n<li>op\u0142aty za dost\u0119p do niekt\u00f3rych serwis\u00f3w internetowych, bezpo\u015brednio zwi\u0105zanych z badaniami realizowanymi w projekcie;<\/li>\n<li>koszty wydawnictwa, przy czym czasopismo wydawcy musi znajdowa\u0107 si\u0119 w aktualnym wykazie czasopism sporz\u0105dzonym i udost\u0119pnionym przez ministra w\u0142a\u015bciwego ds. nauki i szkolnictwa wy\u017cszego, maksymalnie 6% kwoty dofinansowania.<\/li>\n<\/ol>\n<\/li>\n<\/ol>\n<ol class=\"prenum\" start=\"6\">\n<li>Do koszt\u00f3w realizacji projektu nie zalicza si\u0119 koszt\u00f3w, kt\u00f3re nie s\u0105 bezpo\u015brednio z nim zwi\u0105zane, takich jak:\n<ol class=\"custom-list\">\n<li>wynagrodzenia dla zespo\u0142u realizuj\u0105cego projekt;<\/li>\n<li>materia\u0142y biurowe, akcesoria i peryferia komputerowe;<\/li>\n<li>sprz\u0119t komputerowy oraz urz\u0105dzenia, kt\u00f3re nie s\u0105 wykorzystywane bezpo\u015brednio do realizacji projektu (np. kserokopiarki, sprz\u0119t audiowizualny, telefony);<\/li>\n<li>prenumeraty czasopism;<\/li>\n<li>op\u0142aty za cz\u0142onkostwo w organizacjach lub stowarzyszeniach naukowych itp.;<\/li>\n<li>op\u0142aty za bierny udzia\u0142 w konferencjach;<\/li>\n<li>us\u0142ugi telekomunikacyjne, transportowe, pocztowe i kurierskie (za wyj\u0105tkiem koszt\u00f3w dostawy i wysy\u0142ki materia\u0142\u00f3w czy aparatury, niezb\u0119dnych do realizacji projektu);<\/li>\n<li>us\u0142ugi internetowe;<\/li>\n<li>t\u0142umaczenie manuskrypt\u00f3w z j\u0119zyka polskiego na j\u0119zyki obce;<\/li>\n<li>naprawy, konserwacje i serwisowanie sprz\u0119tu komputerowego oraz remont pomieszcze\u0144;<\/li>\n<li>media;<\/li>\n<li>zakupy na potrzeby dzia\u0142alno\u015bci dydaktycznej;<\/li>\n<li>us\u0142ugi kserograficzne (kt\u00f3re nie maj\u0105 bezpo\u015bredniego zwi\u0105zku z realizacj\u0105 projektu) i gastronomiczne;<\/li>\n<li>szkolenia, niezwi\u0105zane bezpo\u015brednio z realizacj\u0105 projektu.<\/li>\n<\/ol>\n<\/li>\n<\/ol>\n<p style=\"text-align: center\"><strong>\u00a73<br \/>\nTryb i kryteria oceny wniosk\u00f3w<\/strong><\/p>\n<ol>\n<li>Oceny wniosk\u00f3w dokonuje Komisja Naukowa (zwana dalej Komisj\u0105) powo\u0142ywana przez prorektora ds. nauki z\u0142o\u017cona z koordynatora projektu, dyrektora Instytutu In\u017cynierii Mechanicznej oraz dw\u00f3ch pracownik\u00f3w samodzielnych reprezentuj\u0105cych inn\u0105 dyscyplin\u0119 ni\u017c in\u017cynieria mechaniczna.<\/li>\n<li>Ocena, o kt\u00f3rej mowa wy\u017cej, dokonywana jest zgodnie z kart\u0105 oceny stanowi\u0105c\u0105 Za\u0142\u0105cznik nr 2 do niniejszego Regulaminu (zwan\u0105 dalej \u201ekart\u0105 oceny\u201d),<\/li>\n<li>Ocenie podlegaj\u0105 nast\u0119puj\u0105ce elementy wniosku:\n<ol class=\"custom-list\">\n<li>stan wiedzy i oryginalno\u015b\u0107 problematyki podj\u0119tej w projekcie (0-15 pkt);<\/li>\n<li>podzia\u0142 projektu na etapy (nr etapu, problem do rozwi\u0105zania, opis prac) (0-5 pkt);<\/li>\n<li>dorobek naukowy kierownika i zespo\u0142u realizuj\u0105cego projekt (0-10 pkt);<\/li>\n<li>uzasadnienie koszt\u00f3w planowanych bada\u0144 (0-5 pkt);<\/li>\n<li>potencja\u0142 badawczy jednostki (0-5 pkt);<\/li>\n<li>znaczenie naukowe lub praktyczne wynik\u00f3w zadania dla rozwoju dyscyplin naukowych (0-15 pkt).<\/li>\n<\/ol>\n<\/li>\n<\/ol>\n<ol class=\"prenum\" start=\"4\">\n<li>Wnioski, kt\u00f3re nie uzyska\u0142y co najmniej 40 punkt\u00f3w nie s\u0105 rekomendowane do finansowania.<\/li>\n<li>Obs\u0142uga administracyjna projektu (OAP) dokonuje oceny formalnej z\u0142o\u017conych wniosk\u00f3w oraz w terminie 3 dni od zako\u0144czenia naboru przesy\u0142a cz\u0142onkom Komisji karty oceny wniosk\u00f3w, kt\u00f3re pozytywnie przesz\u0142y ocen\u0119 formaln\u0105.<\/li>\n<li>Ka\u017cdy z cz\u0142onk\u00f3w Komisji jest zobowi\u0105zany do z\u0142o\u017cenia karty oceny uzupe\u0142nionej o ocen\u0119 merytoryczn\u0105 do OAP w terminie 18 dni od zako\u0144czenia naboru. Na podstawie otrzymanych kart ocen, OAP tworzy list\u0119 rankingow\u0105 wniosk\u00f3w rekomendowanych do finansowania, kt\u00f3r\u0105 przedk\u0142ada Prorektorowi ds. Nauki w terminie 21 dni od zako\u0144czenia naboru.<\/li>\n<li>OAP sporz\u0105dza list\u0119 rankingow\u0105 z uwzgl\u0119dnieniem maksymalnej wysoko\u015bci \u015brodk\u00f3w finansowych przeznaczonych na realizacj\u0119 projekt\u00f3w.<\/li>\n<li>W przypadku, gdy kwota przeznaczona na finansowanie projekt\u00f3w jest wy\u017csza ni\u017c \u0142\u0105czna kwota wnioskowana we wszystkich wnioskach rekomendowanych przez Komisj\u0119, Komisja mo\u017ce podj\u0105\u0107 decyzj\u0119 o&nbsp;zwi\u0119kszeniu liczby projekt\u00f3w, kt\u00f3re uzyskaj\u0105 dofinansowanie.<\/li>\n<li>O przyj\u0119ciu wniosku do finansowania decyduje prorektor ds. nauki. Decyzja prorektora jest ostateczna. Wnioskodawca otrzymuje decyzj\u0119 o wysoko\u015bci przyznanych \u015brodk\u00f3w w terminie 7 dni od daty przed\u0142o\u017cenia listy rankingowej prorektorowi. W momencie przyj\u0119cia finansowania Wnioskodawca uzyskuje status Grantobiorcy.<\/li>\n<li>Grantobiorca mo\u017ce zrezygnowa\u0107 z realizacji przyznanego projektu w terminie 14 dni kalendarzowych od daty otrzymania decyzji, je\u015bli nie zosta\u0142y poniesione koszty na jego realizacj\u0119. Do dofinansowania zostaje wtedy skierowany pierwszy niezakwalifikowany wniosek z listy rankingowej, o kt\u00f3rej mowa w ust. 7.<\/li>\n<\/ol>\n<p style=\"text-align: center\"><strong>\u00a74<br \/>\nZasady realizacji projekt\u00f3w<\/strong><\/p>\n<ol>\n<li>Za merytoryczn\u0105 realizacj\u0119 dzia\u0142a\u0144 oraz racjonalne, efektywne i zgodne z zatwierdzonym bud\u017cetem wykorzystanie przyznanych \u015brodk\u00f3w i bie\u017c\u0105c\u0105 analiz\u0119 wydatk\u00f3w odpowiada Grantobiorca.<\/li>\n<li>Grantobiorca zobowi\u0105zany jest w szczeg\u00f3lno\u015bci do:\n<ol class=\"custom-list\">\n<li>prawid\u0142owego, efektywnego i zgodnego z przeznaczeniem wykorzystywania otrzymanych \u015brodk\u00f3w;<\/li>\n<li>terminowej realizacji zada\u0144;<\/li>\n<li>wprowadzenie zmian we wniosku wymaga uprzedniej pisemnej zgody Prorektora ds. nauki;<\/li>\n<li>wszystkie koszty powinny by\u0107:\n<p style=\"padding-left: 16px\">a) poniesione w okresie realizacji projektu;<\/p>\n<p style=\"padding-left: 16px\">b) zwi\u0105zane z zaplanowanymi we wniosku badaniami;<\/p>\n<p style=\"padding-left: 16px\">c) zgodne z zaplanowanym we wniosku bud\u017cetem;<\/p>\n<p style=\"padding-left: 16px\">d) poniesione zgodnie z zasad\u0105 efektywno\u015bci wydatk\u00f3w;<\/p>\n<p style=\"padding-left: 16px\">e) udokumentowane zgodnie z obowi\u0105zuj\u0105cymi przepisami.<\/p>\n<\/li>\n<\/ol>\n<\/li>\n<\/ol>\n<ol class=\"prenum\" start=\"3\">\n<li>Wszystkie dokumenty stanowi\u0105ce podstaw\u0119 wydatkowania \u015brodk\u00f3w finansowych powinny by\u0107 opisywane nast\u0119puj\u0105c\u0105 tre\u015bci\u0105: \u201ep\u0142atne ze \u015brodk\u00f3w Ministra Nauki w ramach Programu \u201eRegionalna inicjatywa doskona\u0142o\u015bci\u201d na podstawie umowy nr <em>RID\/SP\/0026\/2024\/01\u201d.<\/em><\/li>\n<\/ol>\n<p style=\"text-align: center\"><strong>\u00a75<br \/>\nZasady rozliczenia projektu<\/strong><\/p>\n<ol>\n<li>Grantobiorca zobowi\u0105zany jest do z\u0142o\u017cenia sprawozdania\/ raportu rocznego w terminie do ko\u0144ca 13-tego miesi\u0105ca realizacji projektu, zgodnie z wzorem stanowi\u0105cym Za\u0142\u0105cznik nr 3 do niniejszego Regulaminu. Na wniosek Komisji Grantobiorca b\u0119dzie zobowi\u0105zany do przedstawienia dotychczasowych wynik\u00f3w bada\u0144 w formie prezentacji oraz dyskusji z cz\u0142onkami Komisji.<\/li>\n<li>Oceny \u015br\u00f3dokresowej projektu dokonuje Komisja w terminie 14&nbsp;dni od przedstawienia prezentacji wymieniowej w punkcie 1 i przekazuje wynik oceny Grantobiorcy. W&nbsp;przypadku nieuzyskania pozytywnej oceny \u015br\u00f3dokresowej finansowanie projektu zostaje wstrzymane.<\/li>\n<li>Grantobiorca zobowi\u0105zany jest do sporz\u0105dzenia i przed\u0142o\u017cenia w OAP sprawozdania ko\u0144cowego, w&nbsp;terminie do 60 dni po zako\u0144czeniu realizacji projektu, zgodnie z wzorem stanowi\u0105cym Za\u0142\u0105cznik Nr 3 do niniejszego regulaminu.<\/li>\n<li>Wszystkie publikacje stanowi\u0105ce wynik realizowanego projektu musz\u0105 zawiera\u0107 wskazanie dzia\u0142ania pn.: \u201eMikrogrant RID \u2013 budowanie interdyscyplinarnych zespo\u0142\u00f3w badawczych\u201d: <em>&#8222;Project financially supported by the Ministry of Science under the program entitled &#8222;Regional Initiative of Excellence&#8221; for the years 2024-2027.<\/em> A tak\u017ce, je\u015bli jest taka mo\u017cliwo\u015b\u0107, zawiera\u0107 &nbsp;logo Ministerstwa Nauki i Szkolnictwa Wy\u017cszego. Z logo nale\u017cy korzysta\u0107 zgodnie z ksi\u0119gami znak\u00f3w.<\/li>\n<li>Warunkiem uzyskania oceny pozytywnej z realizacji projektu jest wykazanie w sprawozdaniu ko\u0144cowym:\n<p style=\"padding-left: 0px\">1) informacji o z\u0142o\u017ceniu grantu w konkursie zewn\u0119trznym, przy czym:<\/p>\n<p style=\"padding-left: 16px\">a) kierownik takiego grantu musi by\u0107 cz\u0142onkiem zespo\u0142u realizuj\u0105cego projekt,<\/p>\n<p style=\"padding-left: 16px\">b) grant musi zosta\u0107 z\u0142o\u017cony przez zesp\u00f3\u0142 interdyscyplinarny realizuj\u0105cy Mikrogrant RID<\/p>\n<p style=\"padding-left: 0px;text-align: justify\">oraz<\/p>\n<p style=\"padding-left: 0px;text-align: justify\">2) co najmniej 2 publikacji interdyscyplinarnych (zgodnie z definicj\u0105 zawart\u0105 we wniosku projektowym RID) wydanych lub przyj\u0119tych do druku w czasopi\u015bmie posiadaj\u0105cym IF lub recenzowanych materia\u0142ach konferencji naukowych o punktacji nie ni\u017cszej ni\u017c 140 pkt. zgodnie z aktualnym wykazem czasopism sporz\u0105dzonym i udost\u0119pnionym przez ministra w\u0142a\u015bciwego ds. nauki.<\/p>\n<\/li>\n<\/ol>\n<ol start=\"6\">\n<li>Sprawozdanie ko\u0144cowe z realizacji projektu oceniane jest przez Komisj\u0119 w terminie 14 dni od daty wyznaczonej jako ostateczny termin ich z\u0142o\u017cenia. Warunkiem uzyskania oceny pozytywnej z realizacji projektu jest spe\u0142nienie warunk\u00f3w wymienionych w ust. 5.<\/li>\n<li>Po zapoznaniu si\u0119 z wynikami oceny prorektor ds. nauki podejmuje w terminie 7 dni decyzj\u0119 w kwestii rozliczenia projektu, kt\u00f3ra przekazywana jest w terminie 5 dni od jej wydania Grantobiorcy. Niespe\u0142nienie warunk\u00f3w wymienionych w ust. 3-6 stanowi podstaw\u0119 do wydania przez Prorektora ds. Nauki decyzji o odmowie rozliczenia projektu.<\/li>\n<li>Grantobiorcy, kt\u00f3ry uzyska\u0142 decyzj\u0119 o odmowie rozliczenia projektu przys\u0142uguje mo\u017cliwo\u015b\u0107 z\u0142o\u017cenia wyja\u015bnie\u0144, uzupe\u0142nienia lub naniesienia poprawek do sprawozdania, w terminie do 21 dni od otrzymania decyzji, o kt\u00f3rej mowa w punkcie 7. Skorygowane sprawozdanie poddawane jest ponownej ocenie przez Komisj\u0119 w terminie 21 dni od daty z\u0142o\u017cenia przez Grantobiorc\u0119 skorygowanego sprawozdania, a nast\u0119pnie przekazywane jest niezw\u0142ocznie prorektorowi ds. nauki.<\/li>\n<li>Ostateczn\u0105 decyzj\u0119 w kwestii rozliczenia projektu podejmuje prorektor ds. nauki w terminie 7 dni od otrzymania ponownej oceny Komisji. Jest ona przekazywana Grantobiorcy w terminie do 5 dni.<\/li>\n<li>Decyzja o odmowie rozliczenia projektu lub niez\u0142o\u017cenie w terminie sprawozdania ko\u0144cowego skutkuje brakiem mo\u017cliwo\u015bci uzyskania finansowania w ramach wewn\u0119trznych program\u00f3w wspieraj\u0105cych dzia\u0142ania naukowe na okres 3 lat.<\/li>\n<\/ol>\n<div class=\"h3\">Pliki do pobrania<\/div>\n<p><strong>Wniosek o finansowanie projektu badawczego MRID:<\/strong> <a class=\"docx\" title=\"pobierz plik\" href=\"https:\/\/wm.pb.edu.pl\/rid2\/wp-content\/uploads\/sites\/26\/2024\/03\/Zalacznik-nr-1-4.docx\" data-id=\"677\">Za\u0142\u0105cznik nr 1 (DOCX, 94 KB)<\/a><\/p>\n<p><strong>Karta oceny wniosku:<\/strong> <a class=\"docx\" title=\"pobierz plik\" href=\"https:\/\/wm.pb.edu.pl\/rid2\/wp-content\/uploads\/sites\/26\/2024\/03\/Zalacznik-nr-2.docx\" data-id=\"562\">Za\u0142\u0105cznik nr 2 (DOCX, 88 KB)<\/a><\/p>\n<p><strong>Sprawozdanie okresowe\/ko\u0144cowe: <\/strong><a class=\"docx\" title=\"pobierz plik\" href=\"https:\/\/wm.pb.edu.pl\/rid2\/wp-content\/uploads\/sites\/26\/2024\/03\/Zalacznik-nr-3.docx\" data-id=\"563\">Za\u0142\u0105cznik nr 3 (DOCX, 89 KB)<\/a><br \/>\n&nbsp;<br \/>\n&nbsp;<\/p>\n","protected":false},"excerpt":{"rendered":"<p>Mikrogranty Regulamin konkursu Mikrogrant RID \u2013 budowanie interdyscyplinarnych zespo\u0142\u00f3w badawczych &nbsp; \u00a71 Uprawnieni do aplikowania<a class=\"read-more\" href=\"https:\/\/wm.pb.edu.pl\/rid2\/mikrogranty\/\" title=\"Poka\u017c artyku\u0142 Mikrogranty\">wi\u0119cej<\/a><\/p>\n","protected":false},"author":2,"featured_media":0,"parent":0,"menu_order":4,"comment_status":"closed","ping_status":"closed","template":"templates\/dzial.php","meta":{"inline_featured_image":false,"ngg_post_thumbnail":0,"footnotes":""},"class_list":["post-505","page","type-page","status-publish","hentry"],"acf":[],"yoast_head":"<!-- This site is optimized with the Yoast SEO plugin v26.4 - https:\/\/yoast.com\/wordpress\/plugins\/seo\/ -->\n<title>Mikrogranty - Regionalna Inicjatywa Doskona\u0142o\u015bci<\/title>\n<meta name=\"robots\" content=\"index, follow, max-snippet:-1, max-image-preview:large, max-video-preview:-1\" \/>\n<link rel=\"canonical\" href=\"https:\/\/wm.pb.edu.pl\/rid2\/mikrogranty\/\" \/>\n<meta property=\"og:locale\" content=\"pl_PL\" \/>\n<meta property=\"og:type\" content=\"article\" \/>\n<meta property=\"og:title\" content=\"Mikrogranty - Regionalna Inicjatywa Doskona\u0142o\u015bci\" \/>\n<meta property=\"og:description\" content=\"Mikrogranty Regulamin konkursu Mikrogrant RID \u2013 budowanie interdyscyplinarnych zespo\u0142\u00f3w badawczych &nbsp; \u00a71 Uprawnieni do aplikowaniawi\u0119cej\" \/>\n<meta property=\"og:url\" content=\"https:\/\/wm.pb.edu.pl\/rid2\/mikrogranty\/\" \/>\n<meta property=\"og:site_name\" content=\"Regionalna Inicjatywa Doskona\u0142o\u015bci\" \/>\n<meta property=\"article:modified_time\" content=\"2024-03-08T14:19:30+00:00\" \/>\n<meta property=\"og:image\" content=\"https:\/\/wm.pb.edu.pl\/rid2\/wp-content\/uploads\/sites\/26\/2024\/03\/belka-RID.jpg\" \/>\n<meta name=\"twitter:card\" content=\"summary_large_image\" \/>\n<meta name=\"twitter:label1\" content=\"Szacowany czas czytania\" \/>\n\t<meta name=\"twitter:data1\" content=\"9 minut\" \/>\n<script type=\"application\/ld+json\" class=\"yoast-schema-graph\">{\"@context\":\"https:\/\/schema.org\",\"@graph\":[{\"@type\":\"WebPage\",\"@id\":\"https:\/\/wm.pb.edu.pl\/rid2\/mikrogranty\/\",\"url\":\"https:\/\/wm.pb.edu.pl\/rid2\/mikrogranty\/\",\"name\":\"Mikrogranty - Regionalna Inicjatywa Doskona\u0142o\u015bci\",\"isPartOf\":{\"@id\":\"https:\/\/wm.pb.edu.pl\/rid2\/#website\"},\"primaryImageOfPage\":{\"@id\":\"https:\/\/wm.pb.edu.pl\/rid2\/mikrogranty\/#primaryimage\"},\"image\":{\"@id\":\"https:\/\/wm.pb.edu.pl\/rid2\/mikrogranty\/#primaryimage\"},\"thumbnailUrl\":\"https:\/\/wm.pb.edu.pl\/rid2\/wp-content\/uploads\/sites\/26\/2024\/03\/belka-RID.jpg\",\"datePublished\":\"2024-01-22T18:26:39+00:00\",\"dateModified\":\"2024-03-08T14:19:30+00:00\",\"breadcrumb\":{\"@id\":\"https:\/\/wm.pb.edu.pl\/rid2\/mikrogranty\/#breadcrumb\"},\"inLanguage\":\"pl-PL\",\"potentialAction\":[{\"@type\":\"ReadAction\",\"target\":[\"https:\/\/wm.pb.edu.pl\/rid2\/mikrogranty\/\"]}]},{\"@type\":\"ImageObject\",\"inLanguage\":\"pl-PL\",\"@id\":\"https:\/\/wm.pb.edu.pl\/rid2\/mikrogranty\/#primaryimage\",\"url\":\"https:\/\/wm.pb.edu.pl\/rid2\/wp-content\/uploads\/sites\/26\/2024\/03\/belka-RID.jpg\",\"contentUrl\":\"https:\/\/wm.pb.edu.pl\/rid2\/wp-content\/uploads\/sites\/26\/2024\/03\/belka-RID.jpg\",\"width\":1024,\"height\":141,\"caption\":\"logo projektu, Politechniki Bia\u0142ostockiej i Ministerstwa Nauki i Szkolnictwa Wy\u017cszego\"},{\"@type\":\"BreadcrumbList\",\"@id\":\"https:\/\/wm.pb.edu.pl\/rid2\/mikrogranty\/#breadcrumb\",\"itemListElement\":[{\"@type\":\"ListItem\",\"position\":1,\"name\":\"Strona g\u0142\u00f3wna\",\"item\":\"https:\/\/wm.pb.edu.pl\/rid2\/\"},{\"@type\":\"ListItem\",\"position\":2,\"name\":\"Mikrogranty\"}]},{\"@type\":\"WebSite\",\"@id\":\"https:\/\/wm.pb.edu.pl\/rid2\/#website\",\"url\":\"https:\/\/wm.pb.edu.pl\/rid2\/\",\"name\":\"Regionalna Inicjatywa Doskona\u0142o\u015bci\",\"description\":\"\",\"potentialAction\":[{\"@type\":\"SearchAction\",\"target\":{\"@type\":\"EntryPoint\",\"urlTemplate\":\"https:\/\/wm.pb.edu.pl\/rid2\/?s={search_term_string}\"},\"query-input\":{\"@type\":\"PropertyValueSpecification\",\"valueRequired\":true,\"valueName\":\"search_term_string\"}}],\"inLanguage\":\"pl-PL\"}]}<\/script>\n<!-- \/ Yoast SEO plugin. -->","yoast_head_json":{"title":"Mikrogranty - Regionalna Inicjatywa Doskona\u0142o\u015bci","robots":{"index":"index","follow":"follow","max-snippet":"max-snippet:-1","max-image-preview":"max-image-preview:large","max-video-preview":"max-video-preview:-1"},"canonical":"https:\/\/wm.pb.edu.pl\/rid2\/mikrogranty\/","og_locale":"pl_PL","og_type":"article","og_title":"Mikrogranty - Regionalna Inicjatywa Doskona\u0142o\u015bci","og_description":"Mikrogranty Regulamin konkursu Mikrogrant RID \u2013 budowanie interdyscyplinarnych zespo\u0142\u00f3w badawczych &nbsp; \u00a71 Uprawnieni do aplikowaniawi\u0119cej","og_url":"https:\/\/wm.pb.edu.pl\/rid2\/mikrogranty\/","og_site_name":"Regionalna Inicjatywa Doskona\u0142o\u015bci","article_modified_time":"2024-03-08T14:19:30+00:00","og_image":[{"url":"https:\/\/wm.pb.edu.pl\/rid2\/wp-content\/uploads\/sites\/26\/2024\/03\/belka-RID.jpg","type":"","width":"","height":""}],"twitter_card":"summary_large_image","twitter_misc":{"Szacowany czas czytania":"9 minut"},"schema":{"@context":"https:\/\/schema.org","@graph":[{"@type":"WebPage","@id":"https:\/\/wm.pb.edu.pl\/rid2\/mikrogranty\/","url":"https:\/\/wm.pb.edu.pl\/rid2\/mikrogranty\/","name":"Mikrogranty - Regionalna Inicjatywa Doskona\u0142o\u015bci","isPartOf":{"@id":"https:\/\/wm.pb.edu.pl\/rid2\/#website"},"primaryImageOfPage":{"@id":"https:\/\/wm.pb.edu.pl\/rid2\/mikrogranty\/#primaryimage"},"image":{"@id":"https:\/\/wm.pb.edu.pl\/rid2\/mikrogranty\/#primaryimage"},"thumbnailUrl":"https:\/\/wm.pb.edu.pl\/rid2\/wp-content\/uploads\/sites\/26\/2024\/03\/belka-RID.jpg","datePublished":"2024-01-22T18:26:39+00:00","dateModified":"2024-03-08T14:19:30+00:00","breadcrumb":{"@id":"https:\/\/wm.pb.edu.pl\/rid2\/mikrogranty\/#breadcrumb"},"inLanguage":"pl-PL","potentialAction":[{"@type":"ReadAction","target":["https:\/\/wm.pb.edu.pl\/rid2\/mikrogranty\/"]}]},{"@type":"ImageObject","inLanguage":"pl-PL","@id":"https:\/\/wm.pb.edu.pl\/rid2\/mikrogranty\/#primaryimage","url":"https:\/\/wm.pb.edu.pl\/rid2\/wp-content\/uploads\/sites\/26\/2024\/03\/belka-RID.jpg","contentUrl":"https:\/\/wm.pb.edu.pl\/rid2\/wp-content\/uploads\/sites\/26\/2024\/03\/belka-RID.jpg","width":1024,"height":141,"caption":"logo projektu, Politechniki Bia\u0142ostockiej i Ministerstwa Nauki i Szkolnictwa Wy\u017cszego"},{"@type":"BreadcrumbList","@id":"https:\/\/wm.pb.edu.pl\/rid2\/mikrogranty\/#breadcrumb","itemListElement":[{"@type":"ListItem","position":1,"name":"Strona g\u0142\u00f3wna","item":"https:\/\/wm.pb.edu.pl\/rid2\/"},{"@type":"ListItem","position":2,"name":"Mikrogranty"}]},{"@type":"WebSite","@id":"https:\/\/wm.pb.edu.pl\/rid2\/#website","url":"https:\/\/wm.pb.edu.pl\/rid2\/","name":"Regionalna Inicjatywa Doskona\u0142o\u015bci","description":"","potentialAction":[{"@type":"SearchAction","target":{"@type":"EntryPoint","urlTemplate":"https:\/\/wm.pb.edu.pl\/rid2\/?s={search_term_string}"},"query-input":{"@type":"PropertyValueSpecification","valueRequired":true,"valueName":"search_term_string"}}],"inLanguage":"pl-PL"}]}},"_links":{"self":[{"href":"https:\/\/wm.pb.edu.pl\/rid2\/wp-json\/wp\/v2\/pages\/505","targetHints":{"allow":["GET"]}}],"collection":[{"href":"https:\/\/wm.pb.edu.pl\/rid2\/wp-json\/wp\/v2\/pages"}],"about":[{"href":"https:\/\/wm.pb.edu.pl\/rid2\/wp-json\/wp\/v2\/types\/page"}],"author":[{"embeddable":true,"href":"https:\/\/wm.pb.edu.pl\/rid2\/wp-json\/wp\/v2\/users\/2"}],"replies":[{"embeddable":true,"href":"https:\/\/wm.pb.edu.pl\/rid2\/wp-json\/wp\/v2\/comments?post=505"}],"version-history":[{"count":42,"href":"https:\/\/wm.pb.edu.pl\/rid2\/wp-json\/wp\/v2\/pages\/505\/revisions"}],"predecessor-version":[{"id":681,"href":"https:\/\/wm.pb.edu.pl\/rid2\/wp-json\/wp\/v2\/pages\/505\/revisions\/681"}],"wp:attachment":[{"href":"https:\/\/wm.pb.edu.pl\/rid2\/wp-json\/wp\/v2\/media?parent=505"}],"curies":[{"name":"wp","href":"https:\/\/api.w.org\/{rel}","templated":true}]}}