{"id":11,"date":"2018-06-25T21:29:55","date_gmt":"2018-06-25T19:29:55","guid":{"rendered":"https:\/\/wm.pb.edu.pl\/studia-podyplomowe-ib\/?page_id=11"},"modified":"2026-01-19T11:29:35","modified_gmt":"2026-01-19T10:29:35","slug":"katedra-mechaniki-i-informatyki-stosowanej-wydzial-mechaniczny-politechniki-bialostockiej","status":"publish","type":"page","link":"https:\/\/wm.pb.edu.pl\/studia-podyplomowe-ib\/","title":{"rendered":"Studia podyplomowe"},"content":{"rendered":"<p><a name=\"tu-skacz\"><\/a><\/p>\n<div class=\"h1 text-center\" style=\"color:#283b63;\">Nowa formu\u0142a. Nowi eksperci. Nowi partnerzy.<br \/>A w cenie studi\u00f3w dodatkowy certyfikat.<\/div>\n<p>&nbsp;<\/p>\n<div class=\"row\">\n<div class=\"col-md-3\">\n  <div class=\"boxlink animated zoomIn \">\r\n    <a href=\"\/studia-podyplomowe-ib\/o-studiach\/\" class=\"\">\r\n      <div class=\"boxlink-title\">O studiach<span><\/span><\/div>\r\n      <div class=\"boxlink-content\">\r\n        <img decoding=\"async\" class=\"aligncenter wp-image-534 size-full\" src=\"https:\/\/wm.pb.edu.pl\/kmiis\/wp-content\/uploads\/sites\/3\/2018\/08\/MW_lab.png\" alt=\"\">      <\/div>\r\n    <\/a>\r\n  <\/div>\r\n\n<\/div>\n<div class=\"col-md-3\">\n  <div class=\"boxlink animated zoomIn \">\r\n    <a href=\"\/studia-podyplomowe-ib\/program-studiow\/\" class=\"\">\r\n      <div class=\"boxlink-title\">Program studi\u00f3w<span><\/span><\/div>\r\n      <div class=\"boxlink-content\">\r\n        <img decoding=\"async\" class=\"aligncenter wp-image-534 size-full\" src=\"https:\/\/wm.pb.edu.pl\/studia-podyplomowe-ib\/wp-content\/uploads\/sites\/24\/2018\/08\/WM_nauka.png\" alt=\"\">      <\/div>\r\n    <\/a>\r\n  <\/div>\r\n\n<\/div>\n<div class=\"col-md-3\">\n  <div class=\"boxlink animated zoomIn \">\r\n    <a href=\"\/studia-podyplomowe-ib\/kadra\/\" class=\"\">\r\n      <div class=\"boxlink-title\">Kadra<span><\/span><\/div>\r\n      <div class=\"boxlink-content\">\r\n        <img decoding=\"async\" class=\"aligncenter wp-image-534 size-full\" src=\"https:\/\/wm.pb.edu.pl\/kmiis\/wp-content\/uploads\/sites\/3\/2018\/08\/WM_pracownicy.png\" alt=\"\">      <\/div>\r\n    <\/a>\r\n  <\/div>\r\n\n<\/div>\n<div class=\"col-md-3\">\n  <div class=\"boxlink animated zoomIn \">\r\n    <a href=\"\/studia-podyplomowe-ib\/kontakt\/\" class=\"\">\r\n      <div class=\"boxlink-title\">Kontakt<span><\/span><\/div>\r\n      <div class=\"boxlink-content\">\r\n        <img decoding=\"async\" class=\"aligncenter wp-image-534 size-full\" src=\"https:\/\/wm.pb.edu.pl\/studia-podyplomowe-ib\/wp-content\/uploads\/sites\/24\/2018\/08\/MW_kontakt.png\" alt=\"\">      <\/div>\r\n    <\/a>\r\n  <\/div>\r\n\n<\/div>\n<\/div>\n<div class=\"row\">\n<div class=\"col-sm-3\"><\/div>\n<div class=\"col-sm-3\">\n<div class=\"image\"><a href=\"\/studia-podyplomowe-ib\/opinie-naszych-absolwentow\/\"><img loading=\"lazy\" decoding=\"async\" src=\"https:\/\/wm.pb.edu.pl\/studia-podyplomowe-ib\/wp-content\/uploads\/sites\/24\/2025\/09\/Opinie-absolwentow.png\" alt=\"Opinie naszych absolwent\u00f3w\" width=\"1024\" height=\"1024\" class=\"aligncenter size-full wp-image-550\" srcset=\"https:\/\/wm.pb.edu.pl\/studia-podyplomowe-ib\/wp-content\/uploads\/sites\/24\/2025\/09\/Opinie-absolwentow.png 1024w, https:\/\/wm.pb.edu.pl\/studia-podyplomowe-ib\/wp-content\/uploads\/sites\/24\/2025\/09\/Opinie-absolwentow-300x300.png 300w, https:\/\/wm.pb.edu.pl\/studia-podyplomowe-ib\/wp-content\/uploads\/sites\/24\/2025\/09\/Opinie-absolwentow-150x150.png 150w, https:\/\/wm.pb.edu.pl\/studia-podyplomowe-ib\/wp-content\/uploads\/sites\/24\/2025\/09\/Opinie-absolwentow-768x768.png 768w\" sizes=\"auto, (max-width: 1024px) 100vw, 1024px\" \/><\/a><\/div>\n<\/div>\n<div class=\"col-sm-3 text-center\">\n<div class=\"h1 text-center\">Partnerzy:<\/div>\n<p><img loading=\"lazy\" decoding=\"async\" src=\"https:\/\/wm.pb.edu.pl\/studia-podyplomowe-ib\/wp-content\/uploads\/sites\/24\/2026\/01\/Logo-SGS.png\" alt=\"Logo SGS\" width=\"223\" height=\"119\" class=\"aligncenter size-full wp-image-590\" \/>\n<\/div>\n<div class=\"col-sm-3\"><\/div>\n<\/div>\n<p>&nbsp;<\/p>\n<div class=\"row\">\n<div class=\"col-sm-12 text-center\">\n<a class=\"button text-center animated zoomIn lead\" style=\" letter-spacing: 3px; font-size: 3rem; font-weight: 500; width: 100%\" href=\"https:\/\/irk2.uci.pb.edu.pl\/pl\/offer\/STUDIA_PODYPL_2025_2026\/programme\/CERT_MED_WIZ_2025_2026\/\">Rekrutacja on-line<\/a><\/div>\n<\/div>\n","protected":false},"excerpt":{"rendered":"<p>Nowa formu\u0142a. Nowi eksperci. Nowi partnerzy.A w cenie studi\u00f3w dodatkowy certyfikat. &nbsp; Partnerzy: &nbsp; Rekrutacja<a class=\"read-more\" href=\"https:\/\/wm.pb.edu.pl\/studia-podyplomowe-ib\/\" title=\"Poka\u017c artyku\u0142 Studia podyplomowe\">wi\u0119cej<\/a><\/p>\n","protected":false},"author":2,"featured_media":539,"parent":0,"menu_order":0,"comment_status":"closed","ping_status":"closed","template":"templates\/reprezentacyjna-4_8.php","meta":{"inline_featured_image":false,"ngg_post_thumbnail":0,"footnotes":""},"class_list":["post-11","page","type-page","status-publish","has-post-thumbnail","hentry"],"acf":[],"yoast_head":"<!-- This site is optimized with the Yoast SEO plugin v26.4 - https:\/\/yoast.com\/wordpress\/plugins\/seo\/ -->\n<title>Studia podyplomowe Certyfikacja i wprowadzenie wyrobu medycznego na rynek<\/title>\n<meta name=\"description\" content=\"Sprawd\u017a szczeg\u00f3\u0142y i zapisz si\u0119 teraz \u2013 to prosty krok, kt\u00f3ry otwiera nowe mo\u017cliwo\u015bci.\" \/>\n<meta name=\"robots\" content=\"index, follow, max-snippet:-1, max-image-preview:large, max-video-preview:-1\" \/>\n<link rel=\"canonical\" href=\"https:\/\/wm.pb.edu.pl\/studia-podyplomowe-ib\/\" \/>\n<meta property=\"og:locale\" content=\"pl_PL\" \/>\n<meta property=\"og:type\" content=\"article\" \/>\n<meta property=\"og:title\" content=\"Studia podyplomowe Certyfikacja i wprowadzenie wyrobu medycznego na rynek\" \/>\n<meta property=\"og:description\" content=\"Sprawd\u017a szczeg\u00f3\u0142y i zapisz si\u0119 teraz \u2013 to prosty krok, kt\u00f3ry otwiera nowe mo\u017cliwo\u015bci.\" \/>\n<meta property=\"og:url\" content=\"https:\/\/wm.pb.edu.pl\/studia-podyplomowe-ib\/\" \/>\n<meta property=\"og:site_name\" content=\"Studia podyplomowe\" \/>\n<meta property=\"article:modified_time\" content=\"2026-01-19T10:29:35+00:00\" \/>\n<meta property=\"og:image\" content=\"https:\/\/wm.pb.edu.pl\/studia-podyplomowe-ib\/wp-content\/uploads\/sites\/24\/2024\/08\/Podyplomowka-strona.jpg\" \/>\n\t<meta property=\"og:image:width\" content=\"1405\" \/>\n\t<meta property=\"og:image:height\" content=\"867\" \/>\n\t<meta property=\"og:image:type\" content=\"image\/jpeg\" \/>\n<meta name=\"twitter:card\" content=\"summary_large_image\" \/>\n<meta name=\"twitter:label1\" content=\"Szacowany czas czytania\" \/>\n\t<meta name=\"twitter:data1\" content=\"2 minuty\" \/>\n<script type=\"application\/ld+json\" class=\"yoast-schema-graph\">{\"@context\":\"https:\/\/schema.org\",\"@graph\":[{\"@type\":\"WebPage\",\"@id\":\"https:\/\/wm.pb.edu.pl\/studia-podyplomowe-ib\/\",\"url\":\"https:\/\/wm.pb.edu.pl\/studia-podyplomowe-ib\/\",\"name\":\"Studia podyplomowe Certyfikacja i wprowadzenie wyrobu medycznego na rynek\",\"isPartOf\":{\"@id\":\"https:\/\/wm.pb.edu.pl\/studia-podyplomowe-ib\/#website\"},\"primaryImageOfPage\":{\"@id\":\"https:\/\/wm.pb.edu.pl\/studia-podyplomowe-ib\/#primaryimage\"},\"image\":{\"@id\":\"https:\/\/wm.pb.edu.pl\/studia-podyplomowe-ib\/#primaryimage\"},\"thumbnailUrl\":\"https:\/\/wm.pb.edu.pl\/studia-podyplomowe-ib\/wp-content\/uploads\/sites\/24\/2024\/08\/Podyplomowka-strona.jpg\",\"datePublished\":\"2018-06-25T19:29:55+00:00\",\"dateModified\":\"2026-01-19T10:29:35+00:00\",\"description\":\"Sprawd\u017a szczeg\u00f3\u0142y i zapisz si\u0119 teraz \u2013 to prosty krok, kt\u00f3ry otwiera nowe mo\u017cliwo\u015bci.\",\"breadcrumb\":{\"@id\":\"https:\/\/wm.pb.edu.pl\/studia-podyplomowe-ib\/#breadcrumb\"},\"inLanguage\":\"pl-PL\",\"potentialAction\":[{\"@type\":\"ReadAction\",\"target\":[\"https:\/\/wm.pb.edu.pl\/studia-podyplomowe-ib\/\"]}]},{\"@type\":\"ImageObject\",\"inLanguage\":\"pl-PL\",\"@id\":\"https:\/\/wm.pb.edu.pl\/studia-podyplomowe-ib\/#primaryimage\",\"url\":\"https:\/\/wm.pb.edu.pl\/studia-podyplomowe-ib\/wp-content\/uploads\/sites\/24\/2024\/08\/Podyplomowka-strona.jpg\",\"contentUrl\":\"https:\/\/wm.pb.edu.pl\/studia-podyplomowe-ib\/wp-content\/uploads\/sites\/24\/2024\/08\/Podyplomowka-strona.jpg\",\"width\":1405,\"height\":867,\"caption\":\"zdj\u0119cia zwi\u0105zane z in\u017cynieri\u0105 biomedyczn\u0105\"},{\"@type\":\"BreadcrumbList\",\"@id\":\"https:\/\/wm.pb.edu.pl\/studia-podyplomowe-ib\/#breadcrumb\",\"itemListElement\":[{\"@type\":\"ListItem\",\"position\":1,\"name\":\"Strona g\u0142\u00f3wna\",\"item\":\"https:\/\/wm.pb.edu.pl\/studia-podyplomowe-ib\/\"},{\"@type\":\"ListItem\",\"position\":2,\"name\":\"Studia podyplomowe\"}]},{\"@type\":\"WebSite\",\"@id\":\"https:\/\/wm.pb.edu.pl\/studia-podyplomowe-ib\/#website\",\"url\":\"https:\/\/wm.pb.edu.pl\/studia-podyplomowe-ib\/\",\"name\":\"Studia podyplomowe\",\"description\":\"Certyfikacja i wprowadzenie wyrobu medycznego na rynek\",\"potentialAction\":[{\"@type\":\"SearchAction\",\"target\":{\"@type\":\"EntryPoint\",\"urlTemplate\":\"https:\/\/wm.pb.edu.pl\/studia-podyplomowe-ib\/?s={search_term_string}\"},\"query-input\":{\"@type\":\"PropertyValueSpecification\",\"valueRequired\":true,\"valueName\":\"search_term_string\"}}],\"inLanguage\":\"pl-PL\"}]}<\/script>\n<!-- \/ Yoast SEO plugin. -->","yoast_head_json":{"title":"Studia podyplomowe Certyfikacja i wprowadzenie wyrobu medycznego na rynek","description":"Sprawd\u017a szczeg\u00f3\u0142y i zapisz si\u0119 teraz \u2013 to prosty krok, kt\u00f3ry otwiera nowe mo\u017cliwo\u015bci.","robots":{"index":"index","follow":"follow","max-snippet":"max-snippet:-1","max-image-preview":"max-image-preview:large","max-video-preview":"max-video-preview:-1"},"canonical":"https:\/\/wm.pb.edu.pl\/studia-podyplomowe-ib\/","og_locale":"pl_PL","og_type":"article","og_title":"Studia podyplomowe Certyfikacja i wprowadzenie wyrobu medycznego na rynek","og_description":"Sprawd\u017a szczeg\u00f3\u0142y i zapisz si\u0119 teraz \u2013 to prosty krok, kt\u00f3ry otwiera nowe mo\u017cliwo\u015bci.","og_url":"https:\/\/wm.pb.edu.pl\/studia-podyplomowe-ib\/","og_site_name":"Studia podyplomowe","article_modified_time":"2026-01-19T10:29:35+00:00","og_image":[{"width":1405,"height":867,"url":"https:\/\/wm.pb.edu.pl\/studia-podyplomowe-ib\/wp-content\/uploads\/sites\/24\/2024\/08\/Podyplomowka-strona.jpg","type":"image\/jpeg"}],"twitter_card":"summary_large_image","twitter_misc":{"Szacowany czas czytania":"2 minuty"},"schema":{"@context":"https:\/\/schema.org","@graph":[{"@type":"WebPage","@id":"https:\/\/wm.pb.edu.pl\/studia-podyplomowe-ib\/","url":"https:\/\/wm.pb.edu.pl\/studia-podyplomowe-ib\/","name":"Studia podyplomowe Certyfikacja i wprowadzenie wyrobu medycznego na rynek","isPartOf":{"@id":"https:\/\/wm.pb.edu.pl\/studia-podyplomowe-ib\/#website"},"primaryImageOfPage":{"@id":"https:\/\/wm.pb.edu.pl\/studia-podyplomowe-ib\/#primaryimage"},"image":{"@id":"https:\/\/wm.pb.edu.pl\/studia-podyplomowe-ib\/#primaryimage"},"thumbnailUrl":"https:\/\/wm.pb.edu.pl\/studia-podyplomowe-ib\/wp-content\/uploads\/sites\/24\/2024\/08\/Podyplomowka-strona.jpg","datePublished":"2018-06-25T19:29:55+00:00","dateModified":"2026-01-19T10:29:35+00:00","description":"Sprawd\u017a szczeg\u00f3\u0142y i zapisz si\u0119 teraz \u2013 to prosty krok, kt\u00f3ry otwiera nowe mo\u017cliwo\u015bci.","breadcrumb":{"@id":"https:\/\/wm.pb.edu.pl\/studia-podyplomowe-ib\/#breadcrumb"},"inLanguage":"pl-PL","potentialAction":[{"@type":"ReadAction","target":["https:\/\/wm.pb.edu.pl\/studia-podyplomowe-ib\/"]}]},{"@type":"ImageObject","inLanguage":"pl-PL","@id":"https:\/\/wm.pb.edu.pl\/studia-podyplomowe-ib\/#primaryimage","url":"https:\/\/wm.pb.edu.pl\/studia-podyplomowe-ib\/wp-content\/uploads\/sites\/24\/2024\/08\/Podyplomowka-strona.jpg","contentUrl":"https:\/\/wm.pb.edu.pl\/studia-podyplomowe-ib\/wp-content\/uploads\/sites\/24\/2024\/08\/Podyplomowka-strona.jpg","width":1405,"height":867,"caption":"zdj\u0119cia zwi\u0105zane z in\u017cynieri\u0105 biomedyczn\u0105"},{"@type":"BreadcrumbList","@id":"https:\/\/wm.pb.edu.pl\/studia-podyplomowe-ib\/#breadcrumb","itemListElement":[{"@type":"ListItem","position":1,"name":"Strona g\u0142\u00f3wna","item":"https:\/\/wm.pb.edu.pl\/studia-podyplomowe-ib\/"},{"@type":"ListItem","position":2,"name":"Studia podyplomowe"}]},{"@type":"WebSite","@id":"https:\/\/wm.pb.edu.pl\/studia-podyplomowe-ib\/#website","url":"https:\/\/wm.pb.edu.pl\/studia-podyplomowe-ib\/","name":"Studia podyplomowe","description":"Certyfikacja i wprowadzenie wyrobu medycznego na rynek","potentialAction":[{"@type":"SearchAction","target":{"@type":"EntryPoint","urlTemplate":"https:\/\/wm.pb.edu.pl\/studia-podyplomowe-ib\/?s={search_term_string}"},"query-input":{"@type":"PropertyValueSpecification","valueRequired":true,"valueName":"search_term_string"}}],"inLanguage":"pl-PL"}]}},"_links":{"self":[{"href":"https:\/\/wm.pb.edu.pl\/studia-podyplomowe-ib\/wp-json\/wp\/v2\/pages\/11","targetHints":{"allow":["GET"]}}],"collection":[{"href":"https:\/\/wm.pb.edu.pl\/studia-podyplomowe-ib\/wp-json\/wp\/v2\/pages"}],"about":[{"href":"https:\/\/wm.pb.edu.pl\/studia-podyplomowe-ib\/wp-json\/wp\/v2\/types\/page"}],"author":[{"embeddable":true,"href":"https:\/\/wm.pb.edu.pl\/studia-podyplomowe-ib\/wp-json\/wp\/v2\/users\/2"}],"replies":[{"embeddable":true,"href":"https:\/\/wm.pb.edu.pl\/studia-podyplomowe-ib\/wp-json\/wp\/v2\/comments?post=11"}],"version-history":[{"count":67,"href":"https:\/\/wm.pb.edu.pl\/studia-podyplomowe-ib\/wp-json\/wp\/v2\/pages\/11\/revisions"}],"predecessor-version":[{"id":591,"href":"https:\/\/wm.pb.edu.pl\/studia-podyplomowe-ib\/wp-json\/wp\/v2\/pages\/11\/revisions\/591"}],"wp:featuredmedia":[{"embeddable":true,"href":"https:\/\/wm.pb.edu.pl\/studia-podyplomowe-ib\/wp-json\/wp\/v2\/media\/539"}],"wp:attachment":[{"href":"https:\/\/wm.pb.edu.pl\/studia-podyplomowe-ib\/wp-json\/wp\/v2\/media?parent=11"}],"curies":[{"name":"wp","href":"https:\/\/api.w.org\/{rel}","templated":true}]}}