{"id":18,"date":"2018-06-26T11:09:29","date_gmt":"2018-06-26T09:09:29","guid":{"rendered":"https:\/\/wm.pb.edu.pl\/studia-podyplomowe-ib\/?page_id=18"},"modified":"2026-01-19T11:12:21","modified_gmt":"2026-01-19T10:12:21","slug":"o-studiach","status":"publish","type":"page","link":"https:\/\/wm.pb.edu.pl\/studia-podyplomowe-ib\/o-studiach\/","title":{"rendered":"O studiach"},"content":{"rendered":"<p><strong>Rozpocznij karier\u0119 w bran\u017cy wyrob\u00f3w medycznych!<\/strong><\/p>\n<p>Studia podyplomowe \u201eCertyfikacja i wprowadzenie wyrobu medycznego na rynek\u201d to wyj\u0105tkowy program realizowany we wsp\u00f3\u0142pracy z <strong>SGS<\/strong> mi\u0119dzynarodowym liderem w obszarze certyfikacji, analizy ryzyka i bezpiecze\u0144stwa wyrob\u00f3w medycznych.<\/p>\n<p>W cenie studi\u00f3w jest mo\u017cliwo\u015b\u0107 uzyskania <strong>presti\u017cowego certyfikatu wydawanego przez SGS<\/strong>, co znacz\u0105co zwi\u0119kszy Twoj\u0105 atrakcyjno\u015b\u0107 na rynku pracy.<\/p>\n<div class=\"panel-group\" id=\"custom-collapse-0\">\n<div class=\"panel panel-default\">\n\t\t\t\t<div class=\"panel-heading\">\n\t\t\t\t\t<div class=\"panel-title\">\n\t\t\t\t\t\t<a class=\"collapsed h4\" data-toggle=\"collapse\" data-parent=\"#custom-collapse-0\" href=\"#custom-collapse-0-0\">Czego si\u0119 nauczysz?<\/a>\n\t\t\t\t\t<\/div>\n\t\t\t\t<\/div>\n\t\t\t\t<div id=\"custom-collapse-0-0\" class=\"panel-collapse collapse\">\n\t\t\t\t\t<div class=\"panel-body\">\n<p>G\u0142\u00f3wnym celem studi\u00f3w jest przygotowanie s\u0142uchaczy do skutecznego przeprowadzania procedur zwi\u0105zanych z walidacj\u0105, certyfikacj\u0105 oraz wprowadzaniem wyrob\u00f3w medycznych na rynek. Program studi\u00f3w obejmuje wiele zaj\u0119\u0107 praktycznych, podczas kt\u00f3rych uczestnicy b\u0119d\u0105 pracowa\u0107 metod\u0105 studi\u00f3w przypadk\u00f3w.<\/p>\n<\/div>\n\t\t\t\t<\/div>\n\t\t\t<\/div>\n<div class=\"panel panel-default\">\n\t\t\t\t<div class=\"panel-heading\">\n\t\t\t\t\t<div class=\"panel-title\">\n\t\t\t\t\t\t<a class=\"collapsed h4\" data-toggle=\"collapse\" data-parent=\"#custom-collapse-0\" href=\"#custom-collapse-0-1\">Szczeg\u00f3\u0142y programu<\/a>\n\t\t\t\t\t<\/div>\n\t\t\t\t<\/div>\n\t\t\t\t<div id=\"custom-collapse-0-1\" class=\"panel-collapse collapse\">\n\t\t\t\t\t<div class=\"panel-body\">\n<ul>\n<li>Czas trwania: 2 semestry \u2013 w rok zdob\u0119dziesz nowe kwalifikacje i realne kompetencje<\/li>\n<li>Liczba godzin: 216 godzin zaj\u0119\u0107, kt\u00f3re \u0142\u0105cz\u0105 teori\u0119 z praktyk\u0105.<\/li>\n<li>Forma zaj\u0119\u0107: tryb niestacjonarny w formule hybrydowej \u2013 zaj\u0119cia online uzupe\u0142nione zjazdami stacjonarnymi.<\/li>\n<\/ul>\n<\/div>\n\t\t\t\t<\/div>\n\t\t\t<\/div>\n<div class=\"panel panel-default\">\n\t\t\t\t<div class=\"panel-heading\">\n\t\t\t\t\t<div class=\"panel-title\">\n\t\t\t\t\t\t<a class=\"collapsed h4\" data-toggle=\"collapse\" data-parent=\"#custom-collapse-0\" href=\"#custom-collapse-0-2\">Dla kogo s\u0105 te studia?<\/a>\n\t\t\t\t\t<\/div>\n\t\t\t\t<\/div>\n\t\t\t\t<div id=\"custom-collapse-0-2\" class=\"panel-collapse collapse\">\n\t\t\t\t\t<div class=\"panel-body\">\n<p>Studia podyplomowe \u201eCertyfikacja i wprowadzenie wyrobu medycznego na rynek\u201d s\u0105 idealnym wyborem dla os\u00f3b, kt\u00f3re chc\u0105 zdoby\u0107 praktyczne kompetencje i wyr\u00f3\u017cni\u0107 si\u0119 na rynku pracy.<\/p>\n<p>To program stworzony z my\u015bl\u0105 o:<\/p>\n<ul>\n<li>absolwentach kierunk\u00f3w technicznych, kt\u00f3rzy pragn\u0105 zdoby\u0107 unikaln\u0105 i poszukiwan\u0105 specjalizacj\u0119 w bran\u017cy wyrob\u00f3w medycznych,<\/li>\n<li>pracownikach firm medycznych, przygotowuj\u0105cych si\u0119 do zada\u0144 zwi\u0105zanych z certyfikacj\u0105 i wprowadzaniem produkt\u00f3w na rynek,<\/li>\n<li>osobach uczestnicz\u0105cych w audytach wyrob\u00f3w medycznych,<\/li>\n<li>przedstawicielach jednostek certyfikuj\u0105cych i doradcach ds. zgodno\u015bci, kt\u00f3rzy chc\u0105 pog\u0142\u0119bi\u0107 wiedz\u0119 i poszerzy\u0107 swoje kompetencje,<\/li>\n<li>specjalistach nastawionych na rozw\u00f3j, kt\u00f3rzy chc\u0105 wzmacnia\u0107 swoj\u0105 pozycj\u0119 zawodow\u0105 i wnosi\u0107 warto\u015b\u0107 do organizacji.<\/li>\n<\/ul>\n<\/div>\n\t\t\t\t<\/div>\n\t\t\t<\/div>\n<div class=\"panel panel-default\">\n\t\t\t\t<div class=\"panel-heading\">\n\t\t\t\t\t<div class=\"panel-title\">\n\t\t\t\t\t\t<a class=\"collapsed h4\" data-toggle=\"collapse\" data-parent=\"#custom-collapse-0\" href=\"#custom-collapse-0-3\">Dlaczego warto wybra\u0107 nasz kierunek?<\/a>\n\t\t\t\t\t<\/div>\n\t\t\t\t<\/div>\n\t\t\t\t<div id=\"custom-collapse-0-3\" class=\"panel-collapse collapse\">\n\t\t\t\t\t<div class=\"panel-body\">\n<ul>\n<li><strong>Pierwsze takie studia w Polsce<\/strong> \u2013 skupione wy\u0142\u0105cznie na procedurach certyfikacji i wprowadzenia na rynek wyrob\u00f3w medycznych.<\/li>\n<li><strong>Nauka przez praktyk\u0119<\/strong> \u2013 case study i realne przyk\u0142ady z codziennej pracy ekspert\u00f3w.<\/li>\n<li><strong>Wygodna formu\u0142a<\/strong> \u2013 zaj\u0119cia online + zjazdy stacjonarne.<\/li>\n<li><strong>Eksperci z do\u015bwiadczeniem<\/strong> \u2013 wiedza prosto od praktyk\u00f3w pracuj\u0105cych w bran\u017cy i jednostkach notyfikowanych.<\/li>\n<li><strong>Program zgodny z wymaganiami rynku<\/strong> \u2013 tworzony we wsp\u00f3\u0142pracy z przedstawicielami sektora medycznego.<\/li>\n<\/ul>\n<p>Wiedza zdobyta podczas studi\u00f3w i presti\u017cowe certyfikaty otworz\u0105 przed Tob\u0105 nowe, ekscytuj\u0105ce \u015bcie\u017cki kariery.<\/p>\n<\/div>\n\t\t\t\t<\/div>\n\t\t\t<\/div>\n<div class=\"panel panel-default\">\n\t\t\t\t<div class=\"panel-heading\">\n\t\t\t\t\t<div class=\"panel-title\">\n\t\t\t\t\t\t<a class=\"collapsed h4\" data-toggle=\"collapse\" data-parent=\"#custom-collapse-0\" href=\"#custom-collapse-0-4\">Mo\u017cliwo\u015bci zawodowe \u2013 gdzie znajdziesz zatrudnienie?<\/a>\n\t\t\t\t\t<\/div>\n\t\t\t\t<\/div>\n\t\t\t\t<div id=\"custom-collapse-0-4\" class=\"panel-collapse collapse\">\n\t\t\t\t\t<div class=\"panel-body\">\n<p>Absolwent studi\u00f3w podyplomowych \u201eCertyfikacja i wprowadzenie wyrobu medycznego na rynek\u201d zyskuje kompetencje poszukiwane w Polsce i za granic\u0105. Dzi\u0119ki zdobytej wiedzy mo\u017cesz rozwija\u0107 karier\u0119 m.in. w:<\/p>\n<ul>\n<li><strong>przemy\u015ble medycznym<\/strong> \u2013 przy projektowaniu, weryfikacji i certyfikacji wyrob\u00f3w medycznych,<\/li>\n<li><strong>firmach konsultingowych<\/strong> \u2013 doradzaj\u0105c w zakresie zgodno\u015bci i regulacji prawnych,<\/li>\n<li><strong>centrach badawczo-rozwojowych<\/strong> \u2013 wspieraj\u0105c innowacje i wprowadzanie nowych produkt\u00f3w na rynek,<\/li>\n<li><strong>jednostkach certyfikuj\u0105cych i instytucjach nadzorczych<\/strong> \u2013 uczestnicz\u0105c w procesach audyt\u00f3w i oceny zgodno\u015bci.<\/li>\n<\/ul>\n<\/div>\n\t\t\t\t<\/div>\n\t\t\t<\/div>\n<div class=\"panel panel-default\">\n\t\t\t\t<div class=\"panel-heading\">\n\t\t\t\t\t<div class=\"panel-title\">\n\t\t\t\t\t\t<a class=\"collapsed h4\" data-toggle=\"collapse\" data-parent=\"#custom-collapse-0\" href=\"#custom-collapse-0-5\">Jakie umiej\u0119tno\u015bci zdob\u0119dziesz?<\/a>\n\t\t\t\t\t<\/div>\n\t\t\t\t<\/div>\n\t\t\t\t<div id=\"custom-collapse-0-5\" class=\"panel-collapse collapse\">\n\t\t\t\t\t<div class=\"panel-body\">\n<p>Po uko\u0144czeniu studi\u00f3w b\u0119dziesz got\u00f3w do pracy w wymagaj\u0105cej bran\u017cy wyrob\u00f3w medycznych. Zdob\u0119dziesz umiej\u0119tno\u015bci, kt\u00f3re pozwol\u0105 Ci m.in.:<\/p>\n<ul>\n<li><strong>analizowa\u0107 dokumentacj\u0119 techniczn\u0105<\/strong> i ocenia\u0107 zgodno\u015b\u0107 wyrob\u00f3w z obowi\u0105zuj\u0105cymi normami,<\/li>\n<li><strong>ocenia\u0107 procesy produkcyjne<\/strong>, identyfikuj\u0105c ryzyka i obszary wymagaj\u0105ce poprawy,<\/li>\n<li><strong>przeprowadza\u0107 testy i badania<\/strong> (laboratoryjne, kliniczne i inne), oceniaj\u0105c w\u0142a\u015bciwo\u015bci i funkcjonalno\u015b\u0107 wyrob\u00f3w medycznych,<\/li>\n<li><strong>wsp\u00f3\u0142pracowa\u0107 z organami regulacyjnymi<\/strong> w procesach certyfikacji i dopuszczania produkt\u00f3w do obrotu,<\/li>\n<li><strong>monitorowa\u0107 zmiany w przepisach<\/strong>, aby zapewnia\u0107 zgodno\u015b\u0107 produkt\u00f3w z aktualnymi wymaganiami prawa.<\/li>\n<\/ul>\n<p>Dzi\u0119ki tym kompetencjom staniesz si\u0119 specjalist\u0105, kt\u00f3rego poszukuje bran\u017ca \u2013 gotowym do pracy w Polsce i na rynkach mi\u0119dzynarodowych.<\/p>\n<\/div>\n\t\t\t\t<\/div>\n\t\t\t<\/div>\n<div class=\"panel panel-default\">\n\t\t\t\t<div class=\"panel-heading\">\n\t\t\t\t\t<div class=\"panel-title\">\n\t\t\t\t\t\t<a class=\"collapsed h4\" data-toggle=\"collapse\" data-parent=\"#custom-collapse-0\" href=\"#custom-collapse-0-6\">Op\u0142aty<\/a>\n\t\t\t\t\t<\/div>\n\t\t\t\t<\/div>\n\t\t\t\t<div id=\"custom-collapse-0-6\" class=\"panel-collapse collapse\">\n\t\t\t\t\t<div class=\"panel-body\">\n<p>Koszt studi\u00f3w to 1000 z\u0142 miesi\u0119cznie w systemie 8 wygodnych rat.<\/p>\n<p>Op\u0142ata za semestr: 4000 z\u0142<\/p>\n<\/div>\n\t\t\t\t<\/div>\n\t\t\t<\/div>\n<div class=\"panel panel-default\">\n\t\t\t\t<div class=\"panel-heading\">\n\t\t\t\t\t<div class=\"panel-title\">\n\t\t\t\t\t\t<a class=\"collapsed h4\" data-toggle=\"collapse\" data-parent=\"#custom-collapse-0\" href=\"#custom-collapse-0-7\">Rekrutacja<\/a>\n\t\t\t\t\t<\/div>\n\t\t\t\t<\/div>\n\t\t\t\t<div id=\"custom-collapse-0-7\" class=\"panel-collapse collapse\">\n\t\t\t\t\t<div class=\"panel-body\">\n<p>Rekrutacja odbywa si\u0119 w systemie IRK &#8211; <a href=\"https:\/\/irk2.uci.pb.edu.pl\/pl\/offer\/STUDIA_PODYPL_2025_2026\/programme\/CERT_MED_WIZ_2025_2026\/ \">irk2.uci.pb.edu.pl\/pl\/offer\/STUDIA_PODYPL_2025_2026\/programme\/CERT_MED_WIZ_2025_2026\/<\/a><\/p>\n<p><strong>Zako\u0144czenie rekrutacji:  15 luty 2026 (o przyj\u0119ciu na studia decyduje kolejno\u015b\u0107 zg\u0142osze\u0144).<\/strong><\/p>\n<\/div>\n\t\t\t\t<\/div>\n\t\t\t<\/div>\n<\/div>\n","protected":false},"excerpt":{"rendered":"<p>Rozpocznij karier\u0119 w bran\u017cy wyrob\u00f3w medycznych! Studia podyplomowe \u201eCertyfikacja i wprowadzenie wyrobu medycznego na rynek\u201d<a class=\"read-more\" href=\"https:\/\/wm.pb.edu.pl\/studia-podyplomowe-ib\/o-studiach\/\" title=\"Poka\u017c artyku\u0142 O studiach\">wi\u0119cej<\/a><\/p>\n","protected":false},"author":2,"featured_media":0,"parent":0,"menu_order":1,"comment_status":"closed","ping_status":"closed","template":"","meta":{"inline_featured_image":false,"ngg_post_thumbnail":0,"footnotes":""},"class_list":["post-18","page","type-page","status-publish","hentry"],"acf":[],"yoast_head":"<!-- This site is optimized with the Yoast SEO plugin v26.4 - https:\/\/yoast.com\/wordpress\/plugins\/seo\/ -->\n<title>O studiach - Studia podyplomowe<\/title>\n<meta name=\"robots\" content=\"index, follow, max-snippet:-1, max-image-preview:large, max-video-preview:-1\" \/>\n<link rel=\"canonical\" href=\"https:\/\/wm.pb.edu.pl\/studia-podyplomowe-ib\/o-studiach\/\" \/>\n<meta property=\"og:locale\" content=\"pl_PL\" \/>\n<meta property=\"og:type\" content=\"article\" \/>\n<meta property=\"og:title\" content=\"O studiach - Studia podyplomowe\" \/>\n<meta property=\"og:description\" content=\"Rozpocznij karier\u0119 w bran\u017cy wyrob\u00f3w medycznych! Studia podyplomowe \u201eCertyfikacja i wprowadzenie wyrobu medycznego na rynek\u201dwi\u0119cej\" \/>\n<meta property=\"og:url\" content=\"https:\/\/wm.pb.edu.pl\/studia-podyplomowe-ib\/o-studiach\/\" \/>\n<meta property=\"og:site_name\" content=\"Studia podyplomowe\" \/>\n<meta property=\"article:modified_time\" content=\"2026-01-19T10:12:21+00:00\" \/>\n<meta name=\"twitter:card\" content=\"summary_large_image\" \/>\n<meta name=\"twitter:label1\" content=\"Szacowany czas czytania\" \/>\n\t<meta name=\"twitter:data1\" content=\"4 minuty\" \/>\n<script type=\"application\/ld+json\" class=\"yoast-schema-graph\">{\"@context\":\"https:\/\/schema.org\",\"@graph\":[{\"@type\":\"WebPage\",\"@id\":\"https:\/\/wm.pb.edu.pl\/studia-podyplomowe-ib\/o-studiach\/\",\"url\":\"https:\/\/wm.pb.edu.pl\/studia-podyplomowe-ib\/o-studiach\/\",\"name\":\"O studiach - Studia podyplomowe\",\"isPartOf\":{\"@id\":\"https:\/\/wm.pb.edu.pl\/studia-podyplomowe-ib\/#website\"},\"datePublished\":\"2018-06-26T09:09:29+00:00\",\"dateModified\":\"2026-01-19T10:12:21+00:00\",\"breadcrumb\":{\"@id\":\"https:\/\/wm.pb.edu.pl\/studia-podyplomowe-ib\/o-studiach\/#breadcrumb\"},\"inLanguage\":\"pl-PL\",\"potentialAction\":[{\"@type\":\"ReadAction\",\"target\":[\"https:\/\/wm.pb.edu.pl\/studia-podyplomowe-ib\/o-studiach\/\"]}]},{\"@type\":\"BreadcrumbList\",\"@id\":\"https:\/\/wm.pb.edu.pl\/studia-podyplomowe-ib\/o-studiach\/#breadcrumb\",\"itemListElement\":[{\"@type\":\"ListItem\",\"position\":1,\"name\":\"Strona g\u0142\u00f3wna\",\"item\":\"https:\/\/wm.pb.edu.pl\/studia-podyplomowe-ib\/\"},{\"@type\":\"ListItem\",\"position\":2,\"name\":\"O studiach\"}]},{\"@type\":\"WebSite\",\"@id\":\"https:\/\/wm.pb.edu.pl\/studia-podyplomowe-ib\/#website\",\"url\":\"https:\/\/wm.pb.edu.pl\/studia-podyplomowe-ib\/\",\"name\":\"Studia podyplomowe\",\"description\":\"Certyfikacja i wprowadzenie wyrobu medycznego na rynek\",\"potentialAction\":[{\"@type\":\"SearchAction\",\"target\":{\"@type\":\"EntryPoint\",\"urlTemplate\":\"https:\/\/wm.pb.edu.pl\/studia-podyplomowe-ib\/?s={search_term_string}\"},\"query-input\":{\"@type\":\"PropertyValueSpecification\",\"valueRequired\":true,\"valueName\":\"search_term_string\"}}],\"inLanguage\":\"pl-PL\"}]}<\/script>\n<!-- \/ Yoast SEO plugin. -->","yoast_head_json":{"title":"O studiach - Studia podyplomowe","robots":{"index":"index","follow":"follow","max-snippet":"max-snippet:-1","max-image-preview":"max-image-preview:large","max-video-preview":"max-video-preview:-1"},"canonical":"https:\/\/wm.pb.edu.pl\/studia-podyplomowe-ib\/o-studiach\/","og_locale":"pl_PL","og_type":"article","og_title":"O studiach - Studia podyplomowe","og_description":"Rozpocznij karier\u0119 w bran\u017cy wyrob\u00f3w medycznych! Studia podyplomowe \u201eCertyfikacja i wprowadzenie wyrobu medycznego na rynek\u201dwi\u0119cej","og_url":"https:\/\/wm.pb.edu.pl\/studia-podyplomowe-ib\/o-studiach\/","og_site_name":"Studia podyplomowe","article_modified_time":"2026-01-19T10:12:21+00:00","twitter_card":"summary_large_image","twitter_misc":{"Szacowany czas czytania":"4 minuty"},"schema":{"@context":"https:\/\/schema.org","@graph":[{"@type":"WebPage","@id":"https:\/\/wm.pb.edu.pl\/studia-podyplomowe-ib\/o-studiach\/","url":"https:\/\/wm.pb.edu.pl\/studia-podyplomowe-ib\/o-studiach\/","name":"O studiach - Studia podyplomowe","isPartOf":{"@id":"https:\/\/wm.pb.edu.pl\/studia-podyplomowe-ib\/#website"},"datePublished":"2018-06-26T09:09:29+00:00","dateModified":"2026-01-19T10:12:21+00:00","breadcrumb":{"@id":"https:\/\/wm.pb.edu.pl\/studia-podyplomowe-ib\/o-studiach\/#breadcrumb"},"inLanguage":"pl-PL","potentialAction":[{"@type":"ReadAction","target":["https:\/\/wm.pb.edu.pl\/studia-podyplomowe-ib\/o-studiach\/"]}]},{"@type":"BreadcrumbList","@id":"https:\/\/wm.pb.edu.pl\/studia-podyplomowe-ib\/o-studiach\/#breadcrumb","itemListElement":[{"@type":"ListItem","position":1,"name":"Strona g\u0142\u00f3wna","item":"https:\/\/wm.pb.edu.pl\/studia-podyplomowe-ib\/"},{"@type":"ListItem","position":2,"name":"O studiach"}]},{"@type":"WebSite","@id":"https:\/\/wm.pb.edu.pl\/studia-podyplomowe-ib\/#website","url":"https:\/\/wm.pb.edu.pl\/studia-podyplomowe-ib\/","name":"Studia podyplomowe","description":"Certyfikacja i wprowadzenie wyrobu medycznego na rynek","potentialAction":[{"@type":"SearchAction","target":{"@type":"EntryPoint","urlTemplate":"https:\/\/wm.pb.edu.pl\/studia-podyplomowe-ib\/?s={search_term_string}"},"query-input":{"@type":"PropertyValueSpecification","valueRequired":true,"valueName":"search_term_string"}}],"inLanguage":"pl-PL"}]}},"_links":{"self":[{"href":"https:\/\/wm.pb.edu.pl\/studia-podyplomowe-ib\/wp-json\/wp\/v2\/pages\/18","targetHints":{"allow":["GET"]}}],"collection":[{"href":"https:\/\/wm.pb.edu.pl\/studia-podyplomowe-ib\/wp-json\/wp\/v2\/pages"}],"about":[{"href":"https:\/\/wm.pb.edu.pl\/studia-podyplomowe-ib\/wp-json\/wp\/v2\/types\/page"}],"author":[{"embeddable":true,"href":"https:\/\/wm.pb.edu.pl\/studia-podyplomowe-ib\/wp-json\/wp\/v2\/users\/2"}],"replies":[{"embeddable":true,"href":"https:\/\/wm.pb.edu.pl\/studia-podyplomowe-ib\/wp-json\/wp\/v2\/comments?post=18"}],"version-history":[{"count":25,"href":"https:\/\/wm.pb.edu.pl\/studia-podyplomowe-ib\/wp-json\/wp\/v2\/pages\/18\/revisions"}],"predecessor-version":[{"id":583,"href":"https:\/\/wm.pb.edu.pl\/studia-podyplomowe-ib\/wp-json\/wp\/v2\/pages\/18\/revisions\/583"}],"wp:attachment":[{"href":"https:\/\/wm.pb.edu.pl\/studia-podyplomowe-ib\/wp-json\/wp\/v2\/media?parent=18"}],"curies":[{"name":"wp","href":"https:\/\/api.w.org\/{rel}","templated":true}]}}