{"id":32,"date":"2018-06-26T11:24:04","date_gmt":"2018-06-26T09:24:04","guid":{"rendered":"https:\/\/wm.pb.edu.pl\/studia-podyplomowe-ib\/?page_id=32"},"modified":"2025-12-01T19:39:19","modified_gmt":"2025-12-01T18:39:19","slug":"program-studiow","status":"publish","type":"page","link":"https:\/\/wm.pb.edu.pl\/studia-podyplomowe-ib\/program-studiow\/","title":{"rendered":"Program studi\u00f3w"},"content":{"rendered":"<p>Studia podyplomowe Certyfikacja i wprowadzenie wyrobu medycznego na rynek trwaj\u0105 2 semestry. \u0141\u0105czna liczba godzin zaj\u0119\u0107: 216.<\/p>\n<p><strong>I semestr<\/strong><\/p>\n<div class=\"table-responsive\">\n<table class=\"table table-striped table borderless\" style=\"width: 774px;\">\n<thead>\n<tr style=\"border: 0;\">\n<th style=\"text-align: center; vertical-align: middle;\"><strong>Lp.<\/strong><\/th>\n<th style=\"text-align: left; vertical-align: middle;\"><strong>Nazwa przedmiotu<\/strong><\/th>\n<th style=\"text-align: center; vertical-align: middle;\"><strong>Liczba godzin<\/strong><\/th>\n<\/tr>\n<\/thead>\n<tbody>\n<tr>\n<td style=\"text-align: center; vertical-align: middle;\">1<\/td>\n<td style=\"text-align: left; vertical-align: middle;\">Trendy w sektorze medycznym<\/td>\n<td style=\"text-align: center; vertical-align: middle;\">6<\/td>\n<\/tr>\n<tr>\n<td style=\"text-align: center; vertical-align: middle;\">2<\/td>\n<td style=\"text-align: left; vertical-align: middle;\">Materia\u0142y medyczne<\/td>\n<td style=\"text-align: center; vertical-align: middle;\">12<\/td>\n<\/tr>\n<tr>\n<td style=\"text-align: center; vertical-align: middle;\">3<\/td>\n<td style=\"text-align: left; vertical-align: middle;\">Podstawowe aspekty prawne wyrob\u00f3w medycznych<\/td>\n<td style=\"text-align: center; vertical-align: middle;\">16<\/td>\n<\/tr>\n<tr>\n<td style=\"text-align: center; vertical-align: middle;\">4<\/td>\n<td style=\"text-align: left; vertical-align: middle;\">System zarz\u0105dzania jako\u015bci\u0105 wyrob\u00f3w medycznych<\/td>\n<td style=\"text-align: center; vertical-align: middle;\">24<\/td>\n<\/tr>\n<tr>\n<td style=\"text-align: center; vertical-align: middle;\">5<\/td>\n<td style=\"text-align: left; vertical-align: middle;\">In\u017cynieria i wytwarzanie wyrob\u00f3w medycznych<\/td>\n<td style=\"text-align: center; vertical-align: middle;\">12<\/td>\n<\/tr>\n<tr>\n<td style=\"text-align: center; vertical-align: middle;\">6<\/td>\n<td style=\"text-align: left; vertical-align: middle;\">Aparatura medyczna<\/td>\n<td style=\"text-align: center; vertical-align: middle;\">10<\/td>\n<\/tr>\n<tr>\n<td style=\"text-align: center; vertical-align: middle;\">7<\/td>\n<td style=\"text-align: left; vertical-align: middle;\">Dokumentacja techniczna w ocenie zgodno\u015bci wyrob\u00f3w medycznych<\/td>\n<td style=\"text-align: center; vertical-align: middle;\">16<\/td>\n<\/tr>\n<tr>\n<td style=\"text-align: center; vertical-align: middle;\">8<\/td>\n<td style=\"text-align: left; vertical-align: middle;\">Zarz\u0105dzanie ryzykiem wyrob\u00f3w medycznych<\/td>\n<td style=\"text-align: center; vertical-align: middle;\">16<\/td>\n<\/tr>\n<tr>\n<td style=\"text-align: center; vertical-align: middle;\">9<\/td>\n<td style=\"text-align: left; vertical-align: middle;\">Wybrane zagadnienia w zarz\u0105dzaniu ochron\u0105 zdrowia<\/td>\n<td style=\"text-align: center; vertical-align: middle;\">6<\/td>\n<\/tr>\n<tr>\n<td style=\"text-align: center; vertical-align: middle;\">10<\/td>\n<td style=\"text-align: left; vertical-align: middle;\">Finansowanie wyrob\u00f3w medycznych<\/td>\n<td style=\"text-align: center; vertical-align: middle;\">6<\/td>\n<\/tr>\n<tr>\n<td style=\"text-align: right; vertical-align: middle;\" colspan=\"2\"><strong>Razem w semestrze:<\/strong><\/td>\n<td style=\"text-align: center; vertical-align: middle;\"><strong>124<\/strong><\/td>\n<\/tr>\n<\/tbody>\n<\/table>\n<\/div>\n<p><strong>II semestr<\/strong><\/p>\n<div class=\"table-responsive\">\n<table class=\"table table-striped table borderless\" style=\"width: auto;\">\n<thead>\n<tr style=\"border: 0;\">\n<th style=\"text-align: center; vertical-align: middle;\"><strong>Lp.<\/strong><\/th>\n<th style=\"text-align: left; vertical-align: middle;\"><strong>Nazwa przedmiotu<\/strong><\/th>\n<th style=\"text-align: center; vertical-align: middle;\"><strong>Liczba godzin<\/strong><\/th>\n<\/tr>\n<\/thead>\n<tbody>\n<tr>\n<td style=\"text-align: center; vertical-align: middle;\">1<\/td>\n<td style=\"text-align: left; vertical-align: middle;\">IoT w medycynie<\/td>\n<td style=\"text-align: center; vertical-align: middle;\">8<\/td>\n<\/tr>\n<tr>\n<td style=\"text-align: center; vertical-align: middle;\">2<\/td>\n<td style=\"text-align: left; vertical-align: middle;\">Biologiczna i kliniczna ocena wyrob\u00f3w medycznych<\/td>\n<td style=\"text-align: center; vertical-align: middle;\">16<\/td>\n<\/tr>\n<tr>\n<td style=\"text-align: center; vertical-align: middle;\">3<\/td>\n<td style=\"text-align: left; vertical-align: middle;\">Dekontaminacja wyrob\u00f3w medycznych<\/td>\n<td style=\"text-align: center; vertical-align: middle;\">12<\/td>\n<\/tr>\n<tr>\n<td style=\"text-align: center; vertical-align: middle;\">4<\/td>\n<td style=\"text-align: left; vertical-align: middle;\">Walidacja i u\u017cyteczno\u015b\u0107 wyrob\u00f3w medycznych<\/td>\n<td style=\"text-align: center; vertical-align: middle;\">16<\/td>\n<\/tr>\n<tr>\n<td style=\"text-align: center; vertical-align: middle;\">5<\/td>\n<td style=\"text-align: left; vertical-align: middle;\">Nadz\u00f3r rynku wyrob\u00f3w medycznych: Vigilance i Post Market Surveillance (PMS)<\/td>\n<td style=\"text-align: center; vertical-align: middle;\">8<\/td>\n<\/tr>\n<tr>\n<td style=\"text-align: center; vertical-align: middle;\">6<\/td>\n<td style=\"text-align: left; vertical-align: middle;\">System oznakowania Unikalnej Identyfikacji Wyrob\u00f3w Medycznych oraz baza Eudamed<\/td>\n<td style=\"text-align: center; vertical-align: middle;\">8<\/td>\n<\/tr>\n<tr>\n<td style=\"text-align: center; vertical-align: middle;\">7<\/td>\n<td style=\"text-align: left; vertical-align: middle;\">Komunikacja interpersonalna z interesariuszami<\/td>\n<td style=\"text-align: center; vertical-align: middle;\">10<\/td>\n<\/tr>\n<tr>\n<td style=\"text-align: center; vertical-align: middle;\">8<\/td>\n<td style=\"text-align: left; vertical-align: middle;\">Wizyta studyjna z panelem ekspert\u00f3w<\/td>\n<td style=\"text-align: center; vertical-align: middle;\">10<\/td>\n<\/tr>\n<tr>\n<td style=\"text-align: center; vertical-align: middle;\">10<\/td>\n<td style=\"text-align: left; vertical-align: middle;\">Seminarium<\/td>\n<td style=\"text-align: center; vertical-align: middle;\">4<\/td>\n<\/tr>\n<tr>\n<td style=\"text-align: right; vertical-align: middle;\" colspan=\"2\"><strong>Razem w semestrze:<\/strong><\/td>\n<td style=\"text-align: center; vertical-align: middle;\"><strong>92<\/strong><\/td>\n<\/tr>\n<\/tbody>\n<\/table>\n<\/div>\n","protected":false},"excerpt":{"rendered":"<p>Studia podyplomowe Certyfikacja i wprowadzenie wyrobu medycznego na rynek trwaj\u0105 2 semestry. \u0141\u0105czna liczba godzin<a class=\"read-more\" href=\"https:\/\/wm.pb.edu.pl\/studia-podyplomowe-ib\/program-studiow\/\" title=\"Poka\u017c artyku\u0142 Program studi\u00f3w\">wi\u0119cej<\/a><\/p>\n","protected":false},"author":2,"featured_media":0,"parent":0,"menu_order":2,"comment_status":"closed","ping_status":"closed","template":"","meta":{"inline_featured_image":false,"ngg_post_thumbnail":0,"footnotes":""},"class_list":["post-32","page","type-page","status-publish","hentry"],"acf":[],"yoast_head":"<!-- This site is optimized with the Yoast SEO plugin v26.4 - https:\/\/yoast.com\/wordpress\/plugins\/seo\/ -->\n<title>Program studi\u00f3w - Studia podyplomowe<\/title>\n<meta name=\"robots\" content=\"index, follow, max-snippet:-1, max-image-preview:large, max-video-preview:-1\" \/>\n<link rel=\"canonical\" href=\"https:\/\/wm.pb.edu.pl\/studia-podyplomowe-ib\/program-studiow\/\" \/>\n<meta property=\"og:locale\" content=\"pl_PL\" \/>\n<meta property=\"og:type\" content=\"article\" \/>\n<meta property=\"og:title\" content=\"Program studi\u00f3w - Studia podyplomowe\" \/>\n<meta property=\"og:description\" content=\"Studia podyplomowe Certyfikacja i wprowadzenie wyrobu medycznego na rynek trwaj\u0105 2 semestry. \u0141\u0105czna liczba godzinwi\u0119cej\" \/>\n<meta property=\"og:url\" content=\"https:\/\/wm.pb.edu.pl\/studia-podyplomowe-ib\/program-studiow\/\" \/>\n<meta property=\"og:site_name\" content=\"Studia podyplomowe\" \/>\n<meta property=\"article:modified_time\" content=\"2025-12-01T18:39:19+00:00\" \/>\n<meta name=\"twitter:card\" content=\"summary_large_image\" \/>\n<meta name=\"twitter:label1\" content=\"Szacowany czas czytania\" \/>\n\t<meta name=\"twitter:data1\" content=\"1 minuta\" \/>\n<script type=\"application\/ld+json\" class=\"yoast-schema-graph\">{\"@context\":\"https:\/\/schema.org\",\"@graph\":[{\"@type\":\"WebPage\",\"@id\":\"https:\/\/wm.pb.edu.pl\/studia-podyplomowe-ib\/program-studiow\/\",\"url\":\"https:\/\/wm.pb.edu.pl\/studia-podyplomowe-ib\/program-studiow\/\",\"name\":\"Program studi\u00f3w - Studia podyplomowe\",\"isPartOf\":{\"@id\":\"https:\/\/wm.pb.edu.pl\/studia-podyplomowe-ib\/#website\"},\"datePublished\":\"2018-06-26T09:24:04+00:00\",\"dateModified\":\"2025-12-01T18:39:19+00:00\",\"breadcrumb\":{\"@id\":\"https:\/\/wm.pb.edu.pl\/studia-podyplomowe-ib\/program-studiow\/#breadcrumb\"},\"inLanguage\":\"pl-PL\",\"potentialAction\":[{\"@type\":\"ReadAction\",\"target\":[\"https:\/\/wm.pb.edu.pl\/studia-podyplomowe-ib\/program-studiow\/\"]}]},{\"@type\":\"BreadcrumbList\",\"@id\":\"https:\/\/wm.pb.edu.pl\/studia-podyplomowe-ib\/program-studiow\/#breadcrumb\",\"itemListElement\":[{\"@type\":\"ListItem\",\"position\":1,\"name\":\"Strona g\u0142\u00f3wna\",\"item\":\"https:\/\/wm.pb.edu.pl\/studia-podyplomowe-ib\/\"},{\"@type\":\"ListItem\",\"position\":2,\"name\":\"Program studi\u00f3w\"}]},{\"@type\":\"WebSite\",\"@id\":\"https:\/\/wm.pb.edu.pl\/studia-podyplomowe-ib\/#website\",\"url\":\"https:\/\/wm.pb.edu.pl\/studia-podyplomowe-ib\/\",\"name\":\"Studia podyplomowe\",\"description\":\"Certyfikacja i wprowadzenie wyrobu medycznego na rynek\",\"potentialAction\":[{\"@type\":\"SearchAction\",\"target\":{\"@type\":\"EntryPoint\",\"urlTemplate\":\"https:\/\/wm.pb.edu.pl\/studia-podyplomowe-ib\/?s={search_term_string}\"},\"query-input\":{\"@type\":\"PropertyValueSpecification\",\"valueRequired\":true,\"valueName\":\"search_term_string\"}}],\"inLanguage\":\"pl-PL\"}]}<\/script>\n<!-- \/ Yoast SEO plugin. -->","yoast_head_json":{"title":"Program studi\u00f3w - Studia podyplomowe","robots":{"index":"index","follow":"follow","max-snippet":"max-snippet:-1","max-image-preview":"max-image-preview:large","max-video-preview":"max-video-preview:-1"},"canonical":"https:\/\/wm.pb.edu.pl\/studia-podyplomowe-ib\/program-studiow\/","og_locale":"pl_PL","og_type":"article","og_title":"Program studi\u00f3w - Studia podyplomowe","og_description":"Studia podyplomowe Certyfikacja i wprowadzenie wyrobu medycznego na rynek trwaj\u0105 2 semestry. \u0141\u0105czna liczba godzinwi\u0119cej","og_url":"https:\/\/wm.pb.edu.pl\/studia-podyplomowe-ib\/program-studiow\/","og_site_name":"Studia podyplomowe","article_modified_time":"2025-12-01T18:39:19+00:00","twitter_card":"summary_large_image","twitter_misc":{"Szacowany czas czytania":"1 minuta"},"schema":{"@context":"https:\/\/schema.org","@graph":[{"@type":"WebPage","@id":"https:\/\/wm.pb.edu.pl\/studia-podyplomowe-ib\/program-studiow\/","url":"https:\/\/wm.pb.edu.pl\/studia-podyplomowe-ib\/program-studiow\/","name":"Program studi\u00f3w - Studia podyplomowe","isPartOf":{"@id":"https:\/\/wm.pb.edu.pl\/studia-podyplomowe-ib\/#website"},"datePublished":"2018-06-26T09:24:04+00:00","dateModified":"2025-12-01T18:39:19+00:00","breadcrumb":{"@id":"https:\/\/wm.pb.edu.pl\/studia-podyplomowe-ib\/program-studiow\/#breadcrumb"},"inLanguage":"pl-PL","potentialAction":[{"@type":"ReadAction","target":["https:\/\/wm.pb.edu.pl\/studia-podyplomowe-ib\/program-studiow\/"]}]},{"@type":"BreadcrumbList","@id":"https:\/\/wm.pb.edu.pl\/studia-podyplomowe-ib\/program-studiow\/#breadcrumb","itemListElement":[{"@type":"ListItem","position":1,"name":"Strona g\u0142\u00f3wna","item":"https:\/\/wm.pb.edu.pl\/studia-podyplomowe-ib\/"},{"@type":"ListItem","position":2,"name":"Program studi\u00f3w"}]},{"@type":"WebSite","@id":"https:\/\/wm.pb.edu.pl\/studia-podyplomowe-ib\/#website","url":"https:\/\/wm.pb.edu.pl\/studia-podyplomowe-ib\/","name":"Studia podyplomowe","description":"Certyfikacja i wprowadzenie wyrobu medycznego na rynek","potentialAction":[{"@type":"SearchAction","target":{"@type":"EntryPoint","urlTemplate":"https:\/\/wm.pb.edu.pl\/studia-podyplomowe-ib\/?s={search_term_string}"},"query-input":{"@type":"PropertyValueSpecification","valueRequired":true,"valueName":"search_term_string"}}],"inLanguage":"pl-PL"}]}},"_links":{"self":[{"href":"https:\/\/wm.pb.edu.pl\/studia-podyplomowe-ib\/wp-json\/wp\/v2\/pages\/32","targetHints":{"allow":["GET"]}}],"collection":[{"href":"https:\/\/wm.pb.edu.pl\/studia-podyplomowe-ib\/wp-json\/wp\/v2\/pages"}],"about":[{"href":"https:\/\/wm.pb.edu.pl\/studia-podyplomowe-ib\/wp-json\/wp\/v2\/types\/page"}],"author":[{"embeddable":true,"href":"https:\/\/wm.pb.edu.pl\/studia-podyplomowe-ib\/wp-json\/wp\/v2\/users\/2"}],"replies":[{"embeddable":true,"href":"https:\/\/wm.pb.edu.pl\/studia-podyplomowe-ib\/wp-json\/wp\/v2\/comments?post=32"}],"version-history":[{"count":52,"href":"https:\/\/wm.pb.edu.pl\/studia-podyplomowe-ib\/wp-json\/wp\/v2\/pages\/32\/revisions"}],"predecessor-version":[{"id":574,"href":"https:\/\/wm.pb.edu.pl\/studia-podyplomowe-ib\/wp-json\/wp\/v2\/pages\/32\/revisions\/574"}],"wp:attachment":[{"href":"https:\/\/wm.pb.edu.pl\/studia-podyplomowe-ib\/wp-json\/wp\/v2\/media?parent=32"}],"curies":[{"name":"wp","href":"https:\/\/api.w.org\/{rel}","templated":true}]}}