{"id":560,"date":"2025-09-03T21:03:47","date_gmt":"2025-09-03T19:03:47","guid":{"rendered":"https:\/\/wm.pb.edu.pl\/studia-podyplomowe-ib\/?page_id=560"},"modified":"2025-12-01T19:42:28","modified_gmt":"2025-12-01T18:42:28","slug":"opinie-naszych-absolwentow","status":"publish","type":"page","link":"https:\/\/wm.pb.edu.pl\/studia-podyplomowe-ib\/opinie-naszych-absolwentow\/","title":{"rendered":"Opinie naszych absolwent\u00f3w"},"content":{"rendered":"<p><em>\u201eStudia podyplomowe, kt\u00f3re daj\u0105 wgl\u0105d w praktyczn\u0105 wiedz\u0119 nt. wyrob\u00f3w medycznych i towarzysz\u0105c\u0105 im dokumentacj\u0119 techniczn\u0105. Umo\u017cliwiaj\u0105 zapoznanie si\u0119 z obecnymi wymaganiami stawianymi przed bran\u017c\u0105 medtech w zwi\u0105zku z wprowadzeniem Rozporz\u0105dzenia Parlamentu Unii Europejskiej tzw. MDR, oraz na poznanie specjalist\u00f3w z Jednostek Notyfikowanych, aby zrozumie\u0107 proces od strony organ\u00f3w nadzoruj\u0105cych. Okazja zar\u00f3wno do poszerzenia wiedzy jak i kontakt\u00f3w, mog\u0105ca da\u0107 wymierne korzy\u015bci w obecnej lub przysz\u0142ej pracy zawodowej.\u201d<\/em><\/p>\n<p style=\"text-align: right;\">uczestnik pierwszej edycji<\/p>\n<p><em>\u201eStudia w spos\u00f3b kompleksowy omawiaj\u0105 bardzo szerok\u0105 tematyk\u0119 certyfikacji i wprowadzenia wyrobu medycznego na rynek. \u0141\u0105cz\u0105 w sobie najistotniejsze elementy \u015bcie\u017cki rozwoju wyrobu medycznego od projektowania, poprzez wymagania regulacyjne a\u017c po systemy zarz\u0105dzania jako\u015bci\u0105 i procedury certyfikacji wyrob\u00f3w, systematyzuj\u0105c wiedz\u0119 teoretyczn\u0105, ale przede wszystkim k\u0142ad\u0105c nacisk na kwestie praktyczne. Szczeg\u00f3ln\u0105 warto\u015bci\u0105 dodan\u0105 dla programu studi\u00f3w by\u0142y w\u0142a\u015bnie kwestie praktyczne, w tym wizyta studyjna u producenta wyrob\u00f3w medycznych, a tak\u017ce warsztatowe podej\u015bcie do omawianych temat\u00f3w, co pozwala\u0142o na jak najbardziej efektywne przyswojenie wiedzy. Serdecznie polecam kierunek z perspektywy osoby odpowiedzialnej za projektowanie i monitorowanie bada\u0144 klinicznych wyrob\u00f3w medycznych i produkt\u00f3w leczniczych.\u201d<\/em><\/p>\n<p style=\"text-align: right;\">Miko\u0142aj Michalczak<\/p>\n<p>&nbsp;<\/p>\n<p><em>\u201eStudia podyplomowe \u201eCertyfikacja i wprowadzenie wyrobu medycznego na rynek\u201d dostarczaj\u0105 praktycznej wiedzy z zakresu regulacji prawnych, procedur certyfikacji oraz wymaga\u0144 zwi\u0105zanych z rejestracj\u0105 wyrob\u00f3w medycznych. Program pomaga zrozumie\u0107 ca\u0142y proces wprowadzania produktu na rynek, co jest niezwykle przydatne dla os\u00f3b pracuj\u0105cych w bran\u017cy medtech.\u201d<\/em><\/p>\n<p style=\"text-align: right;\">Katarzyna Baku\u0142a-So\u0142tani<\/p>\n","protected":false},"excerpt":{"rendered":"<p>\u201eStudia podyplomowe, kt\u00f3re daj\u0105 wgl\u0105d w praktyczn\u0105 wiedz\u0119 nt. wyrob\u00f3w medycznych i towarzysz\u0105c\u0105 im dokumentacj\u0119<a class=\"read-more\" href=\"https:\/\/wm.pb.edu.pl\/studia-podyplomowe-ib\/opinie-naszych-absolwentow\/\" title=\"Poka\u017c artyku\u0142 Opinie naszych absolwent\u00f3w\">wi\u0119cej<\/a><\/p>\n","protected":false},"author":2,"featured_media":0,"parent":0,"menu_order":5,"comment_status":"closed","ping_status":"closed","template":"","meta":{"inline_featured_image":false,"ngg_post_thumbnail":0,"footnotes":""},"class_list":["post-560","page","type-page","status-publish","hentry"],"acf":[],"yoast_head":"<!-- This site is optimized with the Yoast SEO plugin v26.4 - https:\/\/yoast.com\/wordpress\/plugins\/seo\/ -->\n<title>Opinie naszych absolwent\u00f3w - Studia podyplomowe<\/title>\n<meta name=\"robots\" content=\"index, follow, max-snippet:-1, max-image-preview:large, max-video-preview:-1\" \/>\n<link rel=\"canonical\" href=\"https:\/\/wm.pb.edu.pl\/studia-podyplomowe-ib\/opinie-naszych-absolwentow\/\" \/>\n<meta property=\"og:locale\" content=\"pl_PL\" \/>\n<meta property=\"og:type\" content=\"article\" \/>\n<meta property=\"og:title\" content=\"Opinie naszych absolwent\u00f3w - Studia podyplomowe\" \/>\n<meta property=\"og:description\" content=\"\u201eStudia podyplomowe, kt\u00f3re daj\u0105 wgl\u0105d w praktyczn\u0105 wiedz\u0119 nt. wyrob\u00f3w medycznych i towarzysz\u0105c\u0105 im dokumentacj\u0119wi\u0119cej\" \/>\n<meta property=\"og:url\" content=\"https:\/\/wm.pb.edu.pl\/studia-podyplomowe-ib\/opinie-naszych-absolwentow\/\" \/>\n<meta property=\"og:site_name\" content=\"Studia podyplomowe\" \/>\n<meta property=\"article:modified_time\" content=\"2025-12-01T18:42:28+00:00\" \/>\n<meta name=\"twitter:card\" content=\"summary_large_image\" \/>\n<meta name=\"twitter:label1\" content=\"Szacowany czas czytania\" \/>\n\t<meta name=\"twitter:data1\" content=\"1 minuta\" \/>\n<script type=\"application\/ld+json\" class=\"yoast-schema-graph\">{\"@context\":\"https:\/\/schema.org\",\"@graph\":[{\"@type\":\"WebPage\",\"@id\":\"https:\/\/wm.pb.edu.pl\/studia-podyplomowe-ib\/opinie-naszych-absolwentow\/\",\"url\":\"https:\/\/wm.pb.edu.pl\/studia-podyplomowe-ib\/opinie-naszych-absolwentow\/\",\"name\":\"Opinie naszych absolwent\u00f3w - Studia podyplomowe\",\"isPartOf\":{\"@id\":\"https:\/\/wm.pb.edu.pl\/studia-podyplomowe-ib\/#website\"},\"datePublished\":\"2025-09-03T19:03:47+00:00\",\"dateModified\":\"2025-12-01T18:42:28+00:00\",\"breadcrumb\":{\"@id\":\"https:\/\/wm.pb.edu.pl\/studia-podyplomowe-ib\/opinie-naszych-absolwentow\/#breadcrumb\"},\"inLanguage\":\"pl-PL\",\"potentialAction\":[{\"@type\":\"ReadAction\",\"target\":[\"https:\/\/wm.pb.edu.pl\/studia-podyplomowe-ib\/opinie-naszych-absolwentow\/\"]}]},{\"@type\":\"BreadcrumbList\",\"@id\":\"https:\/\/wm.pb.edu.pl\/studia-podyplomowe-ib\/opinie-naszych-absolwentow\/#breadcrumb\",\"itemListElement\":[{\"@type\":\"ListItem\",\"position\":1,\"name\":\"Strona g\u0142\u00f3wna\",\"item\":\"https:\/\/wm.pb.edu.pl\/studia-podyplomowe-ib\/\"},{\"@type\":\"ListItem\",\"position\":2,\"name\":\"Opinie naszych absolwent\u00f3w\"}]},{\"@type\":\"WebSite\",\"@id\":\"https:\/\/wm.pb.edu.pl\/studia-podyplomowe-ib\/#website\",\"url\":\"https:\/\/wm.pb.edu.pl\/studia-podyplomowe-ib\/\",\"name\":\"Studia podyplomowe\",\"description\":\"Certyfikacja i wprowadzenie wyrobu medycznego na rynek\",\"potentialAction\":[{\"@type\":\"SearchAction\",\"target\":{\"@type\":\"EntryPoint\",\"urlTemplate\":\"https:\/\/wm.pb.edu.pl\/studia-podyplomowe-ib\/?s={search_term_string}\"},\"query-input\":{\"@type\":\"PropertyValueSpecification\",\"valueRequired\":true,\"valueName\":\"search_term_string\"}}],\"inLanguage\":\"pl-PL\"}]}<\/script>\n<!-- \/ Yoast SEO plugin. -->","yoast_head_json":{"title":"Opinie naszych absolwent\u00f3w - Studia podyplomowe","robots":{"index":"index","follow":"follow","max-snippet":"max-snippet:-1","max-image-preview":"max-image-preview:large","max-video-preview":"max-video-preview:-1"},"canonical":"https:\/\/wm.pb.edu.pl\/studia-podyplomowe-ib\/opinie-naszych-absolwentow\/","og_locale":"pl_PL","og_type":"article","og_title":"Opinie naszych absolwent\u00f3w - Studia podyplomowe","og_description":"\u201eStudia podyplomowe, kt\u00f3re daj\u0105 wgl\u0105d w praktyczn\u0105 wiedz\u0119 nt. wyrob\u00f3w medycznych i towarzysz\u0105c\u0105 im dokumentacj\u0119wi\u0119cej","og_url":"https:\/\/wm.pb.edu.pl\/studia-podyplomowe-ib\/opinie-naszych-absolwentow\/","og_site_name":"Studia podyplomowe","article_modified_time":"2025-12-01T18:42:28+00:00","twitter_card":"summary_large_image","twitter_misc":{"Szacowany czas czytania":"1 minuta"},"schema":{"@context":"https:\/\/schema.org","@graph":[{"@type":"WebPage","@id":"https:\/\/wm.pb.edu.pl\/studia-podyplomowe-ib\/opinie-naszych-absolwentow\/","url":"https:\/\/wm.pb.edu.pl\/studia-podyplomowe-ib\/opinie-naszych-absolwentow\/","name":"Opinie naszych absolwent\u00f3w - Studia podyplomowe","isPartOf":{"@id":"https:\/\/wm.pb.edu.pl\/studia-podyplomowe-ib\/#website"},"datePublished":"2025-09-03T19:03:47+00:00","dateModified":"2025-12-01T18:42:28+00:00","breadcrumb":{"@id":"https:\/\/wm.pb.edu.pl\/studia-podyplomowe-ib\/opinie-naszych-absolwentow\/#breadcrumb"},"inLanguage":"pl-PL","potentialAction":[{"@type":"ReadAction","target":["https:\/\/wm.pb.edu.pl\/studia-podyplomowe-ib\/opinie-naszych-absolwentow\/"]}]},{"@type":"BreadcrumbList","@id":"https:\/\/wm.pb.edu.pl\/studia-podyplomowe-ib\/opinie-naszych-absolwentow\/#breadcrumb","itemListElement":[{"@type":"ListItem","position":1,"name":"Strona g\u0142\u00f3wna","item":"https:\/\/wm.pb.edu.pl\/studia-podyplomowe-ib\/"},{"@type":"ListItem","position":2,"name":"Opinie naszych absolwent\u00f3w"}]},{"@type":"WebSite","@id":"https:\/\/wm.pb.edu.pl\/studia-podyplomowe-ib\/#website","url":"https:\/\/wm.pb.edu.pl\/studia-podyplomowe-ib\/","name":"Studia podyplomowe","description":"Certyfikacja i wprowadzenie wyrobu medycznego na rynek","potentialAction":[{"@type":"SearchAction","target":{"@type":"EntryPoint","urlTemplate":"https:\/\/wm.pb.edu.pl\/studia-podyplomowe-ib\/?s={search_term_string}"},"query-input":{"@type":"PropertyValueSpecification","valueRequired":true,"valueName":"search_term_string"}}],"inLanguage":"pl-PL"}]}},"_links":{"self":[{"href":"https:\/\/wm.pb.edu.pl\/studia-podyplomowe-ib\/wp-json\/wp\/v2\/pages\/560","targetHints":{"allow":["GET"]}}],"collection":[{"href":"https:\/\/wm.pb.edu.pl\/studia-podyplomowe-ib\/wp-json\/wp\/v2\/pages"}],"about":[{"href":"https:\/\/wm.pb.edu.pl\/studia-podyplomowe-ib\/wp-json\/wp\/v2\/types\/page"}],"author":[{"embeddable":true,"href":"https:\/\/wm.pb.edu.pl\/studia-podyplomowe-ib\/wp-json\/wp\/v2\/users\/2"}],"replies":[{"embeddable":true,"href":"https:\/\/wm.pb.edu.pl\/studia-podyplomowe-ib\/wp-json\/wp\/v2\/comments?post=560"}],"version-history":[{"count":3,"href":"https:\/\/wm.pb.edu.pl\/studia-podyplomowe-ib\/wp-json\/wp\/v2\/pages\/560\/revisions"}],"predecessor-version":[{"id":577,"href":"https:\/\/wm.pb.edu.pl\/studia-podyplomowe-ib\/wp-json\/wp\/v2\/pages\/560\/revisions\/577"}],"wp:attachment":[{"href":"https:\/\/wm.pb.edu.pl\/studia-podyplomowe-ib\/wp-json\/wp\/v2\/media?parent=560"}],"curies":[{"name":"wp","href":"https:\/\/api.w.org\/{rel}","templated":true}]}}